{"id":10843,"date":"2025-01-29T11:38:00","date_gmt":"2025-01-29T11:38:00","guid":{"rendered":"https:\/\/planyard.com\/construction-scheduling"},"modified":"2025-06-04T05:55:12","modified_gmt":"2025-06-04T05:55:12","slug":"ehitusgraafikute-koostamine","status":"publish","type":"page","link":"https:\/\/planyard.com\/et\/ehitusgraafikute-koostamine","title":{"rendered":"Ehitusgraafikute koostamine: Olulised sammud ja t\u00f6\u00f6riistad edu saavutamiseks"},"content":{"rendered":"\n<p><em>1. peat\u00fckk <a href=\"https:\/\/planyard.com\/et\/tasuta-juhend-ehitusprojekti-juhtimise-meisterlikkus\">Ehitusprojektide juhtimine: Praktiline 10-sammuline juhend<\/a>.<\/em><\/p>\n\n\n\n<h3 class=\"wp-block-heading\">Projekti ajakava koostamine ja j\u00e4lgimine<\/h3>\n\n\n\n<p><strong>Ehitusgraafikute koostamine on rohkem kui lihtsalt ajakavad\u2014see on keerukuse kontrollimine.<\/strong> Kui see on \u00f5igesti tehtud, tagab see projekti \u00f5igeaegse valmimise, hoiab meeskonnad koosk\u00f5las ja aitab ressursse t\u00f5husalt hallata.<\/p>\n\n\n\n<p>See peat\u00fckk s\u00fcveneb m\u00f5tteviisi, t\u00f6\u00f6riistade ja tehnikate juurde, mida vajate realistlike ajakavade loomiseks, edusammude j\u00e4lgimiseks ja kohandamiseks, kui tekivad h\u00e4ired.<\/p>\n\n\n\n<h2 class=\"wp-block-heading\">Miks ajakava on projekti edu alus<\/h2>\n\n\n\n<p>Ajakava ei ole ehituses lihtsalt \u201ehea, kui on\u201c\u2014see on h\u00e4davajalik. Siin on p\u00f5hjus:<\/p>\n\n\n\n<ul class=\"wp-block-list\">\n<li><strong>V\u00e4ltib viivitusi:<\/strong> Ajakavad tuvastavad kitsaskohad varakult, et saaksite tegutseda enne, kui need edusamme takistavad.<\/li>\n\n\n\n<li><strong>Hoidab sidusr\u00fchmad koosk\u00f5las:<\/strong> Alates allt\u00f6\u00f6v\u00f5tjatest kuni klientideni, k\u00f5ik teavad plaani.<\/li>\n\n\n\n<li><strong>Optimeerib ressursse:<\/strong> V\u00e4ltige t\u00f6\u00f6j\u00f5u v\u00f5i seadmete topeltbroneerimist.<\/li>\n\n\n\n<li><strong>J\u00e4lgib projekti tervist:<\/strong> Reaalajas v\u00e4rskendused n\u00e4itavad, kus olete ees v\u00f5i taga.<\/li>\n<\/ul>\n\n\n\n<blockquote class=\"wp-block-quote is-layout-flow wp-block-quote-is-layout-flow\">\n<p>&#8220;<em>N\u00e4ide:<\/em> 3 miljoni dollari suuruse kontori renoveerimise puhul on teie kriitiline tee seotud HVAC-i paigaldamisega enne seinte sulgemist. Kui HVAC-i tarnimine hilineb, nihkub kogu ajakava, kui te ei arvesta seda s\u00f5ltuvust ajakavas.&#8221;<\/p>\n<\/blockquote>\n\n\n\n<h2 class=\"wp-block-heading\">T\u00f6\u00f6riistad ehitusgraafikute lihtsustamiseks<\/h2>\n\n\n\n<p>Parimad ajakavad ei tugine ainult intuitsioonile\u2014neid toetavad t\u00f6\u00f6riistad, mis on loodud inimlike vigade minimeerimiseks ja aja s\u00e4\u00e4stmiseks.<\/p>\n\n\n\n<h3 class=\"wp-block-heading\">1. Microsoft Project<\/h3>\n\n\n\n<ul class=\"wp-block-list\">\n<li><strong>Parim:<\/strong> \u00dcksikasjalik ajakava koos s\u00f5ltuvuste ja ressursihaldusega.<\/li>\n\n\n\n<li><strong>Puudus:<\/strong> Vajab koolitust ja ei ole v\u00e4ikeste meeskondade jaoks eelarves\u00f5bralik.<\/li>\n<\/ul>\n\n\n\n<h3 class=\"wp-block-heading\">2. Excel v\u00f5i Google Sheets<\/h3>\n\n\n\n<ul class=\"wp-block-list\">\n<li><strong>Parim:<\/strong> V\u00e4iksemad projektid v\u00f5i meeskonnad, kes eelistavad tuttavat t\u00f6\u00f6riista.<\/li>\n\n\n\n<li><strong>Puudus:<\/strong> K\u00e4sitsi v\u00e4rskendused on t\u00fc\u00fctud ja vigadele vastuv\u00f5tlikud.<\/li>\n<\/ul>\n\n\n\n<h3 class=\"wp-block-heading\">3. Ehitusspetsiifilised platvormid<\/h3>\n\n\n\n<ul class=\"wp-block-list\">\n<li><strong>Parim:<\/strong> Ajakava sujuv integreerimine eelarvestamise, arvete ja ressursside jaotamisega\u200b\u200b.<\/li>\n\n\n\n<li><strong>P\u00f5hieelis:<\/strong> Reaalajas v\u00e4rskendused tagavad, et ajakavad kohanduvad reaalajas muudatustega, k\u00f5rvaldades k\u00e4sitsi andmesisestuse.<\/li>\n<\/ul>\n\n\n\n<h2 class=\"wp-block-heading\">Samm-sammuline juhend ehitusgraafiku koostamiseks<\/h2>\n\n\n\n<h3 class=\"wp-block-heading\">1. samm: M\u00e4\u00e4ratlege verstapostid<\/h3>\n\n\n\n<p>Alustage k\u00f5rgetasemelistest verstapostidest nagu projekteerimise l\u00f5petamine, vundamendit\u00f6\u00f6d ja \u00fclevaatused.<\/p>\n\n\n\n<h3 class=\"wp-block-heading\">2. samm: Jagage \u00fclesanded v\u00e4iksemateks osadeks<\/h3>\n\n\n\n<p>Jagage verstapostid v\u00e4iksemateks, teostatavateks \u00fclesanneteks.<br><em>N\u00e4ide:<\/em> \u201eVundamendit\u00f6\u00f6d\u201c v\u00f5ivad h\u00f5lmata kaevet\u00f6id, betooni valamist ja kivistumist.<\/p>\n\n\n\n<h3 class=\"wp-block-heading\">3. samm: Hinnake kestusi<\/h3>\n\n\n\n<p>M\u00e4\u00e4rake igale \u00fclesandele realistlikud ajaraamid, arvestades riske nagu ilm v\u00f5i p\u00fchad.<\/p>\n\n\n\n<h3 class=\"wp-block-heading\">4. samm: Kaardistage s\u00f5ltuvused<\/h3>\n\n\n\n<p>T\u00f5stke esile \u00fclesanded, mis s\u00f5ltuvad teistest. N\u00e4iteks ei saa raamimist alustada enne, kui vundament on valmis.<\/p>\n\n\n\n<h3 class=\"wp-block-heading\">5. samm: M\u00e4\u00e4rake kriitiline tee<\/h3>\n\n\n\n<p>Keskenduge \u00fclesannetele, mis m\u00f5jutavad otseselt ajakava. Kui need viibivad, j\u00e4\u00e4b projekt maha.<\/p>\n\n\n\n<h3 class=\"wp-block-heading\">6. samm: M\u00e4\u00e4rake ressursid<\/h3>\n\n\n\n<p>M\u00e4\u00e4rake t\u00f6\u00f6j\u00f5ud, seadmed ja materjalid strateegiliselt, et v\u00e4ltida ressursside konflikte.<\/p>\n\n\n\n<figure class=\"wp-block-image size-full\"><img loading=\"lazy\" decoding=\"async\" width=\"1318\" height=\"661\" src=\"https:\/\/planyard.com\/wp-content\/uploads\/2025\/01\/image-11.png\" alt=\"A Gantt chart highlighting dependencies, task durations, and the critical path.\" class=\"wp-image-8740\"\/><\/figure>\n\n\n\n<p>Laadige alla <strong><a href=\"https:\/\/planyard.com\/et\/hankige-tasuta-ehitusgraafiku-mall-excelile\">ehitusgraafiku mall Exceli jaoks<\/a><\/strong> <\/p>\n\n\n\n<h2 class=\"wp-block-heading\">Oma ajakava j\u00e4lgimine ja kohandamine<\/h2>\n\n\n\n<p>Isegi parimad ajakavad vajavad sagedasi v\u00e4rskendusi.<\/p>\n\n\n\n<ol class=\"wp-block-list\">\n<li><strong>J\u00e4lgige edusamme igan\u00e4dalaselt:<\/strong> Kasutage projektijuhtimistarkvara, et j\u00e4lgida l\u00f5petatud \u00fclesandeid.<\/li>\n\n\n\n<li><strong>Otsige punaseid lippe:<\/strong> Kriitiliste \u00fclesannete viivitused peaksid k\u00e4ivitama kohese tegevuse.<\/li>\n\n\n\n<li><strong>Kohanduge kiiresti:<\/strong> T\u00f6\u00f6riistad nagu Planyard kohandavad automaatselt eelarveid ja ajakavasid, kui ajakavad muutuvad\u200b\u200b.<\/li>\n\n\n\n<li><strong>Suhelge muudatustest:<\/strong> Hoidke sidusr\u00fchmi kursis, et s\u00e4ilitada usaldus ja koosk\u00f5la.<\/li>\n<\/ol>\n\n\n\n<h2 class=\"wp-block-heading\">Levinud ajakava koostamise vead\u2014ja kuidas neid v\u00e4ltida<\/h2>\n\n\n\n<h3 class=\"wp-block-heading\">1. Ebareaalsed t\u00e4htajad<\/h3>\n\n\n\n<ul class=\"wp-block-list\">\n<li><strong>Probleem:<\/strong> \u00dcleambitsioonikad ajakavad loovad stressi ja viivitusi.<\/li>\n\n\n\n<li><strong>Lahendus:<\/strong> Lisage suurema riskiga \u00fclesannetele puhveraeg.<\/li>\n<\/ul>\n\n\n\n<h3 class=\"wp-block-heading\">2. Meeskondade \u00fclekoormamine<\/h3>\n\n\n\n<ul class=\"wp-block-list\">\n<li><strong>Probleem:<\/strong> Sama meeskonna kattuvad \u00fclesanded loovad kitsaskohti.<\/li>\n\n\n\n<li><strong>Lahendus:<\/strong> Kasutage ressursihalduse funktsioone, et tasakaalustada t\u00f6\u00f6koormust.<\/li>\n<\/ul>\n\n\n\n<h3 class=\"wp-block-heading\">3. Ajakava mitte uuendamine<\/h3>\n\n\n\n<ul class=\"wp-block-list\">\n<li><strong>Probleem:<\/strong> Staatiline ajakava kaotab asjakohasuse.<\/li>\n\n\n\n<li><strong>Lahendus:<\/strong> Uuendage regulaarselt ja kasutage reaalajas kohandusteks elavaid t\u00f6\u00f6riistu.<\/li>\n<\/ul>\n\n\n\n<h2 class=\"wp-block-heading\">Uued suundumused ehitusgraafikute koostamises<\/h2>\n\n\n\n<p>Tehnoloogia muudab meie l\u00e4henemist ajakava koostamisele:<\/p>\n\n\n\n<ul class=\"wp-block-list\">\n<li><strong>3D\/4D\/5D ajakava koostamine<\/strong>: Visualiseerige projekte kolmes m\u00f5\u00f5tmes, lisades aja ja kulud parema konteksti saamiseks\u200b\u200b.<\/li>\n\n\n\n<li><strong>AI-p\u00f5hine optimeerimine<\/strong>: Ennustage viivitusi ja soovitage ajakava kohandusi.<\/li>\n\n\n\n<li><strong>Mobiilne integreerimine<\/strong>: Hallake ajakavasid otse t\u00f6\u00f6objektidelt mobiilirakenduste kaudu.<\/li>\n<\/ul>\n\n\n\n<h2 class=\"wp-block-heading\">Olulised j\u00e4reldused<\/h2>\n\n\n\n<ul class=\"wp-block-list\">\n<li><strong>Alustage lihtsalt:<\/strong> Alustage verstapostidest, seej\u00e4rel t\u00e4psustage s\u00f5ltuvuste ja kriitiliste teedega.<\/li>\n\n\n\n<li><strong>Kasutage tehnoloogiat:<\/strong> Valige t\u00f6\u00f6riistad, mis integreerivad ajakava koostamise eelarvestamise ja ressursihaldusega.<\/li>\n\n\n\n<li><strong>J\u00e4lgige edusamme j\u00e4rjepidevalt:<\/strong> Regulaarsed v\u00e4rskendused hoiavad ajakavasid realistlikena ja teostatavatena.<\/li>\n<\/ul>\n\n\n\n<p>Kas olete valmis oma projekti kulude kontrollimise protsessi lihtsustama? Proovige <a href=\"https:\/\/planyard.com\/et\">Planyardit<\/a> reaalajas projekti finantsj\u00e4lgimiseks ja eelarve integreerimiseks. Alustage oma tasuta prooviperioodi juba t\u00e4na!<\/p>\n\n\n\n<h2 class=\"wp-block-heading\">Autori kohta<\/h2>\n\n\n\n<p><strong>Margus Rahuoja<\/strong> on kogenud ehitusprojektide juht, kellel on \u00fcle 15-aastane kogemus keerukate projektide \u00f5igeaegsel ja eelarves p\u00fcsimisel. Margus on spetsialiseerunud kaasaegsete ajakava koostamise t\u00f6\u00f6riistade integreerimisele traditsiooniliste projektijuhtimise praktikatega, et maksimeerida t\u00f5husust.<\/p>\n\n\n\n<h3 class=\"wp-block-heading\">Avastage j\u00e4rgmine peat\u00fckk: Ehituspakkumised<\/h3>\n\n\n\n<p>Olete ajakava koostamise omandanud. J\u00e4rgmisena s\u00fcvenege <strong><a href=\"https:\/\/planyard.com\/et\/ehituspakkumised-juhend\">ehituspakkumistesse<\/a><\/strong>, et \u00f5ppida, kuidas ressursse t\u00f5husalt hankida ja v\u00e4ltida levinud vigu pakkumisprotsessis.<\/p>\n\n\n\n<p><em>Minge <a href=\"https:\/\/planyard.com\/et\/tasuta-juhend-ehitusprojekti-juhtimise-meisterlikkus\">Ehitusprojektide juhtimine: Praktiline 10-sammuline juhend<\/a>.<\/em><\/p>\n\n\n\n<p><\/p>\n","protected":false},"excerpt":{"rendered":"<p>1. peat\u00fckk Ehitusprojektide juhtimine: Praktiline 10-sammuline juhend. Projekti ajakava koostamine ja j\u00e4lgimine Ehitusgraafikute koostamine on rohkem kui lihtsalt ajakavad\u2014see on keerukuse kontrollimine. Kui see on \u00f5igesti tehtud, tagab see projekti \u00f5igeaegse valmimise, hoiab meeskonnad koosk\u00f5las ja aitab ressursse t\u00f5husalt hallata. See peat\u00fckk s\u00fcveneb m\u00f5tteviisi, t\u00f6\u00f6riistade ja tehnikate juurde, mida vajate realistlike ajakavade loomiseks, edusammude j\u00e4lgimiseks&#8230;  <a class=\"excerpt-read-more\" href=\"https:\/\/planyard.com\/et\/ehitusgraafikute-koostamine\" title=\"Loe  Ehitusgraafikute koostamine: Olulised sammud ja t\u00f6\u00f6riistad edu saavutamiseks\">Loe edasi &#8220;<\/a><\/p>\n","protected":false},"author":4,"featured_media":0,"parent":0,"menu_order":0,"comment_status":"closed","ping_status":"closed","template":"","meta":{"_acf_changed":false,"content-type":"","footnotes":""},"page_intent":[280],"page_type":[],"class_list":["post-10843","page","type-page","status-publish","hentry"],"acf":[],"yoast_head":"<!-- This site is optimized with the Yoast SEO plugin v27.1.1 - https:\/\/yoast.com\/product\/yoast-seo-wordpress\/ -->\n<title>Ehitusgraafikute koostamine lihtsaks: Valdage ajakavasid ja ressursse<\/title>\n<meta name=\"description\" content=\"\u00d5ppige looma, j\u00e4lgima ja kohandama ehitusgraafikuid, et hoida projektid \u00f5igeaegselt ja eelarves. Avastage praktilised sammud ja t\u00f6\u00f6riistad oma t\u00f6\u00f6voogude optimeerimiseks.\" \/>\n<meta name=\"robots\" content=\"index, follow, max-snippet:-1, max-image-preview:large, max-video-preview:-1\" \/>\n<link rel=\"canonical\" href=\"https:\/\/planyard.com\/et\/ehitusgraafikute-koostamine\" \/>\n<meta property=\"og:locale\" content=\"et_EE\" \/>\n<meta property=\"og:type\" content=\"article\" \/>\n<meta property=\"og:title\" content=\"Ehitusgraafikute koostamine lihtsaks: Valdage ajakavasid ja ressursse\" \/>\n<meta property=\"og:description\" content=\"\u00d5ppige looma, j\u00e4lgima ja kohandama ehitusgraafikuid, et hoida projektid \u00f5igeaegselt ja eelarves. Avastage praktilised sammud ja t\u00f6\u00f6riistad oma t\u00f6\u00f6voogude optimeerimiseks.\" \/>\n<meta property=\"og:url\" content=\"https:\/\/planyard.com\/et\/ehitusgraafikute-koostamine\" \/>\n<meta property=\"og:site_name\" content=\"Planyard Eesti\" \/>\n<meta property=\"article:modified_time\" content=\"2025-06-04T05:55:12+00:00\" \/>\n<meta property=\"og:image\" content=\"https:\/\/planyard.com\/wp-content\/uploads\/2025\/01\/image-11.png\" \/>\n\t<meta property=\"og:image:width\" content=\"1318\" \/>\n\t<meta property=\"og:image:height\" content=\"661\" \/>\n\t<meta property=\"og:image:type\" content=\"image\/png\" \/>\n<meta name=\"twitter:card\" content=\"summary_large_image\" \/>\n<meta name=\"twitter:label1\" content=\"Est. reading time\" \/>\n\t<meta name=\"twitter:data1\" content=\"4 minutit\" \/>\n<!-- \/ Yoast SEO plugin. -->","yoast_head_json":{"title":"Ehitusgraafikute koostamine lihtsaks: Valdage ajakavasid ja ressursse","description":"\u00d5ppige looma, j\u00e4lgima ja kohandama ehitusgraafikuid, et hoida projektid \u00f5igeaegselt ja eelarves. Avastage praktilised sammud ja t\u00f6\u00f6riistad oma t\u00f6\u00f6voogude optimeerimiseks.","robots":{"index":"index","follow":"follow","max-snippet":"max-snippet:-1","max-image-preview":"max-image-preview:large","max-video-preview":"max-video-preview:-1"},"canonical":"https:\/\/planyard.com\/et\/ehitusgraafikute-koostamine","og_locale":"et_EE","og_type":"article","og_title":"Ehitusgraafikute koostamine lihtsaks: Valdage ajakavasid ja ressursse","og_description":"\u00d5ppige looma, j\u00e4lgima ja kohandama ehitusgraafikuid, et hoida projektid \u00f5igeaegselt ja eelarves. Avastage praktilised sammud ja t\u00f6\u00f6riistad oma t\u00f6\u00f6voogude optimeerimiseks.","og_url":"https:\/\/planyard.com\/et\/ehitusgraafikute-koostamine","og_site_name":"Planyard Eesti","article_modified_time":"2025-06-04T05:55:12+00:00","og_image":[{"width":1318,"height":661,"url":"https:\/\/planyard.com\/wp-content\/uploads\/2025\/01\/image-11.png","type":"image\/png"}],"twitter_card":"summary_large_image","twitter_misc":{"Est. reading time":"4 minutit"},"schema":{"@context":"https:\/\/schema.org","@graph":[{"@type":"WebPage","@id":"https:\/\/planyard.com\/et\/ehitusgraafikute-koostamine","url":"https:\/\/planyard.com\/et\/ehitusgraafikute-koostamine","name":"Ehitusgraafikute koostamine lihtsaks: Valdage ajakavasid ja ressursse","isPartOf":{"@id":"https:\/\/planyard.com\/et#website"},"primaryImageOfPage":{"@id":"https:\/\/planyard.com\/et\/ehitusgraafikute-koostamine#primaryimage"},"image":{"@id":"https:\/\/planyard.com\/et\/ehitusgraafikute-koostamine#primaryimage"},"thumbnailUrl":"https:\/\/planyard.com\/wp-content\/uploads\/2025\/01\/image-11.png","datePublished":"2025-01-29T11:38:00+00:00","dateModified":"2025-06-04T05:55:12+00:00","description":"\u00d5ppige looma, j\u00e4lgima ja kohandama ehitusgraafikuid, et hoida projektid \u00f5igeaegselt ja eelarves. Avastage praktilised sammud ja t\u00f6\u00f6riistad oma t\u00f6\u00f6voogude optimeerimiseks.","breadcrumb":{"@id":"https:\/\/planyard.com\/et\/ehitusgraafikute-koostamine#breadcrumb"},"inLanguage":"et","potentialAction":[{"@type":"ReadAction","target":["https:\/\/planyard.com\/et\/ehitusgraafikute-koostamine"]}]},{"@type":"ImageObject","inLanguage":"et","@id":"https:\/\/planyard.com\/et\/ehitusgraafikute-koostamine#primaryimage","url":"https:\/\/planyard.com\/wp-content\/uploads\/2025\/01\/image-11.png","contentUrl":"https:\/\/planyard.com\/wp-content\/uploads\/2025\/01\/image-11.png"},{"@type":"BreadcrumbList","@id":"https:\/\/planyard.com\/et\/ehitusgraafikute-koostamine#breadcrumb","itemListElement":[{"@type":"ListItem","position":1,"name":"Home","item":"https:\/\/planyard.com\/et"},{"@type":"ListItem","position":2,"name":"Ehitusgraafikute koostamine: Olulised sammud ja t\u00f6\u00f6riistad edu saavutamiseks"}]},{"@type":"WebSite","@id":"https:\/\/planyard.com\/et#website","url":"https:\/\/planyard.com\/et","name":"Planyard Eesti","description":"","potentialAction":[{"@type":"SearchAction","target":{"@type":"EntryPoint","urlTemplate":"https:\/\/planyard.com\/et?s={search_term_string}"},"query-input":{"@type":"PropertyValueSpecification","valueRequired":true,"valueName":"search_term_string"}}],"inLanguage":"et"}]}},"_links":{"self":[{"href":"https:\/\/planyard.com\/et\/wp-json\/wp\/v2\/pages\/10843","targetHints":{"allow":["GET"]}}],"collection":[{"href":"https:\/\/planyard.com\/et\/wp-json\/wp\/v2\/pages"}],"about":[{"href":"https:\/\/planyard.com\/et\/wp-json\/wp\/v2\/types\/page"}],"author":[{"embeddable":true,"href":"https:\/\/planyard.com\/et\/wp-json\/wp\/v2\/users\/4"}],"replies":[{"embeddable":true,"href":"https:\/\/planyard.com\/et\/wp-json\/wp\/v2\/comments?post=10843"}],"version-history":[{"count":5,"href":"https:\/\/planyard.com\/et\/wp-json\/wp\/v2\/pages\/10843\/revisions"}],"predecessor-version":[{"id":16894,"href":"https:\/\/planyard.com\/et\/wp-json\/wp\/v2\/pages\/10843\/revisions\/16894"}],"wp:attachment":[{"href":"https:\/\/planyard.com\/et\/wp-json\/wp\/v2\/media?parent=10843"}],"wp:term":[{"taxonomy":"page_intent","embeddable":true,"href":"https:\/\/planyard.com\/et\/wp-json\/wp\/v2\/page_intent?post=10843"},{"taxonomy":"page_type","embeddable":true,"href":"https:\/\/planyard.com\/et\/wp-json\/wp\/v2\/page_type?post=10843"}],"curies":[{"name":"wp","href":"https:\/\/api.w.org\/{rel}","templated":true}]}}