{"id":10831,"date":"2024-08-22T08:14:52","date_gmt":"2024-08-22T08:14:52","guid":{"rendered":"https:\/\/planyard.com\/how-to-create-subcontracts"},"modified":"2025-05-19T17:08:09","modified_gmt":"2025-05-19T17:08:09","slug":"kuidas-luua-alltoovotulepinguid","status":"publish","type":"page","link":"https:\/\/planyard.com\/et\/kuidas-luua-alltoovotulepinguid","title":{"rendered":"Kuidas luua ja allkirjastada allt\u00f6\u00f6v\u00f5tulepinguid (Avaldamise kuup\u00e4ev: 27. aprill 2023)"},"content":{"rendered":"\n<div class=\"wp-block-columns is-layout-flex wp-container-core-columns-is-layout-9d6595d7 wp-block-columns-is-layout-flex\">\n<div class=\"wp-block-column is-layout-flow wp-block-column-is-layout-flow\">\n<h2 class=\"wp-block-heading\">Telli kohe ja saadame sulle e-kirja, kui see on avaldatud<\/h2>\n\n\n\n<h5 class=\"wp-block-heading\">Kuidas selle juhendi lugemine sulle kasulik on?<\/h5>\n\n\n\n<ol class=\"wp-block-list\">\n<li>Saad teadmised, kuidas luua ja allkirjastada allt\u00f6\u00f6v\u00f5tulepinguid<\/li>\n\n\n\n<li>\u00d5pid, kuidas parandada oma projektijuhtimise oskusi<\/li>\n\n\n\n<li>\u00d5pid, kuidas viia oma projekt \u00f5igeaegselt ja eelarve piires l\u00f5pule<\/li>\n<\/ol>\n\n\n\n<p>Loodud projektijuhtide poolt projektijuhtidele<\/p>\n<\/div>\n\n\n\n<div class=\"wp-block-column is-layout-flow wp-block-column-is-layout-flow\">\n<script charset=\"utf-8\" type=\"text\/javascript\" src=\"\/\/js.hsforms.net\/forms\/shell.js\"><\/script>\n<script>\n  hbspt.forms.create({\n\tportalId: \"4963994\",\n\tformId: \"755fb653-4e2b-44be-8e55-113df2ff998b\"\n});\n<\/script>\n<\/div>\n<\/div>\n","protected":false},"excerpt":{"rendered":"<p>Telli kohe ja saadame sulle e-kirja, kui see on avaldatud Kuidas selle juhendi lugemine sulle kasulik on? Loodud projektijuhtide poolt projektijuhtidele<\/p>\n","protected":false},"author":2,"featured_media":0,"parent":0,"menu_order":0,"comment_status":"closed","ping_status":"closed","template":"","meta":{"_acf_changed":false,"content-type":"","footnotes":""},"page_intent":[160],"page_type":[],"class_list":["post-10831","page","type-page","status-publish","hentry"],"acf":[],"yoast_head":"<!-- This site is optimized with the Yoast SEO plugin v27.1.1 - https:\/\/yoast.com\/product\/yoast-seo-wordpress\/ -->\n<title>Kuidas luua ja allkirjastada allt\u00f6\u00f6v\u00f5tulepinguid (Avaldamise kuup\u00e4ev: 27. aprill 2023) - Planyard Eesti<\/title>\n<meta name=\"description\" content=\"T\u00e4ida vorm ja laadi alla ehitusprojektide juhtimise juhend ning paranda oma projektijuhtimise oskusi.\" \/>\n<meta name=\"robots\" content=\"index, follow, max-snippet:-1, max-image-preview:large, max-video-preview:-1\" \/>\n<link rel=\"canonical\" href=\"https:\/\/planyard.com\/et\/kuidas-luua-alltoovotulepinguid\" \/>\n<meta property=\"og:locale\" content=\"et_EE\" \/>\n<meta property=\"og:type\" content=\"article\" \/>\n<meta property=\"og:title\" content=\"Kuidas luua ja allkirjastada allt\u00f6\u00f6v\u00f5tulepinguid (Avaldamise kuup\u00e4ev: 27. aprill 2023) - Planyard Eesti\" \/>\n<meta property=\"og:description\" content=\"T\u00e4ida vorm ja laadi alla ehitusprojektide juhtimise juhend ning paranda oma projektijuhtimise oskusi.\" \/>\n<meta property=\"og:url\" content=\"https:\/\/planyard.com\/et\/kuidas-luua-alltoovotulepinguid\" \/>\n<meta property=\"og:site_name\" content=\"Planyard Eesti\" \/>\n<meta property=\"article:modified_time\" content=\"2025-05-19T17:08:09+00:00\" \/>\n<meta name=\"twitter:card\" content=\"summary_large_image\" \/>\n<meta name=\"twitter:label1\" content=\"Est. reading time\" \/>\n\t<meta name=\"twitter:data1\" content=\"1 minut\" \/>\n<!-- \/ Yoast SEO plugin. -->","yoast_head_json":{"title":"Kuidas luua ja allkirjastada allt\u00f6\u00f6v\u00f5tulepinguid (Avaldamise kuup\u00e4ev: 27. aprill 2023) - Planyard Eesti","description":"T\u00e4ida vorm ja laadi alla ehitusprojektide juhtimise juhend ning paranda oma projektijuhtimise oskusi.","robots":{"index":"index","follow":"follow","max-snippet":"max-snippet:-1","max-image-preview":"max-image-preview:large","max-video-preview":"max-video-preview:-1"},"canonical":"https:\/\/planyard.com\/et\/kuidas-luua-alltoovotulepinguid","og_locale":"et_EE","og_type":"article","og_title":"Kuidas luua ja allkirjastada allt\u00f6\u00f6v\u00f5tulepinguid (Avaldamise kuup\u00e4ev: 27. aprill 2023) - Planyard Eesti","og_description":"T\u00e4ida vorm ja laadi alla ehitusprojektide juhtimise juhend ning paranda oma projektijuhtimise oskusi.","og_url":"https:\/\/planyard.com\/et\/kuidas-luua-alltoovotulepinguid","og_site_name":"Planyard Eesti","article_modified_time":"2025-05-19T17:08:09+00:00","twitter_card":"summary_large_image","twitter_misc":{"Est. reading time":"1 minut"},"schema":{"@context":"https:\/\/schema.org","@graph":[{"@type":"WebPage","@id":"https:\/\/planyard.com\/et\/kuidas-luua-alltoovotulepinguid","url":"https:\/\/planyard.com\/et\/kuidas-luua-alltoovotulepinguid","name":"Kuidas luua ja allkirjastada allt\u00f6\u00f6v\u00f5tulepinguid (Avaldamise kuup\u00e4ev: 27. aprill 2023) - Planyard Eesti","isPartOf":{"@id":"https:\/\/planyard.com\/et#website"},"datePublished":"2024-08-22T08:14:52+00:00","dateModified":"2025-05-19T17:08:09+00:00","description":"T\u00e4ida vorm ja laadi alla ehitusprojektide juhtimise juhend ning paranda oma projektijuhtimise oskusi.","breadcrumb":{"@id":"https:\/\/planyard.com\/et\/kuidas-luua-alltoovotulepinguid#breadcrumb"},"inLanguage":"et","potentialAction":[{"@type":"ReadAction","target":["https:\/\/planyard.com\/et\/kuidas-luua-alltoovotulepinguid"]}]},{"@type":"BreadcrumbList","@id":"https:\/\/planyard.com\/et\/kuidas-luua-alltoovotulepinguid#breadcrumb","itemListElement":[{"@type":"ListItem","position":1,"name":"Home","item":"https:\/\/planyard.com\/et"},{"@type":"ListItem","position":2,"name":"Kuidas luua ja allkirjastada allt\u00f6\u00f6v\u00f5tulepinguid (Avaldamise kuup\u00e4ev: 27. aprill 2023)"}]},{"@type":"WebSite","@id":"https:\/\/planyard.com\/et#website","url":"https:\/\/planyard.com\/et","name":"Planyard Eesti","description":"","potentialAction":[{"@type":"SearchAction","target":{"@type":"EntryPoint","urlTemplate":"https:\/\/planyard.com\/et?s={search_term_string}"},"query-input":{"@type":"PropertyValueSpecification","valueRequired":true,"valueName":"search_term_string"}}],"inLanguage":"et"}]}},"_links":{"self":[{"href":"https:\/\/planyard.com\/et\/wp-json\/wp\/v2\/pages\/10831","targetHints":{"allow":["GET"]}}],"collection":[{"href":"https:\/\/planyard.com\/et\/wp-json\/wp\/v2\/pages"}],"about":[{"href":"https:\/\/planyard.com\/et\/wp-json\/wp\/v2\/types\/page"}],"author":[{"embeddable":true,"href":"https:\/\/planyard.com\/et\/wp-json\/wp\/v2\/users\/2"}],"replies":[{"embeddable":true,"href":"https:\/\/planyard.com\/et\/wp-json\/wp\/v2\/comments?post=10831"}],"version-history":[{"count":3,"href":"https:\/\/planyard.com\/et\/wp-json\/wp\/v2\/pages\/10831\/revisions"}],"predecessor-version":[{"id":15925,"href":"https:\/\/planyard.com\/et\/wp-json\/wp\/v2\/pages\/10831\/revisions\/15925"}],"wp:attachment":[{"href":"https:\/\/planyard.com\/et\/wp-json\/wp\/v2\/media?parent=10831"}],"wp:term":[{"taxonomy":"page_intent","embeddable":true,"href":"https:\/\/planyard.com\/et\/wp-json\/wp\/v2\/page_intent?post=10831"},{"taxonomy":"page_type","embeddable":true,"href":"https:\/\/planyard.com\/et\/wp-json\/wp\/v2\/page_type?post=10831"}],"curies":[{"name":"wp","href":"https:\/\/api.w.org\/{rel}","templated":true}]}}