{"id":10821,"date":"2025-01-30T10:30:14","date_gmt":"2025-01-30T10:30:14","guid":{"rendered":"https:\/\/planyard.com\/get-the-next-chapter-of-the-master-construction-project-management-guide"},"modified":"2025-05-19T16:54:39","modified_gmt":"2025-05-19T16:54:39","slug":"hangi-jargmine-peatukk-meistritasemel-ehitusprojekti-juhtimise-juhendist","status":"publish","type":"page","link":"https:\/\/planyard.com\/et\/hangi-jargmine-peatukk-meistritasemel-ehitusprojekti-juhtimise-juhendist","title":{"rendered":"Hangi j\u00e4rgmine peat\u00fckk meistritasemel ehitusprojekti juhtimise juhendist"},"content":{"rendered":"\n<div class=\"wp-block-columns is-layout-flex wp-container-core-columns-is-layout-9d6595d7 wp-block-columns-is-layout-flex\">\n<div class=\"wp-block-column is-layout-flow wp-block-column-is-layout-flow\">\n<p>Soovid p\u00fcsida ees ehitusprojekti juhtimises? Telli teavitus, et saada teada, kui meie tasuta juhendi j\u00e4rgmine peat\u00fckk ilmub\u2014t\u00e4is ekspertide teadmisi, mis aitavad sul projekte sujuvamaks muuta, kulusid paremini kontrollida ja t\u00f5husust t\u00f5sta.<\/p>\n\n\n\n<h5 class=\"wp-block-heading\">Vaata t\u00e4ielikku ilmumiskava <a href=\"https:\/\/planyard.com\/et\/tasuta-juhend-ehitusprojekti-juhtimise-meisterlikkus\">siit<\/a><\/h5>\n<\/div>\n\n\n\n<div class=\"wp-block-column is-layout-flow wp-block-column-is-layout-flow\">\n<div id=\"mc_embed_shell\">\n      <link href=\"\/\/cdn-images.mailchimp.com\/embedcode\/classic-061523.css\" rel=\"stylesheet\" type=\"text\/css\">\n  <style type=\"text\/css\">\n        #mc_embed_signup{background:#fff; false;clear:left; font:14px Helvetica,Arial,sans-serif; width: 600px;}\n        \/* Add your own Mailchimp form style overrides in your site stylesheet or in this style block.\n           We recommend moving this block and the preceding CSS link to the HEAD of your HTML file. *\/\n<\/style>\n<div id=\"mc_embed_signup\">\n    <form action=\"https:\/\/fizure.us20.list-manage.com\/subscribe\/post?u=f9f67b9f9dc3438656ad73fc8&amp;id=f8c5dc20cf&amp;f_id=008b20eef0\" method=\"post\" id=\"mc-embedded-subscribe-form\" name=\"mc-embedded-subscribe-form\" class=\"validate\" target=\"_blank\">\n        <div id=\"mc_embed_signup_scroll\"><h2>Telli<\/h2>\n            <div class=\"indicates-required\"><span class=\"asterisk\">*<\/span> t\u00e4histab kohustuslikku<\/div>\n            <div class=\"mc-field-group\"><label for=\"mce-EMAIL\">E-posti aadress <span class=\"asterisk\">*<\/span><\/label><input type=\"email\" name=\"EMAIL\" class=\"required email\" id=\"mce-EMAIL\" required=\"\" value=\"\"><\/div><div class=\"mc-field-group\"><label for=\"mce-FNAME\">Eesnimi <\/label><input type=\"text\" name=\"FNAME\" class=\" text\" id=\"mce-FNAME\" value=\"\"><\/div><div class=\"mc-field-group\"><label for=\"mce-LNAME\">Perekonnanimi <\/label><input type=\"text\" name=\"LNAME\" class=\" text\" id=\"mce-LNAME\" value=\"\"><\/div><div class=\"mc-field-group\"><label for=\"mce-COMPANY\">Ettev\u00f5te <span class=\"asterisk\">*<\/span><\/label><input type=\"text\" name=\"COMPANY\" class=\"required text\" id=\"mce-COMPANY\" required=\"\" value=\"\"><\/div><div class=\"mc-field-group\"><label for=\"mce-PHONE\">Telefoninumber <\/label><input type=\"text\" name=\"PHONE\" class=\"REQ_CSS\" id=\"mce-PHONE\" value=\"\"><\/div><div class=\"mc-field-group\"><label for=\"mce-MMERGE8\">Roll <span class=\"asterisk\">*<\/span><\/label><input type=\"text\" name=\"MMERGE8\" class=\"required text\" id=\"mce-MMERGE8\" required=\"\" value=\"\"><\/div>\n<div hidden=\"\"><input type=\"hidden\" name=\"tags\" value=\"4263455\"><\/div>\n        <div id=\"mce-responses\" class=\"clear\">\n            <div class=\"response\" id=\"mce-error-response\" style=\"display: none;\"><\/div>\n            <div class=\"response\" id=\"mce-success-response\" style=\"display: none;\"><\/div>\n        <\/div><div aria-hidden=\"true\" style=\"position: absolute; left: -5000px;\"><input type=\"text\" name=\"b_f9f67b9f9dc3438656ad73fc8_f8c5dc20cf\" tabindex=\"-1\" value=\"\"><\/div><div class=\"clear\"><input type=\"submit\" name=\"subscribe\" id=\"mc-embedded-subscribe\" class=\"button\" value=\"Telli\"><\/div>\n    <\/div>\n<\/form>\n<\/div>\n<script type=\"text\/javascript\" src=\"\/\/s3.amazonaws.com\/downloads.mailchimp.com\/js\/mc-validate.js\"><\/script><script type=\"text\/javascript\">(function($) {window.fnames = new Array(); window.ftypes = new Array();fnames[0]='EMAIL';ftypes[0]='email';fnames[1]='FNAME';ftypes[1]='text';fnames[2]='LNAME';ftypes[2]='text';fnames[7]='COMPANY';ftypes[7]='text';fnames[4]='PHONE';ftypes[4]='phone';fnames[8]='MMERGE8';ftypes[8]='text';fnames[3]='ADDRESS';ftypes[3]='address';fnames[5]='BIRTHDAY';ftypes[5]='birthday';fnames[6]='ORIGIN';ftypes[6]='text';}(jQuery));var $mcj = jQuery.noConflict(true);<\/script><\/div>\n\n<\/div>\n<\/div>\n\n\n\n<p><\/p>\n","protected":false},"excerpt":{"rendered":"<p>Soovid p\u00fcsida ees ehitusprojekti juhtimises? Telli teavitus, et saada teada, kui meie tasuta juhendi j\u00e4rgmine peat\u00fckk ilmub\u2014t\u00e4is ekspertide teadmisi, mis aitavad sul projekte sujuvamaks muuta, kulusid paremini kontrollida ja t\u00f5husust t\u00f5sta. Vaata t\u00e4ielikku ilmumiskava siit Telli * t\u00e4histab kohustuslikku E-posti aadress * Eesnimi Perekonnanimi Ettev\u00f5te * Telefoninumber Roll *<\/p>\n","protected":false},"author":4,"featured_media":0,"parent":0,"menu_order":0,"comment_status":"closed","ping_status":"closed","template":"","meta":{"_acf_changed":false,"content-type":"","footnotes":""},"page_intent":[160],"page_type":[],"class_list":["post-10821","page","type-page","status-publish","hentry"],"acf":[],"yoast_head":"<!-- This site is optimized with the Yoast SEO plugin v27.1.1 - https:\/\/yoast.com\/product\/yoast-seo-wordpress\/ -->\n<title>Hangi j\u00e4rgmine peat\u00fckk ehitusprojekti juhtimise meistriklassist<\/title>\n<meta name=\"description\" content=\"Soovid p\u00fcsida ehitusprojekti juhtimises eesrindlik? Telli teavitus, kui meie tasuta juhendi j\u00e4rgmine peat\u00fckk ilmub.\" \/>\n<meta name=\"robots\" content=\"index, follow, max-snippet:-1, max-image-preview:large, max-video-preview:-1\" \/>\n<link rel=\"canonical\" href=\"https:\/\/planyard.com\/et\/hangi-jargmine-peatukk-meistritasemel-ehitusprojekti-juhtimise-juhendist\" \/>\n<meta property=\"og:locale\" content=\"et_EE\" \/>\n<meta property=\"og:type\" content=\"article\" \/>\n<meta property=\"og:title\" content=\"Hangi j\u00e4rgmine peat\u00fckk ehitusprojekti juhtimise meistriklassist\" \/>\n<meta property=\"og:description\" content=\"Soovid p\u00fcsida ehitusprojekti juhtimises eesrindlik? Telli teavitus, kui meie tasuta juhendi j\u00e4rgmine peat\u00fckk ilmub.\" \/>\n<meta property=\"og:url\" content=\"https:\/\/planyard.com\/et\/hangi-jargmine-peatukk-meistritasemel-ehitusprojekti-juhtimise-juhendist\" \/>\n<meta property=\"og:site_name\" content=\"Planyard Eesti\" \/>\n<meta property=\"article:modified_time\" content=\"2025-05-19T16:54:39+00:00\" \/>\n<meta name=\"twitter:card\" content=\"summary_large_image\" \/>\n<meta name=\"twitter:label1\" content=\"Est. reading time\" \/>\n\t<meta name=\"twitter:data1\" content=\"1 minut\" \/>\n<!-- \/ Yoast SEO plugin. -->","yoast_head_json":{"title":"Hangi j\u00e4rgmine peat\u00fckk ehitusprojekti juhtimise meistriklassist","description":"Soovid p\u00fcsida ehitusprojekti juhtimises eesrindlik? Telli teavitus, kui meie tasuta juhendi j\u00e4rgmine peat\u00fckk ilmub.","robots":{"index":"index","follow":"follow","max-snippet":"max-snippet:-1","max-image-preview":"max-image-preview:large","max-video-preview":"max-video-preview:-1"},"canonical":"https:\/\/planyard.com\/et\/hangi-jargmine-peatukk-meistritasemel-ehitusprojekti-juhtimise-juhendist","og_locale":"et_EE","og_type":"article","og_title":"Hangi j\u00e4rgmine peat\u00fckk ehitusprojekti juhtimise meistriklassist","og_description":"Soovid p\u00fcsida ehitusprojekti juhtimises eesrindlik? Telli teavitus, kui meie tasuta juhendi j\u00e4rgmine peat\u00fckk ilmub.","og_url":"https:\/\/planyard.com\/et\/hangi-jargmine-peatukk-meistritasemel-ehitusprojekti-juhtimise-juhendist","og_site_name":"Planyard Eesti","article_modified_time":"2025-05-19T16:54:39+00:00","twitter_card":"summary_large_image","twitter_misc":{"Est. reading time":"1 minut"},"schema":{"@context":"https:\/\/schema.org","@graph":[{"@type":"WebPage","@id":"https:\/\/planyard.com\/et\/hangi-jargmine-peatukk-meistritasemel-ehitusprojekti-juhtimise-juhendist","url":"https:\/\/planyard.com\/et\/hangi-jargmine-peatukk-meistritasemel-ehitusprojekti-juhtimise-juhendist","name":"Hangi j\u00e4rgmine peat\u00fckk ehitusprojekti juhtimise meistriklassist","isPartOf":{"@id":"https:\/\/planyard.com\/et#website"},"datePublished":"2025-01-30T10:30:14+00:00","dateModified":"2025-05-19T16:54:39+00:00","description":"Soovid p\u00fcsida ehitusprojekti juhtimises eesrindlik? Telli teavitus, kui meie tasuta juhendi j\u00e4rgmine peat\u00fckk ilmub.","breadcrumb":{"@id":"https:\/\/planyard.com\/et\/hangi-jargmine-peatukk-meistritasemel-ehitusprojekti-juhtimise-juhendist#breadcrumb"},"inLanguage":"et","potentialAction":[{"@type":"ReadAction","target":["https:\/\/planyard.com\/et\/hangi-jargmine-peatukk-meistritasemel-ehitusprojekti-juhtimise-juhendist"]}]},{"@type":"BreadcrumbList","@id":"https:\/\/planyard.com\/et\/hangi-jargmine-peatukk-meistritasemel-ehitusprojekti-juhtimise-juhendist#breadcrumb","itemListElement":[{"@type":"ListItem","position":1,"name":"Home","item":"https:\/\/planyard.com\/et"},{"@type":"ListItem","position":2,"name":"Hangi j\u00e4rgmine peat\u00fckk ehitusprojekti juhtimise meistriklassist"}]},{"@type":"WebSite","@id":"https:\/\/planyard.com\/et#website","url":"https:\/\/planyard.com\/et","name":"Planyard Eesti","description":"","potentialAction":[{"@type":"SearchAction","target":{"@type":"EntryPoint","urlTemplate":"https:\/\/planyard.com\/et?s={search_term_string}"},"query-input":{"@type":"PropertyValueSpecification","valueRequired":true,"valueName":"search_term_string"}}],"inLanguage":"et"}]}},"_links":{"self":[{"href":"https:\/\/planyard.com\/et\/wp-json\/wp\/v2\/pages\/10821","targetHints":{"allow":["GET"]}}],"collection":[{"href":"https:\/\/planyard.com\/et\/wp-json\/wp\/v2\/pages"}],"about":[{"href":"https:\/\/planyard.com\/et\/wp-json\/wp\/v2\/types\/page"}],"author":[{"embeddable":true,"href":"https:\/\/planyard.com\/et\/wp-json\/wp\/v2\/users\/4"}],"replies":[{"embeddable":true,"href":"https:\/\/planyard.com\/et\/wp-json\/wp\/v2\/comments?post=10821"}],"version-history":[{"count":3,"href":"https:\/\/planyard.com\/et\/wp-json\/wp\/v2\/pages\/10821\/revisions"}],"predecessor-version":[{"id":15883,"href":"https:\/\/planyard.com\/et\/wp-json\/wp\/v2\/pages\/10821\/revisions\/15883"}],"wp:attachment":[{"href":"https:\/\/planyard.com\/et\/wp-json\/wp\/v2\/media?parent=10821"}],"wp:term":[{"taxonomy":"page_intent","embeddable":true,"href":"https:\/\/planyard.com\/et\/wp-json\/wp\/v2\/page_intent?post=10821"},{"taxonomy":"page_type","embeddable":true,"href":"https:\/\/planyard.com\/et\/wp-json\/wp\/v2\/page_type?post=10821"}],"curies":[{"name":"wp","href":"https:\/\/api.w.org\/{rel}","templated":true}]}}