{"id":10819,"date":"2025-02-12T12:12:00","date_gmt":"2025-02-12T12:12:00","guid":{"rendered":"https:\/\/planyard.com\/free-construction-schedule-template-for-excel-download-now"},"modified":"2025-06-04T06:35:08","modified_gmt":"2025-06-04T06:35:08","slug":"tasuta-ehituse-ajakava-mall-excelile-laadi-kohe-alla","status":"publish","type":"page","link":"https:\/\/planyard.com\/et\/tasuta-ehituse-ajakava-mall-excelile-laadi-kohe-alla","title":{"rendered":"Tasuta ehituse ajakava mall Excelile \u2013 Laadi kohe alla"},"content":{"rendered":"\n<div class=\"wp-block-media-text is-stacked-on-mobile\" style=\"grid-template-columns:55% auto\"><figure class=\"wp-block-media-text__media\"><img loading=\"lazy\" decoding=\"async\" width=\"1318\" height=\"661\" src=\"https:\/\/planyard.com\/wp-content\/uploads\/2025\/01\/image-11.png\" alt=\"\" class=\"wp-image-8740 size-full\"\/><\/figure><div class=\"wp-block-media-text__content\">\n<p>Ehituse projekti juhtimine ilma selge ajakavata v\u00f5ib viia <strong>viivituste, kulude \u00fcletamise ja valesti suhtlemiseni<\/strong>. Olgu sa <strong>t\u00f6\u00f6v\u00f5tja, projektijuht v\u00f5i ehituse finantsjuht<\/strong>, struktureeritud ajakava on oluline, et <strong>hoida oma projekt \u00f5igel teel<\/strong>.<\/p>\n\n\n\n<p>See <strong>tasuta ehituse ajakava mall Excelile<\/strong> pakub <strong>lihtsat ja kohandatavat lahendust<\/strong>, mis aitab sul planeerida ja j\u00e4lgida iga projekti etappi.<\/p>\n<\/div><\/div>\n\n\n\n<p>Lisateavet selle kohta, miks ajakavad eba\u00f5nnestuvad ja kuidas luua neid, mis ei eba\u00f5nnestu.&nbsp;<a href=\"https:\/\/planyard.com\/et\/ehitusgraafikute-koostamine\">Loe l\u00e4hemalt siit<\/a><\/p>\n\n\n\n<h2 class=\"wp-block-heading\"><strong>Laadi alla oma tasuta ehituse ajakava mall<\/strong><\/h2>\n\n\n\n<p>Saa <strong>kohene juurdep\u00e4\u00e4s<\/strong> professionaalsele ehituse ajakava mallile, mis on m\u00f5eldud <strong>t\u00f6\u00f6v\u00f5tjatele, projektijuhtidele ja ehitajatele<\/strong>.<\/p>\n\n\n\n<div class=\"wp-block-buttons is-layout-flex wp-block-buttons-is-layout-flex\">\n<div class=\"wp-block-button\"><a class=\"wp-block-button__link has-white-color has-text-color has-background has-link-color wp-element-button\" href=\"https:\/\/planyard.com\/et\/hankige-tasuta-ehituse-ajakava-mall-exceli-jaoks\" style=\"background-color:#2756ff\">Laadi alla tasuta mall<\/a><\/div>\n<\/div>\n\n\n\n<h2 class=\"wp-block-heading\">Miks kasutada ehituse ajakava malli?<\/h2>\n\n\n\n<p><strong>Ehituse ajakava<\/strong> on visuaalne ajajoon, mis m\u00e4\u00e4ratleb projekti <strong>\u00fclesanded, kestused, s\u00f5ltuvused ja t\u00e4htajad<\/strong>. See aitab ehitustiimidel:<\/p>\n\n\n\n<ul class=\"wp-block-list\">\n<li><strong>V\u00e4ltida viivitusi<\/strong> \u2013 Tuvasta v\u00f5imalikud kitsaskohad enne nende tekkimist.<\/li>\n\n\n\n<li><strong>Parandada suhtlust<\/strong> \u2013 Hoia sidusr\u00fchmi kursis edusammudega.<\/li>\n\n\n\n<li><strong>P\u00fcsida eelarves<\/strong> \u2013 Joonda ajakavad kulude juhtimise t\u00f6\u00f6riistadega nagu <strong>Planyard<\/strong>.<\/li>\n\n\n\n<li><strong>Suurendada efektiivsust<\/strong> \u2013 M\u00e4\u00e4ra vastutused ja sujuvusta t\u00f6\u00f6voogu.<\/li>\n<\/ul>\n\n\n\n<p><strong>Eelnevalt koostatud Exceli malli<\/strong> kasutamine s\u00e4\u00e4stab aega ja tagab t\u00e4psuse v\u00f5rreldes k\u00e4sitsi ajakava koostamisega.<\/p>\n\n\n\n<h3 class=\"wp-block-heading\">Kuidas seda ehituse ajakava malli kasutada<\/h3>\n\n\n\n<h3 class=\"wp-block-heading\">1. M\u00e4\u00e4ra oma projekti ulatus<\/h3>\n\n\n\n<p>Loetle oma projekti <strong>peamised etapid<\/strong>, n\u00e4iteks:<\/p>\n\n\n\n<ul class=\"wp-block-list\">\n<li><strong>Objekti ettevalmistus<\/strong><\/li>\n\n\n\n<li><strong>Vundamendit\u00f6\u00f6d<\/strong><\/li>\n\n\n\n<li><strong>Karkassi ja konstruktsioonit\u00f6\u00f6d<\/strong><\/li>\n\n\n\n<li><strong>MEP (mehaanika, elekter, torustik) paigaldused<\/strong><\/li>\n\n\n\n<li><strong>Sise- ja v\u00e4lisviimistlus<\/strong><\/li>\n\n\n\n<li><strong>L\u00f5plik \u00fclevaatus ja \u00fcleandmine<\/strong><\/li>\n<\/ul>\n\n\n\n<h3 class=\"wp-block-heading\">2. M\u00e4\u00e4ra \u00fclesannete kestused ja s\u00f5ltuvused<\/h3>\n\n\n\n<p>M\u00e4\u00e4ra iga \u00fclesande <strong>algus- ja l\u00f5ppkuup\u00e4ev<\/strong>. Kui \u00fclesanne s\u00f5ltub teisest, seo need Exceli <strong>Gantti diagrammi funktsioonide<\/strong> abil.<\/p>\n\n\n\n<h3 class=\"wp-block-heading\">3. M\u00e4\u00e4ra vastutused<\/h3>\n\n\n\n<p>M\u00e4\u00e4ra, kes on iga etapi <strong>vastutav<\/strong>. See aitab <strong>allhankijatel, objekti juhendajatel ja projektijuhtidel<\/strong> p\u00fcsida \u00fchel lainel.<\/p>\n\n\n\n<h3 class=\"wp-block-heading\">4. J\u00e4lgi edusamme ja tee kohandusi<\/h3>\n\n\n\n<p>Uuenda ajakava, kui \u00fclesanded on l\u00f5petatud. Kohanda t\u00e4htaegu, kui tekivad viivitused, et <strong>hoida projekt ajakavas<\/strong>.<\/p>\n\n\n\n<h3 class=\"wp-block-heading\">5. Integreeri kulude juhtimise tarkvaraga<\/h3>\n\n\n\n<p>Ajakava \u00fcksi ei hoia \u00e4ra eelarve \u00fcletamist. Kasuta <strong>Planyard<\/strong>i, et <strong>j\u00e4lgida kulusid, j\u00e4lgida finantstulemusi ja hallata arveid<\/strong> koos oma projekti ajakavaga.<\/p>\n\n\n\n<h2 class=\"wp-block-heading\">Tasuta ehituse ajakava malli omadused<\/h2>\n\n\n\n<ul class=\"wp-block-list\">\n<li><strong>Eelvormindatud Excelis<\/strong> \u2013 Pole vaja keerulist tarkvara.<\/li>\n\n\n\n<li><strong>\u00dclesannete ja verstapostide j\u00e4lgimine<\/strong> \u2013 Visualiseeri peamised tulemused.<\/li>\n\n\n\n<li><strong>Gantti diagrammi vaade<\/strong> \u2013 Kohanda projekti ajakavasid lihtsalt.<\/li>\n\n\n\n<li><strong>Kohandatavad v\u00e4ljad<\/strong> \u2013 Kohanda vastavalt oma projekti vajadustele.<\/li>\n\n\n\n<li><strong>Lihtne eksport ja jagamine<\/strong> \u2013 Saada uuendusi sidusr\u00fchmadele.<\/li>\n<\/ul>\n\n\n\n<h2 class=\"wp-block-heading\">Optimeeri oma projekti nutikate eelarvestamise t\u00f6\u00f6riistadega<\/h2>\n\n\n\n<p><strong>H\u00e4sti struktureeritud ajakava<\/strong> on t\u00f5hus ainult siis, kui see on koosk\u00f5las <strong>su projekti eelarvega<\/strong>. Planyardi <strong><a href=\"https:\/\/planyard.com\/et\/ehituse-eelarvete-halduse-tarkvara\">ehituse eelarvestamise tarkvara<\/a><\/strong> integreerub sinu ajakavaga, tagades, et <strong>p\u00fcsid eelarves<\/strong> ja j\u00e4lgid k\u00f5iki kulusid reaalajas.<\/p>\n\n\n\n<ul class=\"wp-block-list\">\n<li><strong>Automatiseeritud kulude j\u00e4lgimine<\/strong> seotud projekti etappidega<\/li>\n\n\n\n<li><strong>Enam pole tabelivigu<\/strong> tsentraliseeritud andmetega<\/li>\n\n\n\n<li><strong>Reaalajas finants\u00fclevaated<\/strong> paremaks otsustamiseks<\/li>\n<\/ul>\n\n\n\n<h2 class=\"wp-block-heading\">Kes saavad sellest mallist kasu?<\/h2>\n\n\n\n<ul class=\"wp-block-list\">\n<li><strong>Peat\u00f6\u00f6v\u00f5tjad<\/strong> \u2013 Halda projekti ajakavasid t\u00f5husalt.<\/li>\n\n\n\n<li><strong>Projektijuhid<\/strong> \u2013 Planeeri ja j\u00e4lgi verstaposte h\u00f5lpsalt.<\/li>\n\n\n\n<li><strong>Ehituse finantsjuhid ja rahandusjuhid<\/strong> \u2013 Joonda ajakava finantsplaneerimisega.<\/li>\n\n\n\n<li><strong>Allhankijad ja objekti juhendajad<\/strong> \u2013 P\u00fcsi t\u00e4htaegade ja \u00fclesannete peal.<\/li>\n<\/ul>\n\n\n\n<h2 class=\"wp-block-heading\">Laadi alla oma tasuta ehituse ajakava mall<\/h2>\n\n\n\n<p>\u00c4ra lase kehval planeerimisel oma projekti viivitada. Laadi see <strong><a href=\"https:\/\/planyard.com\/et\/hankige-tasuta-ehituse-ajakava-mall-exceli-jaoks\">tasuta ehituse ajakava mall Excelile<\/a><\/strong> alla juba t\u00e4na ja alusta oma projektide <strong>t\u00f5husamat juhtimist<\/strong>.<\/p>\n\n\n\n<p>Planyardi kasutamine tagab, et iga euro on arvel, kulud j\u00e4lgitakse reaalajas ja kasumlikkus on maksimeeritud.<\/p>\n","protected":false},"excerpt":{"rendered":"<p>Ehituse projekti juhtimine ilma selge ajakavata v\u00f5ib viia viivituste, kulude \u00fcletamise ja valesti suhtlemiseni. Olgu sa t\u00f6\u00f6v\u00f5tja, projektijuht v\u00f5i ehituse finantsjuht, struktureeritud ajakava on oluline, et hoida oma projekt \u00f5igel teel. See tasuta ehituse ajakava mall Excelile pakub lihtsat ja kohandatavat lahendust, mis aitab sul planeerida ja j\u00e4lgida iga projekti etappi. Lisateavet selle kohta, miks&#8230;  <a class=\"excerpt-read-more\" href=\"https:\/\/planyard.com\/et\/tasuta-ehituse-ajakava-mall-excelile-laadi-kohe-alla\" title=\"Loe  Tasuta ehituse ajakava mall Excelile \u2013 Laadi kohe alla\">Loe edasi &#8220;<\/a><\/p>\n","protected":false},"author":4,"featured_media":0,"parent":0,"menu_order":0,"comment_status":"closed","ping_status":"closed","template":"","meta":{"_acf_changed":false,"content-type":"","footnotes":""},"page_intent":[160],"page_type":[],"class_list":["post-10819","page","type-page","status-publish","hentry"],"acf":[],"yoast_head":"<!-- This site is optimized with the Yoast SEO plugin v26.9 - https:\/\/yoast.com\/product\/yoast-seo-wordpress\/ -->\n<title>Tasuta ehituse eelarve mall - Planyard Eesti<\/title>\n<meta name=\"description\" content=\"See ehituse eelarve mall aitab sul h\u00f5lpsalt oma t\u00f6\u00f6de kulusid j\u00e4lgida. See on loodud projektijuhtide poolt projektijuhtidele.\" \/>\n<meta name=\"robots\" content=\"index, follow, max-snippet:-1, max-image-preview:large, max-video-preview:-1\" \/>\n<link rel=\"canonical\" href=\"https:\/\/planyard.com\/et\/tasuta-ehituse-ajakava-mall-excelile-laadi-kohe-alla\" \/>\n<meta property=\"og:locale\" content=\"et_EE\" \/>\n<meta property=\"og:type\" content=\"article\" \/>\n<meta property=\"og:title\" content=\"Tasuta ehituse eelarve mall - Planyard Eesti\" \/>\n<meta property=\"og:description\" content=\"See ehituse eelarve mall aitab sul h\u00f5lpsalt oma t\u00f6\u00f6de kulusid j\u00e4lgida. See on loodud projektijuhtide poolt projektijuhtidele.\" \/>\n<meta property=\"og:url\" content=\"https:\/\/planyard.com\/et\/tasuta-ehituse-ajakava-mall-excelile-laadi-kohe-alla\" \/>\n<meta property=\"og:site_name\" content=\"Planyard Eesti\" \/>\n<meta property=\"article:modified_time\" content=\"2025-06-04T06:35:08+00:00\" \/>\n<meta property=\"og:image\" content=\"https:\/\/planyard.com\/wp-content\/uploads\/2025\/01\/image-11.png\" \/>\n\t<meta property=\"og:image:width\" content=\"1318\" \/>\n\t<meta property=\"og:image:height\" content=\"661\" \/>\n\t<meta property=\"og:image:type\" content=\"image\/png\" \/>\n<meta name=\"twitter:card\" content=\"summary_large_image\" \/>\n<meta name=\"twitter:label1\" content=\"Est. reading time\" \/>\n\t<meta name=\"twitter:data1\" content=\"3 minutit\" \/>\n<!-- \/ Yoast SEO plugin. -->","yoast_head_json":{"title":"Tasuta ehituse eelarve mall - Planyard Eesti","description":"See ehituse eelarve mall aitab sul h\u00f5lpsalt oma t\u00f6\u00f6de kulusid j\u00e4lgida. See on loodud projektijuhtide poolt projektijuhtidele.","robots":{"index":"index","follow":"follow","max-snippet":"max-snippet:-1","max-image-preview":"max-image-preview:large","max-video-preview":"max-video-preview:-1"},"canonical":"https:\/\/planyard.com\/et\/tasuta-ehituse-ajakava-mall-excelile-laadi-kohe-alla","og_locale":"et_EE","og_type":"article","og_title":"Tasuta ehituse eelarve mall - Planyard Eesti","og_description":"See ehituse eelarve mall aitab sul h\u00f5lpsalt oma t\u00f6\u00f6de kulusid j\u00e4lgida. See on loodud projektijuhtide poolt projektijuhtidele.","og_url":"https:\/\/planyard.com\/et\/tasuta-ehituse-ajakava-mall-excelile-laadi-kohe-alla","og_site_name":"Planyard Eesti","article_modified_time":"2025-06-04T06:35:08+00:00","og_image":[{"width":1318,"height":661,"url":"https:\/\/planyard.com\/wp-content\/uploads\/2025\/01\/image-11.png","type":"image\/png"}],"twitter_card":"summary_large_image","twitter_misc":{"Est. reading time":"3 minutit"},"schema":{"@context":"https:\/\/schema.org","@graph":[{"@type":"WebPage","@id":"https:\/\/planyard.com\/et\/tasuta-ehituse-ajakava-mall-excelile-laadi-kohe-alla","url":"https:\/\/planyard.com\/et\/tasuta-ehituse-ajakava-mall-excelile-laadi-kohe-alla","name":"Tasuta ehituse eelarve mall - Planyard Eesti","isPartOf":{"@id":"https:\/\/planyard.com\/et#website"},"primaryImageOfPage":{"@id":"https:\/\/planyard.com\/et\/tasuta-ehituse-ajakava-mall-excelile-laadi-kohe-alla#primaryimage"},"image":{"@id":"https:\/\/planyard.com\/et\/tasuta-ehituse-ajakava-mall-excelile-laadi-kohe-alla#primaryimage"},"thumbnailUrl":"https:\/\/planyard.com\/wp-content\/uploads\/2025\/01\/image-11.png","datePublished":"2025-02-12T12:12:00+00:00","dateModified":"2025-06-04T06:35:08+00:00","description":"See ehituse eelarve mall aitab sul h\u00f5lpsalt oma t\u00f6\u00f6de kulusid j\u00e4lgida. See on loodud projektijuhtide poolt projektijuhtidele.","breadcrumb":{"@id":"https:\/\/planyard.com\/et\/tasuta-ehituse-ajakava-mall-excelile-laadi-kohe-alla#breadcrumb"},"inLanguage":"et","potentialAction":[{"@type":"ReadAction","target":["https:\/\/planyard.com\/et\/tasuta-ehituse-ajakava-mall-excelile-laadi-kohe-alla"]}]},{"@type":"ImageObject","inLanguage":"et","@id":"https:\/\/planyard.com\/et\/tasuta-ehituse-ajakava-mall-excelile-laadi-kohe-alla#primaryimage","url":"https:\/\/planyard.com\/wp-content\/uploads\/2025\/01\/image-11.png","contentUrl":"https:\/\/planyard.com\/wp-content\/uploads\/2025\/01\/image-11.png"},{"@type":"BreadcrumbList","@id":"https:\/\/planyard.com\/et\/tasuta-ehituse-ajakava-mall-excelile-laadi-kohe-alla#breadcrumb","itemListElement":[{"@type":"ListItem","position":1,"name":"Home","item":"https:\/\/planyard.com\/et"},{"@type":"ListItem","position":2,"name":"Tasuta ehituse ajakava mall Excelile \u2013 Laadi kohe alla"}]},{"@type":"WebSite","@id":"https:\/\/planyard.com\/et#website","url":"https:\/\/planyard.com\/et","name":"Planyard Eesti","description":"","potentialAction":[{"@type":"SearchAction","target":{"@type":"EntryPoint","urlTemplate":"https:\/\/planyard.com\/et?s={search_term_string}"},"query-input":{"@type":"PropertyValueSpecification","valueRequired":true,"valueName":"search_term_string"}}],"inLanguage":"et"}]}},"_links":{"self":[{"href":"https:\/\/planyard.com\/et\/wp-json\/wp\/v2\/pages\/10819","targetHints":{"allow":["GET"]}}],"collection":[{"href":"https:\/\/planyard.com\/et\/wp-json\/wp\/v2\/pages"}],"about":[{"href":"https:\/\/planyard.com\/et\/wp-json\/wp\/v2\/types\/page"}],"author":[{"embeddable":true,"href":"https:\/\/planyard.com\/et\/wp-json\/wp\/v2\/users\/4"}],"replies":[{"embeddable":true,"href":"https:\/\/planyard.com\/et\/wp-json\/wp\/v2\/comments?post=10819"}],"version-history":[{"count":7,"href":"https:\/\/planyard.com\/et\/wp-json\/wp\/v2\/pages\/10819\/revisions"}],"predecessor-version":[{"id":17024,"href":"https:\/\/planyard.com\/et\/wp-json\/wp\/v2\/pages\/10819\/revisions\/17024"}],"wp:attachment":[{"href":"https:\/\/planyard.com\/et\/wp-json\/wp\/v2\/media?parent=10819"}],"wp:term":[{"taxonomy":"page_intent","embeddable":true,"href":"https:\/\/planyard.com\/et\/wp-json\/wp\/v2\/page_intent?post=10819"},{"taxonomy":"page_type","embeddable":true,"href":"https:\/\/planyard.com\/et\/wp-json\/wp\/v2\/page_type?post=10819"}],"curies":[{"name":"wp","href":"https:\/\/api.w.org\/{rel}","templated":true}]}}