{"id":10812,"date":"2024-08-22T11:00:44","date_gmt":"2024-08-22T11:00:44","guid":{"rendered":"https:\/\/planyard.com\/download-construction-cost-codes"},"modified":"2025-06-10T11:35:49","modified_gmt":"2025-06-10T11:35:49","slug":"laadi-alla-ehituse-kulukoodid","status":"publish","type":"page","link":"https:\/\/planyard.com\/et\/laadi-alla-ehituse-kulukoodid","title":{"rendered":"Laadi alla ehituse kulukoodid"},"content":{"rendered":"\n<div class=\"wp-block-columns is-layout-flex wp-container-core-columns-is-layout-9d6595d7 wp-block-columns-is-layout-flex\">\n<div class=\"wp-block-column is-layout-flow wp-block-column-is-layout-flow\">\n<h2 class=\"wp-block-heading\">Laadi alla ehituse kulukoodid \u2013 tabelimall<\/h2>\n\n\n\n<h5 class=\"wp-block-heading\">Laadi tasuta alla Planyardi ehituse kulukoodid ja hoia oma projekti kulud kontrolli all.<\/h5>\n\n\n\n<h5 class=\"wp-block-heading\">Eelised<\/h5>\n\n\n\n<ul class=\"wp-block-list\">\n<li>Kulude kontroll<\/li>\n\n\n\n<li>KPI-de j\u00e4lgimine<\/li>\n\n\n\n<li>Ideaalne ettev\u00f5tte\u00fcleseks kasutamiseks<\/li>\n\n\n\n<li>Visualiseeri kasumikeskusi<\/li>\n\n\n\n<li>Eelarvestamine<\/li>\n\n\n\n<li>Reaalajas j\u00e4lgimine<\/li>\n<\/ul>\n<\/div>\n\n\n\n<div class=\"wp-block-column is-layout-flow wp-block-column-is-layout-flow\">\n<div id=\"mc_embed_shell\">\n      <link href=\"\/\/cdn-images.mailchimp.com\/embedcode\/classic-061523.css\" rel=\"stylesheet\" type=\"text\/css\">\n  <style type=\"text\/css\">\n        #mc_embed_signup{background:#fff; false;clear:left; font:14px Helvetica,Arial,sans-serif; width: 600px;}\n        \/* Add your own Mailchimp form style overrides in your site stylesheet or in this style block.\n           We recommend moving this block and the preceding CSS link to the HEAD of your HTML file. *\/\n<\/style>\n<div id=\"mc_embed_signup\">\n    <form action=\"https:\/\/fizure.us20.list-manage.com\/subscribe\/post?u=f9f67b9f9dc3438656ad73fc8&amp;id=f8c5dc20cf&amp;f_id=004e20eef0\" method=\"post\" id=\"mc-embedded-subscribe-form\" name=\"mc-embedded-subscribe-form\" class=\"validate\" target=\"_blank\">\n        <div id=\"mc_embed_signup_scroll\"><h2>Download the Cost Codes<\/h2>\n            <div class=\"indicates-required\"><span class=\"asterisk\">*<\/span> indicates required<\/div>\n            <div class=\"mc-field-group\"><label for=\"mce-EMAIL\">Email Address <span class=\"asterisk\">*<\/span><\/label><input type=\"email\" name=\"EMAIL\" class=\"required email\" id=\"mce-EMAIL\" required=\"\" value=\"\"><\/div><div class=\"mc-field-group\"><label for=\"mce-FNAME\">First Name <\/label><input type=\"text\" name=\"FNAME\" class=\" text\" id=\"mce-FNAME\" value=\"\"><\/div><div class=\"mc-field-group\"><label for=\"mce-LNAME\">Last Name <\/label><input type=\"text\" name=\"LNAME\" class=\" text\" id=\"mce-LNAME\" value=\"\"><\/div><div class=\"mc-field-group\"><label for=\"mce-PHONE\">Phone Number <\/label><input type=\"text\" name=\"PHONE\" class=\"REQ_CSS\" id=\"mce-PHONE\" value=\"\"><\/div><div class=\"mc-field-group\"><label for=\"mce-COMPANY\">Company <span class=\"asterisk\">*<\/span><\/label><input type=\"text\" name=\"COMPANY\" class=\"required text\" id=\"mce-COMPANY\" required=\"\" value=\"\"><\/div><div class=\"mc-field-group\"><label for=\"mce-MMERGE8\">Role <\/label><input type=\"text\" name=\"MMERGE8\" class=\" text\" id=\"mce-MMERGE8\" value=\"\"><\/div>\n<div hidden=\"\"><input type=\"hidden\" name=\"tags\" value=\"4263793\"><\/div>\n        <div id=\"mce-responses\" class=\"clear\">\n            <div class=\"response\" id=\"mce-error-response\" style=\"display: none;\"><\/div>\n            <div class=\"response\" id=\"mce-success-response\" style=\"display: none;\"><\/div>\n        <\/div><div aria-hidden=\"true\" style=\"position: absolute; left: -5000px;\"><input type=\"text\" name=\"b_f9f67b9f9dc3438656ad73fc8_f8c5dc20cf\" tabindex=\"-1\" value=\"\"><\/div><div class=\"clear\"><input type=\"submit\" name=\"subscribe\" id=\"mc-embedded-subscribe\" class=\"button\" value=\"Subscribe\"><\/div>\n    <\/div>\n<\/form>\n<\/div>\n<script type=\"text\/javascript\" src=\"\/\/s3.amazonaws.com\/downloads.mailchimp.com\/js\/mc-validate.js\"><\/script><script type=\"text\/javascript\">(function($) {window.fnames = new Array(); window.ftypes = new Array();fnames[0]='EMAIL';ftypes[0]='email';fnames[1]='FNAME';ftypes[1]='text';fnames[2]='LNAME';ftypes[2]='text';fnames[4]='PHONE';ftypes[4]='phone';fnames[7]='COMPANY';ftypes[7]='text';fnames[8]='MMERGE8';ftypes[8]='text';fnames[3]='ADDRESS';ftypes[3]='address';fnames[5]='BIRTHDAY';ftypes[5]='birthday';fnames[6]='ORIGIN';ftypes[6]='text';fnames[9]='MMERGE9';ftypes[9]='date';fnames[10]='MMERGE10';ftypes[10]='text';fnames[11]='MMERGE11';ftypes[11]='date';fnames[12]='MMERGE12';ftypes[12]='date';fnames[13]='MMERGE13';ftypes[13]='date';}(jQuery));var $mcj = jQuery.noConflict(true);<\/script><\/div>\n\n<\/div>\n<\/div>\n","protected":false},"excerpt":{"rendered":"<p>Laadi alla ehituse kulukoodid \u2013 tabelimall Laadi tasuta alla Planyardi ehituse kulukoodid ja hoia oma projekti kulud kontrolli all. Eelised Download the Cost Codes * indicates required Email Address * First Name Last Name Phone Number Company * Role<\/p>\n","protected":false},"author":2,"featured_media":0,"parent":0,"menu_order":0,"comment_status":"closed","ping_status":"closed","template":"","meta":{"_acf_changed":false,"content-type":"","footnotes":""},"page_intent":[160],"page_type":[],"class_list":["post-10812","page","type-page","status-publish","hentry"],"acf":[],"yoast_head":"<!-- This site is optimized with the Yoast SEO plugin v26.9 - https:\/\/yoast.com\/product\/yoast-seo-wordpress\/ -->\n<title>Laadi alla ehituse kulukoodid - Planyard Eesti<\/title>\n<meta name=\"description\" content=\"Laadi tasuta alla Planyardi ehituse kulukoodid ja hoia oma projekti kulud kontrolli all. Kulude kontroll, KPI-de j\u00e4lgimine, ideaalne ettev\u00f5tte\u00fcleseks kasutamiseks ja palju muud\" \/>\n<meta name=\"robots\" content=\"index, follow, max-snippet:-1, max-image-preview:large, max-video-preview:-1\" \/>\n<link rel=\"canonical\" href=\"https:\/\/planyard.com\/et\/laadi-alla-ehituse-kulukoodid\" \/>\n<meta property=\"og:locale\" content=\"et_EE\" \/>\n<meta property=\"og:type\" content=\"article\" \/>\n<meta property=\"og:title\" content=\"Laadi alla ehituse kulukoodid - Planyard Eesti\" \/>\n<meta property=\"og:description\" content=\"Laadi tasuta alla Planyardi ehituse kulukoodid ja hoia oma projekti kulud kontrolli all. Kulude kontroll, KPI-de j\u00e4lgimine, ideaalne ettev\u00f5tte\u00fcleseks kasutamiseks ja palju muud\" \/>\n<meta property=\"og:url\" content=\"https:\/\/planyard.com\/et\/laadi-alla-ehituse-kulukoodid\" \/>\n<meta property=\"og:site_name\" content=\"Planyard Eesti\" \/>\n<meta property=\"article:modified_time\" content=\"2025-06-10T11:35:49+00:00\" \/>\n<meta name=\"twitter:card\" content=\"summary_large_image\" \/>\n<meta name=\"twitter:label1\" content=\"Est. reading time\" \/>\n\t<meta name=\"twitter:data1\" content=\"1 minut\" \/>\n<!-- \/ Yoast SEO plugin. -->","yoast_head_json":{"title":"Laadi alla ehituse kulukoodid - Planyard Eesti","description":"Laadi tasuta alla Planyardi ehituse kulukoodid ja hoia oma projekti kulud kontrolli all. Kulude kontroll, KPI-de j\u00e4lgimine, ideaalne ettev\u00f5tte\u00fcleseks kasutamiseks ja palju muud","robots":{"index":"index","follow":"follow","max-snippet":"max-snippet:-1","max-image-preview":"max-image-preview:large","max-video-preview":"max-video-preview:-1"},"canonical":"https:\/\/planyard.com\/et\/laadi-alla-ehituse-kulukoodid","og_locale":"et_EE","og_type":"article","og_title":"Laadi alla ehituse kulukoodid - Planyard Eesti","og_description":"Laadi tasuta alla Planyardi ehituse kulukoodid ja hoia oma projekti kulud kontrolli all. Kulude kontroll, KPI-de j\u00e4lgimine, ideaalne ettev\u00f5tte\u00fcleseks kasutamiseks ja palju muud","og_url":"https:\/\/planyard.com\/et\/laadi-alla-ehituse-kulukoodid","og_site_name":"Planyard Eesti","article_modified_time":"2025-06-10T11:35:49+00:00","twitter_card":"summary_large_image","twitter_misc":{"Est. reading time":"1 minut"},"schema":{"@context":"https:\/\/schema.org","@graph":[{"@type":"WebPage","@id":"https:\/\/planyard.com\/et\/laadi-alla-ehituse-kulukoodid","url":"https:\/\/planyard.com\/et\/laadi-alla-ehituse-kulukoodid","name":"Laadi alla ehituse kulukoodid - Planyard Eesti","isPartOf":{"@id":"https:\/\/planyard.com\/et#website"},"datePublished":"2024-08-22T11:00:44+00:00","dateModified":"2025-06-10T11:35:49+00:00","description":"Laadi tasuta alla Planyardi ehituse kulukoodid ja hoia oma projekti kulud kontrolli all. Kulude kontroll, KPI-de j\u00e4lgimine, ideaalne ettev\u00f5tte\u00fcleseks kasutamiseks ja palju muud","breadcrumb":{"@id":"https:\/\/planyard.com\/et\/laadi-alla-ehituse-kulukoodid#breadcrumb"},"inLanguage":"et","potentialAction":[{"@type":"ReadAction","target":["https:\/\/planyard.com\/et\/laadi-alla-ehituse-kulukoodid"]}]},{"@type":"BreadcrumbList","@id":"https:\/\/planyard.com\/et\/laadi-alla-ehituse-kulukoodid#breadcrumb","itemListElement":[{"@type":"ListItem","position":1,"name":"Home","item":"https:\/\/planyard.com\/et"},{"@type":"ListItem","position":2,"name":"Laadi alla ehituse kulukoodid"}]},{"@type":"WebSite","@id":"https:\/\/planyard.com\/et#website","url":"https:\/\/planyard.com\/et","name":"Planyard Eesti","description":"","potentialAction":[{"@type":"SearchAction","target":{"@type":"EntryPoint","urlTemplate":"https:\/\/planyard.com\/et?s={search_term_string}"},"query-input":{"@type":"PropertyValueSpecification","valueRequired":true,"valueName":"search_term_string"}}],"inLanguage":"et"}]}},"_links":{"self":[{"href":"https:\/\/planyard.com\/et\/wp-json\/wp\/v2\/pages\/10812","targetHints":{"allow":["GET"]}}],"collection":[{"href":"https:\/\/planyard.com\/et\/wp-json\/wp\/v2\/pages"}],"about":[{"href":"https:\/\/planyard.com\/et\/wp-json\/wp\/v2\/types\/page"}],"author":[{"embeddable":true,"href":"https:\/\/planyard.com\/et\/wp-json\/wp\/v2\/users\/2"}],"replies":[{"embeddable":true,"href":"https:\/\/planyard.com\/et\/wp-json\/wp\/v2\/comments?post=10812"}],"version-history":[{"count":6,"href":"https:\/\/planyard.com\/et\/wp-json\/wp\/v2\/pages\/10812\/revisions"}],"predecessor-version":[{"id":17194,"href":"https:\/\/planyard.com\/et\/wp-json\/wp\/v2\/pages\/10812\/revisions\/17194"}],"wp:attachment":[{"href":"https:\/\/planyard.com\/et\/wp-json\/wp\/v2\/media?parent=10812"}],"wp:term":[{"taxonomy":"page_intent","embeddable":true,"href":"https:\/\/planyard.com\/et\/wp-json\/wp\/v2\/page_intent?post=10812"},{"taxonomy":"page_type","embeddable":true,"href":"https:\/\/planyard.com\/et\/wp-json\/wp\/v2\/page_type?post=10812"}],"curies":[{"name":"wp","href":"https:\/\/api.w.org\/{rel}","templated":true}]}}