{"id":10811,"date":"2024-08-22T06:54:21","date_gmt":"2024-08-22T06:54:21","guid":{"rendered":"https:\/\/planyard.com\/demo-meeting-confirmation"},"modified":"2025-05-19T17:05:51","modified_gmt":"2025-05-19T17:05:51","slug":"demo-koosoleku-kinnitus","status":"publish","type":"page","link":"https:\/\/planyard.com\/et\/demo-koosoleku-kinnitus","title":{"rendered":"Demo koosoleku kinnitus"},"content":{"rendered":"<div class=\"wp-block-image\">\n<figure class=\"aligncenter size-full\"><img loading=\"lazy\" decoding=\"async\" width=\"600\" height=\"466\" src=\"https:\/\/planyard.com\/wp-content\/uploads\/2024\/08\/Booking-confirmed.png\" alt=\"\" class=\"wp-image-1247\"\/><\/figure>\n<\/div>\n\n\n<h2 class=\"wp-block-heading has-text-align-center\">Broneering kinnitatud! <\/h2>\n\n\n\n<p class=\"has-text-align-center\">Teie koosolek on broneeritud. Kutsung koosolekule on saadetud teie e-posti aadressile.<br><\/p>\n","protected":false},"excerpt":{"rendered":"<p>Broneering kinnitatud! Teie koosolek on broneeritud. Kutsung koosolekule on saadetud teie e-posti aadressile.<\/p>\n","protected":false},"author":2,"featured_media":0,"parent":0,"menu_order":0,"comment_status":"closed","ping_status":"closed","template":"","meta":{"_acf_changed":false,"content-type":"","footnotes":""},"page_intent":[175],"page_type":[],"class_list":["post-10811","page","type-page","status-publish","hentry"],"acf":[],"yoast_head":"<!-- This site is optimized with the Yoast SEO plugin v27.1.1 - https:\/\/yoast.com\/product\/yoast-seo-wordpress\/ -->\n<title>Demo koosoleku kinnitus - Planyard Eesti<\/title>\n<meta name=\"description\" content=\"Nii saate meiega \u00fchendust v\u00f5tta ja meie asutajatega tutvuda. Kui teil on k\u00fcsimusi, v\u00f5tke meiega \u00fchendust vormi kaudu v\u00f5i vestluse teel.\" \/>\n<meta name=\"robots\" content=\"index, follow, max-snippet:-1, max-image-preview:large, max-video-preview:-1\" \/>\n<link rel=\"canonical\" href=\"https:\/\/planyard.com\/et\/demo-koosoleku-kinnitus\" \/>\n<meta property=\"og:locale\" content=\"et_EE\" \/>\n<meta property=\"og:type\" content=\"article\" \/>\n<meta property=\"og:title\" content=\"Demo koosoleku kinnitus - Planyard Eesti\" \/>\n<meta property=\"og:description\" content=\"Nii saate meiega \u00fchendust v\u00f5tta ja meie asutajatega tutvuda. Kui teil on k\u00fcsimusi, v\u00f5tke meiega \u00fchendust vormi kaudu v\u00f5i vestluse teel.\" \/>\n<meta property=\"og:url\" content=\"https:\/\/planyard.com\/et\/demo-koosoleku-kinnitus\" \/>\n<meta property=\"og:site_name\" content=\"Planyard Eesti\" \/>\n<meta property=\"article:modified_time\" content=\"2025-05-19T17:05:51+00:00\" \/>\n<meta property=\"og:image\" content=\"https:\/\/planyard.com\/wp-content\/uploads\/2024\/08\/Booking-confirmed.png\" \/>\n\t<meta property=\"og:image:width\" content=\"600\" \/>\n\t<meta property=\"og:image:height\" content=\"466\" \/>\n\t<meta property=\"og:image:type\" content=\"image\/png\" \/>\n<meta name=\"twitter:card\" content=\"summary_large_image\" \/>\n<meta name=\"twitter:label1\" content=\"Est. reading time\" \/>\n\t<meta name=\"twitter:data1\" content=\"1 minut\" \/>\n<!-- \/ Yoast SEO plugin. -->","yoast_head_json":{"title":"Demo koosoleku kinnitus - Planyard Eesti","description":"Nii saate meiega \u00fchendust v\u00f5tta ja meie asutajatega tutvuda. Kui teil on k\u00fcsimusi, v\u00f5tke meiega \u00fchendust vormi kaudu v\u00f5i vestluse teel.","robots":{"index":"index","follow":"follow","max-snippet":"max-snippet:-1","max-image-preview":"max-image-preview:large","max-video-preview":"max-video-preview:-1"},"canonical":"https:\/\/planyard.com\/et\/demo-koosoleku-kinnitus","og_locale":"et_EE","og_type":"article","og_title":"Demo koosoleku kinnitus - Planyard Eesti","og_description":"Nii saate meiega \u00fchendust v\u00f5tta ja meie asutajatega tutvuda. Kui teil on k\u00fcsimusi, v\u00f5tke meiega \u00fchendust vormi kaudu v\u00f5i vestluse teel.","og_url":"https:\/\/planyard.com\/et\/demo-koosoleku-kinnitus","og_site_name":"Planyard Eesti","article_modified_time":"2025-05-19T17:05:51+00:00","og_image":[{"width":600,"height":466,"url":"https:\/\/planyard.com\/wp-content\/uploads\/2024\/08\/Booking-confirmed.png","type":"image\/png"}],"twitter_card":"summary_large_image","twitter_misc":{"Est. reading time":"1 minut"},"schema":{"@context":"https:\/\/schema.org","@graph":[{"@type":"WebPage","@id":"https:\/\/planyard.com\/et\/demo-koosoleku-kinnitus","url":"https:\/\/planyard.com\/et\/demo-koosoleku-kinnitus","name":"Demo koosoleku kinnitus - Planyard Eesti","isPartOf":{"@id":"https:\/\/planyard.com\/et#website"},"primaryImageOfPage":{"@id":"https:\/\/planyard.com\/et\/demo-koosoleku-kinnitus#primaryimage"},"image":{"@id":"https:\/\/planyard.com\/et\/demo-koosoleku-kinnitus#primaryimage"},"thumbnailUrl":"https:\/\/planyard.com\/wp-content\/uploads\/2024\/08\/Booking-confirmed.png","datePublished":"2024-08-22T06:54:21+00:00","dateModified":"2025-05-19T17:05:51+00:00","description":"Nii saate meiega \u00fchendust v\u00f5tta ja meie asutajatega tutvuda. Kui teil on k\u00fcsimusi, v\u00f5tke meiega \u00fchendust vormi kaudu v\u00f5i vestluse teel.","breadcrumb":{"@id":"https:\/\/planyard.com\/et\/demo-koosoleku-kinnitus#breadcrumb"},"inLanguage":"et","potentialAction":[{"@type":"ReadAction","target":["https:\/\/planyard.com\/et\/demo-koosoleku-kinnitus"]}]},{"@type":"ImageObject","inLanguage":"et","@id":"https:\/\/planyard.com\/et\/demo-koosoleku-kinnitus#primaryimage","url":"https:\/\/planyard.com\/wp-content\/uploads\/2024\/08\/Booking-confirmed.png","contentUrl":"https:\/\/planyard.com\/wp-content\/uploads\/2024\/08\/Booking-confirmed.png"},{"@type":"BreadcrumbList","@id":"https:\/\/planyard.com\/et\/demo-koosoleku-kinnitus#breadcrumb","itemListElement":[{"@type":"ListItem","position":1,"name":"Home","item":"https:\/\/planyard.com\/et"},{"@type":"ListItem","position":2,"name":"Demo Koosoleku Kinnitus"}]},{"@type":"WebSite","@id":"https:\/\/planyard.com\/et#website","url":"https:\/\/planyard.com\/et","name":"Planyard Eesti","description":"","potentialAction":[{"@type":"SearchAction","target":{"@type":"EntryPoint","urlTemplate":"https:\/\/planyard.com\/et?s={search_term_string}"},"query-input":{"@type":"PropertyValueSpecification","valueRequired":true,"valueName":"search_term_string"}}],"inLanguage":"et"}]}},"_links":{"self":[{"href":"https:\/\/planyard.com\/et\/wp-json\/wp\/v2\/pages\/10811","targetHints":{"allow":["GET"]}}],"collection":[{"href":"https:\/\/planyard.com\/et\/wp-json\/wp\/v2\/pages"}],"about":[{"href":"https:\/\/planyard.com\/et\/wp-json\/wp\/v2\/types\/page"}],"author":[{"embeddable":true,"href":"https:\/\/planyard.com\/et\/wp-json\/wp\/v2\/users\/2"}],"replies":[{"embeddable":true,"href":"https:\/\/planyard.com\/et\/wp-json\/wp\/v2\/comments?post=10811"}],"version-history":[{"count":3,"href":"https:\/\/planyard.com\/et\/wp-json\/wp\/v2\/pages\/10811\/revisions"}],"predecessor-version":[{"id":15916,"href":"https:\/\/planyard.com\/et\/wp-json\/wp\/v2\/pages\/10811\/revisions\/15916"}],"wp:attachment":[{"href":"https:\/\/planyard.com\/et\/wp-json\/wp\/v2\/media?parent=10811"}],"wp:term":[{"taxonomy":"page_intent","embeddable":true,"href":"https:\/\/planyard.com\/et\/wp-json\/wp\/v2\/page_intent?post=10811"},{"taxonomy":"page_type","embeddable":true,"href":"https:\/\/planyard.com\/et\/wp-json\/wp\/v2\/page_type?post=10811"}],"curies":[{"name":"wp","href":"https:\/\/api.w.org\/{rel}","templated":true}]}}