{"id":10806,"date":"2024-12-05T13:29:27","date_gmt":"2024-12-05T13:29:27","guid":{"rendered":"https:\/\/planyard.com\/construction-templates"},"modified":"2025-06-04T05:40:31","modified_gmt":"2025-06-04T05:40:31","slug":"ehitusmallide-raamatukogu","status":"publish","type":"page","link":"https:\/\/planyard.com\/et\/ehitusmallide-raamatukogu","title":{"rendered":"Ehitusmallide Raamatukogu"},"content":{"rendered":"\n<div class=\"wp-block-media-text is-stacked-on-mobile\"><figure class=\"wp-block-media-text__media\"><img loading=\"lazy\" decoding=\"async\" width=\"1080\" height=\"1080\" src=\"https:\/\/planyard.com\/wp-content\/uploads\/2024\/12\/construction_contract_template.png\" alt=\"Construction contract template\" class=\"wp-image-7944 size-full\" srcset=\"https:\/\/planyard.com\/wp-content\/uploads\/2024\/12\/construction_contract_template.png 1080w, https:\/\/planyard.com\/wp-content\/uploads\/2024\/12\/construction_contract_template-150x150.png 150w\" sizes=\"auto, (max-width: 1080px) 100vw, 1080px\" \/><\/figure><div class=\"wp-block-media-text__content\">\n<p>Tere tulemast meie p\u00f5hjalikku ehitusmallide raamatukokku, mis on loodud teie projekti sujuvamaks muutmiseks alates algusest kuni l\u00f5puni.<\/p>\n\n\n\n<p>Olenemata sellest, kas olete kogenud peat\u00f6\u00f6v\u00f5tja v\u00f5i uus projektijuht, pakuvad meie mallid vajalikke t\u00f6\u00f6riistu t\u00f5husaks planeerimiseks, elluviimiseks ja juhtimiseks.<\/p>\n\n\n\n<p><\/p>\n<\/div><\/div>\n\n\n\n<p><\/p>\n\n\n\n<p>Avastage meie kategooriatesse jaotatud malle, et leida t\u00e4pselt see, mida vajate oma ehitusprojekti elluviimiseks. Mallide nimekiri laieneb ja paraneb aja jooksul. Kui tunnete, et m\u00f5ni vajalik mall puudub, andke meile sellest teada.<\/p>\n\n\n\n<h2 class=\"wp-block-heading\">Kulukoodide Mallid<\/h2>\n\n\n\n<p><em>Erinevad valikud <\/em>kulukoodide jaoks, s\u00f5ltuvalt teie projektist ja piirkonnast.<\/p>\n\n\n\n<ul class=\"wp-block-list\">\n<li><strong><a href=\"https:\/\/planyard.com\/blog\/aia-construction-codes-for-construction-billing\">AIA Kulukoodide Mall<\/a><\/strong><\/li>\n\n\n\n<li><strong><a href=\"https:\/\/planyard.com\/et\/nahb-kulukoodid\">NAHB Kulukoodide Mall<\/a><\/strong><\/li>\n\n\n\n<li><strong><a href=\"https:\/\/planyard.com\/et\/ehitusprojekti-kulukoodid-ehitusjuhtidele\">Detailne Kulukoodide Mall<\/a><\/strong><\/li>\n\n\n\n<li><strong>Kulukoodide ja Pearaamatu Kaardistamise Mall (tulekul)<\/strong><\/li>\n<\/ul>\n\n\n\n<h2 class=\"wp-block-heading\">Projekti Planeerimise Mallid<\/h2>\n\n\n\n<p><em>Pange oma projektile kindel alus nende oluliste planeerimist\u00f6\u00f6riistade abil.<\/em><\/p>\n\n\n\n<ul class=\"wp-block-list\">\n<li><strong><a href=\"https:\/\/planyard.com\/et\/ehitusprojekti-eelarve-mall\">Ehitus-eelarve Mall<\/a><\/strong><\/li>\n\n\n\n<li><a href=\"https:\/\/planyard.com\/et\/ehituse-hinnangumall\"><strong>Ehitus-hinnangu Mall<\/strong><\/a><\/li>\n\n\n\n<li><strong><a href=\"https:\/\/planyard.com\/et\/ehituspakkumise-mall\">Projekti Pakkumise Mall<\/a><\/strong><\/li>\n\n\n\n<li><a href=\"https:\/\/planyard.com\/et\/tasuta-ehituse-ajakava-mall-excelile-laadi-kohe-alla\"><strong>Ehitusgraafiku Mall<\/strong><\/a><\/li>\n\n\n\n<li><strong>Ressursside Jaotamise Mall<strong> (tulekul)<\/strong><\/strong><\/li>\n<\/ul>\n\n\n\n<h2 class=\"wp-block-heading\">Projekti Juhtimise Mallid<\/h2>\n\n\n\n<p><em>Hoidke oma projekt \u00f5igel kursil ja sidusr\u00fchmad informeeritud nende juhtimist\u00f6\u00f6riistade abil.<\/em><\/p>\n\n\n\n<ul class=\"wp-block-list\">\n<li><strong><a href=\"https:\/\/planyard.com\/et\/kulu-tulu-reconciliatsiooni-mall\">Ehitus CVR Mall<\/a><\/strong><\/li>\n\n\n\n<li><strong>Gantti Diagrammi Mall<strong><strong> (tulekul)<\/strong><\/strong><\/strong><\/li>\n\n\n\n<li><strong>Edenemisaruande Mall<strong><strong> (tulekul)<\/strong><\/strong><\/strong><\/li>\n\n\n\n<li><strong>Lisat\u00f6\u00f6 Mall<strong><strong> (tulekul)<\/strong><\/strong><\/strong><\/li>\n\n\n\n<li><strong>Sidusr\u00fchmade Kommunikatsiooniplaan<strong><strong> (tulekul)<\/strong><\/strong><\/strong><\/li>\n<\/ul>\n\n\n\n<h2 class=\"wp-block-heading\">Dokumentatsiooni ja Lepingute Mallid<\/h2>\n\n\n\n<p><em>Haldage juriidilisi k\u00fcsimusi ja dokumentatsiooni vaevata nende p\u00f5hjalike mallide abil.<\/em><\/p>\n\n\n\n<ul class=\"wp-block-list\">\n<li><strong><a href=\"https:\/\/planyard.com\/et\/ehituslepingu-mall\">Ehituslepingu Mall<\/a><\/strong><\/li>\n\n\n\n<li><strong><a href=\"https:\/\/planyard.com\/et\/ehitusarve-mall\">Ehitusarve Mall<\/a><\/strong><\/li>\n\n\n\n<li><strong>T\u00f6\u00f6korralduse Mall (tulekul)<\/strong><\/li>\n\n\n\n<li><strong>Puuduste Nimekirja Mall<strong> (tulekul)<\/strong><\/strong><\/li>\n<\/ul>\n\n\n\n<h2 class=\"wp-block-heading\">Ohutuse ja Vastavuse Mallid<\/h2>\n\n\n\n<p><em>Tagage, et teie projekt vastab k\u00f5igile ohutusstandarditele ja regulatiivsetele n\u00f5uetele.<\/em><\/p>\n\n\n\n<ul class=\"wp-block-list\">\n<li><strong>Ohutusplaani Mall<strong> (tulekul)<\/strong><\/strong><\/li>\n\n\n\n<li><strong>Riskianal\u00fc\u00fcsi Mall<strong> (tulekul)<\/strong><\/strong><\/li>\n\n\n\n<li><strong>Regulatiivse Vastavuse Kontrollnimekiri<strong> (tulekul)<\/strong><\/strong><\/li>\n\n\n\n<li><strong>Juhtumiaruande Mall<strong> (tulekul)<\/strong><\/strong><\/li>\n<\/ul>\n\n\n\n<p>Tundke end vabalt neid malle alla laadida ja kohandada vastavalt oma projekti konkreetsetele vajadustele. Iga mall on loodud selleks, et aidata teil s\u00e4\u00e4sta aega, v\u00e4hendada vigu ja tagada, et k\u00f5ik teie ehitusprotsessi aspektid on h\u00e4sti dokumenteeritud ja professionaalselt hallatud.<\/p>\n\n\n\n<p>P\u00fc\u00fcame pakkuda oma dokumente nii, et need oleksid ajakohased <a href=\"https:\/\/www.hse.gov.uk\/construction\/index.htm\">HSE regulatsioonidega<\/a>, <a href=\"https:\/\/www.osha.gov\/construction\">OSHA regulatsioonidega<\/a> ja teistega &#8211; v\u00f5ib juhtuda, et m\u00f5ned dokumendid ei ole veel uuendatud. Kui see on nii, siis palun andke meile sellest teada.<\/p>\n","protected":false},"excerpt":{"rendered":"<p>Tere tulemast meie p\u00f5hjalikku ehitusmallide raamatukokku, mis on loodud teie projekti sujuvamaks muutmiseks alates algusest kuni l\u00f5puni. Olenemata sellest, kas olete kogenud peat\u00f6\u00f6v\u00f5tja v\u00f5i uus projektijuht, pakuvad meie mallid vajalikke t\u00f6\u00f6riistu t\u00f5husaks planeerimiseks, elluviimiseks ja juhtimiseks. Avastage meie kategooriatesse jaotatud malle, et leida t\u00e4pselt see, mida vajate oma ehitusprojekti elluviimiseks. Mallide nimekiri laieneb ja paraneb&#8230;  <a class=\"excerpt-read-more\" href=\"https:\/\/planyard.com\/et\/ehitusmallide-raamatukogu\" title=\"Loe  Ehitusmallide Raamatukogu\">Loe edasi &#8220;<\/a><\/p>\n","protected":false},"author":3,"featured_media":0,"parent":0,"menu_order":0,"comment_status":"closed","ping_status":"closed","template":"","meta":{"_acf_changed":false,"content-type":"","footnotes":""},"page_intent":[160],"page_type":[],"class_list":["post-10806","page","type-page","status-publish","hentry"],"acf":[],"yoast_head":"<!-- This site is optimized with the Yoast SEO plugin v26.9 - https:\/\/yoast.com\/product\/yoast-seo-wordpress\/ -->\n<title>Ehitusmallide Raamatukogu - Tasuta Allalaadimised - Planyard Eesti<\/title>\n<meta name=\"description\" content=\"Tasuta ehitusmallid planeerimiseks, projekteerimiseks, ohutuseks v\u00f5i dokumentatsiooniks. Parandage oma projektijuhtimist kohandatavate mallidega.\" \/>\n<meta name=\"robots\" content=\"index, follow, max-snippet:-1, max-image-preview:large, max-video-preview:-1\" \/>\n<link rel=\"canonical\" href=\"https:\/\/planyard.com\/et\/ehitusmallide-raamatukogu\" \/>\n<meta property=\"og:locale\" content=\"et_EE\" \/>\n<meta property=\"og:type\" content=\"article\" \/>\n<meta property=\"og:title\" content=\"Ehitusmallide Raamatukogu - Tasuta Allalaadimised - Planyard Eesti\" \/>\n<meta property=\"og:description\" content=\"Tasuta ehitusmallid planeerimiseks, projekteerimiseks, ohutuseks v\u00f5i dokumentatsiooniks. Parandage oma projektijuhtimist kohandatavate mallidega.\" \/>\n<meta property=\"og:url\" content=\"https:\/\/planyard.com\/et\/ehitusmallide-raamatukogu\" \/>\n<meta property=\"og:site_name\" content=\"Planyard Eesti\" \/>\n<meta property=\"article:modified_time\" content=\"2025-06-04T05:40:31+00:00\" \/>\n<meta property=\"og:image\" content=\"https:\/\/planyard.com\/wp-content\/uploads\/2024\/12\/construction_contract_template.png\" \/>\n\t<meta property=\"og:image:width\" content=\"1080\" \/>\n\t<meta property=\"og:image:height\" content=\"1080\" \/>\n\t<meta property=\"og:image:type\" content=\"image\/png\" \/>\n<meta name=\"twitter:card\" content=\"summary_large_image\" \/>\n<meta name=\"twitter:label1\" content=\"Est. reading time\" \/>\n\t<meta name=\"twitter:data1\" content=\"2 minutit\" \/>\n<!-- \/ Yoast SEO plugin. -->","yoast_head_json":{"title":"Ehitusmallide Raamatukogu - Tasuta Allalaadimised - Planyard Eesti","description":"Tasuta ehitusmallid planeerimiseks, projekteerimiseks, ohutuseks v\u00f5i dokumentatsiooniks. Parandage oma projektijuhtimist kohandatavate mallidega.","robots":{"index":"index","follow":"follow","max-snippet":"max-snippet:-1","max-image-preview":"max-image-preview:large","max-video-preview":"max-video-preview:-1"},"canonical":"https:\/\/planyard.com\/et\/ehitusmallide-raamatukogu","og_locale":"et_EE","og_type":"article","og_title":"Ehitusmallide Raamatukogu - Tasuta Allalaadimised - Planyard Eesti","og_description":"Tasuta ehitusmallid planeerimiseks, projekteerimiseks, ohutuseks v\u00f5i dokumentatsiooniks. Parandage oma projektijuhtimist kohandatavate mallidega.","og_url":"https:\/\/planyard.com\/et\/ehitusmallide-raamatukogu","og_site_name":"Planyard Eesti","article_modified_time":"2025-06-04T05:40:31+00:00","og_image":[{"width":1080,"height":1080,"url":"https:\/\/planyard.com\/wp-content\/uploads\/2024\/12\/construction_contract_template.png","type":"image\/png"}],"twitter_card":"summary_large_image","twitter_misc":{"Est. reading time":"2 minutit"},"schema":{"@context":"https:\/\/schema.org","@graph":[{"@type":"WebPage","@id":"https:\/\/planyard.com\/et\/ehitusmallide-raamatukogu","url":"https:\/\/planyard.com\/et\/ehitusmallide-raamatukogu","name":"Ehitusmallide Raamatukogu - Tasuta Allalaadimised - Planyard Eesti","isPartOf":{"@id":"https:\/\/planyard.com\/et#website"},"primaryImageOfPage":{"@id":"https:\/\/planyard.com\/et\/ehitusmallide-raamatukogu#primaryimage"},"image":{"@id":"https:\/\/planyard.com\/et\/ehitusmallide-raamatukogu#primaryimage"},"thumbnailUrl":"https:\/\/planyard.com\/wp-content\/uploads\/2024\/12\/construction_contract_template.png","datePublished":"2024-12-05T13:29:27+00:00","dateModified":"2025-06-04T05:40:31+00:00","description":"Tasuta ehitusmallid planeerimiseks, projekteerimiseks, ohutuseks v\u00f5i dokumentatsiooniks. Parandage oma projektijuhtimist kohandatavate mallidega.","breadcrumb":{"@id":"https:\/\/planyard.com\/et\/ehitusmallide-raamatukogu#breadcrumb"},"inLanguage":"et","potentialAction":[{"@type":"ReadAction","target":["https:\/\/planyard.com\/et\/ehitusmallide-raamatukogu"]}]},{"@type":"ImageObject","inLanguage":"et","@id":"https:\/\/planyard.com\/et\/ehitusmallide-raamatukogu#primaryimage","url":"https:\/\/planyard.com\/wp-content\/uploads\/2024\/12\/construction_contract_template.png","contentUrl":"https:\/\/planyard.com\/wp-content\/uploads\/2024\/12\/construction_contract_template.png"},{"@type":"BreadcrumbList","@id":"https:\/\/planyard.com\/et\/ehitusmallide-raamatukogu#breadcrumb","itemListElement":[{"@type":"ListItem","position":1,"name":"Home","item":"https:\/\/planyard.com\/et"},{"@type":"ListItem","position":2,"name":"Ehitusmallide Raamatukogu"}]},{"@type":"WebSite","@id":"https:\/\/planyard.com\/et#website","url":"https:\/\/planyard.com\/et","name":"Planyard Eesti","description":"","potentialAction":[{"@type":"SearchAction","target":{"@type":"EntryPoint","urlTemplate":"https:\/\/planyard.com\/et?s={search_term_string}"},"query-input":{"@type":"PropertyValueSpecification","valueRequired":true,"valueName":"search_term_string"}}],"inLanguage":"et"}]}},"_links":{"self":[{"href":"https:\/\/planyard.com\/et\/wp-json\/wp\/v2\/pages\/10806","targetHints":{"allow":["GET"]}}],"collection":[{"href":"https:\/\/planyard.com\/et\/wp-json\/wp\/v2\/pages"}],"about":[{"href":"https:\/\/planyard.com\/et\/wp-json\/wp\/v2\/types\/page"}],"author":[{"embeddable":true,"href":"https:\/\/planyard.com\/et\/wp-json\/wp\/v2\/users\/3"}],"replies":[{"embeddable":true,"href":"https:\/\/planyard.com\/et\/wp-json\/wp\/v2\/comments?post=10806"}],"version-history":[{"count":4,"href":"https:\/\/planyard.com\/et\/wp-json\/wp\/v2\/pages\/10806\/revisions"}],"predecessor-version":[{"id":16795,"href":"https:\/\/planyard.com\/et\/wp-json\/wp\/v2\/pages\/10806\/revisions\/16795"}],"wp:attachment":[{"href":"https:\/\/planyard.com\/et\/wp-json\/wp\/v2\/media?parent=10806"}],"wp:term":[{"taxonomy":"page_intent","embeddable":true,"href":"https:\/\/planyard.com\/et\/wp-json\/wp\/v2\/page_intent?post=10806"},{"taxonomy":"page_type","embeddable":true,"href":"https:\/\/planyard.com\/et\/wp-json\/wp\/v2\/page_type?post=10806"}],"curies":[{"name":"wp","href":"https:\/\/api.w.org\/{rel}","templated":true}]}}