{"id":10800,"date":"2025-01-29T11:49:32","date_gmt":"2025-01-29T11:49:32","guid":{"rendered":"https:\/\/planyard.com\/free-guide-master-construction-project-management"},"modified":"2025-05-19T17:04:47","modified_gmt":"2025-05-19T17:04:47","slug":"tasuta-juhend-ehitusprojekti-juhtimise-meisterlikkus","status":"publish","type":"page","link":"https:\/\/planyard.com\/et\/tasuta-juhend-ehitusprojekti-juhtimise-meisterlikkus","title":{"rendered":"Ehitusprojekti juhtimine: Praktiline 10-sammuline juhend"},"content":{"rendered":"\n<h2 class=\"wp-block-heading\">Ehitusprojekti juhi m\u00f5tteviis<\/h2>\n\n\n\n<p>Kui m\u00f5tlete ehitusprojekti juhtimisele, on lihtne kaotada end keerukusse. On ajakavasid, mida koostada, lepinguid, mida \u00fcle vaadata, eelarveid, mida j\u00e4lgida, ja k\u00fcmneid inimesi, kes ootavad teie otsuseid. See on kaos\u2014kontrollitud kaos, kui teete seda \u00f5igesti.<\/p>\n\n\n\n<p>Viimase 20 aasta jooksul olen t\u00f6\u00f6tanud projektidega, mis ulatuvad 104 023,00 dollari (100 000 euro) suurustest renoveerimistest kuni miljardieuroste infrastruktuuri ehitusteni. Tuumaelektrijaamad, arenenud HVAC-s\u00fcsteemid ja osakeste kiirendid on vaid m\u00f5ned n\u00e4ited. Panused olid k\u00f5rged, ajagraafikud tihedad ja meeskonnad sama mitmekesised kui v\u00e4ljakutsed, millega silmitsi seisisime.<\/p>\n\n\n\n<p>Selle aja jooksul m\u00f5istsin midagi p\u00f5him\u00f5ttelist: t\u00f6\u00f6riistad ja tarkvara ei tee projekti edukaks. <em>Teie m\u00f5tteviis teeb.<\/em> Teil v\u00f5ivad olla parimad ressursid k\u00e4eulatuses, kuid kui te ei l\u00e4henete projektile \u00f5igete harjumuste, p\u00f5him\u00f5tete ja s\u00fcsteemidega, siis see eba\u00f5nnestub.<\/p>\n\n\n\n<p>See juhend ei r\u00e4\u00e4gi k\u00f5rgetest teooriatest ega sellest, mida loeksite projektijuhtimise sertifikaadi k\u00e4siraamatust. See on destilleeritud versioon \u00f5ppetundidest, mis on saadud raskel viisil\u2014kohapeal, koosolekutel ja hetkedel, kui tundus, et k\u00f5ik laguneb.<\/p>\n\n\n\n<h2 class=\"wp-block-heading\">Miks ma selle juhendi kirjutasin<\/h2>\n\n\n\n<p>Oma projektijuhi karj\u00e4\u00e4ri algusaastatel leidsin end tihti soovimas midagi, mida ma n\u00fc\u00fcd nimetan &#8220;v\u00e4livihikuks.&#8221; Ressurssi, mis ei loengutaks, vaid pakuks praktilisi n\u00f5uandeid hetkedel, kui surve on peal. Mida teha, kui hanked eba\u00f5nnestuvad viimasel hetkel? V\u00f5i kui allt\u00f6\u00f6v\u00f5tja viivitused \u00e4hvardavad ajakava r\u00f6\u00f6past v\u00e4lja viia?<\/p>\n\n\n\n<p>Mul polnud sellist k\u00e4siraamatut. Selle asemel oli mul katse-eksituse meetod. Tegin vigu, parandasid neid ja \u00f5ppisin.<\/p>\n\n\n\n<p>T\u00e4na, p\u00e4rast lugematute projektide juhtimist, olen m\u00e4rganud mustreid. Probleemid v\u00f5ivad pinnal tunduda erinevad, kuid sisuliselt on neil sarnasusi. Strateegiad, mis t\u00f6\u00f6tasid miljardi dollari suuruse projekti puhul, t\u00f6\u00f6tavad sageli sama h\u00e4sti ka 520 115,00 dollari (500 000 euro) suuruse projekti puhul. See juhend on minu katse neid strateegiaid dokumenteerida\u2014anda teile midagi, mida ma oleksin soovinud oma karj\u00e4\u00e4ri alguses.<\/p>\n\n\n\n<h2 class=\"wp-block-heading\"><strong>Mida see juhend h\u00f5lmab<\/strong><\/h2>\n\n\n\n<p>See on 10 peat\u00fckiga juhend. Iga peat\u00fckk keskendub \u00fchele projektijuhtimise aspektile. M\u00f5elge sellest kui kontroll-loendist v\u00f5i reeglite kogumist, mida saate enne uue projekti alustamist uuesti l\u00e4bi vaadata.<\/p>\n\n\n\n<p>Vaadake peat\u00fckke:<\/p>\n\n\n\n<ol class=\"wp-block-list\">\n<li><strong>Projekti ajakavade loomine ja j\u00e4lgimine<\/strong> <br>Miks ajakavad eba\u00f5nnestuvad ja kuidas luua neid, mis ei eba\u00f5nnestu. <a href=\"https:\/\/planyard.com\/et\/ehitusgraafikute-koostamine\">Loe l\u00e4hemalt siit<\/a><\/li>\n\n\n\n<li><strong>Ehituspakkumised<\/strong> <br>Kuidas viia l\u00e4bi sujuvaid pakkumisprotsesse, mis minimeerivad riski. <a href=\"https:\/\/planyard.com\/et\/ehituspakkumised-juhend\">Loe l\u00e4hemalt siit<\/a><\/li>\n\n\n\n<li><strong>Eelprojekti \u00fclevaatus<\/strong> <br>Kavade lahtiv\u00f5tmise kunst, et leida riske enne, kui need probleemideks muutuvad. <a href=\"https:\/\/planyard.com\/et\/ehitusjuhtide-ehituseelne-juhend-kontrollnimekiri\">Loe l\u00e4hemalt siit<\/a><\/li>\n\n\n\n<li><strong>Lepingute haldamine<\/strong> <br>\u00d5igete lepingute valimine ja tingimuste l\u00e4bir\u00e4\u00e4kimine, mis kaitsevad teie projekti. <a href=\"https:\/\/planyard.com\/et\/ehituslepingute-haldamise-juhend\">Loe l\u00e4hemalt siit<\/a><\/li>\n\n\n\n<li><strong>Delegeerimine ja motiveerimine<\/strong> <br>Meeskonna t\u00f5hus juhtimine\u2014even kui ressursid on piiratud. (Avaldatakse 26. m\u00e4rtsil 2025; telli <a href=\"https:\/\/planyard.com\/et\/hangi-jargmine-peatukk-meistritasemel-ehitusprojekti-juhtimise-juhendist\">siit<\/a>, et saada teavitus)<\/li>\n\n\n\n<li><strong>Koosolekud, mis loevad<\/strong> <br>Kuidas v\u00e4ltida koosolekute ajaraiskamist, s\u00e4ilitades samal ajal edasimineku. (Avaldatakse 9. aprillil 2025; telli <a href=\"https:\/\/planyard.com\/et\/hangi-jargmine-peatukk-meistritasemel-ehitusprojekti-juhtimise-juhendist\">siit<\/a>, et saada teavitus)<\/li>\n\n\n\n<li><strong>Kulude j\u00e4lgimine<\/strong>  <br>Reaalsed strateegiad eelarves p\u00fcsimiseks ja ebameeldivate \u00fcllatuste v\u00e4ltimiseks. (Avaldatakse 23. aprillil 2025; telli <a href=\"https:\/\/planyard.com\/et\/hangi-jargmine-peatukk-meistritasemel-ehitusprojekti-juhtimise-juhendist\">siit<\/a>, et saada teavitus)<\/li>\n\n\n\n<li><strong>Kommunikatsioon<\/strong><br>N\u00e4htamatu niit, mis hoiab projekte sujuvalt toimimas\u2014v\u00f5i rebib need laiali. (Avaldatakse 7. mail; telli <a href=\"https:\/\/planyard.com\/et\/hangi-jargmine-peatukk-meistritasemel-ehitusprojekti-juhtimise-juhendist\">siit<\/a>, et saada teavitus)<\/li>\n\n\n\n<li><strong>Eelarvestamine ja prognoosimine<\/strong> <br>Eelarvete seadistamine, mis suudavad ootamatustega toime tulla. (Avaldatakse 21. mail 2025; telli <a href=\"https:\/\/planyard.com\/et\/hangi-jargmine-peatukk-meistritasemel-ehitusprojekti-juhtimise-juhendist\">siit<\/a>, et saada teavitus)<\/li>\n\n\n\n<li><strong>Eesm\u00e4rkide seadmine ja saavutamine<\/strong> <br>Meeskonna ja sidusr\u00fchmade \u00fchtlustamine \u00fchise edu saavutamiseks. (Avaldatakse 4. juunil 2025; telli <a href=\"https:\/\/planyard.com\/et\/hangi-jargmine-peatukk-meistritasemel-ehitusprojekti-juhtimise-juhendist\">siit<\/a>, et saada teavitus)<\/li>\n<\/ol>\n\n\n\n<p>See ei ole teoreetiline raamistik\u2014see on t\u00f6\u00f6riistakomplekt\u2014selline n\u00f5uanne, mida saate kasutada oma j\u00e4rgmise projekti avakoosolekul ja kohe rakendada.<\/p>\n\n\n\n<h2 class=\"wp-block-heading\"><strong>Kellele see juhend on m\u00f5eldud?<\/strong><\/h2>\n\n\n\n<p>See on m\u00f5eldud k\u00f5igile, kes on seotud ehitusprojektide juhtimisega, kuid eriti:<\/p>\n\n\n\n<ul class=\"wp-block-list\">\n<li><strong>Nooremad projektijuhid:<\/strong> Kui alles alustate, annab see teile vajaliku aluse, et kohe t\u00f6\u00f6le asuda.<\/li>\n\n\n\n<li><strong>V\u00e4ikeettev\u00f5tete omanikud:<\/strong> Kas soovite parandada oma sisemisi protsesse ja m\u00f5ista paremini t\u00f6\u00f6v\u00f5tjate m\u00f5tteviisi, kellega koost\u00f6\u00f6d teete? See on teie jaoks.<\/li>\n\n\n\n<li><strong>Ehitusjuhid:<\/strong> Kasutage seda juhendit, et tagada oma meeskondade parimate tavade j\u00e4rgimine ja j\u00e4rjepidevate tulemuste saavutamine.<\/li>\n<\/ul>\n\n\n\n<p>Olenemata sellest, kas juhite v\u00e4ikest renoveerimist v\u00f5i suuremahulist infrastruktuuriprojekti, j\u00e4\u00e4vad siin esitatud p\u00f5him\u00f5tted samaks.<\/p>\n\n\n\n<h2 class=\"wp-block-heading\"><strong>Miks see juhend t\u00f6\u00f6tab<\/strong><\/h2>\n\n\n\n<p>Kui alustan uut projekti, vaatan alati need p\u00f5him\u00f5tted \u00fcle. Iga kord. Mitte sellep\u00e4rast, et ma neid ei teaks\u2014vaid seet\u00f5ttu, et kordamine teravdab keskendumist. P\u00f5hit\u00f5dede \u00fclevaatamine tagab, et \u00fckski detail, olgu see kui v\u00e4ike tahes, ei j\u00e4\u00e4ks t\u00e4helepanuta.<\/p>\n\n\n\n<p>Ehitusprojektid on halastamatud. Kui unustate \u00fcle vaadata lepinguklausli, v\u00f5ite sattuda kulukasse \u00f5iguslikku vaidlusse. Kui j\u00e4tate t\u00e4htaja vahele, v\u00f5ib teie klient kaotada usalduse. Need vead ei juhtu lihtsalt\u2014need on s\u00fcmptomid ettevalmistuse puudumisest.<\/p>\n\n\n\n<p>See juhend on minu ettevalmistus. Ja n\u00fc\u00fcd on see teie kasutada.<\/p>\n\n\n\n<h3 class=\"wp-block-heading\"><strong>Autori kohta<\/strong><\/h3>\n\n\n\n<p>Margus Rahuoja (<a href=\"https:\/\/www.linkedin.com\/in\/margus-rahuoja-96b27184\/\">LinkedIn<\/a>) omab \u00fcle 20 aasta kogemust ehitusprojektide juhtimises, olen tarninud projekte Eestis, Soomes ja Rootsis, t\u00f6\u00f6tades k\u00f5igega alates mitme miljoni dollari suurustest HVAC-s\u00fcsteemidest kuni miljardieuroste tuumaelektrijaamadeni. Minu filosoofia on lihtne: juhtige oma projekti nii, nagu teie maine s\u00f5ltuks sellest\u2014sest see t\u00f5esti s\u00f5ltub.<\/p>\n\n\n\n<p><strong><a href=\"https:\/\/planyard.com\/et\/ehitusgraafikute-koostamine\">Loe j\u00e4rgmist peat\u00fckki<\/a><\/strong><\/p>\n\n\n\n<p><\/p>\n","protected":false},"excerpt":{"rendered":"<p>Ehitusprojekti juhi m\u00f5tteviis Kui m\u00f5tlete ehitusprojekti juhtimisele, on lihtne kaotada end keerukusse. On ajakavasid, mida koostada, lepinguid, mida \u00fcle vaadata, eelarveid, mida j\u00e4lgida, ja k\u00fcmneid inimesi, kes ootavad teie otsuseid. See on kaos\u2014kontrollitud kaos, kui teete seda \u00f5igesti. Viimase 20 aasta jooksul olen t\u00f6\u00f6tanud projektidega, mis ulatuvad 104 023,00 dollari (100 000 euro) suurustest renoveerimistest&#8230;  <a class=\"excerpt-read-more\" href=\"https:\/\/planyard.com\/et\/tasuta-juhend-ehitusprojekti-juhtimise-meisterlikkus\" title=\"Loe  Ehitusprojekti juhtimine: Praktiline 10-sammuline juhend\">Loe edasi &#8220;<\/a><\/p>\n","protected":false},"author":4,"featured_media":0,"parent":0,"menu_order":0,"comment_status":"closed","ping_status":"closed","template":"","meta":{"_acf_changed":false,"content-type":"","footnotes":""},"page_intent":[280],"page_type":[],"class_list":["post-10800","page","type-page","status-publish","hentry"],"acf":[],"yoast_head":"<!-- This site is optimized with the Yoast SEO plugin v27.1.1 - https:\/\/yoast.com\/product\/yoast-seo-wordpress\/ -->\n<title>Ehitusprojekti juhtimine: Praktiline 10-sammuline juhend - Planyard Eesti<\/title>\n<meta name=\"description\" content=\"Kui m\u00f5elda ehitusprojekti juhtimisele, on lihtne kaotada end keerukusse.\" \/>\n<meta name=\"robots\" content=\"index, follow, max-snippet:-1, max-image-preview:large, max-video-preview:-1\" \/>\n<link rel=\"canonical\" href=\"https:\/\/planyard.com\/et\/tasuta-juhend-ehitusprojekti-juhtimise-meisterlikkus\" \/>\n<meta property=\"og:locale\" content=\"et_EE\" \/>\n<meta property=\"og:type\" content=\"article\" \/>\n<meta property=\"og:title\" content=\"Ehitusprojekti juhtimine: Praktiline 10-sammuline juhend - Planyard Eesti\" \/>\n<meta property=\"og:description\" content=\"Kui m\u00f5elda ehitusprojekti juhtimisele, on lihtne kaotada end keerukusse.\" \/>\n<meta property=\"og:url\" content=\"https:\/\/planyard.com\/et\/tasuta-juhend-ehitusprojekti-juhtimise-meisterlikkus\" \/>\n<meta property=\"og:site_name\" content=\"Planyard Eesti\" \/>\n<meta property=\"article:modified_time\" content=\"2025-05-19T17:04:47+00:00\" \/>\n<meta name=\"twitter:card\" content=\"summary_large_image\" \/>\n<meta name=\"twitter:label1\" content=\"Est. reading time\" \/>\n\t<meta name=\"twitter:data1\" content=\"4 minutit\" \/>\n<!-- \/ Yoast SEO plugin. -->","yoast_head_json":{"title":"Ehitusprojekti juhtimine: Praktiline 10-sammuline juhend - Planyard Eesti","description":"Kui m\u00f5elda ehitusprojekti juhtimisele, on lihtne kaotada end keerukusse.","robots":{"index":"index","follow":"follow","max-snippet":"max-snippet:-1","max-image-preview":"max-image-preview:large","max-video-preview":"max-video-preview:-1"},"canonical":"https:\/\/planyard.com\/et\/tasuta-juhend-ehitusprojekti-juhtimise-meisterlikkus","og_locale":"et_EE","og_type":"article","og_title":"Ehitusprojekti juhtimine: Praktiline 10-sammuline juhend - Planyard Eesti","og_description":"Kui m\u00f5elda ehitusprojekti juhtimisele, on lihtne kaotada end keerukusse.","og_url":"https:\/\/planyard.com\/et\/tasuta-juhend-ehitusprojekti-juhtimise-meisterlikkus","og_site_name":"Planyard Eesti","article_modified_time":"2025-05-19T17:04:47+00:00","twitter_card":"summary_large_image","twitter_misc":{"Est. reading time":"4 minutit"},"schema":{"@context":"https:\/\/schema.org","@graph":[{"@type":"WebPage","@id":"https:\/\/planyard.com\/et\/tasuta-juhend-ehitusprojekti-juhtimise-meisterlikkus","url":"https:\/\/planyard.com\/et\/tasuta-juhend-ehitusprojekti-juhtimise-meisterlikkus","name":"Ehitusprojekti juhtimine: Praktiline 10-sammuline juhend - Planyard Eesti","isPartOf":{"@id":"https:\/\/planyard.com\/et#website"},"datePublished":"2025-01-29T11:49:32+00:00","dateModified":"2025-05-19T17:04:47+00:00","description":"Kui m\u00f5elda ehitusprojekti juhtimisele, on lihtne kaotada end keerukusse.","breadcrumb":{"@id":"https:\/\/planyard.com\/et\/tasuta-juhend-ehitusprojekti-juhtimise-meisterlikkus#breadcrumb"},"inLanguage":"et","potentialAction":[{"@type":"ReadAction","target":["https:\/\/planyard.com\/et\/tasuta-juhend-ehitusprojekti-juhtimise-meisterlikkus"]}]},{"@type":"BreadcrumbList","@id":"https:\/\/planyard.com\/et\/tasuta-juhend-ehitusprojekti-juhtimise-meisterlikkus#breadcrumb","itemListElement":[{"@type":"ListItem","position":1,"name":"Home","item":"https:\/\/planyard.com\/et"},{"@type":"ListItem","position":2,"name":"Ehitusprojekti juhtimine: Praktiline 10-sammuline juhend"}]},{"@type":"WebSite","@id":"https:\/\/planyard.com\/et#website","url":"https:\/\/planyard.com\/et","name":"Planyard Eesti","description":"","potentialAction":[{"@type":"SearchAction","target":{"@type":"EntryPoint","urlTemplate":"https:\/\/planyard.com\/et?s={search_term_string}"},"query-input":{"@type":"PropertyValueSpecification","valueRequired":true,"valueName":"search_term_string"}}],"inLanguage":"et"}]}},"_links":{"self":[{"href":"https:\/\/planyard.com\/et\/wp-json\/wp\/v2\/pages\/10800","targetHints":{"allow":["GET"]}}],"collection":[{"href":"https:\/\/planyard.com\/et\/wp-json\/wp\/v2\/pages"}],"about":[{"href":"https:\/\/planyard.com\/et\/wp-json\/wp\/v2\/types\/page"}],"author":[{"embeddable":true,"href":"https:\/\/planyard.com\/et\/wp-json\/wp\/v2\/users\/4"}],"replies":[{"embeddable":true,"href":"https:\/\/planyard.com\/et\/wp-json\/wp\/v2\/comments?post=10800"}],"version-history":[{"count":3,"href":"https:\/\/planyard.com\/et\/wp-json\/wp\/v2\/pages\/10800\/revisions"}],"predecessor-version":[{"id":15912,"href":"https:\/\/planyard.com\/et\/wp-json\/wp\/v2\/pages\/10800\/revisions\/15912"}],"wp:attachment":[{"href":"https:\/\/planyard.com\/et\/wp-json\/wp\/v2\/media?parent=10800"}],"wp:term":[{"taxonomy":"page_intent","embeddable":true,"href":"https:\/\/planyard.com\/et\/wp-json\/wp\/v2\/page_intent?post=10800"},{"taxonomy":"page_type","embeddable":true,"href":"https:\/\/planyard.com\/et\/wp-json\/wp\/v2\/page_type?post=10800"}],"curies":[{"name":"wp","href":"https:\/\/api.w.org\/{rel}","templated":true}]}}