{"id":10794,"date":"2024-08-30T09:15:10","date_gmt":"2024-08-30T09:15:10","guid":{"rendered":"https:\/\/planyard.com\/construction-ocr-invoice-capture-and-scanning-software"},"modified":"2025-05-17T16:15:32","modified_gmt":"2025-05-17T16:15:32","slug":"ehitusarvete-ocr-arvete-jaadvustamise-ja-skaneerimise-tarkvara","status":"publish","type":"page","link":"https:\/\/planyard.com\/et\/ehitusarvete-ocr-arvete-jaadvustamise-ja-skaneerimise-tarkvara","title":{"rendered":"Ehitusarvete OCR, arvete j\u00e4\u00e4dvustamise ja skaneerimise tarkvara"},"content":{"rendered":"","protected":false},"excerpt":{"rendered":"","protected":false},"author":2,"featured_media":0,"parent":0,"menu_order":0,"comment_status":"closed","ping_status":"closed","template":"","meta":{"_acf_changed":false,"content-type":"","footnotes":""},"page_intent":[145],"page_type":[],"class_list":["post-10794","page","type-page","status-publish","hentry"],"acf":[],"yoast_head":"<!-- This site is optimized with the Yoast SEO plugin v27.1.1 - https:\/\/yoast.com\/product\/yoast-seo-wordpress\/ -->\n<title>Ehitusarvete OCR, arvete j\u00e4\u00e4dvustamise ja skaneerimise tarkvara - Planyard<\/title>\n<meta name=\"description\" content=\"Lihtsusta oma ehitusarvete haldamist OCR-i, arvete j\u00e4\u00e4dvustamise ja skaneerimise tarkvaraga. Automatiseeri andmete ekstraheerimine, sobita arved tellimustega ja uuenda eelarveid vaevata.\" \/>\n<meta name=\"robots\" content=\"index, follow, max-snippet:-1, max-image-preview:large, max-video-preview:-1\" \/>\n<link rel=\"canonical\" href=\"https:\/\/planyard.com\/et\/ehitusarvete-ocr-arvete-jaadvustamise-ja-skaneerimise-tarkvara\" \/>\n<meta property=\"og:locale\" content=\"et_EE\" \/>\n<meta property=\"og:type\" content=\"article\" \/>\n<meta property=\"og:title\" content=\"Ehitusarvete OCR, arvete j\u00e4\u00e4dvustamise ja skaneerimise tarkvara - Planyard\" \/>\n<meta property=\"og:description\" content=\"Lihtsusta oma ehitusarvete haldamist OCR-i, arvete j\u00e4\u00e4dvustamise ja skaneerimise tarkvaraga. Automatiseeri andmete ekstraheerimine, sobita arved tellimustega ja uuenda eelarveid vaevata.\" \/>\n<meta property=\"og:url\" content=\"https:\/\/planyard.com\/et\/ehitusarvete-ocr-arvete-jaadvustamise-ja-skaneerimise-tarkvara\" \/>\n<meta property=\"og:site_name\" content=\"Planyard Eesti\" \/>\n<meta property=\"article:modified_time\" content=\"2025-05-17T16:15:32+00:00\" \/>\n<meta name=\"twitter:card\" content=\"summary_large_image\" \/>\n<!-- \/ Yoast SEO plugin. -->","yoast_head_json":{"title":"Ehitusarvete OCR, arvete j\u00e4\u00e4dvustamise ja skaneerimise tarkvara - Planyard","description":"Lihtsusta oma ehitusarvete haldamist OCR-i, arvete j\u00e4\u00e4dvustamise ja skaneerimise tarkvaraga. Automatiseeri andmete ekstraheerimine, sobita arved tellimustega ja uuenda eelarveid vaevata.","robots":{"index":"index","follow":"follow","max-snippet":"max-snippet:-1","max-image-preview":"max-image-preview:large","max-video-preview":"max-video-preview:-1"},"canonical":"https:\/\/planyard.com\/et\/ehitusarvete-ocr-arvete-jaadvustamise-ja-skaneerimise-tarkvara","og_locale":"et_EE","og_type":"article","og_title":"Ehitusarvete OCR, arvete j\u00e4\u00e4dvustamise ja skaneerimise tarkvara - Planyard","og_description":"Lihtsusta oma ehitusarvete haldamist OCR-i, arvete j\u00e4\u00e4dvustamise ja skaneerimise tarkvaraga. Automatiseeri andmete ekstraheerimine, sobita arved tellimustega ja uuenda eelarveid vaevata.","og_url":"https:\/\/planyard.com\/et\/ehitusarvete-ocr-arvete-jaadvustamise-ja-skaneerimise-tarkvara","og_site_name":"Planyard Eesti","article_modified_time":"2025-05-17T16:15:32+00:00","twitter_card":"summary_large_image","schema":{"@context":"https:\/\/schema.org","@graph":[{"@type":"WebPage","@id":"https:\/\/planyard.com\/et\/ehitusarvete-ocr-arvete-jaadvustamise-ja-skaneerimise-tarkvara","url":"https:\/\/planyard.com\/et\/ehitusarvete-ocr-arvete-jaadvustamise-ja-skaneerimise-tarkvara","name":"Ehitusarvete OCR, arvete j\u00e4\u00e4dvustamise ja skaneerimise tarkvara - Planyard","isPartOf":{"@id":"https:\/\/planyard.com\/et#website"},"datePublished":"2024-08-30T09:15:10+00:00","dateModified":"2025-05-17T16:15:32+00:00","description":"Lihtsusta oma ehitusarvete haldamist OCR-i, arvete j\u00e4\u00e4dvustamise ja skaneerimise tarkvaraga. Automatiseeri andmete ekstraheerimine, sobita arved tellimustega ja uuenda eelarveid vaevata.","breadcrumb":{"@id":"https:\/\/planyard.com\/et\/ehitusarvete-ocr-arvete-jaadvustamise-ja-skaneerimise-tarkvara#breadcrumb"},"inLanguage":"et","potentialAction":[{"@type":"ReadAction","target":["https:\/\/planyard.com\/et\/ehitusarvete-ocr-arvete-jaadvustamise-ja-skaneerimise-tarkvara"]}]},{"@type":"BreadcrumbList","@id":"https:\/\/planyard.com\/et\/ehitusarvete-ocr-arvete-jaadvustamise-ja-skaneerimise-tarkvara#breadcrumb","itemListElement":[{"@type":"ListItem","position":1,"name":"Home","item":"https:\/\/planyard.com\/et"},{"@type":"ListItem","position":2,"name":"Ehitusarvete OCR, arvete j\u00e4\u00e4dvustamise ja skaneerimise tarkvara"}]},{"@type":"WebSite","@id":"https:\/\/planyard.com\/et#website","url":"https:\/\/planyard.com\/et","name":"Planyard Eesti","description":"","potentialAction":[{"@type":"SearchAction","target":{"@type":"EntryPoint","urlTemplate":"https:\/\/planyard.com\/et?s={search_term_string}"},"query-input":{"@type":"PropertyValueSpecification","valueRequired":true,"valueName":"search_term_string"}}],"inLanguage":"et"}]}},"_links":{"self":[{"href":"https:\/\/planyard.com\/et\/wp-json\/wp\/v2\/pages\/10794","targetHints":{"allow":["GET"]}}],"collection":[{"href":"https:\/\/planyard.com\/et\/wp-json\/wp\/v2\/pages"}],"about":[{"href":"https:\/\/planyard.com\/et\/wp-json\/wp\/v2\/types\/page"}],"author":[{"embeddable":true,"href":"https:\/\/planyard.com\/et\/wp-json\/wp\/v2\/users\/2"}],"replies":[{"embeddable":true,"href":"https:\/\/planyard.com\/et\/wp-json\/wp\/v2\/comments?post=10794"}],"version-history":[{"count":1,"href":"https:\/\/planyard.com\/et\/wp-json\/wp\/v2\/pages\/10794\/revisions"}],"predecessor-version":[{"id":10895,"href":"https:\/\/planyard.com\/et\/wp-json\/wp\/v2\/pages\/10794\/revisions\/10895"}],"wp:attachment":[{"href":"https:\/\/planyard.com\/et\/wp-json\/wp\/v2\/media?parent=10794"}],"wp:term":[{"taxonomy":"page_intent","embeddable":true,"href":"https:\/\/planyard.com\/et\/wp-json\/wp\/v2\/page_intent?post=10794"},{"taxonomy":"page_type","embeddable":true,"href":"https:\/\/planyard.com\/et\/wp-json\/wp\/v2\/page_type?post=10794"}],"curies":[{"name":"wp","href":"https:\/\/api.w.org\/{rel}","templated":true}]}}