{"id":10792,"date":"2024-10-10T12:08:25","date_gmt":"2024-10-10T12:08:25","guid":{"rendered":"https:\/\/planyard.com\/construction-management-software-for-small-contractors"},"modified":"2025-05-17T16:31:45","modified_gmt":"2025-05-17T16:31:45","slug":"ehitusjuhtimistarkvara-vaikestele-peatoovotjatele","status":"publish","type":"page","link":"https:\/\/planyard.com\/et\/ehitusjuhtimistarkvara-vaikestele-peatoovotjatele","title":{"rendered":"Ehitusjuhtimistarkvara v\u00e4ikestele peat\u00f6\u00f6v\u00f5tjatele"},"content":{"rendered":"","protected":false},"excerpt":{"rendered":"","protected":false},"author":5,"featured_media":0,"parent":0,"menu_order":0,"comment_status":"closed","ping_status":"closed","template":"","meta":{"_acf_changed":false,"content-type":"","footnotes":""},"page_intent":[145],"page_type":[],"class_list":["post-10792","page","type-page","status-publish","hentry"],"acf":[],"yoast_head":"<!-- This site is optimized with the Yoast SEO plugin v26.9 - https:\/\/yoast.com\/product\/yoast-seo-wordpress\/ -->\n<title>Ehitusjuhtimistarkvara v\u00e4ikestele peat\u00f6\u00f6v\u00f5tjatele - Planyard Eesti<\/title>\n<meta name=\"description\" content=\"Ehitusjuhtimistarkvara v\u00e4ikestele peat\u00f6\u00f6v\u00f5tjatele, mis on loodud finantsjuhtimiseks. Lihtsusta eelarvestamist, kulude j\u00e4lgimist ja arvete koostamist \u2013 proovi tasuta.\" \/>\n<meta name=\"robots\" content=\"index, follow, max-snippet:-1, max-image-preview:large, max-video-preview:-1\" \/>\n<link rel=\"canonical\" href=\"https:\/\/planyard.com\/et\/ehitusjuhtimistarkvara-vaikestele-peatoovotjatele\" \/>\n<meta property=\"og:locale\" content=\"et_EE\" \/>\n<meta property=\"og:type\" content=\"article\" \/>\n<meta property=\"og:title\" content=\"Ehitusjuhtimistarkvara v\u00e4ikestele peat\u00f6\u00f6v\u00f5tjatele - Planyard Eesti\" \/>\n<meta property=\"og:description\" content=\"Ehitusjuhtimistarkvara v\u00e4ikestele peat\u00f6\u00f6v\u00f5tjatele, mis on loodud finantsjuhtimiseks. Lihtsusta eelarvestamist, kulude j\u00e4lgimist ja arvete koostamist \u2013 proovi tasuta.\" \/>\n<meta property=\"og:url\" content=\"https:\/\/planyard.com\/et\/ehitusjuhtimistarkvara-vaikestele-peatoovotjatele\" \/>\n<meta property=\"og:site_name\" content=\"Planyard Eesti\" \/>\n<meta property=\"article:modified_time\" content=\"2025-05-17T16:31:45+00:00\" \/>\n<meta name=\"twitter:card\" content=\"summary_large_image\" \/>\n<!-- \/ Yoast SEO plugin. -->","yoast_head_json":{"title":"Ehitusjuhtimistarkvara v\u00e4ikestele peat\u00f6\u00f6v\u00f5tjatele - Planyard Eesti","description":"Ehitusjuhtimistarkvara v\u00e4ikestele peat\u00f6\u00f6v\u00f5tjatele, mis on loodud finantsjuhtimiseks. Lihtsusta eelarvestamist, kulude j\u00e4lgimist ja arvete koostamist \u2013 proovi tasuta.","robots":{"index":"index","follow":"follow","max-snippet":"max-snippet:-1","max-image-preview":"max-image-preview:large","max-video-preview":"max-video-preview:-1"},"canonical":"https:\/\/planyard.com\/et\/ehitusjuhtimistarkvara-vaikestele-peatoovotjatele","og_locale":"et_EE","og_type":"article","og_title":"Ehitusjuhtimistarkvara v\u00e4ikestele peat\u00f6\u00f6v\u00f5tjatele - Planyard Eesti","og_description":"Ehitusjuhtimistarkvara v\u00e4ikestele peat\u00f6\u00f6v\u00f5tjatele, mis on loodud finantsjuhtimiseks. Lihtsusta eelarvestamist, kulude j\u00e4lgimist ja arvete koostamist \u2013 proovi tasuta.","og_url":"https:\/\/planyard.com\/et\/ehitusjuhtimistarkvara-vaikestele-peatoovotjatele","og_site_name":"Planyard Eesti","article_modified_time":"2025-05-17T16:31:45+00:00","twitter_card":"summary_large_image","schema":{"@context":"https:\/\/schema.org","@graph":[{"@type":"WebPage","@id":"https:\/\/planyard.com\/et\/ehitusjuhtimistarkvara-vaikestele-peatoovotjatele","url":"https:\/\/planyard.com\/et\/ehitusjuhtimistarkvara-vaikestele-peatoovotjatele","name":"Ehitusjuhtimistarkvara v\u00e4ikestele peat\u00f6\u00f6v\u00f5tjatele - Planyard Eesti","isPartOf":{"@id":"https:\/\/planyard.com\/et#website"},"datePublished":"2024-10-10T12:08:25+00:00","dateModified":"2025-05-17T16:31:45+00:00","description":"Ehitusjuhtimistarkvara v\u00e4ikestele peat\u00f6\u00f6v\u00f5tjatele, mis on loodud finantsjuhtimiseks. Lihtsusta eelarvestamist, kulude j\u00e4lgimist ja arvete koostamist \u2013 proovi tasuta.","breadcrumb":{"@id":"https:\/\/planyard.com\/et\/ehitusjuhtimistarkvara-vaikestele-peatoovotjatele#breadcrumb"},"inLanguage":"et","potentialAction":[{"@type":"ReadAction","target":["https:\/\/planyard.com\/et\/ehitusjuhtimistarkvara-vaikestele-peatoovotjatele"]}]},{"@type":"BreadcrumbList","@id":"https:\/\/planyard.com\/et\/ehitusjuhtimistarkvara-vaikestele-peatoovotjatele#breadcrumb","itemListElement":[{"@type":"ListItem","position":1,"name":"Home","item":"https:\/\/planyard.com\/et"},{"@type":"ListItem","position":2,"name":"Ehitusjuhtimistarkvara v\u00e4ikestele peat\u00f6\u00f6v\u00f5tjatele"}]},{"@type":"WebSite","@id":"https:\/\/planyard.com\/et#website","url":"https:\/\/planyard.com\/et","name":"Planyard Eesti","description":"","potentialAction":[{"@type":"SearchAction","target":{"@type":"EntryPoint","urlTemplate":"https:\/\/planyard.com\/et?s={search_term_string}"},"query-input":{"@type":"PropertyValueSpecification","valueRequired":true,"valueName":"search_term_string"}}],"inLanguage":"et"}]}},"_links":{"self":[{"href":"https:\/\/planyard.com\/et\/wp-json\/wp\/v2\/pages\/10792","targetHints":{"allow":["GET"]}}],"collection":[{"href":"https:\/\/planyard.com\/et\/wp-json\/wp\/v2\/pages"}],"about":[{"href":"https:\/\/planyard.com\/et\/wp-json\/wp\/v2\/types\/page"}],"author":[{"embeddable":true,"href":"https:\/\/planyard.com\/et\/wp-json\/wp\/v2\/users\/5"}],"replies":[{"embeddable":true,"href":"https:\/\/planyard.com\/et\/wp-json\/wp\/v2\/comments?post=10792"}],"version-history":[{"count":1,"href":"https:\/\/planyard.com\/et\/wp-json\/wp\/v2\/pages\/10792\/revisions"}],"predecessor-version":[{"id":11084,"href":"https:\/\/planyard.com\/et\/wp-json\/wp\/v2\/pages\/10792\/revisions\/11084"}],"wp:attachment":[{"href":"https:\/\/planyard.com\/et\/wp-json\/wp\/v2\/media?parent=10792"}],"wp:term":[{"taxonomy":"page_intent","embeddable":true,"href":"https:\/\/planyard.com\/et\/wp-json\/wp\/v2\/page_intent?post=10792"},{"taxonomy":"page_type","embeddable":true,"href":"https:\/\/planyard.com\/et\/wp-json\/wp\/v2\/page_type?post=10792"}],"curies":[{"name":"wp","href":"https:\/\/api.w.org\/{rel}","templated":true}]}}