{"id":10789,"date":"2024-12-12T15:08:49","date_gmt":"2024-12-12T15:08:49","guid":{"rendered":"https:\/\/planyard.com\/construction-invoice-template"},"modified":"2025-05-19T17:03:39","modified_gmt":"2025-05-19T17:03:39","slug":"ehitusarve-mall","status":"publish","type":"page","link":"https:\/\/planyard.com\/et\/ehitusarve-mall","title":{"rendered":"Ehitusarve Mall"},"content":{"rendered":"\n<div class=\"wp-block-media-text is-stacked-on-mobile\" style=\"grid-template-columns:40% auto\"><figure class=\"wp-block-media-text__media\"><img loading=\"lazy\" decoding=\"async\" width=\"1570\" height=\"2036\" src=\"https:\/\/planyard.com\/wp-content\/uploads\/2024\/12\/construction_invoice_template_preview.png\" alt=\"Construction invoice preview with automatic calculations\" class=\"wp-image-8069 size-full\" srcset=\"https:\/\/planyard.com\/wp-content\/uploads\/2024\/12\/construction_invoice_template_preview.png 1570w, https:\/\/planyard.com\/wp-content\/uploads\/2024\/12\/construction_invoice_template_preview-1184x1536.png 1184w\" sizes=\"auto, (max-width: 1570px) 100vw, 1570px\" \/><\/figure><div class=\"wp-block-media-text__content\">\n<p>See leht pakub allalaadimiseks malle (Google Docs, Excel ja PDF) ning p\u00f5hjalikku juhendit, mis aitab teil luua professionaalseid ehitusarveid vastavalt teie vajadustele.<\/p>\n\n\n\n<p>T\u00f5hus arvehaldus on ehitusprojektide finantskontrolli s\u00e4ilitamiseks kriitilise t\u00e4htsusega.<\/p>\n<\/div><\/div>\n\n\n\n<p><\/p>\n\n\n\n<p>Allpool on erinevad ehitusarve mallide formaadid, sealhulgas Google Docs, Excel ja PDF. Kuigi k\u00f5ik formaadid on kasulikud, soovitame tungivalt kasutada Google Sheets v\u00f5i Exceli automaatsete arvutusfunktsioonide jaoks.<\/p>\n\n\n\n<h2 class=\"wp-block-heading\">Ehitusarve Mall<\/h2>\n\n\n\n<div class=\"wp-block-buttons is-layout-flex wp-block-buttons-is-layout-flex\">\n<div class=\"wp-block-button\"><a class=\"wp-block-button__link has-white-color has-text-color has-background has-link-color wp-element-button\" href=\"https:\/\/docs.google.com\/spreadsheets\/d\/1rqCyjQwpTwhrKaIA4ac0D6-qKKWO5tzM\/edit?gid=1137767001#gid=1137767001\" style=\"background-color:#2756ff\">Laadi Alla Tasuta Mall &#8211; Google Drive<\/a><\/div>\n\n\n\n<div class=\"wp-block-button\"><a class=\"wp-block-button__link has-white-color has-cyan-bluish-gray-background-color has-text-color has-background has-link-color wp-element-button\" href=\"https:\/\/docs.google.com\/spreadsheets\/d\/1rqCyjQwpTwhrKaIA4ac0D6-qKKWO5tzM\/export?format=xlsx\">Laadi Alla Tasuta Mall &#8211; Excel<\/a><\/div>\n\n\n\n<div class=\"wp-block-button\"><a class=\"wp-block-button__link has-white-color has-cyan-bluish-gray-background-color has-text-color has-background has-link-color wp-element-button\" href=\"https:\/\/docs.google.com\/spreadsheets\/d\/1rqCyjQwpTwhrKaIA4ac0D6-qKKWO5tzM\/export?format=pdf\">Laadi Alla Tasuta Mall &#8211; PDF<\/a><\/div>\n<\/div>\n\n\n\n<h2 class=\"wp-block-heading\">Meie Ehitusarve Malli Omadused<\/h2>\n\n\n\n<p>Meie ehitusarve mall on hoolikalt kujundatud, et lihtsustada arvete koostamise protsessi, s\u00e4ilitades samal ajal professionaalse ja viimistletud v\u00e4limuse. Olenemata sellest, kas arveldate \u00fche projekti eest v\u00f5i haldate mitut t\u00f6\u00f6d, sisaldab mall funktsioone, mis vastavad peat\u00f6\u00f6v\u00f5tjate, ehitajate ja allt\u00f6\u00f6v\u00f5tjate ainulaadsetele vajadustele.<\/p>\n\n\n\n<p>Need funktsioonid aitavad teie arvete koostamise protsessi sujuvamaks muuta, tehes t\u00e4pseid, reaalajas arvutusi kogusummade, maksude ja muude tasude kohta, v\u00e4hendades k\u00e4sitsi tehtavate vigade riski. Samuti v\u00f5imaldavad need lihtsat kohandamist ja uuendamist, muutes need ideaalseks d\u00fcnaamiliste ja keeruliste ehitusprojektide kulude t\u00f5husaks haldamiseks.<\/p>\n\n\n\n<h3 class=\"wp-block-heading\">Kohandatavad V\u00e4ljad<\/h3>\n\n\n\n<p>Mall pakub t\u00e4ielikult kohandatavaid v\u00e4lju, mis v\u00f5imaldavad teil seda oma konkreetsete projektivajaduste j\u00e4rgi kohandada. Muutke oma kontaktandmeid, kliendi kontaktandmeid, kauba kirjeldusi, allahindlusi, makse ja lisatasusid, et tagada t\u00e4pne ja l\u00e4bipaistev arveldamine.<\/p>\n\n\n\n<h3 class=\"wp-block-heading\">Automaatne Arvutamine (Excel ja Google Sheets)<\/h3>\n\n\n\n<p>Exceli v\u00f5i Google Sheetsi kasutajatele on mallis sisseehitatud valemid automaatseks arvutamiseks. Kogusummad, allahindlused, maksud ja vahesummad arvutatakse reaalajas, v\u00e4hendades vigu ja s\u00e4\u00e4stes v\u00e4\u00e4rtuslikku aega.<\/p>\n\n\n\n<figure class=\"wp-block-image size-full\"><img loading=\"lazy\" decoding=\"async\" width=\"2270\" height=\"316\" src=\"https:\/\/planyard.com\/wp-content\/uploads\/2024\/12\/construction_invoice_automatic_calculations.png\" alt=\"Construction invoice automatic calculations\" class=\"wp-image-8071\" srcset=\"https:\/\/planyard.com\/wp-content\/uploads\/2024\/12\/construction_invoice_automatic_calculations.png 2270w, https:\/\/planyard.com\/wp-content\/uploads\/2024\/12\/construction_invoice_automatic_calculations-1536x214.png 1536w, https:\/\/planyard.com\/wp-content\/uploads\/2024\/12\/construction_invoice_automatic_calculations-2048x285.png 2048w\" sizes=\"auto, (max-width: 2270px) 100vw, 2270px\" \/><\/figure>\n\n\n\n<h3 class=\"wp-block-heading\">Erinev K\u00e4ibemaks Iga Kauba Kohta<\/h3>\n\n\n\n<p>Meie ehitusarve mall pakub paindlikkust rakendada erinevaid k\u00e4ibemaksum\u00e4\u00e4rasid \u00fcksikutele kaupadele, arvestades ehitusprojektides sageli esinevaid erinevaid maksun\u00f5udeid. Olenemata sellest, kas arveldate t\u00f6\u00f6j\u00f5u, materjalide v\u00f5i spetsialiseeritud seadmete eest, saate h\u00f5lpsasti m\u00e4\u00e4rata iga reaelemendi jaoks konkreetseid k\u00e4ibemaksuprotsente.<\/p>\n\n\n\n<p>See funktsioon tagab t\u00e4psed maksuarvutused, vastavuse kohalikele maksuseadustele ja l\u00e4bipaistvuse teie klientidele. Kohandades erinevaid maksustruktuure, aitab mall sujuvamaks muuta keerukate projektide arveldamist, v\u00e4hendades vigade riski ja tagades t\u00e4pse finantsaruandluse.<\/p>\n\n\n\n<figure class=\"wp-block-image size-full\"><img loading=\"lazy\" decoding=\"async\" width=\"2270\" height=\"316\" src=\"https:\/\/planyard.com\/wp-content\/uploads\/2024\/12\/construction_invoice_varying_vat.png\" alt=\"Construction invoice with varying VAT rates highlighted\" class=\"wp-image-8072\" srcset=\"https:\/\/planyard.com\/wp-content\/uploads\/2024\/12\/construction_invoice_varying_vat.png 2270w, https:\/\/planyard.com\/wp-content\/uploads\/2024\/12\/construction_invoice_varying_vat-1536x214.png 1536w, https:\/\/planyard.com\/wp-content\/uploads\/2024\/12\/construction_invoice_varying_vat-2048x285.png 2048w\" sizes=\"auto, (max-width: 2270px) 100vw, 2270px\" \/><\/figure>\n\n\n\n<h3 class=\"wp-block-heading\">Professionaalne Paigutus<\/h3>\n\n\n\n<p>Puhas ja organiseeritud kujundus tagab, et teie arved n\u00e4evad v\u00e4lja professionaalsed. Paigutus sisaldab selgelt m\u00e4\u00e4ratletud jaotisi projekti \u00fcksikasjade, \u00fcksikasjalike kulude ja maksetingimuste jaoks, muutes klientidele arusaamise ja t\u00f6\u00f6tlemise lihtsaks. Malli \u00fclaosas saate asendada kohat\u00e4ite logo oma omaga.<\/p>\n\n\n\n<h3 class=\"wp-block-heading\">Mitmed Formaadi Valikud<\/h3>\n\n\n\n<p>Valige Google Sheetsi, Exceli ja PDF-i formaadid vastavalt oma t\u00f6\u00f6voo eelistustele. Olenemata sellest, kas vajate malli k\u00e4sitsi sisestamiseks v\u00f5i automatiseerimiseks optimeeritud, oleme teid katnud.<\/p>\n\n\n\n<h3 class=\"wp-block-heading\">Eelvormindatud Maksun\u00f5uetele Vastavaks<\/h3>\n\n\n\n<p>Mall sisaldab v\u00e4lju maksum\u00e4\u00e4rade ja arvutuste jaoks, tagades vastavuse kohalikele maksuseadustele. Saate neid v\u00e4lju h\u00f5lpsasti kohandada vastavalt oma asukohale ja projekti n\u00f5uetele.<\/p>\n\n\n\n<p>Saate isegi pakkuda erinevaid maksum\u00e4\u00e4rasid iga arve kauba kohta. Arve kogumaksumus esitatakse seej\u00e4rel arve allosas.<\/p>\n\n\n<div class=\"wp-block-image\">\n<figure class=\"aligncenter size-full\"><img loading=\"lazy\" decoding=\"async\" width=\"1122\" height=\"344\" src=\"https:\/\/planyard.com\/wp-content\/uploads\/2024\/12\/construction_invoice_taxes.png\" alt=\"Construction invoice template automatic tax calculation\" class=\"wp-image-8074\"\/><\/figure>\n<\/div>\n\n\n<h3 class=\"wp-block-heading\">T\u00f6\u00f6 Algus- ja L\u00f5ppkuup\u00e4evad<\/h3>\n\n\n\n<p>Meie ehitusarve mall sisaldab v\u00e4lju, kus saab m\u00e4\u00e4rata projekti v\u00f5i arveldatava t\u00f6\u00f6 algus- ja l\u00f5ppkuup\u00e4evad. Need kuup\u00e4evad annavad klientidele olulise konteksti, tagades, et nad m\u00f5istavad tasudega seotud ajakava. Selgelt m\u00e4\u00e4ratledes, millal t\u00f6\u00f6 algas ja l\u00f5ppes, saate aidata v\u00e4ltida arusaamatusi ja luua l\u00e4bipaistva arvestuse m\u00f5lemale osapoolele.<\/p>\n\n\n\n<p>See funktsioon on eriti kasulik ettemaksuarveldamiseks, korduvate hooldusteenuste v\u00f5i kattuvate etappidega projektide jaoks, kuna see tagab, et iga arve on seotud konkreetse t\u00f6\u00f6perioodiga, edendades selgust ja professionaalsust.<\/p>\n\n\n\n<figure class=\"wp-block-image size-full\"><img loading=\"lazy\" decoding=\"async\" width=\"1086\" height=\"196\" src=\"https:\/\/planyard.com\/wp-content\/uploads\/2024\/12\/construction_invoice_start_end_dates.png\" alt=\"Construction invoice date of work\" class=\"wp-image-8076\"\/><\/figure>\n\n\n\n<h3 class=\"wp-block-heading\">T\u00f6\u00f6 Kirjelduse Ruumi<\/h3>\n\n\n\n<p>Meie ehitusarve mall sisaldab spetsiaalset jaotist, kus saab \u00fcksikasjalikult kirjeldada tehtud t\u00f6\u00f6d. See funktsioon v\u00f5imaldab teil pakkuda klientidele selget selgitust teenuste kohta, sealhulgas konkreetseid tehtud \u00fclesandeid, kasutatud materjale ja saavutatud projekti verstaposte.<\/p>\n\n\n\n<p>Seda l\u00e4bipaistvuse taset pakkudes saate v\u00e4hendada klientide k\u00fcsimusi, v\u00e4ltida vaidlusi ja luua usaldust. Ruumi on paindlik, v\u00f5imaldades teil kohandada kirjeldusi iga projekti ulatuse ja keerukuse j\u00e4rgi, tagades, et iga arve edastab teie t\u00f6\u00f6 v\u00e4\u00e4rtust t\u00f5husalt ja professionaalselt.<\/p>\n\n\n\n<figure class=\"wp-block-image size-full\"><img loading=\"lazy\" decoding=\"async\" width=\"2156\" height=\"394\" src=\"https:\/\/planyard.com\/wp-content\/uploads\/2024\/12\/construction_invoice_description_of_work.png\" alt=\"Construction invoice description of work section\" class=\"wp-image-8078\" srcset=\"https:\/\/planyard.com\/wp-content\/uploads\/2024\/12\/construction_invoice_description_of_work.png 2156w, https:\/\/planyard.com\/wp-content\/uploads\/2024\/12\/construction_invoice_description_of_work-1536x281.png 1536w, https:\/\/planyard.com\/wp-content\/uploads\/2024\/12\/construction_invoice_description_of_work-2048x374.png 2048w\" sizes=\"auto, (max-width: 2156px) 100vw, 2156px\" \/><\/figure>\n\n\n\n<h3 class=\"wp-block-heading\">Prinditav ja Jagatav<\/h3>\n\n\n\n<p>Mall on loodud printeris\u00f5bralikuks, tagades, et see n\u00e4eb paberil professionaalne v\u00e4lja. Samuti on seda lihtne elektrooniliselt jagada, muutes selle mugavaks digitaalseks arveldamiseks.<\/p>\n\n\n\n<p>Kasutades meie ehitusarve malli, saate sujuvamaks muuta oma arveldusprotsessi, v\u00e4hendada k\u00e4sitsi tehtavaid vigu ja parandada oma professionaalset mainet, s\u00e4\u00e4stes samal ajal aega ja vaeva.<\/p>\n\n\n\n<h2 class=\"wp-block-heading\">Millal Peaksin Kasutama Ehitusarvet?<\/h2>\n\n\n\n<p>Ehitusarve on oluline dokument, mida kasutatakse klientide arveldamiseks ehitusprojekti k\u00e4igus tehtud t\u00f6\u00f6 eest. Olenemata sellest, kas olete peat\u00f6\u00f6v\u00f5tja, ehitaja v\u00f5i allt\u00f6\u00f6v\u00f5tja, on arve esitamise aja teadmine kriitilise t\u00e4htsusega rahavoogude s\u00e4ilitamiseks ja finantsl\u00e4bipaistvuse tagamiseks.<\/p>\n\n\n\n<h3 class=\"wp-block-heading\">Tavalised Stsenaariumid Ehitusarve Kasutamiseks<\/h3>\n\n\n\n<ol class=\"wp-block-list\">\n<li><strong>Valmis Verstapostide J\u00e4rgi:<\/strong> Suurte projektide puhul on tavaline, et kliente arveldatakse p\u00e4rast konkreetsete verstapostide saavutamist, n\u00e4iteks vundamendi v\u00f5i karkassi valmimist.<\/li>\n\n\n\n<li><strong>Ettemaksuarveldamine:<\/strong> Kestvate projektide puhul hoiab regulaarsete intervallidega (n\u00e4dalas v\u00f5i kuus) arve esitamine vastavalt tehtud t\u00f6\u00f6 protsendile maksed pidevalt voolamas.<\/li>\n\n\n\n<li><strong>Projekti L\u00f5petamisel:<\/strong> V\u00e4iksemad projektid v\u00f5i \u00fche \u00fclesandega t\u00f6\u00f6d v\u00f5ivad n\u00f5uda arveldamist alles p\u00e4rast t\u00f6\u00f6 t\u00e4ielikku l\u00f5petamist ja \u00fclevaatamist.<\/li>\n\n\n\n<li><strong>Konkreetsed Kulud:<\/strong> Kasutage arveid, et taotleda h\u00fcvitist lisakulude eest, nagu lisat\u00f6\u00f6d v\u00f5i materjalid, mida algses lepingus ei olnud kaetud.<\/li>\n<\/ol>\n\n\n\n<p>Ehitusarvete asjakohane kasutamine tagab professionaalsuse ja aitab luua klientidega usaldust, pakkudes samal ajal selget \u00fclevaadet osutatud teenustest.<\/p>\n\n\n\n<h2 class=\"wp-block-heading\">Kuidas Luua Ehitusarvet?<\/h2>\n\n\n\n<p>Ehitusarve loomine v\u00f5ib tunduda hirmutav, kuid selle lihtsateks sammudeks jagamine v\u00f5ib muuta protsessi sujuvaks ja t\u00f5husaks. Allpool on toodud olulised elemendid, mida iga professionaalne ehitusarve peaks sisaldama.<\/p>\n\n\n\n<h3 class=\"wp-block-heading\">Arve P\u00e4is<\/h3>\n\n\n\n<p>Alustage p\u00e4isega, mis selgelt identifitseerib teie ettev\u00f5tte. Lisage oma ettev\u00f5tte nimi, aadress, telefoninumber, e-post ja logo. See mitte ainult ei lisa professionaalsust, vaid tagab ka, et kliendid saavad vajadusel teiega h\u00f5lpsasti \u00fchendust v\u00f5tta.<\/p>\n\n\n\n<h3 class=\"wp-block-heading\">Arve Number<\/h3>\n\n\n\n<p>M\u00e4\u00e4rake unikaalne arvenumber j\u00e4lgimise ja arvestuse pidamise eesm\u00e4rgil. Nummerdamiss\u00fcsteem aitab nii teil kui ka teie kliendil konkreetseid arveid kiiresti viidata, eriti mitme projekti haldamisel.<\/p>\n\n\n\n<h3 class=\"wp-block-heading\">Kliendi Andmed<\/h3>\n\n\n\n<p>Lisage oma kliendi andmed, nagu nende nimi, aadress ja kontaktandmed. See tagab, et arve on suunatud \u00f5igesse isikusse v\u00f5i osakonda.<\/p>\n\n\n\n<h3 class=\"wp-block-heading\">\u00dcksikasjalikud Kulud<\/h3>\n\n\n\n<p>Jagage k\u00f5ik tasud \u00fcksikasjalikult. Lisage:<\/p>\n\n\n\n<ul class=\"wp-block-list\">\n<li><strong>T\u00f6\u00f6j\u00f5ud:<\/strong> T\u00f6\u00f6tatud tundide arv ja tunnitasud.<\/li>\n\n\n\n<li><strong>Materjalid:<\/strong> Kasutatud materjalide t\u00fc\u00fcbid, kogused ja kulud.<\/li>\n\n\n\n<li><strong>Seadmed:<\/strong> Masinate rent v\u00f5i kasutustasud.<\/li>\n\n\n\n<li><strong>Muud Kulud:<\/strong> Load, reisikulud v\u00f5i lisatasud. Sellise detailide taseme pakkumine tagab l\u00e4bipaistvuse ja v\u00e4ldib vaidlusi.<\/li>\n<\/ul>\n\n\n\n<h3 class=\"wp-block-heading\">Kogusumma<\/h3>\n\n\n\n<p>Saate kulud kokku v\u00f5tta vahesummade, maksude ja l\u00f5pliku makstava summana. See jaotis peaks olema selgelt esile t\u00f5stetud, et tagada selgus.<\/p>\n\n\n\n<h3 class=\"wp-block-heading\">Maksetingimused<\/h3>\n\n\n\n<p>M\u00e4\u00e4rake oma maksetingimused, n\u00e4iteks makset\u00e4htaeg ja vastuv\u00f5etavad makseviisid (nt panga\u00fclekanne, krediitkaart, t\u0161ekk). Mainige hilinenud maksete trahve, et soodustada \u00f5igeaegset tasumist.<\/p>\n\n\n\n<h3 class=\"wp-block-heading\">T\u00e4iendavad M\u00e4rkused<\/h3>\n\n\n\n<p>Kasutage seda jaotist lisateabe jaoks, n\u00e4iteks garantiid tehtud t\u00f6\u00f6le, tagastuspoliitikad v\u00f5i t\u00e4nus\u00f5nad, et luua klientidega head suhted.<\/p>\n\n\n\n<p>H\u00e4sti struktureeritud arve tagab mitte ainult kiire maksmise, vaid tugevdab ka teie professionaalset mainet.<\/p>\n\n\n\n<h2 class=\"wp-block-heading\">Mida Peaks Ehitusarve Sisaldama?<\/h2>\n\n\n\n<p>Iga ehitusarve peaks sisaldama v\u00f5tmeandmeid, et tagada selle t\u00f5husus. Allpool on toodud olulised elemendid, mida peate katma:<\/p>\n\n\n\n<h3 class=\"wp-block-heading\">Projekti \u00dcksikasjad<\/h3>\n\n\n\n<p>Alustage projekti nime, aadressi ja l\u00fchikirjeldusega tehtud t\u00f6\u00f6st. See kontekst aitab klientidel arve konkreetse t\u00f6\u00f6ga siduda.<\/p>\n\n\n\n<h3 class=\"wp-block-heading\">Kulude Jaotus<\/h3>\n\n\n\n<p>Pakkuge selge ja \u00fcksikasjalik kulude jaotus. See sisaldab:<\/p>\n\n\n\n<ul class=\"wp-block-list\">\n<li>T\u00f6\u00f6j\u00f5ukulud<\/li>\n\n\n\n<li>Kasutatud materjalid<\/li>\n\n\n\n<li>Seadmete rent<\/li>\n\n\n\n<li>Maksud ja muud tasud Kulude l\u00e4bipaistvus v\u00e4hendab klientide p\u00e4ringuid ja vaidlusi.<\/li>\n<\/ul>\n\n\n\n<h3 class=\"wp-block-heading\">Maksetingimused ja Meetodid<\/h3>\n\n\n\n<p>Selgelt m\u00e4\u00e4ratlege maksetingimused:<\/p>\n\n\n\n<ul class=\"wp-block-list\">\n<li>Arve makset\u00e4htaeg<\/li>\n\n\n\n<li>Vastuv\u00f5etavad makseviisid (nt panga\u00fclekanne, t\u0161ekk)<\/li>\n\n\n\n<li>Varajase makse allahindlused v\u00f5i hilinenud maksete trahvid<\/li>\n<\/ul>\n\n\n\n<h3 class=\"wp-block-heading\">Kontaktandmed<\/h3>\n\n\n\n<p>Tagage, et teie kontaktandmed oleksid kergesti ligip\u00e4\u00e4setavad. Kliendid peaksid teadma, kuidas teiega \u00fchendust v\u00f5tta, kui neil on k\u00fcsimusi v\u00f5i vajavad t\u00e4iendavat selgitust.<\/p>\n\n\n\n<p>Nende komponentide lisamine tagab, et teie arved on professionaalsed, selged ja t\u00f5husad kiirete maksete tagamisel, v\u00e4hendades samal ajal klientidega suhtlemise vajadust.<\/p>\n\n\n\n<h2 class=\"wp-block-heading\">Kokkuv\u00f5te<\/h2>\n\n\n\n<p>Sujuvda oma ehitusprojekte meie tasuta ehitusarve malliga. See on kohandatud ehitajatele, peat\u00f6\u00f6v\u00f5tjatele ja ehitusjuhtidele, tagades, et saate \u00f5igeaegselt tasutud.<\/p>\n\n\n\n<p>Kui t\u00f6\u00f6tate keerukamate projektidega, millel on mitmeetapilised maksed klientidega, siis vaadake Planyardi <a href=\"https:\/\/planyard.com\/et\/ehitusarvete-haldustarkvara\">arvete haldamise tarkvara<\/a>, et muuta oma elu lihtsamaks.<\/p>\n","protected":false},"excerpt":{"rendered":"<p>See leht pakub allalaadimiseks malle (Google Docs, Excel ja PDF) ning p\u00f5hjalikku juhendit, mis aitab teil luua professionaalseid ehitusarveid vastavalt teie vajadustele. T\u00f5hus arvehaldus on ehitusprojektide finantskontrolli s\u00e4ilitamiseks kriitilise t\u00e4htsusega. Allpool on erinevad ehitusarve mallide formaadid, sealhulgas Google Docs, Excel ja PDF. Kuigi k\u00f5ik formaadid on kasulikud, soovitame tungivalt kasutada Google Sheets v\u00f5i Exceli automaatsete&#8230;  <a class=\"excerpt-read-more\" href=\"https:\/\/planyard.com\/et\/ehitusarve-mall\" title=\"Loe  Ehitusarve Mall\">Loe edasi &#8220;<\/a><\/p>\n","protected":false},"author":3,"featured_media":0,"parent":0,"menu_order":0,"comment_status":"closed","ping_status":"closed","template":"","meta":{"_acf_changed":false,"content-type":"","footnotes":""},"page_intent":[160],"page_type":[],"class_list":["post-10789","page","type-page","status-publish","hentry"],"acf":[],"yoast_head":"<!-- This site is optimized with the Yoast SEO plugin v27.1.1 - https:\/\/yoast.com\/product\/yoast-seo-wordpress\/ -->\n<title>Tasuta Ehitusarve Mall - Planyard Eesti<\/title>\n<meta name=\"description\" content=\"Laadige alla tasuta ehitusarve mall Exceli, PDF-i v\u00f5i Google Sheetsi jaoks. Ideaalne peat\u00f6\u00f6v\u00f5tjatele, ehitajatele v\u00f5i ehitusettev\u00f5tetele.\" \/>\n<meta name=\"robots\" content=\"index, follow, max-snippet:-1, max-image-preview:large, max-video-preview:-1\" \/>\n<link rel=\"canonical\" href=\"https:\/\/planyard.com\/et\/ehitusarve-mall\" \/>\n<meta property=\"og:locale\" content=\"et_EE\" \/>\n<meta property=\"og:type\" content=\"article\" \/>\n<meta property=\"og:title\" content=\"Tasuta Ehitusarve Mall - Planyard Eesti\" \/>\n<meta property=\"og:description\" content=\"Laadige alla tasuta ehitusarve mall Exceli, PDF-i v\u00f5i Google Sheetsi jaoks. Ideaalne peat\u00f6\u00f6v\u00f5tjatele, ehitajatele v\u00f5i ehitusettev\u00f5tetele.\" \/>\n<meta property=\"og:url\" content=\"https:\/\/planyard.com\/et\/ehitusarve-mall\" \/>\n<meta property=\"og:site_name\" content=\"Planyard Eesti\" \/>\n<meta property=\"article:modified_time\" content=\"2025-05-19T17:03:39+00:00\" \/>\n<meta property=\"og:image\" content=\"https:\/\/planyard.com\/wp-content\/uploads\/2024\/12\/construction_invoice_template_preview.png\" \/>\n\t<meta property=\"og:image:width\" content=\"1570\" \/>\n\t<meta property=\"og:image:height\" content=\"2036\" \/>\n\t<meta property=\"og:image:type\" content=\"image\/png\" \/>\n<meta name=\"twitter:card\" content=\"summary_large_image\" \/>\n<meta name=\"twitter:label1\" content=\"Est. reading time\" \/>\n\t<meta name=\"twitter:data1\" content=\"8 minutit\" \/>\n<!-- \/ Yoast SEO plugin. -->","yoast_head_json":{"title":"Tasuta Ehitusarve Mall - Planyard Eesti","description":"Laadige alla tasuta ehitusarve mall Exceli, PDF-i v\u00f5i Google Sheetsi jaoks. Ideaalne peat\u00f6\u00f6v\u00f5tjatele, ehitajatele v\u00f5i ehitusettev\u00f5tetele.","robots":{"index":"index","follow":"follow","max-snippet":"max-snippet:-1","max-image-preview":"max-image-preview:large","max-video-preview":"max-video-preview:-1"},"canonical":"https:\/\/planyard.com\/et\/ehitusarve-mall","og_locale":"et_EE","og_type":"article","og_title":"Tasuta Ehitusarve Mall - Planyard Eesti","og_description":"Laadige alla tasuta ehitusarve mall Exceli, PDF-i v\u00f5i Google Sheetsi jaoks. Ideaalne peat\u00f6\u00f6v\u00f5tjatele, ehitajatele v\u00f5i ehitusettev\u00f5tetele.","og_url":"https:\/\/planyard.com\/et\/ehitusarve-mall","og_site_name":"Planyard Eesti","article_modified_time":"2025-05-19T17:03:39+00:00","og_image":[{"width":1570,"height":2036,"url":"https:\/\/planyard.com\/wp-content\/uploads\/2024\/12\/construction_invoice_template_preview.png","type":"image\/png"}],"twitter_card":"summary_large_image","twitter_misc":{"Est. reading time":"8 minutit"},"schema":{"@context":"https:\/\/schema.org","@graph":[{"@type":"WebPage","@id":"https:\/\/planyard.com\/et\/ehitusarve-mall","url":"https:\/\/planyard.com\/et\/ehitusarve-mall","name":"Tasuta Ehitusarve Mall - Planyard Eesti","isPartOf":{"@id":"https:\/\/planyard.com\/et#website"},"primaryImageOfPage":{"@id":"https:\/\/planyard.com\/et\/ehitusarve-mall#primaryimage"},"image":{"@id":"https:\/\/planyard.com\/et\/ehitusarve-mall#primaryimage"},"thumbnailUrl":"https:\/\/planyard.com\/wp-content\/uploads\/2024\/12\/construction_invoice_template_preview.png","datePublished":"2024-12-12T15:08:49+00:00","dateModified":"2025-05-19T17:03:39+00:00","description":"Laadige alla tasuta ehitusarve mall Exceli, PDF-i v\u00f5i Google Sheetsi jaoks. Ideaalne peat\u00f6\u00f6v\u00f5tjatele, ehitajatele v\u00f5i ehitusettev\u00f5tetele.","breadcrumb":{"@id":"https:\/\/planyard.com\/et\/ehitusarve-mall#breadcrumb"},"inLanguage":"et","potentialAction":[{"@type":"ReadAction","target":["https:\/\/planyard.com\/et\/ehitusarve-mall"]}]},{"@type":"ImageObject","inLanguage":"et","@id":"https:\/\/planyard.com\/et\/ehitusarve-mall#primaryimage","url":"https:\/\/planyard.com\/wp-content\/uploads\/2024\/12\/construction_invoice_template_preview.png","contentUrl":"https:\/\/planyard.com\/wp-content\/uploads\/2024\/12\/construction_invoice_template_preview.png"},{"@type":"BreadcrumbList","@id":"https:\/\/planyard.com\/et\/ehitusarve-mall#breadcrumb","itemListElement":[{"@type":"ListItem","position":1,"name":"Home","item":"https:\/\/planyard.com\/et"},{"@type":"ListItem","position":2,"name":"Ehitusarve Mall"}]},{"@type":"WebSite","@id":"https:\/\/planyard.com\/et#website","url":"https:\/\/planyard.com\/et","name":"Planyard Eesti","description":"","potentialAction":[{"@type":"SearchAction","target":{"@type":"EntryPoint","urlTemplate":"https:\/\/planyard.com\/et?s={search_term_string}"},"query-input":{"@type":"PropertyValueSpecification","valueRequired":true,"valueName":"search_term_string"}}],"inLanguage":"et"}]}},"_links":{"self":[{"href":"https:\/\/planyard.com\/et\/wp-json\/wp\/v2\/pages\/10789","targetHints":{"allow":["GET"]}}],"collection":[{"href":"https:\/\/planyard.com\/et\/wp-json\/wp\/v2\/pages"}],"about":[{"href":"https:\/\/planyard.com\/et\/wp-json\/wp\/v2\/types\/page"}],"author":[{"embeddable":true,"href":"https:\/\/planyard.com\/et\/wp-json\/wp\/v2\/users\/3"}],"replies":[{"embeddable":true,"href":"https:\/\/planyard.com\/et\/wp-json\/wp\/v2\/comments?post=10789"}],"version-history":[{"count":3,"href":"https:\/\/planyard.com\/et\/wp-json\/wp\/v2\/pages\/10789\/revisions"}],"predecessor-version":[{"id":15908,"href":"https:\/\/planyard.com\/et\/wp-json\/wp\/v2\/pages\/10789\/revisions\/15908"}],"wp:attachment":[{"href":"https:\/\/planyard.com\/et\/wp-json\/wp\/v2\/media?parent=10789"}],"wp:term":[{"taxonomy":"page_intent","embeddable":true,"href":"https:\/\/planyard.com\/et\/wp-json\/wp\/v2\/page_intent?post=10789"},{"taxonomy":"page_type","embeddable":true,"href":"https:\/\/planyard.com\/et\/wp-json\/wp\/v2\/page_type?post=10789"}],"curies":[{"name":"wp","href":"https:\/\/api.w.org\/{rel}","templated":true}]}}