{"id":10783,"date":"2024-11-06T09:38:07","date_gmt":"2024-11-06T09:38:07","guid":{"rendered":"https:\/\/planyard.com\/construction-glossary-collection"},"modified":"2025-05-19T17:01:59","modified_gmt":"2025-05-19T17:01:59","slug":"ehitusfinantside-sonastik","status":"publish","type":"page","link":"https:\/\/planyard.com\/et\/ehitusfinantside-sonastik","title":{"rendered":"Ehitusfinantside s\u00f5nastik"},"content":{"rendered":"\n<p>Tere tulemast Ehitusfinantside s\u00f5nastikku, teie olulisse ressurssi ehitusele omaste finantsterminite ja -kontseptsioonide m\u00f5istmiseks. See s\u00f5nastik on koostatud nii valdkonna professionaalidele kui ka uustulnukatele, h\u00f5lmates k\u00f5ike alates p\u00f5hieelarvestamisest kuni keeruka kulude juhtimiseni.<\/p>\n\n\n\n<p>Olenemata sellest, kas juhite projekti rahandust, haldate rahavoogu v\u00f5i koostate kuluprognoose, leiate siit vajalikke definitsioone. P\u00fcsige informeeritud ja tehke kindlaid otsuseid igas projektis.<\/p>\n","protected":false},"excerpt":{"rendered":"<p>Tere tulemast Ehitusfinantside s\u00f5nastikku, teie olulisse ressurssi ehitusele omaste finantsterminite ja -kontseptsioonide m\u00f5istmiseks. See s\u00f5nastik on koostatud nii valdkonna professionaalidele kui ka uustulnukatele, h\u00f5lmates k\u00f5ike alates p\u00f5hieelarvestamisest kuni keeruka kulude juhtimiseni. Olenemata sellest, kas juhite projekti rahandust, haldate rahavoogu v\u00f5i koostate kuluprognoose, leiate siit vajalikke definitsioone. P\u00fcsige informeeritud ja tehke kindlaid otsuseid igas projektis.<\/p>\n","protected":false},"author":3,"featured_media":0,"parent":0,"menu_order":0,"comment_status":"closed","ping_status":"closed","template":"","meta":{"_acf_changed":false,"content-type":"","footnotes":""},"page_intent":[235],"page_type":[],"class_list":["post-10783","page","type-page","status-publish","hentry"],"acf":[],"yoast_head":"<!-- This site is optimized with the Yoast SEO plugin v26.9 - https:\/\/yoast.com\/product\/yoast-seo-wordpress\/ -->\n<title>Ehitusfinantside s\u00f5nastik - Planyard Eesti<\/title>\n<meta name=\"description\" content=\"Teie peamine ressurss selgete definitsioonide saamiseks ehituse finantss\u00f5nastikus. See h\u00f5lmab eelarvestamist, rahavoogu ja palju muud.\" \/>\n<meta name=\"robots\" content=\"index, follow, max-snippet:-1, max-image-preview:large, max-video-preview:-1\" \/>\n<link rel=\"canonical\" href=\"https:\/\/planyard.com\/et\/ehitusfinantside-sonastik\" \/>\n<meta property=\"og:locale\" content=\"et_EE\" \/>\n<meta property=\"og:type\" content=\"article\" \/>\n<meta property=\"og:title\" content=\"Ehitusfinantside s\u00f5nastik - Planyard Eesti\" \/>\n<meta property=\"og:description\" content=\"Teie peamine ressurss selgete definitsioonide saamiseks ehituse finantss\u00f5nastikus. See h\u00f5lmab eelarvestamist, rahavoogu ja palju muud.\" \/>\n<meta property=\"og:url\" content=\"https:\/\/planyard.com\/et\/ehitusfinantside-sonastik\" \/>\n<meta property=\"og:site_name\" content=\"Planyard Eesti\" \/>\n<meta property=\"article:modified_time\" content=\"2025-05-19T17:01:59+00:00\" \/>\n<meta name=\"twitter:card\" content=\"summary_large_image\" \/>\n<meta name=\"twitter:label1\" content=\"Est. reading time\" \/>\n\t<meta name=\"twitter:data1\" content=\"1 minut\" \/>\n<!-- \/ Yoast SEO plugin. -->","yoast_head_json":{"title":"Ehitusfinantside s\u00f5nastik - Planyard Eesti","description":"Teie peamine ressurss selgete definitsioonide saamiseks ehituse finantss\u00f5nastikus. See h\u00f5lmab eelarvestamist, rahavoogu ja palju muud.","robots":{"index":"index","follow":"follow","max-snippet":"max-snippet:-1","max-image-preview":"max-image-preview:large","max-video-preview":"max-video-preview:-1"},"canonical":"https:\/\/planyard.com\/et\/ehitusfinantside-sonastik","og_locale":"et_EE","og_type":"article","og_title":"Ehitusfinantside s\u00f5nastik - Planyard Eesti","og_description":"Teie peamine ressurss selgete definitsioonide saamiseks ehituse finantss\u00f5nastikus. See h\u00f5lmab eelarvestamist, rahavoogu ja palju muud.","og_url":"https:\/\/planyard.com\/et\/ehitusfinantside-sonastik","og_site_name":"Planyard Eesti","article_modified_time":"2025-05-19T17:01:59+00:00","twitter_card":"summary_large_image","twitter_misc":{"Est. reading time":"1 minut"},"schema":{"@context":"https:\/\/schema.org","@graph":[{"@type":"WebPage","@id":"https:\/\/planyard.com\/et\/ehitusfinantside-sonastik","url":"https:\/\/planyard.com\/et\/ehitusfinantside-sonastik","name":"Ehitusfinantside s\u00f5nastik - Planyard Eesti","isPartOf":{"@id":"https:\/\/planyard.com\/et#website"},"datePublished":"2024-11-06T09:38:07+00:00","dateModified":"2025-05-19T17:01:59+00:00","description":"Teie peamine ressurss selgete definitsioonide saamiseks ehituse finantss\u00f5nastikus. See h\u00f5lmab eelarvestamist, rahavoogu ja palju muud.","breadcrumb":{"@id":"https:\/\/planyard.com\/et\/ehitusfinantside-sonastik#breadcrumb"},"inLanguage":"et","potentialAction":[{"@type":"ReadAction","target":["https:\/\/planyard.com\/et\/ehitusfinantside-sonastik"]}]},{"@type":"BreadcrumbList","@id":"https:\/\/planyard.com\/et\/ehitusfinantside-sonastik#breadcrumb","itemListElement":[{"@type":"ListItem","position":1,"name":"Home","item":"https:\/\/planyard.com\/et"},{"@type":"ListItem","position":2,"name":"Ehitusfinantside s\u00f5nastik"}]},{"@type":"WebSite","@id":"https:\/\/planyard.com\/et#website","url":"https:\/\/planyard.com\/et","name":"Planyard Eesti","description":"","potentialAction":[{"@type":"SearchAction","target":{"@type":"EntryPoint","urlTemplate":"https:\/\/planyard.com\/et?s={search_term_string}"},"query-input":{"@type":"PropertyValueSpecification","valueRequired":true,"valueName":"search_term_string"}}],"inLanguage":"et"}]}},"_links":{"self":[{"href":"https:\/\/planyard.com\/et\/wp-json\/wp\/v2\/pages\/10783","targetHints":{"allow":["GET"]}}],"collection":[{"href":"https:\/\/planyard.com\/et\/wp-json\/wp\/v2\/pages"}],"about":[{"href":"https:\/\/planyard.com\/et\/wp-json\/wp\/v2\/types\/page"}],"author":[{"embeddable":true,"href":"https:\/\/planyard.com\/et\/wp-json\/wp\/v2\/users\/3"}],"replies":[{"embeddable":true,"href":"https:\/\/planyard.com\/et\/wp-json\/wp\/v2\/comments?post=10783"}],"version-history":[{"count":3,"href":"https:\/\/planyard.com\/et\/wp-json\/wp\/v2\/pages\/10783\/revisions"}],"predecessor-version":[{"id":15903,"href":"https:\/\/planyard.com\/et\/wp-json\/wp\/v2\/pages\/10783\/revisions\/15903"}],"wp:attachment":[{"href":"https:\/\/planyard.com\/et\/wp-json\/wp\/v2\/media?parent=10783"}],"wp:term":[{"taxonomy":"page_intent","embeddable":true,"href":"https:\/\/planyard.com\/et\/wp-json\/wp\/v2\/page_intent?post=10783"},{"taxonomy":"page_type","embeddable":true,"href":"https:\/\/planyard.com\/et\/wp-json\/wp\/v2\/page_type?post=10783"}],"curies":[{"name":"wp","href":"https:\/\/api.w.org\/{rel}","templated":true}]}}