{"id":10782,"date":"2024-08-22T05:41:05","date_gmt":"2024-08-22T05:41:05","guid":{"rendered":"https:\/\/planyard.com\/expenses-approval-workflow"},"modified":"2025-05-17T16:17:40","modified_gmt":"2025-05-17T16:17:40","slug":"ehitusprojektide-kulude-kinnitamise-toovoog","status":"publish","type":"page","link":"https:\/\/planyard.com\/et\/ehitusprojektide-kulude-kinnitamise-toovoog","title":{"rendered":"Ehitusprojektide kulude kinnitamise t\u00f6\u00f6voog"},"content":{"rendered":"","protected":false},"excerpt":{"rendered":"","protected":false},"author":2,"featured_media":0,"parent":0,"menu_order":0,"comment_status":"closed","ping_status":"closed","template":"","meta":{"_acf_changed":false,"content-type":"","footnotes":""},"page_intent":[190],"page_type":[],"class_list":["post-10782","page","type-page","status-publish","hentry"],"acf":[],"yoast_head":"<!-- This site is optimized with the Yoast SEO plugin v27.1.1 - https:\/\/yoast.com\/product\/yoast-seo-wordpress\/ -->\n<title>Ehitusprojektide kulude kinnitamise t\u00f6\u00f6voog objekti t\u00f6\u00f6tajatele<\/title>\n<meta name=\"description\" content=\"Planyard muudab ehitusprojektide kulude kinnitamise lihtsaks. Projektijuhi kinnitatud kulud uuendavad automaatselt projekti eelarvet.\" \/>\n<meta name=\"robots\" content=\"index, follow, max-snippet:-1, max-image-preview:large, max-video-preview:-1\" \/>\n<link rel=\"canonical\" href=\"https:\/\/planyard.com\/et\/ehitusprojektide-kulude-kinnitamise-toovoog\" \/>\n<meta property=\"og:locale\" content=\"et_EE\" \/>\n<meta property=\"og:type\" content=\"article\" \/>\n<meta property=\"og:title\" content=\"Ehitusprojektide kulude kinnitamise t\u00f6\u00f6voog objekti t\u00f6\u00f6tajatele\" \/>\n<meta property=\"og:description\" content=\"Planyard muudab ehitusprojektide kulude kinnitamise lihtsaks. Projektijuhi kinnitatud kulud uuendavad automaatselt projekti eelarvet.\" \/>\n<meta property=\"og:url\" content=\"https:\/\/planyard.com\/et\/ehitusprojektide-kulude-kinnitamise-toovoog\" \/>\n<meta property=\"og:site_name\" content=\"Planyard Eesti\" \/>\n<meta property=\"article:modified_time\" content=\"2025-05-17T16:17:40+00:00\" \/>\n<meta name=\"twitter:card\" content=\"summary_large_image\" \/>\n<!-- \/ Yoast SEO plugin. -->","yoast_head_json":{"title":"Ehitusprojektide kulude kinnitamise t\u00f6\u00f6voog objekti t\u00f6\u00f6tajatele","description":"Planyard muudab ehitusprojektide kulude kinnitamise lihtsaks. Projektijuhi kinnitatud kulud uuendavad automaatselt projekti eelarvet.","robots":{"index":"index","follow":"follow","max-snippet":"max-snippet:-1","max-image-preview":"max-image-preview:large","max-video-preview":"max-video-preview:-1"},"canonical":"https:\/\/planyard.com\/et\/ehitusprojektide-kulude-kinnitamise-toovoog","og_locale":"et_EE","og_type":"article","og_title":"Ehitusprojektide kulude kinnitamise t\u00f6\u00f6voog objekti t\u00f6\u00f6tajatele","og_description":"Planyard muudab ehitusprojektide kulude kinnitamise lihtsaks. Projektijuhi kinnitatud kulud uuendavad automaatselt projekti eelarvet.","og_url":"https:\/\/planyard.com\/et\/ehitusprojektide-kulude-kinnitamise-toovoog","og_site_name":"Planyard Eesti","article_modified_time":"2025-05-17T16:17:40+00:00","twitter_card":"summary_large_image","schema":{"@context":"https:\/\/schema.org","@graph":[{"@type":"WebPage","@id":"https:\/\/planyard.com\/et\/ehitusprojektide-kulude-kinnitamise-toovoog","url":"https:\/\/planyard.com\/et\/ehitusprojektide-kulude-kinnitamise-toovoog","name":"Ehitusprojektide kulude kinnitamise t\u00f6\u00f6voog objekti t\u00f6\u00f6tajatele","isPartOf":{"@id":"https:\/\/planyard.com\/et#website"},"datePublished":"2024-08-22T05:41:05+00:00","dateModified":"2025-05-17T16:17:40+00:00","description":"Planyard muudab ehitusprojektide kulude kinnitamise lihtsaks. Projektijuhi kinnitatud kulud uuendavad automaatselt projekti eelarvet.","breadcrumb":{"@id":"https:\/\/planyard.com\/et\/ehitusprojektide-kulude-kinnitamise-toovoog#breadcrumb"},"inLanguage":"et","potentialAction":[{"@type":"ReadAction","target":["https:\/\/planyard.com\/et\/ehitusprojektide-kulude-kinnitamise-toovoog"]}]},{"@type":"BreadcrumbList","@id":"https:\/\/planyard.com\/et\/ehitusprojektide-kulude-kinnitamise-toovoog#breadcrumb","itemListElement":[{"@type":"ListItem","position":1,"name":"Home","item":"https:\/\/planyard.com\/et"},{"@type":"ListItem","position":2,"name":"Ehitusprojektide kulude kinnitamise t\u00f6\u00f6voog"}]},{"@type":"WebSite","@id":"https:\/\/planyard.com\/et#website","url":"https:\/\/planyard.com\/et","name":"Planyard Eesti","description":"","potentialAction":[{"@type":"SearchAction","target":{"@type":"EntryPoint","urlTemplate":"https:\/\/planyard.com\/et?s={search_term_string}"},"query-input":{"@type":"PropertyValueSpecification","valueRequired":true,"valueName":"search_term_string"}}],"inLanguage":"et"}]}},"_links":{"self":[{"href":"https:\/\/planyard.com\/et\/wp-json\/wp\/v2\/pages\/10782","targetHints":{"allow":["GET"]}}],"collection":[{"href":"https:\/\/planyard.com\/et\/wp-json\/wp\/v2\/pages"}],"about":[{"href":"https:\/\/planyard.com\/et\/wp-json\/wp\/v2\/types\/page"}],"author":[{"embeddable":true,"href":"https:\/\/planyard.com\/et\/wp-json\/wp\/v2\/users\/2"}],"replies":[{"embeddable":true,"href":"https:\/\/planyard.com\/et\/wp-json\/wp\/v2\/comments?post=10782"}],"version-history":[{"count":1,"href":"https:\/\/planyard.com\/et\/wp-json\/wp\/v2\/pages\/10782\/revisions"}],"predecessor-version":[{"id":10961,"href":"https:\/\/planyard.com\/et\/wp-json\/wp\/v2\/pages\/10782\/revisions\/10961"}],"wp:attachment":[{"href":"https:\/\/planyard.com\/et\/wp-json\/wp\/v2\/media?parent=10782"}],"wp:term":[{"taxonomy":"page_intent","embeddable":true,"href":"https:\/\/planyard.com\/et\/wp-json\/wp\/v2\/page_intent?post=10782"},{"taxonomy":"page_type","embeddable":true,"href":"https:\/\/planyard.com\/et\/wp-json\/wp\/v2\/page_type?post=10782"}],"curies":[{"name":"wp","href":"https:\/\/api.w.org\/{rel}","templated":true}]}}