{"id":10779,"date":"2025-01-20T13:01:38","date_gmt":"2025-01-20T13:01:38","guid":{"rendered":"https:\/\/planyard.com\/construction-crm-sales-software"},"modified":"2025-05-17T16:16:38","modified_gmt":"2025-05-17T16:16:38","slug":"ehitus-crm-ja-muugitarkvara","status":"publish","type":"page","link":"https:\/\/planyard.com\/et\/ehitus-crm-ja-muugitarkvara","title":{"rendered":"Ehitus CRM ja m\u00fc\u00fcgitarkvara"},"content":{"rendered":"","protected":false},"excerpt":{"rendered":"","protected":false},"author":3,"featured_media":0,"parent":0,"menu_order":0,"comment_status":"closed","ping_status":"closed","template":"","meta":{"_acf_changed":false,"content-type":"","footnotes":""},"page_intent":[145],"page_type":[],"class_list":["post-10779","page","type-page","status-publish","hentry"],"acf":[],"yoast_head":"<!-- This site is optimized with the Yoast SEO plugin v27.1.1 - https:\/\/yoast.com\/product\/yoast-seo-wordpress\/ -->\n<title>Ehitus CRM ja m\u00fc\u00fcgitarkvara - Planyard Eesti<\/title>\n<meta name=\"description\" content=\"Lihtsusta m\u00fc\u00fcgitorusid ja projektide j\u00e4lgimist Planyardi ehitus CRM ja m\u00fc\u00fcgitarkvaraga. Pakkumised, hinnapakkumised ja eelarved \u00fches kohas.\" \/>\n<meta name=\"robots\" content=\"index, follow, max-snippet:-1, max-image-preview:large, max-video-preview:-1\" \/>\n<link rel=\"canonical\" href=\"https:\/\/planyard.com\/et\/ehitus-crm-ja-muugitarkvara\" \/>\n<meta property=\"og:locale\" content=\"et_EE\" \/>\n<meta property=\"og:type\" content=\"article\" \/>\n<meta property=\"og:title\" content=\"Ehitus CRM ja m\u00fc\u00fcgitarkvara - Planyard Eesti\" \/>\n<meta property=\"og:description\" content=\"Lihtsusta m\u00fc\u00fcgitorusid ja projektide j\u00e4lgimist Planyardi ehitus CRM ja m\u00fc\u00fcgitarkvaraga. Pakkumised, hinnapakkumised ja eelarved \u00fches kohas.\" \/>\n<meta property=\"og:url\" content=\"https:\/\/planyard.com\/et\/ehitus-crm-ja-muugitarkvara\" \/>\n<meta property=\"og:site_name\" content=\"Planyard Eesti\" \/>\n<meta property=\"article:modified_time\" content=\"2025-05-17T16:16:38+00:00\" \/>\n<meta name=\"twitter:card\" content=\"summary_large_image\" \/>\n<!-- \/ Yoast SEO plugin. -->","yoast_head_json":{"title":"Ehitus CRM ja m\u00fc\u00fcgitarkvara - Planyard Eesti","description":"Lihtsusta m\u00fc\u00fcgitorusid ja projektide j\u00e4lgimist Planyardi ehitus CRM ja m\u00fc\u00fcgitarkvaraga. Pakkumised, hinnapakkumised ja eelarved \u00fches kohas.","robots":{"index":"index","follow":"follow","max-snippet":"max-snippet:-1","max-image-preview":"max-image-preview:large","max-video-preview":"max-video-preview:-1"},"canonical":"https:\/\/planyard.com\/et\/ehitus-crm-ja-muugitarkvara","og_locale":"et_EE","og_type":"article","og_title":"Ehitus CRM ja m\u00fc\u00fcgitarkvara - Planyard Eesti","og_description":"Lihtsusta m\u00fc\u00fcgitorusid ja projektide j\u00e4lgimist Planyardi ehitus CRM ja m\u00fc\u00fcgitarkvaraga. Pakkumised, hinnapakkumised ja eelarved \u00fches kohas.","og_url":"https:\/\/planyard.com\/et\/ehitus-crm-ja-muugitarkvara","og_site_name":"Planyard Eesti","article_modified_time":"2025-05-17T16:16:38+00:00","twitter_card":"summary_large_image","schema":{"@context":"https:\/\/schema.org","@graph":[{"@type":"WebPage","@id":"https:\/\/planyard.com\/et\/ehitus-crm-ja-muugitarkvara","url":"https:\/\/planyard.com\/et\/ehitus-crm-ja-muugitarkvara","name":"Ehitus CRM ja m\u00fc\u00fcgitarkvara - Planyard Eesti","isPartOf":{"@id":"https:\/\/planyard.com\/et#website"},"datePublished":"2025-01-20T13:01:38+00:00","dateModified":"2025-05-17T16:16:38+00:00","description":"Lihtsusta m\u00fc\u00fcgitorusid ja projektide j\u00e4lgimist Planyardi ehitus CRM ja m\u00fc\u00fcgitarkvaraga. Pakkumised, hinnapakkumised ja eelarved \u00fches kohas.","breadcrumb":{"@id":"https:\/\/planyard.com\/et\/ehitus-crm-ja-muugitarkvara#breadcrumb"},"inLanguage":"et","potentialAction":[{"@type":"ReadAction","target":["https:\/\/planyard.com\/et\/ehitus-crm-ja-muugitarkvara"]}]},{"@type":"BreadcrumbList","@id":"https:\/\/planyard.com\/et\/ehitus-crm-ja-muugitarkvara#breadcrumb","itemListElement":[{"@type":"ListItem","position":1,"name":"Home","item":"https:\/\/planyard.com\/et"},{"@type":"ListItem","position":2,"name":"Ehitus CRM ja m\u00fc\u00fcgitarkvara"}]},{"@type":"WebSite","@id":"https:\/\/planyard.com\/et#website","url":"https:\/\/planyard.com\/et","name":"Planyard Eesti","description":"","potentialAction":[{"@type":"SearchAction","target":{"@type":"EntryPoint","urlTemplate":"https:\/\/planyard.com\/et?s={search_term_string}"},"query-input":{"@type":"PropertyValueSpecification","valueRequired":true,"valueName":"search_term_string"}}],"inLanguage":"et"}]}},"_links":{"self":[{"href":"https:\/\/planyard.com\/et\/wp-json\/wp\/v2\/pages\/10779","targetHints":{"allow":["GET"]}}],"collection":[{"href":"https:\/\/planyard.com\/et\/wp-json\/wp\/v2\/pages"}],"about":[{"href":"https:\/\/planyard.com\/et\/wp-json\/wp\/v2\/types\/page"}],"author":[{"embeddable":true,"href":"https:\/\/planyard.com\/et\/wp-json\/wp\/v2\/users\/3"}],"replies":[{"embeddable":true,"href":"https:\/\/planyard.com\/et\/wp-json\/wp\/v2\/comments?post=10779"}],"version-history":[{"count":1,"href":"https:\/\/planyard.com\/et\/wp-json\/wp\/v2\/pages\/10779\/revisions"}],"predecessor-version":[{"id":10931,"href":"https:\/\/planyard.com\/et\/wp-json\/wp\/v2\/pages\/10779\/revisions\/10931"}],"wp:attachment":[{"href":"https:\/\/planyard.com\/et\/wp-json\/wp\/v2\/media?parent=10779"}],"wp:term":[{"taxonomy":"page_intent","embeddable":true,"href":"https:\/\/planyard.com\/et\/wp-json\/wp\/v2\/page_intent?post=10779"},{"taxonomy":"page_type","embeddable":true,"href":"https:\/\/planyard.com\/et\/wp-json\/wp\/v2\/page_type?post=10779"}],"curies":[{"name":"wp","href":"https:\/\/api.w.org\/{rel}","templated":true}]}}