{"id":10773,"date":"2024-09-12T06:06:03","date_gmt":"2024-09-12T06:06:03","guid":{"rendered":"https:\/\/planyard.com\/construction-cost-codes-for-project-managers"},"modified":"2025-05-19T17:01:53","modified_gmt":"2025-05-19T17:01:53","slug":"ehitusprojekti-kulukoodid-ehitusjuhtidele","status":"publish","type":"page","link":"https:\/\/planyard.com\/et\/ehitusprojekti-kulukoodid-ehitusjuhtidele","title":{"rendered":"Ehitusprojekti kulukoodid"},"content":{"rendered":"\n<h2 class=\"wp-block-heading has-text-align-center paddedHeading\" id=\"what-are-construction-cost-codes\">Mis on ehitusprojekti kulukoodid?<\/h2>\n\n\n\n<div class=\"wp-block-media-text alignwide has-media-on-the-right is-stacked-on-mobile\"><div class=\"wp-block-media-text__content\">\n<p><br>Ehitusprojekti kulukoodid on m\u00e4\u00e4ratletud koodide loetelu, mida kasutatakse summade, koguste, eelarvete, kasumite ja muu t\u00f6\u00f6ga seotud teabe j\u00e4lgimiseks, haldamiseks ja aruandluseks. <\/p>\n\n\n\n<p>Need koodid lihtsustavad ettev\u00f5tte\u00fclese andmehalduse k\u00f5igile osapooltele, sealhulgas hindajatele, peat\u00f6\u00f6v\u00f5tjatele ja raamatupidamisele.<\/p>\n\n\n\n<p>Neid tuleks kasutada prognoosimiseks ja lepingute s\u00f5lmimiseks, et tagada kulude haldamine ja raamatupidamine, pakkudes t\u00e4ielikku projekti n\u00e4htavust ning v\u00f5imaldades vigade avastamist ja andmete taaskasutamist.<\/p>\n<\/div><figure class=\"wp-block-media-text__media\"><img loading=\"lazy\" decoding=\"async\" width=\"386\" height=\"365\" src=\"https:\/\/planyard.com\/wp-content\/uploads\/2024\/09\/Example-construction-cost-codes.png\" alt=\"\" class=\"wp-image-1976 size-full\"\/><\/figure><\/div>\n\n\n\n<h2 class=\"wp-block-heading has-text-align-center\">Ehitusprojekti kulukoodide kasutamise eelised<\/h2>\n\n\n\n<div class=\"wp-block-columns is-layout-flex wp-container-core-columns-is-layout-9d6595d7 wp-block-columns-is-layout-flex\">\n<div class=\"wp-block-column is-layout-flow wp-block-column-is-layout-flow\">\n<h4 class=\"wp-block-heading\" id=\"cost-control\">Kulude kontroll<\/h4>\n\n\n\n<p>Kiire ja lihtne viis tuvastada ja anal\u00fc\u00fcsida, kuidas raha projektis kulutatakse.<\/p>\n<\/div>\n\n\n\n<div class=\"wp-block-column is-layout-flow wp-block-column-is-layout-flow\">\n<h4 class=\"wp-block-heading\" id=\"kpis-tracking\">Tulemusn\u00e4itajate j\u00e4lgimine<\/h4>\n\n\n\n<p>J\u00e4lgige ja hallake tulemusn\u00e4itajaid, nagu hinnanguline maksumus, maksumuse hinnang, praegused kulud ja palju muud.<\/p>\n<\/div>\n\n\n\n<div class=\"wp-block-column is-layout-flow wp-block-column-is-layout-flow\">\n<h4 class=\"wp-block-heading\" id=\"ideal-for-companywide-use\">Ideaalne ettev\u00f5tte\u00fcleseks kasutamiseks<\/h4>\n\n\n\n<p>Sama koodide kasutamine kogu ettev\u00f5ttes muudab kulude, vigade ja prognooside j\u00e4lgimise ja anal\u00fc\u00fcsimise lihtsaks k\u00f5igile osapooltele.<\/p>\n<\/div>\n<\/div>\n\n\n\n<div class=\"wp-block-columns is-layout-flex wp-container-core-columns-is-layout-9d6595d7 wp-block-columns-is-layout-flex\">\n<div class=\"wp-block-column is-layout-flow wp-block-column-is-layout-flow\">\n<h4 class=\"wp-block-heading\" id=\"visualize-profit-centers\">Kasumikeskuste visualiseerimine<\/h4>\n\n\n\n<p>L\u00f5pp-anal\u00fc\u00fcs kasumikeskuste ja probleemsete valdkondade visualiseerimiseks.<\/p>\n<\/div>\n\n\n\n<div class=\"wp-block-column is-layout-flow wp-block-column-is-layout-flow\">\n<h4 class=\"wp-block-heading\" id=\"estimating\">Hindamine<\/h4>\n\n\n\n<p>Annab struktuuri ja juurdep\u00e4\u00e4su kulude j\u00e4lgimiseks reaalajas, et seada t\u00e4psemaid ja realistlikumaid hinnanguid.<\/p>\n<\/div>\n\n\n\n<div class=\"wp-block-column is-layout-flow wp-block-column-is-layout-flow\">\n<h4 class=\"wp-block-heading\" id=\"real-time-tracking\">Reaalajas j\u00e4lgimine<\/h4>\n\n\n\n<p>V\u00f5imaldab juhtkonnal saada selge \u00fclevaate t\u00f6\u00f6st ja hoida k\u00f5iki osapooli kaasatuna.<\/p>\n<\/div>\n<\/div>\n\n\n\n<h2 class=\"wp-block-heading has-text-align-center\">T\u00f6\u00f6 jagamine v\u00e4iksemateks osadeks<\/h2>\n\n\n\n<div class=\"wp-block-media-text alignwide has-media-on-the-right is-stacked-on-mobile\"><div class=\"wp-block-media-text__content\">\n<p><br>T\u00f6\u00f6d saab jagada projekti ehitusprojekti kulukoodide abil, et jagada \u00fclesanded v\u00e4iksemateks osadeks (nt vundamendid, paigaldused, fassaadid).<\/p>\n\n\n\n<p>Planyard soovitab j\u00e4rgida t\u00f6\u00f6de kronoloogilist j\u00e4rjekorda. Kulude struktureerimine kohapealsete tegevuste j\u00e4rgi aitab juhtkonnal j\u00e4lgida kasumlikkust etappides. Projekti keskpaigaks saate n\u00e4ha, kas esialgsed etapid, nagu vundamendit\u00f6\u00f6d, olid kasumlikud.<\/p>\n<\/div><figure class=\"wp-block-media-text__media\"><img loading=\"lazy\" decoding=\"async\" width=\"586\" height=\"367\" src=\"https:\/\/planyard.com\/wp-content\/uploads\/2024\/09\/Categoreis.png\" alt=\"\" class=\"wp-image-1977 size-full\"\/><\/figure><\/div>\n\n\n\n<h2 class=\"wp-block-heading has-text-align-center\">Ehitusprojekti eelarve struktuur<\/h2>\n\n\n\n<div class=\"wp-block-media-text alignwide has-media-on-the-right is-stacked-on-mobile\"><div class=\"wp-block-media-text__content\">\n<p>Ehitusprojekti kulukoodid peaksid siduma projekti prognoosi ja kulude haldamise t\u00f6\u00f6\u00fclesannete ja struktuuriga. Kulukoodidel peaks olema \u00e4ratuntav struktuur, alates \u00fcldisest projektitasemest kuni \u00fcksikute t\u00f6\u00f6de ja kontodeni.<\/p>\n\n\n\n<p>Paremal n\u00e4ete v\u00e4lispaigaldiste kategooriat, mis on jagatud kontotasemele.<\/p>\n<\/div><figure class=\"wp-block-media-text__media\"><img loading=\"lazy\" decoding=\"async\" width=\"809\" height=\"198\" src=\"https:\/\/planyard.com\/wp-content\/uploads\/2024\/09\/Category-breakdown.png\" alt=\"\" class=\"wp-image-1978 size-full\"\/><\/figure><\/div>\n\n\n\n<h2 class=\"wp-block-heading has-text-align-center paddedHeading\" id=\"budget-managed-from-an-estimate-from-job-costing-to-project-income\">Eelarve haldamine hinnangust, t\u00f6\u00f6 maksumusest kuni projekti tuluni<\/h2>\n\n\n\n<p>Lisaks on tark loetleda eelarve koos kliendi poolt makstud kuludega, et v\u00f5imaldada t\u00f6\u00f6 kasumlikkuse j\u00e4lgimist artikli tasemel.<\/p>\n\n\n\n<figure class=\"wp-block-image size-full\"><img loading=\"lazy\" decoding=\"async\" width=\"1024\" height=\"165\" src=\"https:\/\/planyard.com\/wp-content\/uploads\/2024\/09\/Category-breakdown-goal-and-free-1024x165-1.png\" alt=\"\" class=\"wp-image-1979\"\/><\/figure>\n\n\n\n<div class=\"wp-block-group\"><div class=\"wp-block-group__inner-container is-layout-constrained wp-block-group-is-layout-constrained\">\n<h2 class=\"wp-block-heading has-text-align-center paddedHeading\" id=\"to-what-level-should-you-break-down-construction-cost-codes\">Millisele tasemele peaksite ehitusprojekti kulukoode jagama?<\/h2>\n\n\n\n<p>Sellele k\u00fcsimusele pole \u00fchte vastust. Alustage j\u00e4lgimisega, millist detailitaset erinevad osapooled vajavad. Kulude liiga detailne j\u00e4lgimine muudab aruandluse ajamahukaks \u00fclesandeks peat\u00f6\u00f6v\u00f5tjatele ja lisab kulude anal\u00fc\u00fcsi protsessile keerukust.<\/p>\n\n\n\n<p><strong>NB! Oluline on meeles pidada, et kulukoodide haldamises on kaasatud mitmeid osapooli. K\u00f5ik osapooled peaksid olema kaasatud sobiva kulukoodide struktuuri valimisse.<\/strong><\/p>\n\n\n\n<ol class=\"wp-block-list\">\n<li>Oluline on m\u00f5elda, kes hakkab kulukoodide teavet kasutama<\/li>\n\n\n\n<li>Peat\u00f6\u00f6v\u00f5tjad on huvitatud t\u00f6\u00f6 tegemisest ja peaksid saama eelarvet kontrollida v\u00f5imalikult v\u00e4hese aruandluse ajakuluga<\/li>\n\n\n\n<li>Raamatupidamine on huvitatud kulude j\u00e4lgimisest iga konto j\u00e4rgi<br>Juhtkond peaks suutma j\u00e4lgida vigu, vastutust ja kasumlikkust<\/li>\n\n\n\n<li>Hindajad tulevaste hinnangute jaoks peavad suutma j\u00e4lgida praeguste t\u00f6\u00f6de tegelikke kulusid<\/li>\n<\/ol>\n<\/div><\/div>\n\n\n\n<h2 class=\"wp-block-heading has-text-align-center paddedHeading\" id=\"where-to-get-a-list-of-construction-cost-codes\">Kust saada ehitusprojekti kulukoodide loetelu?<\/h2>\n\n\n\n<div class=\"wp-block-buttons is-horizontal is-content-justification-center is-layout-flex wp-container-core-buttons-is-layout-499968f5 wp-block-buttons-is-layout-flex\">\n<div class=\"wp-block-button\"><a class=\"wp-block-button__link has-background wp-element-button\" href=\"https:\/\/planyard.com\/et\/hankige-oma-tasuta-ehituse-kulukoodid\" style=\"background-color:#2756ff\" target=\"_blank\" rel=\"noreferrer noopener\">Hankige ehitusprojekti kulukoodid tasuta<\/a><\/div>\n<\/div>\n\n\n\n<h2 class=\"wp-block-heading has-text-align-center\">Planyardi tarkvara aitab ambitsioonikatel meeskondadel oma eesm\u00e4rke saavutada ja kasvu kiirendada.<\/h2>\n\n\n\n<div class=\"wp-block-media-text alignwide has-media-on-the-right is-stacked-on-mobile is-vertically-aligned-center\" style=\"grid-template-columns:auto 41%\"><div class=\"wp-block-media-text__content\">\n<ul class=\"wp-block-list\">\n<li>Enam pole vaja arvutustabeleid<\/li>\n\n\n\n<li>S\u00e4\u00e4stab peat\u00f6\u00f6v\u00f5tjate ja hindajate aega<\/li>\n\n\n\n<li>Lihtne rakendada ja kasutada<\/li>\n\n\n\n<li>Reaalajas ja t\u00e4psed finantsprognoosid<\/li>\n\n\n\n<li>Enam pole topeltandmete sisestamist<\/li>\n<\/ul>\n\n\n\n<div class=\"wp-block-buttons is-layout-flex wp-block-buttons-is-layout-flex\">\n<div class=\"wp-block-button\"><a class=\"wp-block-button__link has-background wp-element-button\" href=\"https:\/\/planyard.com\/sign-up\" style=\"background-color:#2756ff\">Alustage tasuta prooviperioodi<\/a><\/div>\n\n\n\n<div class=\"wp-block-button\"><a class=\"wp-block-button__link has-background wp-element-button\" href=\"https:\/\/meetings.hubspot.com\/cedlund\" style=\"background-color:#2756ff\" target=\"_blank\" rel=\"noreferrer noopener\">K\u00fcsige demo<\/a><\/div>\n<\/div>\n<\/div><figure class=\"wp-block-media-text__media\"><img loading=\"lazy\" decoding=\"async\" width=\"1024\" height=\"598\" src=\"https:\/\/planyard.com\/wp-content\/uploads\/2024\/09\/construction-project-management-software-macbook-iphone-1_reduced-1024x598-1.webp\" alt=\"\" class=\"wp-image-1980 size-large\"\/><\/figure><\/div>\n","protected":false},"excerpt":{"rendered":"<p>Mis on ehitusprojekti kulukoodid? Ehitusprojekti kulukoodid on m\u00e4\u00e4ratletud koodide loetelu, mida kasutatakse summade, koguste, eelarvete, kasumite ja muu t\u00f6\u00f6ga seotud teabe j\u00e4lgimiseks, haldamiseks ja aruandluseks. Need koodid lihtsustavad ettev\u00f5tte\u00fclese andmehalduse k\u00f5igile osapooltele, sealhulgas hindajatele, peat\u00f6\u00f6v\u00f5tjatele ja raamatupidamisele. Neid tuleks kasutada prognoosimiseks ja lepingute s\u00f5lmimiseks, et tagada kulude haldamine ja raamatupidamine, pakkudes t\u00e4ielikku projekti n\u00e4htavust ning&#8230;  <a class=\"excerpt-read-more\" href=\"https:\/\/planyard.com\/et\/ehitusprojekti-kulukoodid-ehitusjuhtidele\" title=\"Loe  Ehitusprojekti kulukoodid\">Loe edasi &#8220;<\/a><\/p>\n","protected":false},"author":5,"featured_media":0,"parent":0,"menu_order":0,"comment_status":"closed","ping_status":"closed","template":"","meta":{"_acf_changed":false,"content-type":"","footnotes":""},"page_intent":[160],"page_type":[],"class_list":["post-10773","page","type-page","status-publish","hentry"],"acf":[],"yoast_head":"<!-- This site is optimized with the Yoast SEO plugin v27.1.1 - https:\/\/yoast.com\/product\/yoast-seo-wordpress\/ -->\n<title>Ehitusmaksumuse koodid projektijuhtidele - Juhend ja tasuta mall<\/title>\n<meta name=\"description\" content=\"Laadige alla Planyard ehitusmaksumuse koodid tasuta ja hoidke oma t\u00f6\u00f6 kulud kontrolli all. Tasuta arvutustabel ehitusprojektide juhtidele.\" \/>\n<meta name=\"robots\" content=\"index, follow, max-snippet:-1, max-image-preview:large, max-video-preview:-1\" \/>\n<link rel=\"canonical\" href=\"https:\/\/planyard.com\/et\/ehitusprojekti-kulukoodid-ehitusjuhtidele\" \/>\n<meta property=\"og:locale\" content=\"et_EE\" \/>\n<meta property=\"og:type\" content=\"article\" \/>\n<meta property=\"og:title\" content=\"Ehitusmaksumuse koodid projektijuhtidele - Juhend ja tasuta mall\" \/>\n<meta property=\"og:description\" content=\"Laadige alla Planyard ehitusmaksumuse koodid tasuta ja hoidke oma t\u00f6\u00f6 kulud kontrolli all. Tasuta arvutustabel ehitusprojektide juhtidele.\" \/>\n<meta property=\"og:url\" content=\"https:\/\/planyard.com\/et\/ehitusprojekti-kulukoodid-ehitusjuhtidele\" \/>\n<meta property=\"og:site_name\" content=\"Planyard Eesti\" \/>\n<meta property=\"article:modified_time\" content=\"2025-05-19T17:01:53+00:00\" \/>\n<meta property=\"og:image\" content=\"https:\/\/planyard.com\/wp-content\/uploads\/2024\/09\/Example-construction-cost-codes.png\" \/>\n\t<meta property=\"og:image:width\" content=\"386\" \/>\n\t<meta property=\"og:image:height\" content=\"365\" \/>\n\t<meta property=\"og:image:type\" content=\"image\/png\" \/>\n<meta name=\"twitter:card\" content=\"summary_large_image\" \/>\n<meta name=\"twitter:label1\" content=\"Est. reading time\" \/>\n\t<meta name=\"twitter:data1\" content=\"4 minutit\" \/>\n<!-- \/ Yoast SEO plugin. -->","yoast_head_json":{"title":"Ehitusmaksumuse koodid projektijuhtidele - Juhend ja tasuta mall","description":"Laadige alla Planyard ehitusmaksumuse koodid tasuta ja hoidke oma t\u00f6\u00f6 kulud kontrolli all. Tasuta arvutustabel ehitusprojektide juhtidele.","robots":{"index":"index","follow":"follow","max-snippet":"max-snippet:-1","max-image-preview":"max-image-preview:large","max-video-preview":"max-video-preview:-1"},"canonical":"https:\/\/planyard.com\/et\/ehitusprojekti-kulukoodid-ehitusjuhtidele","og_locale":"et_EE","og_type":"article","og_title":"Ehitusmaksumuse koodid projektijuhtidele - Juhend ja tasuta mall","og_description":"Laadige alla Planyard ehitusmaksumuse koodid tasuta ja hoidke oma t\u00f6\u00f6 kulud kontrolli all. Tasuta arvutustabel ehitusprojektide juhtidele.","og_url":"https:\/\/planyard.com\/et\/ehitusprojekti-kulukoodid-ehitusjuhtidele","og_site_name":"Planyard Eesti","article_modified_time":"2025-05-19T17:01:53+00:00","og_image":[{"width":386,"height":365,"url":"https:\/\/planyard.com\/wp-content\/uploads\/2024\/09\/Example-construction-cost-codes.png","type":"image\/png"}],"twitter_card":"summary_large_image","twitter_misc":{"Est. reading time":"4 minutit"},"schema":{"@context":"https:\/\/schema.org","@graph":[{"@type":"WebPage","@id":"https:\/\/planyard.com\/et\/ehitusprojekti-kulukoodid-ehitusjuhtidele","url":"https:\/\/planyard.com\/et\/ehitusprojekti-kulukoodid-ehitusjuhtidele","name":"Ehitusmaksumuse koodid projektijuhtidele - Juhend ja tasuta mall","isPartOf":{"@id":"https:\/\/planyard.com\/et#website"},"primaryImageOfPage":{"@id":"https:\/\/planyard.com\/et\/ehitusprojekti-kulukoodid-ehitusjuhtidele#primaryimage"},"image":{"@id":"https:\/\/planyard.com\/et\/ehitusprojekti-kulukoodid-ehitusjuhtidele#primaryimage"},"thumbnailUrl":"https:\/\/planyard.com\/wp-content\/uploads\/2024\/09\/Example-construction-cost-codes.png","datePublished":"2024-09-12T06:06:03+00:00","dateModified":"2025-05-19T17:01:53+00:00","description":"Laadige alla Planyard ehitusmaksumuse koodid tasuta ja hoidke oma t\u00f6\u00f6 kulud kontrolli all. Tasuta arvutustabel ehitusprojektide juhtidele.","breadcrumb":{"@id":"https:\/\/planyard.com\/et\/ehitusprojekti-kulukoodid-ehitusjuhtidele#breadcrumb"},"inLanguage":"et","potentialAction":[{"@type":"ReadAction","target":["https:\/\/planyard.com\/et\/ehitusprojekti-kulukoodid-ehitusjuhtidele"]}]},{"@type":"ImageObject","inLanguage":"et","@id":"https:\/\/planyard.com\/et\/ehitusprojekti-kulukoodid-ehitusjuhtidele#primaryimage","url":"https:\/\/planyard.com\/wp-content\/uploads\/2024\/09\/Example-construction-cost-codes.png","contentUrl":"https:\/\/planyard.com\/wp-content\/uploads\/2024\/09\/Example-construction-cost-codes.png"},{"@type":"BreadcrumbList","@id":"https:\/\/planyard.com\/et\/ehitusprojekti-kulukoodid-ehitusjuhtidele#breadcrumb","itemListElement":[{"@type":"ListItem","position":1,"name":"Home","item":"https:\/\/planyard.com\/et"},{"@type":"ListItem","position":2,"name":"Ehitusmaksumuse koodid"}]},{"@type":"WebSite","@id":"https:\/\/planyard.com\/et#website","url":"https:\/\/planyard.com\/et","name":"Planyard Eesti","description":"","potentialAction":[{"@type":"SearchAction","target":{"@type":"EntryPoint","urlTemplate":"https:\/\/planyard.com\/et?s={search_term_string}"},"query-input":{"@type":"PropertyValueSpecification","valueRequired":true,"valueName":"search_term_string"}}],"inLanguage":"et"}]}},"_links":{"self":[{"href":"https:\/\/planyard.com\/et\/wp-json\/wp\/v2\/pages\/10773","targetHints":{"allow":["GET"]}}],"collection":[{"href":"https:\/\/planyard.com\/et\/wp-json\/wp\/v2\/pages"}],"about":[{"href":"https:\/\/planyard.com\/et\/wp-json\/wp\/v2\/types\/page"}],"author":[{"embeddable":true,"href":"https:\/\/planyard.com\/et\/wp-json\/wp\/v2\/users\/5"}],"replies":[{"embeddable":true,"href":"https:\/\/planyard.com\/et\/wp-json\/wp\/v2\/comments?post=10773"}],"version-history":[{"count":3,"href":"https:\/\/planyard.com\/et\/wp-json\/wp\/v2\/pages\/10773\/revisions"}],"predecessor-version":[{"id":15902,"href":"https:\/\/planyard.com\/et\/wp-json\/wp\/v2\/pages\/10773\/revisions\/15902"}],"wp:attachment":[{"href":"https:\/\/planyard.com\/et\/wp-json\/wp\/v2\/media?parent=10773"}],"wp:term":[{"taxonomy":"page_intent","embeddable":true,"href":"https:\/\/planyard.com\/et\/wp-json\/wp\/v2\/page_intent?post=10773"},{"taxonomy":"page_type","embeddable":true,"href":"https:\/\/planyard.com\/et\/wp-json\/wp\/v2\/page_type?post=10773"}],"curies":[{"name":"wp","href":"https:\/\/api.w.org\/{rel}","templated":true}]}}