{"id":10769,"date":"2024-08-19T12:26:51","date_gmt":"2024-08-19T12:26:51","guid":{"rendered":"https:\/\/planyard.com\/construction-contract-administration-software"},"modified":"2025-05-17T16:23:43","modified_gmt":"2025-05-17T16:23:43","slug":"ehituslepingu-haldustarkvara","status":"publish","type":"page","link":"https:\/\/planyard.com\/et\/ehituslepingu-haldustarkvara","title":{"rendered":"Ehituslepingu haldustarkvara"},"content":{"rendered":"","protected":false},"excerpt":{"rendered":"","protected":false},"author":2,"featured_media":0,"parent":0,"menu_order":0,"comment_status":"closed","ping_status":"closed","template":"","meta":{"_acf_changed":false,"content-type":"","footnotes":""},"page_intent":[145],"page_type":[],"class_list":["post-10769","page","type-page","status-publish","hentry"],"acf":[],"yoast_head":"<!-- This site is optimized with the Yoast SEO plugin v26.9 - https:\/\/yoast.com\/product\/yoast-seo-wordpress\/ -->\n<title>Ehituslepingu Haldustarkvara - Planyard Eesti<\/title>\n<meta name=\"description\" content=\"Planyardi ehituslepingu haldustarkvara v\u00f5imaldab j\u00e4lgida oma ehituslepinguid ja edenemisaruandeid. Proovi 14 p\u00e4eva tasuta.\" \/>\n<meta name=\"robots\" content=\"index, follow, max-snippet:-1, max-image-preview:large, max-video-preview:-1\" \/>\n<link rel=\"canonical\" href=\"https:\/\/planyard.com\/et\/ehituslepingu-haldustarkvara\" \/>\n<meta property=\"og:locale\" content=\"et_EE\" \/>\n<meta property=\"og:type\" content=\"article\" \/>\n<meta property=\"og:title\" content=\"Ehituslepingu Haldustarkvara - Planyard Eesti\" \/>\n<meta property=\"og:description\" content=\"Planyardi ehituslepingu haldustarkvara v\u00f5imaldab j\u00e4lgida oma ehituslepinguid ja edenemisaruandeid. Proovi 14 p\u00e4eva tasuta.\" \/>\n<meta property=\"og:url\" content=\"https:\/\/planyard.com\/et\/ehituslepingu-haldustarkvara\" \/>\n<meta property=\"og:site_name\" content=\"Planyard Eesti\" \/>\n<meta property=\"article:modified_time\" content=\"2025-05-17T16:23:43+00:00\" \/>\n<meta name=\"twitter:card\" content=\"summary_large_image\" \/>\n<!-- \/ Yoast SEO plugin. -->","yoast_head_json":{"title":"Ehituslepingu Haldustarkvara - Planyard Eesti","description":"Planyardi ehituslepingu haldustarkvara v\u00f5imaldab j\u00e4lgida oma ehituslepinguid ja edenemisaruandeid. Proovi 14 p\u00e4eva tasuta.","robots":{"index":"index","follow":"follow","max-snippet":"max-snippet:-1","max-image-preview":"max-image-preview:large","max-video-preview":"max-video-preview:-1"},"canonical":"https:\/\/planyard.com\/et\/ehituslepingu-haldustarkvara","og_locale":"et_EE","og_type":"article","og_title":"Ehituslepingu Haldustarkvara - Planyard Eesti","og_description":"Planyardi ehituslepingu haldustarkvara v\u00f5imaldab j\u00e4lgida oma ehituslepinguid ja edenemisaruandeid. Proovi 14 p\u00e4eva tasuta.","og_url":"https:\/\/planyard.com\/et\/ehituslepingu-haldustarkvara","og_site_name":"Planyard Eesti","article_modified_time":"2025-05-17T16:23:43+00:00","twitter_card":"summary_large_image","schema":{"@context":"https:\/\/schema.org","@graph":[{"@type":"WebPage","@id":"https:\/\/planyard.com\/et\/ehituslepingu-haldustarkvara","url":"https:\/\/planyard.com\/et\/ehituslepingu-haldustarkvara","name":"Ehituslepingu Haldustarkvara - Planyard Eesti","isPartOf":{"@id":"https:\/\/planyard.com\/et#website"},"datePublished":"2024-08-19T12:26:51+00:00","dateModified":"2025-05-17T16:23:43+00:00","description":"Planyardi ehituslepingu haldustarkvara v\u00f5imaldab j\u00e4lgida oma ehituslepinguid ja edenemisaruandeid. Proovi 14 p\u00e4eva tasuta.","breadcrumb":{"@id":"https:\/\/planyard.com\/et\/ehituslepingu-haldustarkvara#breadcrumb"},"inLanguage":"et","potentialAction":[{"@type":"ReadAction","target":["https:\/\/planyard.com\/et\/ehituslepingu-haldustarkvara"]}]},{"@type":"BreadcrumbList","@id":"https:\/\/planyard.com\/et\/ehituslepingu-haldustarkvara#breadcrumb","itemListElement":[{"@type":"ListItem","position":1,"name":"Home","item":"https:\/\/planyard.com\/et"},{"@type":"ListItem","position":2,"name":"Ehituslepingu haldustarkvara"}]},{"@type":"WebSite","@id":"https:\/\/planyard.com\/et#website","url":"https:\/\/planyard.com\/et","name":"Planyard Eesti","description":"","potentialAction":[{"@type":"SearchAction","target":{"@type":"EntryPoint","urlTemplate":"https:\/\/planyard.com\/et?s={search_term_string}"},"query-input":{"@type":"PropertyValueSpecification","valueRequired":true,"valueName":"search_term_string"}}],"inLanguage":"et"}]}},"_links":{"self":[{"href":"https:\/\/planyard.com\/et\/wp-json\/wp\/v2\/pages\/10769","targetHints":{"allow":["GET"]}}],"collection":[{"href":"https:\/\/planyard.com\/et\/wp-json\/wp\/v2\/pages"}],"about":[{"href":"https:\/\/planyard.com\/et\/wp-json\/wp\/v2\/types\/page"}],"author":[{"embeddable":true,"href":"https:\/\/planyard.com\/et\/wp-json\/wp\/v2\/users\/2"}],"replies":[{"embeddable":true,"href":"https:\/\/planyard.com\/et\/wp-json\/wp\/v2\/comments?post=10769"}],"version-history":[{"count":1,"href":"https:\/\/planyard.com\/et\/wp-json\/wp\/v2\/pages\/10769\/revisions"}],"predecessor-version":[{"id":11042,"href":"https:\/\/planyard.com\/et\/wp-json\/wp\/v2\/pages\/10769\/revisions\/11042"}],"wp:attachment":[{"href":"https:\/\/planyard.com\/et\/wp-json\/wp\/v2\/media?parent=10769"}],"wp:term":[{"taxonomy":"page_intent","embeddable":true,"href":"https:\/\/planyard.com\/et\/wp-json\/wp\/v2\/page_intent?post=10769"},{"taxonomy":"page_type","embeddable":true,"href":"https:\/\/planyard.com\/et\/wp-json\/wp\/v2\/page_type?post=10769"}],"curies":[{"name":"wp","href":"https:\/\/api.w.org\/{rel}","templated":true}]}}