{"id":10768,"date":"2024-08-19T10:44:02","date_gmt":"2024-08-19T10:44:02","guid":{"rendered":"https:\/\/planyard.com\/construction-change-order-software"},"modified":"2025-05-17T16:23:32","modified_gmt":"2025-05-17T16:23:32","slug":"ehituse-lisatoode-tarkvara","status":"publish","type":"page","link":"https:\/\/planyard.com\/et\/ehituse-lisatoode-tarkvara","title":{"rendered":"Ehituse Lisat\u00f6\u00f6de Tarkvara"},"content":{"rendered":"","protected":false},"excerpt":{"rendered":"","protected":false},"author":2,"featured_media":0,"parent":0,"menu_order":0,"comment_status":"closed","ping_status":"closed","template":"","meta":{"_acf_changed":false,"content-type":"","footnotes":""},"page_intent":[145],"page_type":[],"class_list":["post-10768","page","type-page","status-publish","hentry"],"acf":[],"yoast_head":"<!-- This site is optimized with the Yoast SEO plugin v26.9 - https:\/\/yoast.com\/product\/yoast-seo-wordpress\/ -->\n<title>Ehituse Lisat\u00f6\u00f6de Tarkvara - Proovi 14 P\u00e4eva Tasuta<\/title>\n<meta name=\"description\" content=\"Kasutage Planyardi intuitiivset ehituse lisat\u00f6\u00f6de tarkvara ja hoidke oma ehitusprojekti lisat\u00f6\u00f6del h\u00f5lpsalt silma peal.\" \/>\n<meta name=\"robots\" content=\"index, follow, max-snippet:-1, max-image-preview:large, max-video-preview:-1\" \/>\n<link rel=\"canonical\" href=\"https:\/\/planyard.com\/et\/ehituse-lisatoode-tarkvara\" \/>\n<meta property=\"og:locale\" content=\"et_EE\" \/>\n<meta property=\"og:type\" content=\"article\" \/>\n<meta property=\"og:title\" content=\"Ehituse Lisat\u00f6\u00f6de Tarkvara - Proovi 14 P\u00e4eva Tasuta\" \/>\n<meta property=\"og:description\" content=\"Kasutage Planyardi intuitiivset ehituse lisat\u00f6\u00f6de tarkvara ja hoidke oma ehitusprojekti lisat\u00f6\u00f6del h\u00f5lpsalt silma peal.\" \/>\n<meta property=\"og:url\" content=\"https:\/\/planyard.com\/et\/ehituse-lisatoode-tarkvara\" \/>\n<meta property=\"og:site_name\" content=\"Planyard Eesti\" \/>\n<meta property=\"article:modified_time\" content=\"2025-05-17T16:23:32+00:00\" \/>\n<meta name=\"twitter:card\" content=\"summary_large_image\" \/>\n<!-- \/ Yoast SEO plugin. -->","yoast_head_json":{"title":"Ehituse Lisat\u00f6\u00f6de Tarkvara - Proovi 14 P\u00e4eva Tasuta","description":"Kasutage Planyardi intuitiivset ehituse lisat\u00f6\u00f6de tarkvara ja hoidke oma ehitusprojekti lisat\u00f6\u00f6del h\u00f5lpsalt silma peal.","robots":{"index":"index","follow":"follow","max-snippet":"max-snippet:-1","max-image-preview":"max-image-preview:large","max-video-preview":"max-video-preview:-1"},"canonical":"https:\/\/planyard.com\/et\/ehituse-lisatoode-tarkvara","og_locale":"et_EE","og_type":"article","og_title":"Ehituse Lisat\u00f6\u00f6de Tarkvara - Proovi 14 P\u00e4eva Tasuta","og_description":"Kasutage Planyardi intuitiivset ehituse lisat\u00f6\u00f6de tarkvara ja hoidke oma ehitusprojekti lisat\u00f6\u00f6del h\u00f5lpsalt silma peal.","og_url":"https:\/\/planyard.com\/et\/ehituse-lisatoode-tarkvara","og_site_name":"Planyard Eesti","article_modified_time":"2025-05-17T16:23:32+00:00","twitter_card":"summary_large_image","schema":{"@context":"https:\/\/schema.org","@graph":[{"@type":"WebPage","@id":"https:\/\/planyard.com\/et\/ehituse-lisatoode-tarkvara","url":"https:\/\/planyard.com\/et\/ehituse-lisatoode-tarkvara","name":"Ehituse Lisat\u00f6\u00f6de Tarkvara - Proovi 14 P\u00e4eva Tasuta","isPartOf":{"@id":"https:\/\/planyard.com\/et#website"},"datePublished":"2024-08-19T10:44:02+00:00","dateModified":"2025-05-17T16:23:32+00:00","description":"Kasutage Planyardi intuitiivset ehituse lisat\u00f6\u00f6de tarkvara ja hoidke oma ehitusprojekti lisat\u00f6\u00f6del h\u00f5lpsalt silma peal.","breadcrumb":{"@id":"https:\/\/planyard.com\/et\/ehituse-lisatoode-tarkvara#breadcrumb"},"inLanguage":"et","potentialAction":[{"@type":"ReadAction","target":["https:\/\/planyard.com\/et\/ehituse-lisatoode-tarkvara"]}]},{"@type":"BreadcrumbList","@id":"https:\/\/planyard.com\/et\/ehituse-lisatoode-tarkvara#breadcrumb","itemListElement":[{"@type":"ListItem","position":1,"name":"Home","item":"https:\/\/planyard.com\/et"},{"@type":"ListItem","position":2,"name":"Ehituse Lisat\u00f6\u00f6de Tarkvara"}]},{"@type":"WebSite","@id":"https:\/\/planyard.com\/et#website","url":"https:\/\/planyard.com\/et","name":"Planyard Eesti","description":"","potentialAction":[{"@type":"SearchAction","target":{"@type":"EntryPoint","urlTemplate":"https:\/\/planyard.com\/et?s={search_term_string}"},"query-input":{"@type":"PropertyValueSpecification","valueRequired":true,"valueName":"search_term_string"}}],"inLanguage":"et"}]}},"_links":{"self":[{"href":"https:\/\/planyard.com\/et\/wp-json\/wp\/v2\/pages\/10768","targetHints":{"allow":["GET"]}}],"collection":[{"href":"https:\/\/planyard.com\/et\/wp-json\/wp\/v2\/pages"}],"about":[{"href":"https:\/\/planyard.com\/et\/wp-json\/wp\/v2\/types\/page"}],"author":[{"embeddable":true,"href":"https:\/\/planyard.com\/et\/wp-json\/wp\/v2\/users\/2"}],"replies":[{"embeddable":true,"href":"https:\/\/planyard.com\/et\/wp-json\/wp\/v2\/comments?post=10768"}],"version-history":[{"count":1,"href":"https:\/\/planyard.com\/et\/wp-json\/wp\/v2\/pages\/10768\/revisions"}],"predecessor-version":[{"id":11041,"href":"https:\/\/planyard.com\/et\/wp-json\/wp\/v2\/pages\/10768\/revisions\/11041"}],"wp:attachment":[{"href":"https:\/\/planyard.com\/et\/wp-json\/wp\/v2\/media?parent=10768"}],"wp:term":[{"taxonomy":"page_intent","embeddable":true,"href":"https:\/\/planyard.com\/et\/wp-json\/wp\/v2\/page_intent?post=10768"},{"taxonomy":"page_type","embeddable":true,"href":"https:\/\/planyard.com\/et\/wp-json\/wp\/v2\/page_type?post=10768"}],"curies":[{"name":"wp","href":"https:\/\/api.w.org\/{rel}","templated":true}]}}