{"id":10763,"date":"2025-02-12T11:05:38","date_gmt":"2025-02-12T11:05:38","guid":{"rendered":"https:\/\/planyard.com\/construction-bidding-guide"},"modified":"2025-05-19T16:54:52","modified_gmt":"2025-05-19T16:54:52","slug":"ehituspakkumised-juhend","status":"publish","type":"page","link":"https:\/\/planyard.com\/et\/ehituspakkumised-juhend","title":{"rendered":"Ehituspakkumised: Praktiline juhend projektijuhtidele"},"content":{"rendered":"\n<p><em>2. peat\u00fckk <a href=\"https:\/\/planyard.com\/et\/tasuta-juhend-ehitusprojekti-juhtimise-meisterlikkus\">Ehitusprojektide juhtimine: Praktiline 10-sammuline juhend<\/a>.<\/em><\/p>\n\n\n\n<h2 class=\"wp-block-heading\">Ehituspakkumised: Iga eduka projekti algus<\/h2>\n\n\n\n<p>Iga ehitusprojekt algab p\u00f5hilise k\u00fcsimusega: <em><strong>Mis see maksma l\u00e4heb?<\/strong><\/em> Olgu tegemist pakkumise ettevalmistamisega kliendile v\u00f5i allt\u00f6\u00f6v\u00f5tjate valimisega, hanked on esimene ja t\u00f5en\u00e4oliselt k\u00f5ige olulisem samm finantsilise t\u00e4psuse ja projekti edu tagamisel.<\/p>\n\n\n\n<p>Siin aga enamik projekte eba\u00f5nnestub. Hinnangud tehakse kiirustades, m\u00fc\u00fcjate valikud p\u00f5hinevad puudulikul teabel ja hanked muutuvad reaktiivseks rabelemiseks, mitte struktureeritud protsessiks.<\/p>\n\n\n\n<p>Enamik ehitusmeeskondi k\u00e4sitleb pakkumisi kui <strong>vajalikku kurja<\/strong>\u2014lihtsalt linnukest, mis tuleb enne edasi liikumist t\u00e4ita. Kuid just see m\u00f5tteviis on p\u00f5hjus, miks projektid \u00fcletavad eelarvet, ajakavad lagunevad ja kasumimarginaalid kahanevad.<\/p>\n\n\n\n<p>Pakkumine ei ole formaalsus. <strong>See on riskijuhtimine.<\/strong><\/p>\n\n\n\n<p>Ja kui te ei <strong>optimeeri oma protsessi<\/strong>, loote probleeme juba enne projekti algust.<\/p>\n\n\n\n<p>See juhend on loodud kui <strong>korduvkasutatav k\u00e4siraamat<\/strong>\u2014midagi, mida peaksite iga projekti eel \u00fcle vaatama, et v\u00e4ltida samu v\u00e4lditavaid vigu.<\/p>\n\n\n\n<h2 class=\"wp-block-heading\">Miks on \u00f5ige pakkumine t\u00e4htsam, kui arvate<\/h2>\n\n\n\n<p>P\u00f5him\u00f5tteliselt on ehituspakkumistel <strong>kaks eesm\u00e4rki<\/strong>:<\/p>\n\n\n\n<ol class=\"wp-block-list\">\n<li><strong>Projekti kulude hindamine kliendipakkumise jaoks<\/strong><\/li>\n\n<ul class=\"wp-block-list\">\n<li>Kui teil pole t\u00e4pset kulude jaotust, siis te arvate. Ja arvamine viib <strong>alapakkumise ja kaotatud kasumini<\/strong> v\u00f5i <strong>\u00fclepakkumise ja kaotatud lepinguteni<\/strong>.<\/li>\n<\/ul>\n<\/li>\n\n\n\n<li><strong>Parimate allt\u00f6\u00f6v\u00f5tjate ja tarnijate leidmine<\/strong><\/li>\n\n<ul class=\"wp-block-list\">\n<li>Odavaim pakkumine ei ole alati parim. Vajate <strong>allt\u00f6\u00f6v\u00f5tjaid, kes teevad kvaliteetset t\u00f6\u00f6d, ajakava j\u00e4rgi ja \u00f5iglase hinnaga.<\/strong> Mitte ainult kedagi, kes paberil hea v\u00e4lja n\u00e4eb.<\/li>\n<\/ul>\n<\/li>\n<\/ol>\n\n\n\n<p>Enamik meeskondi keskendub sellele, et <strong>pakkumine v\u00f5imalikult kiiresti v\u00e4lja saata.<\/strong><br>Selle asemel peaksite <strong>looma konkurentsieelise.<\/strong><\/p>\n\n\n\n<p>Parimad ehitusfirmad ei tee lihtsalt pakkumisi. <strong>Nad teevad nutikaid pakkumisi.<\/strong><\/p>\n\n\n\n<h2 class=\"wp-block-heading\">1. samm: M\u00e4\u00e4ratlege ulatus enne pakkumiste k\u00fcsimist<\/h2>\n\n\n\n<p>Enamik pakkumiskutseid eba\u00f5nnestub <strong>juba enne saatmist.<\/strong><\/p>\n\n\n\n<p>Miks? Sest need p\u00f5hinevad <strong>ebaselgel, puudulikul v\u00f5i aegunud teabel.<\/strong><\/p>\n\n\n\n<p>M\u00f5elge sellele:<\/p>\n\n\n\n<ul class=\"wp-block-list\">\n<li>Saadetakse v\u00e4lja ebam\u00e4\u00e4rane pakkumise kutse.<\/li>\n\n\n\n<li>Iga allt\u00f6\u00f6v\u00f5tja t\u00f5lgendab seda erinevalt.<\/li>\n\n\n\n<li>Saate <strong>\u00e4\u00e4rmiselt erinevad pakkumised<\/strong>, mida on v\u00f5imatu v\u00f5rrelda.<\/li>\n<\/ul>\n\n\n\n<p>Tulemus? Te kas <strong>arvate<\/strong>, milline pakkumine on k\u00f5ige t\u00e4psem, v\u00f5i kulutate <strong>n\u00e4dalaid detailide t\u00e4psustamisele<\/strong>, mis oleksid pidanud olema pakkumise kutses algusest peale.<\/p>\n\n\n\n<h3 class=\"wp-block-heading\"><strong>Enne pakkumiste k\u00fcsimist, k\u00fcsige endalt:<\/strong><\/h3>\n\n\n\n<p>Kas olen selgelt m\u00e4\u00e4ratlenud <strong>materjalid, t\u00f6\u00f6j\u00f5u ja allt\u00f6\u00f6v\u00f5tjate vastutused<\/strong>?<br>Kas olen arvestanud <strong>tururiskidega<\/strong> (hinnak\u00f5ikumised, materjalide viivitused)?<br>Kas pakun <strong>piisavalt detaile<\/strong>, et iga pakkuja hindaks t\u00e4pselt sama ulatust?<\/p>\n\n\n\n<p>Kui teil pole selgeid vastuseid, <strong>pole te valmis pakkumisi v\u00e4lja saatma.<\/strong><\/p>\n\n\n\n<h2 class=\"wp-block-heading\">2. samm: \u00d5igete allt\u00f6\u00f6v\u00f5tjate ja tarnijate tuvastamine<\/h2>\n\n\n\n<p>K\u00f5ik pakkujad ei ole v\u00f5rdsed. <strong>Suurim viga<\/strong>, mida projektijuhid teevad?<\/p>\n\n\n\n<p><strong>Arvamine, et rohkem pakkumisi = paremad valikud.<\/strong><\/p>\n\n\n\n<p>Reaalsuskontroll:<\/p>\n\n\n\n<ul class=\"wp-block-list\">\n<li><strong>Rohkem pakkumisi = rohkem aega raisatud r\u00e4mpsu sorteerimisele.<\/strong><\/li>\n\n\n\n<li><strong>Rohkem pakkumisi = rohkem madalaid pakkumisi, mis n\u00e4evad head v\u00e4lja, kuid maksavad hiljem rohkem.<\/strong><\/li>\n<\/ul>\n\n\n\n<p>Eesm\u00e4rk ei ole saada <em>k\u00f5ige rohkem<\/em> pakkumisi. <strong>Eesm\u00e4rk on saada \u00f5iged pakkumised.<\/strong><\/p>\n\n\n\n<h3 class=\"wp-block-heading\">Kuidas leida \u00f5iged tarnijad ja allt\u00f6\u00f6v\u00f5tjad<\/h3>\n\n\n\n<p>\u2714 <strong>Kasutage varasemaid andmeid<\/strong> \u2013 Kes on varem head t\u00f6\u00f6d teinud? Kes on probleeme p\u00f5hjustanud?<br>\u2714 <strong>Laiendage oma v\u00f5rgustikku<\/strong> \u2013 \u00c4rge j\u00e4\u00e4ge kinni samade kolme tarnija kasutamisse.<br>\u2714 <strong>Eelvalige pakkujad<\/strong> \u2013 Kui neil pole v\u00f5imekust v\u00f5i kogemust, \u00e4rge raisake aega.<\/p>\n\n\n\n<p>Pro n\u00f5uanne: Kui saadate pakkumiskutsed <strong>k\u00f5igile<\/strong>, teete seda valesti.<\/p>\n\n\n\n<h2 class=\"wp-block-heading\">3. samm: Struktureerige oma pakkumiskutsed kiiremaks ja t\u00e4psemaks pakkumiseks<\/h2>\n\n\n\n<p><span style=\"margin: 0px;padding: 0px\">Hea pakkumiskutse ei k\u00fcsi ainult hinda\u2014see&nbsp;<strong>juhendab<\/strong>&nbsp;pakkujaid andma \u00f5igeid detaile \u00f5iges formaadis, et saaksite neid kiiresti v\u00f5rrelda.<\/span><\/p>\n\n\n\n<h3 class=\"wp-block-heading\"><strong>Mida iga pakkumiskutse peaks sisaldama:<\/strong><\/h3>\n\n\n\n<ul class=\"wp-block-list\">\n<li><strong>T\u00f6\u00f6 ulatus<\/strong> \u2013 Mida t\u00e4pselt hinnatakse?<\/li>\n\n\n\n<li><strong>Ajakava<\/strong> \u2013 Algus- ja l\u00f5ppkuup\u00e4evad.<\/li>\n\n\n\n<li><strong>Makse tingimused<\/strong> \u2013 Kas p\u00f5hinevad verstapostidel? Igakuised? Ettemaksed?<\/li>\n\n\n\n<li><strong>Pakkumise jaotuse formaat<\/strong> \u2013 Kas soovite kogusummalist hinda v\u00f5i \u00fcksikasjalikke kulusid?<\/li>\n<\/ul>\n\n\n\n<p><strong>Mida struktureeritum on teie pakkumiskutse, seda lihtsam on teie t\u00f6\u00f6.<\/strong><\/p>\n\n\n\n<h2 class=\"wp-block-heading\">4. samm: J\u00e4lgige \u2013 sest enamik tarnijaid unustab pakkumise esitada<\/h2>\n\n\n\n<p>Siin on reaalsus: <strong>enamik tarnijaid ei esita oma pakkumisi \u00f5igel ajal.<\/strong><\/p>\n\n\n\n<p>Allt\u00f6\u00f6v\u00f5tjad on h\u00f5ivatud. Teie pakkumiskutse on lihtsalt veel \u00fcks e-kiri nende postkastis.<\/p>\n\n\n\n<p>Kaotate head pakkumised vaikimisi, kui te ei j\u00e4lgi.<\/p>\n\n\n\n<p><strong>\u00c4rge saatke ainult meeldetuletusmeile. V\u00f5tke telefon k\u00e4tte.<\/strong><\/p>\n\n\n\n<ul class=\"wp-block-list\">\n<li>Kinnitage, et nad said pakkumiskutse.<\/li>\n\n\n\n<li>K\u00fcsige, kas neil on k\u00fcsimusi.<\/li>\n\n\n\n<li>Saage suuline kinnitus, et nad esitavad pakkumise.<\/li>\n<\/ul>\n\n\n\n<p>See <strong>\u00fcks v\u00e4ike samm<\/strong> suurendab teie vastamism\u00e4\u00e4ra m\u00e4rkimisv\u00e4\u00e4rselt.<\/p>\n\n\n\n<h2 class=\"wp-block-heading\">5. samm: V\u00f5rrelge pakkumisi \u00f5igesti (ja v\u00e4ltige &#8220;odavaim v\u00f5idab&#8221; l\u00f5ksu)<\/h2>\n\n\n\n<p>Kui pakkumised on k\u00e4es, algab t\u00f5eline t\u00f6\u00f6.<\/p>\n\n\n\n<p>Enamik meeskondi <strong>valib vaikimisi madalaima pakkumise.<\/strong><br>Halb idee.<\/p>\n\n\n\n<p>Hea <strong>pakkumiste v\u00f5rdlustabel<\/strong> aitab teil:<\/p>\n\n\n\n<ul class=\"wp-block-list\">\n<li><strong>Normaliseerida pakkumise formaate<\/strong> \u2013 Iga allt\u00f6\u00f6v\u00f5tja struktureerib hinnakujunduse erinevalt. Jagage see lahti, et v\u00f5rrelda v\u00f5rreldavat.<\/li>\n\n\n\n<li><strong>Leida puuduvaid kulusid<\/strong> \u2013 M\u00f5ned tarnijad j\u00e4tavad kulud tahtlikult v\u00e4lja, et odavamad paista.<\/li>\n\n\n\n<li><strong>Hinnata riski<\/strong> \u2013 Milline on allt\u00f6\u00f6v\u00f5tja varasem kogemus? Odav ei t\u00e4henda usaldusv\u00e4\u00e4rset.<\/li>\n<\/ul>\n\n\n\n<p><strong>Pro n\u00f5uanne:<\/strong> Madalaim pakkumine viib sageli hiljem k\u00f5rgeimate kuludeni. Kui number tundub liiga hea, et olla t\u00f5si, siis t\u00f5en\u00e4oliselt see ongi.<\/p>\n\n\n\n<h2 class=\"wp-block-heading\">6. samm: L\u00e4bir\u00e4\u00e4kimised ja parimate partnerite kinnitamine<\/h2>\n\n\n\n<p>N\u00fc\u00fcd, kui teil on <strong>tugevate kandidaatide l\u00fchinimekiri<\/strong>, on aeg <strong>l\u00e4bir\u00e4\u00e4kimisteks<\/strong>.<\/p>\n\n\n\n<ul class=\"wp-block-list\">\n<li><strong>Kinnitage materjalide hinnad<\/strong> \u2013 Kui turg on k\u00f5ikuv, hankige garanteeritud hinnad.<\/li>\n\n\n\n<li><strong>T\u00e4psustage karistused<\/strong> \u2013 Mis juhtub, kui allt\u00f6\u00f6v\u00f5tja viivitab t\u00f6\u00f6ga?<\/li>\n\n\n\n<li><strong>Arutage lisat\u00f6id<\/strong> \u2013 Kuidas k\u00e4sitletakse ulatuse muutusi?<\/li>\n<\/ul>\n\n\n\n<p>Kui lepingud on allkirjastatud, <strong>\u00e4rge unustage teisi pakkujaid.<\/strong><\/p>\n\n\n\n<h3 class=\"wp-block-heading\"><strong>Saada tagasil\u00fckkamiskiri eba\u00f5nnestunud pakkujatele<\/strong><\/h3>\n\n\n\n<p>Enamik projektijuhte j\u00e4tab selle sammu vahele\u2014kuid ei peaks.<\/p>\n\n\n\n<p>Miks?<\/p>\n\n\n\n<ul class=\"wp-block-list\">\n<li>See <strong>s\u00e4ilitab head suhted<\/strong> allt\u00f6\u00f6v\u00f5tjatega tulevaste projektide jaoks.<\/li>\n\n\n\n<li>See <strong>n\u00e4itab professionaalsust ja l\u00e4bipaistvust.<\/strong><\/li>\n\n\n\n<li>See <strong>aitab tarnijatel m\u00f5ista, miks neid ei valitud<\/strong>\u2014mis v\u00f5ib viia j\u00e4rgmine kord paremate pakkumisteni.<\/li>\n<\/ul>\n\n\n\n<p><strong>Pro n\u00f5uanne:<\/strong> Hoidke see l\u00fchike, viisakas ja professionaalne. Te ei pea oma otsust \u00f5igustama, kuid v\u00f5ite pakkuda l\u00fchikest tagasisidet, kui see on kasulik.<\/p>\n\n\n\n<p><strong>N\u00e4ide:<\/strong><\/p>\n\n\n\n<p><em>&#8220;T\u00e4name teid osalemise eest meie hiljutises pakkumisprotsessis. Kuigi oleme valinud selle projekti jaoks teise t\u00f6\u00f6v\u00f5tja, hindame teie pingutusi ja loodame tulevikus koost\u00f6\u00f6d teha.&#8221;<\/em><\/p>\n\n\n\n<p>Pakkujate ignoreerimine p\u00e4rast seda, kui nad on pakkumise esitamiseks aega ja vaeva n\u00e4inud, <strong>kahjustab teie mainet.<\/strong> Lihtne e-kiri hoiab ukse tulevasteks t\u00f6\u00f6deks avatuna.<\/p>\n\n\n\n<h2 class=\"wp-block-heading\">Peamised j\u00e4reldused: Mida vaadata \u00fcle enne iga uut projekti<\/h2>\n\n\n\n<ol class=\"wp-block-list\">\n<li><strong>Teie pakkumised on t\u00e4psed ainult nii palju, kui t\u00e4pne on teie antud teave.<\/strong><\/li>\n\n\n\n<li><strong>Tugev pakkumisprotsess s\u00e4\u00e4stab raha ja peavalu hiljem.<\/strong><\/li>\n\n\n\n<li><strong>Madalaim pakkumine on harva parim pakkumine.<\/strong><\/li>\n\n\n\n<li><strong>Tarnijatega j\u00e4reltegevus suurendab vastamism\u00e4\u00e4ra.<\/strong><\/li>\n\n\n\n<li><strong>Pakkumiste korrektne v\u00f5rdlemine on vahe kasumi ja katastroofi vahel.<\/strong><\/li>\n<\/ol>\n\n\n\n<p><strong>See on korduvkasutatav protsess.<\/strong><br>T\u00e4iustage seda, kasutage seda ja v\u00e4ltige kulukaid vigu enne j\u00e4rgmist projekti.<\/p>\n\n\n\n<h2 class=\"wp-block-heading\">Autori kohta<\/h2>\n\n\n\n<p>\u00dcle 20-aastase ehitusprojektide juhtimise kogemusega autor on juhtinud mitme miljoni dollari suuruseid projekte elamu-, \u00e4ri- ja infrastruktuurivaldkondades. Tema kogemus <strong>pakkumiste, hangete ja t\u00f6\u00f6v\u00f5tjate valiku<\/strong> alal tagab praktilised, reaalsed n\u00f5uanded projektijuhtidele, kes soovivad optimeerida kulusid ja teostust.<\/p>\n\n\n\n<h3 class=\"wp-block-heading\">Avastage j\u00e4rgmine peat\u00fckk: Projekti \u00fclevaade<\/h3>\n\n\n\n<p>Plaanide anal\u00fc\u00fcsimise kunst, et leida riske enne, kui need probleemideks muutuvad. <a href=\"https:\/\/planyard.com\/et\/ehitusjuhtide-ehituseelne-juhend-kontrollnimekiri\">Loe edasi<\/a><\/p>\n\n\n\n<p><em>Mine <a href=\"https:\/\/planyard.com\/et\/tasuta-juhend-ehitusprojekti-juhtimise-meisterlikkus\">Ehitusprojektide juhtimine: Praktiline 10-sammuline juhend<\/a>.<\/em><\/p>\n","protected":false},"excerpt":{"rendered":"<p>2. peat\u00fckk Ehitusprojektide juhtimine: Praktiline 10-sammuline juhend. Ehituspakkumised: Iga eduka projekti algus Iga ehitusprojekt algab p\u00f5hilise k\u00fcsimusega: Mis see maksma l\u00e4heb? Olgu tegemist pakkumise ettevalmistamisega kliendile v\u00f5i allt\u00f6\u00f6v\u00f5tjate valimisega, hanked on esimene ja t\u00f5en\u00e4oliselt k\u00f5ige olulisem samm finantsilise t\u00e4psuse ja projekti edu tagamisel. Siin aga enamik projekte eba\u00f5nnestub. Hinnangud tehakse kiirustades, m\u00fc\u00fcjate valikud p\u00f5hinevad puudulikul&#8230;  <a class=\"excerpt-read-more\" href=\"https:\/\/planyard.com\/et\/ehituspakkumised-juhend\" title=\"Loe  Ehituspakkumised: Praktiline juhend projektijuhtidele\">Loe edasi &#8220;<\/a><\/p>\n","protected":false},"author":4,"featured_media":0,"parent":0,"menu_order":0,"comment_status":"closed","ping_status":"closed","template":"","meta":{"_acf_changed":false,"content-type":"","footnotes":""},"page_intent":[280],"page_type":[],"class_list":["post-10763","page","type-page","status-publish","hentry"],"acf":[],"yoast_head":"<!-- This site is optimized with the Yoast SEO plugin v27.1.1 - https:\/\/yoast.com\/product\/yoast-seo-wordpress\/ -->\n<title>Ehituspakkumised: Praktiline juhend t\u00e4psete hinnangute saamiseks<\/title>\n<meta name=\"description\" content=\"\u00d5ppige, kuidas optimeerida ehituspakkumisi, saada t\u00e4pseid projekti kuluhinnanguid ja valida parimad allt\u00f6\u00f6v\u00f5tjad selle eksperdi juhendi abil.\" \/>\n<meta name=\"robots\" content=\"index, follow, max-snippet:-1, max-image-preview:large, max-video-preview:-1\" \/>\n<link rel=\"canonical\" href=\"https:\/\/planyard.com\/et\/ehituspakkumised-juhend\" \/>\n<meta property=\"og:locale\" content=\"et_EE\" \/>\n<meta property=\"og:type\" content=\"article\" \/>\n<meta property=\"og:title\" content=\"Ehituspakkumised: Praktiline juhend t\u00e4psete hinnangute saamiseks\" \/>\n<meta property=\"og:description\" content=\"\u00d5ppige, kuidas optimeerida ehituspakkumisi, saada t\u00e4pseid projekti kuluhinnanguid ja valida parimad allt\u00f6\u00f6v\u00f5tjad selle eksperdi juhendi abil.\" \/>\n<meta property=\"og:url\" content=\"https:\/\/planyard.com\/et\/ehituspakkumised-juhend\" \/>\n<meta property=\"og:site_name\" content=\"Planyard Eesti\" \/>\n<meta property=\"article:modified_time\" content=\"2025-05-19T16:54:52+00:00\" \/>\n<meta name=\"twitter:card\" content=\"summary_large_image\" \/>\n<meta name=\"twitter:label1\" content=\"Est. reading time\" \/>\n\t<meta name=\"twitter:data1\" content=\"6 minutit\" \/>\n<!-- \/ Yoast SEO plugin. -->","yoast_head_json":{"title":"Ehituspakkumised: Praktiline juhend t\u00e4psete hinnangute saamiseks","description":"\u00d5ppige, kuidas optimeerida ehituspakkumisi, saada t\u00e4pseid projekti kuluhinnanguid ja valida parimad allt\u00f6\u00f6v\u00f5tjad selle eksperdi juhendi abil.","robots":{"index":"index","follow":"follow","max-snippet":"max-snippet:-1","max-image-preview":"max-image-preview:large","max-video-preview":"max-video-preview:-1"},"canonical":"https:\/\/planyard.com\/et\/ehituspakkumised-juhend","og_locale":"et_EE","og_type":"article","og_title":"Ehituspakkumised: Praktiline juhend t\u00e4psete hinnangute saamiseks","og_description":"\u00d5ppige, kuidas optimeerida ehituspakkumisi, saada t\u00e4pseid projekti kuluhinnanguid ja valida parimad allt\u00f6\u00f6v\u00f5tjad selle eksperdi juhendi abil.","og_url":"https:\/\/planyard.com\/et\/ehituspakkumised-juhend","og_site_name":"Planyard Eesti","article_modified_time":"2025-05-19T16:54:52+00:00","twitter_card":"summary_large_image","twitter_misc":{"Est. reading time":"6 minutit"},"schema":{"@context":"https:\/\/schema.org","@graph":[{"@type":"WebPage","@id":"https:\/\/planyard.com\/et\/ehituspakkumised-juhend","url":"https:\/\/planyard.com\/et\/ehituspakkumised-juhend","name":"Ehituspakkumised: Praktiline juhend t\u00e4psete hinnangute saamiseks","isPartOf":{"@id":"https:\/\/planyard.com\/et#website"},"datePublished":"2025-02-12T11:05:38+00:00","dateModified":"2025-05-19T16:54:52+00:00","description":"\u00d5ppige, kuidas optimeerida ehituspakkumisi, saada t\u00e4pseid projekti kuluhinnanguid ja valida parimad allt\u00f6\u00f6v\u00f5tjad selle eksperdi juhendi abil.","breadcrumb":{"@id":"https:\/\/planyard.com\/et\/ehituspakkumised-juhend#breadcrumb"},"inLanguage":"et","potentialAction":[{"@type":"ReadAction","target":["https:\/\/planyard.com\/et\/ehituspakkumised-juhend"]}]},{"@type":"BreadcrumbList","@id":"https:\/\/planyard.com\/et\/ehituspakkumised-juhend#breadcrumb","itemListElement":[{"@type":"ListItem","position":1,"name":"Home","item":"https:\/\/planyard.com\/et"},{"@type":"ListItem","position":2,"name":"Ehituspakkumised: Praktiline juhend projektijuhtidele"}]},{"@type":"WebSite","@id":"https:\/\/planyard.com\/et#website","url":"https:\/\/planyard.com\/et","name":"Planyard Eesti","description":"","potentialAction":[{"@type":"SearchAction","target":{"@type":"EntryPoint","urlTemplate":"https:\/\/planyard.com\/et?s={search_term_string}"},"query-input":{"@type":"PropertyValueSpecification","valueRequired":true,"valueName":"search_term_string"}}],"inLanguage":"et"}]}},"_links":{"self":[{"href":"https:\/\/planyard.com\/et\/wp-json\/wp\/v2\/pages\/10763","targetHints":{"allow":["GET"]}}],"collection":[{"href":"https:\/\/planyard.com\/et\/wp-json\/wp\/v2\/pages"}],"about":[{"href":"https:\/\/planyard.com\/et\/wp-json\/wp\/v2\/types\/page"}],"author":[{"embeddable":true,"href":"https:\/\/planyard.com\/et\/wp-json\/wp\/v2\/users\/4"}],"replies":[{"embeddable":true,"href":"https:\/\/planyard.com\/et\/wp-json\/wp\/v2\/comments?post=10763"}],"version-history":[{"count":3,"href":"https:\/\/planyard.com\/et\/wp-json\/wp\/v2\/pages\/10763\/revisions"}],"predecessor-version":[{"id":15884,"href":"https:\/\/planyard.com\/et\/wp-json\/wp\/v2\/pages\/10763\/revisions\/15884"}],"wp:attachment":[{"href":"https:\/\/planyard.com\/et\/wp-json\/wp\/v2\/media?parent=10763"}],"wp:term":[{"taxonomy":"page_intent","embeddable":true,"href":"https:\/\/planyard.com\/et\/wp-json\/wp\/v2\/page_intent?post=10763"},{"taxonomy":"page_type","embeddable":true,"href":"https:\/\/planyard.com\/et\/wp-json\/wp\/v2\/page_type?post=10763"}],"curies":[{"name":"wp","href":"https:\/\/api.w.org\/{rel}","templated":true}]}}