{"id":10761,"date":"2024-12-16T17:39:09","date_gmt":"2024-12-16T17:39:09","guid":{"rendered":"https:\/\/planyard.com\/construction-bid-template"},"modified":"2025-05-19T16:53:44","modified_gmt":"2025-05-19T16:53:44","slug":"ehituspakkumise-mall","status":"publish","type":"page","link":"https:\/\/planyard.com\/et\/ehituspakkumise-mall","title":{"rendered":"Ehituspakkumise mall"},"content":{"rendered":"\n<div class=\"wp-block-media-text is-stacked-on-mobile\"><figure class=\"wp-block-media-text__media\"><img loading=\"lazy\" decoding=\"async\" width=\"1080\" height=\"1080\" src=\"https:\/\/planyard.com\/wp-content\/uploads\/2024\/12\/constriction_bidding_templates.png\" alt=\"\" class=\"wp-image-8112 size-full\" srcset=\"https:\/\/planyard.com\/wp-content\/uploads\/2024\/12\/constriction_bidding_templates.png 1080w, https:\/\/planyard.com\/wp-content\/uploads\/2024\/12\/constriction_bidding_templates-150x150.png 150w\" sizes=\"auto, (max-width: 1080px) 100vw, 1080px\" \/><\/figure><div class=\"wp-block-media-text__content\">\n<p>Lihtsustage iga sammu ehitushangete protsessis meie professionaalsete ja kohandatavate mallide kogumikuga.<\/p>\n\n\n\n<p>Olenemata sellest, kas v\u00f5rdlete peat\u00f6\u00f6v\u00f5tjate pakkumisi, kutsute tarnijaid esitama pakkumisi v\u00f5i koostate kliendile \u00fcksikasjalikke hinnanguid, on need mallid loodud teie aja s\u00e4\u00e4stmiseks, t\u00e4psuse parandamiseks ja projekti professionaalsuse t\u00f5stmiseks.<\/p>\n<\/div><\/div>\n\n\n\n<p>Saadaval Google Sheets, Exceli ja PDF-formaatides, meie mallid tagavad, et teil on k\u00f5ik vajalik pakkumiste t\u00f5husaks ja kindlalt haldamiseks.<\/p>\n\n\n\n<h2 class=\"wp-block-heading\">Meie ehituspakkumise mallid<\/h2>\n\n\n\n<p>Spetsialiseeritud mallide kasutamine ehitushangete protsessi erinevate aspektide jaoks tagab selguse, korralduse ja t\u00f5hususe. Allpool on kolm olulist ehituspakkumise mallide kategooriat ja nende konkreetseid kasutusjuhtumeid.<\/p>\n\n\n\n<h3 class=\"wp-block-heading\">Ehituspakkumise tabeli mall \/ pakkumiste v\u00f5rdluse mall<\/h3>\n\n\n\n<figure class=\"wp-block-image size-full\"><img loading=\"lazy\" decoding=\"async\" width=\"1280\" height=\"561\" src=\"https:\/\/planyard.com\/wp-content\/uploads\/2024\/12\/construction_bid_tabulation_template.png\" alt=\"Construction bid tabulation template\" class=\"wp-image-8107\" \/><\/figure>\n\n\n\n<p>Ehituspakkumise tabeli mall on oluline t\u00f6\u00f6riist peat\u00f6\u00f6v\u00f5tjate ja inseneride kuluhinnangute v\u00f5rdlemiseks projekti eelarvega. Korraldades pakkumised k\u00f5rvuti formaadis, aitab see mall projektijuhtidel ja sidusr\u00fchmadel h\u00f5lpsasti hinnata olulisi elemente nagu hinnakujundus, materjalid, ajakavad ja muud kriitilised \u00fcksikasjad.<\/p>\n\n\n\n<div class=\"wp-block-buttons is-layout-flex wp-block-buttons-is-layout-flex\">\n<div class=\"wp-block-button\"><a class=\"wp-block-button__link has-background wp-element-button\" href=\"https:\/\/planyard.com\/et\/hankige-tasuta-ehituse-pakkumiste-vordluse-mall\" style=\"background-color:#2756ff\">Laadi alla tasuta mall<\/a><\/div>\n\n\n\n<div class=\"wp-block-button\"><a class=\"wp-block-button__link wp-element-button\" href=\"https:\/\/planyard.com\/et\/ehituspakkumiste-tarkvara\">Vaata Planyardi pakkumistarkvara<\/a><\/div>\n<\/div>\n\n\n\n<p><\/p>\n\n\n\n<p><strong>P\u00f5hijooned:<\/strong><\/p>\n\n\n\n<ul class=\"wp-block-list\">\n<li><strong>Pakkumiste v\u00f5rdlus:<\/strong> Jagage mitmed pakkumised v\u00f5rreldavatesse kategooriatesse, nagu t\u00f6\u00f6j\u00f5u-, materjali- ja seadmekulud.<\/li>\n\n\n\n<li><strong>Eelarve integreerimine:<\/strong> Lisage hinnanguline eelarve v\u00f5rdluspunktina kiireks erinevuste anal\u00fc\u00fcsiks.<\/li>\n\n\n\n<li><strong>Kontaktandmed:<\/strong> Iga pakkumise kontaktandmed, et saaksite k\u00fcsimuste korral h\u00f5lpsasti pakkujaga \u00fchendust v\u00f5tta.<\/li>\n<\/ul>\n\n\n\n<p>See mall lihtsustab otsuste tegemist, muutes k\u00f5ige sobivama pakkumise tuvastamise lihtsaks, l\u00e4htudes kuludest, v\u00e4\u00e4rtusest ja vastavusest projekti eesm\u00e4rkidega. See v\u00e4hendab vigu ja subjektiivsust, tagades, et k\u00f5iki pakkumisi hinnatakse \u00f5iglaselt.<\/p>\n\n\n\n<h3 class=\"wp-block-heading\">Pakkumise kutse mall<\/h3>\n\n\n\n<figure class=\"wp-block-image size-full\"><img loading=\"lazy\" decoding=\"async\" width=\"1341\" height=\"872\" src=\"https:\/\/planyard.com\/wp-content\/uploads\/2024\/12\/construction_bid_invitation_template.png\" alt=\"Construction Invitation to bid template\" class=\"wp-image-8110\" \/><\/figure>\n\n\n\n<p>Pakkumise kutse malli kasutatakse peat\u00f6\u00f6v\u00f5tjate v\u00f5i ettev\u00f5tete ametlikuks kutsumiseks esitama pakkumisi ehitusprojekti jaoks. See pakub selget ja professionaalset formaati projekti \u00fcksikasjade, esitamise t\u00e4htaegade ja n\u00f5uete kirjeldamiseks, tagades, et potentsiaalsetel pakkujatel on kogu vajalik teave.<\/p>\n\n\n\n<div class=\"wp-block-buttons is-layout-flex wp-block-buttons-is-layout-flex\">\n<div class=\"wp-block-button\"><a class=\"wp-block-button__link has-background wp-element-button\" href=\"https:\/\/planyard.com\/et\/hankige-tasuta-ehituse-pakkumise-kutse-mall\" style=\"background-color:#2756ff\">Laadi alla tasuta mall<\/a><\/div>\n\n\n\n<div class=\"wp-block-button\"><a class=\"wp-block-button__link wp-element-button\" href=\"https:\/\/planyard.com\/et\/ehituspakkumiste-tarkvara\">Vaata Planyardi pakkumistarkvara<\/a><\/div>\n<\/div>\n\n\n\n<p><\/p>\n\n\n\n<p><strong>P\u00f5hijooned:<\/strong><\/p>\n\n\n\n<ul class=\"wp-block-list\">\n<li><strong>Projekti \u00fclevaade:<\/strong> Lisage olulised \u00fcksikasjad, nagu projekti asukoht, ulatus ja eeldatavad ajakavad.<\/li>\n\n\n\n<li><strong>Esitamise juhised:<\/strong> M\u00e4\u00e4rake pakkumiste esitamise formaat koos t\u00e4htaegade ja kontaktandmetega selgituste saamiseks.<\/li>\n\n\n\n<li><strong>Hindamiskriteeriumid:<\/strong> T\u00f5stke esile kriteeriumid, mida kasutatakse pakkumiste hindamiseks, nagu kulud, materjalide kvaliteet v\u00f5i peat\u00f6\u00f6v\u00f5tja kogemus.<\/li>\n<\/ul>\n\n\n\n<p>See mall tagab pakkumisprotsessi j\u00e4rjepidevuse ja s\u00e4\u00e4stab aega, pakkudes standardiseeritud dokumenti k\u00f5igi kutsete jaoks. See aitab ka selgete ootuste loomisel, v\u00e4hendades suhtlemisprobleeme kliendi ja potentsiaalsete pakkujate vahel.<\/p>\n\n\n\n<h3 class=\"wp-block-heading\">Allt\u00f6\u00f6v\u00f5tja v\u00f5i tarnija pakkumise mall<\/h3>\n\n\n\n<figure class=\"wp-block-image size-full\"><img loading=\"lazy\" decoding=\"async\" width=\"1335\" height=\"866\" src=\"https:\/\/planyard.com\/wp-content\/uploads\/2024\/12\/construction_subcontractor_bid_template.png\" alt=\"Construction subcontractor bid template\" class=\"wp-image-8111\" \/><\/figure>\n\n\n\n<p>Allt\u00f6\u00f6v\u00f5tja v\u00f5i tarnija pakkumise mall on loodud selleks, et peat\u00f6\u00f6v\u00f5tjad saaksid oma pakkumise \u00fcksikasjad selgelt ja professionaalselt kliendile v\u00f5i projektijuhile esitada. See mall aitab allt\u00f6\u00f6v\u00f5tjatel ja tarnijatel esitada oma pakutavad kulud, t\u00f6\u00f6 ulatuse ja tingimused, tagades l\u00e4bipaistvuse ja professionaalsuse pakkumisprotsessis.<\/p>\n\n\n\n<div class=\"wp-block-buttons is-layout-flex wp-block-buttons-is-layout-flex\">\n<div class=\"wp-block-button\"><a class=\"wp-block-button__link has-background wp-element-button\" href=\"https:\/\/planyard.com\/et\/hankige-tasuta-ehituse-pakkumise-mall\" style=\"background-color:#2756ff\">Laadi alla tasuta mall<\/a><\/div>\n\n\n\n<div class=\"wp-block-button\"><a class=\"wp-block-button__link wp-element-button\" href=\"https:\/\/planyard.com\/et\/ehitusmaksumuse-hindamise-tarkvara-2\">Vaata Planyardi hinnangutarkvara<\/a><\/div>\n<\/div>\n\n\n\n<p><\/p>\n\n\n\n<p><strong>P\u00f5hijooned:<\/strong><\/p>\n\n\n\n<ul class=\"wp-block-list\">\n<li><strong>Ettev\u00f5tte ja kontaktandmed:<\/strong> Lisage allt\u00f6\u00f6v\u00f5tja v\u00f5i tarnija teave, nagu ettev\u00f5tte nimi, aadress ja kontaktandmed.<\/li>\n\n\n\n<li><strong>T\u00f6\u00f6 ulatus:<\/strong> M\u00e4\u00e4ratlege selgelt pakutav t\u00f6\u00f6 v\u00f5i materjalid, sealhulgas \u00fcksikasjalikud kirjeldused, et v\u00e4ltida ebaselgust.<\/li>\n\n\n\n<li><strong>\u00dcksikasjalikud kulud:<\/strong> Esitage kulude jaotus t\u00f6\u00f6j\u00f5u, materjalide, seadmete ja muude asjakohaste kulude kohta.<\/li>\n\n\n\n<li><strong>Tarnet\u00e4htajad:<\/strong> M\u00e4\u00e4rake t\u00f6\u00f6 l\u00f5petamise v\u00f5i materjalide tarnimise ajakava, tagades vastavuse projekti t\u00e4htaegadele.<\/li>\n\n\n\n<li><strong>Tingimused:<\/strong> Lisage maksetingimused, garantiid ja muud lepingutingimused, et seada ootused ja kaitsta m\u00f5lemat osapoolt.<\/li>\n<\/ul>\n\n\n\n<p>See mall aitab allt\u00f6\u00f6v\u00f5tjatel ja tarnijatel silma paista, esitades h\u00e4sti organiseeritud, professionaalseid pakkumisi, mis sisendavad kliendile usaldust. See on hindamatu t\u00f6\u00f6riist usalduse loomiseks ja tugevate t\u00f6\u00f6suhete edendamiseks projekti algusest peale.<\/p>\n\n\n\n<h2 class=\"wp-block-heading\">Korraldatud ja professionaalsete ehituspakkumise mallide t\u00e4htsus<\/h2>\n\n\n\n<p>Konkurentsitihedas ehitust\u00f6\u00f6stuses v\u00f5ib h\u00e4sti ettevalmistatud ja professionaalne pakkumine olla erinevus projekti v\u00f5itmise v\u00f5i kaotamise vahel. Ehituspakkumise mallid m\u00e4ngivad kriitilist rolli selguse, t\u00e4psuse ja professionaalsuse saavutamisel kogu pakkumisprotsessi v\u00e4ltel. Siin on p\u00f5hjus, miks korraldatud ja professionaalsed mallid on h\u00e4davajalikud:<\/p>\n\n\n\n<h3 class=\"wp-block-heading\">Selguse suurendamine ja vigade v\u00e4hendamine<\/h3>\n\n\n\n<p>Kui pakkumised esitatakse standardiseeritud malli abil, on kogu vajalik teave selgelt ja struktureeritult esitatud. See tagab, et projekti \u00fcksikasjad, nagu t\u00f6\u00f6 ulatus, materjalid ja ajakavad, on esitatud ilma ebaselguse. Professionaalne mall aitab v\u00e4ltida puudusi v\u00f5i vigu, mis v\u00f5ivad hiljem projektis p\u00f5hjustada arusaamatusi v\u00f5i kulukaid vigu.<\/p>\n\n\n\n<h3 class=\"wp-block-heading\">Pakkumisprotsessi sujuvamaks muutmine<\/h3>\n\n\n\n<p>Aeg on ehitushangetes v\u00e4\u00e4rtuslik ressurss. Korraldatud mallid v\u00e4listavad vajaduse pakkumiste koostamiseks nullist, s\u00e4\u00e4stes aega nii peat\u00f6\u00f6v\u00f5tjatele kui ka klientidele. Eelnevalt m\u00e4\u00e4ratletud struktuuriga saavad meeskonnad keskenduda t\u00e4psete projekti \u00fcksikasjade t\u00e4itmisele, selle asemel et muretseda vormindamise v\u00f5i oluliste osade puudumise p\u00e4rast.<\/p>\n\n\n\n<h3 class=\"wp-block-heading\">Lihtsate v\u00f5rdluste h\u00f5lbustamine<\/h3>\n\n\n\n<p>Kliendi v\u00f5i peat\u00f6\u00f6v\u00f5tja jaoks, kes vaatab l\u00e4bi mitu pakkumist, muudab \u00fchtne formaat ettepanekute k\u00f5rvuti v\u00f5rdlemise lihtsamaks. See l\u00e4bipaistvus aitab sidusr\u00fchmadel teha teadlikke otsuseid kiiresti, hinnates kulusid, ajakavasid ja pakutavat t\u00f6\u00f6 ulatust t\u00f5husalt.<\/p>\n\n\n\n<h3 class=\"wp-block-heading\">Usaldusv\u00e4\u00e4rsuse ja professionaalsuse suurendamine<\/h3>\n\n\n\n<p>Puhas, h\u00e4sti struktureeritud pakkumine peegeldab professionaalsust ja t\u00e4helepanu detailidele. See n\u00e4itab klientidele, et peat\u00f6\u00f6v\u00f5tja on organiseeritud, usaldusv\u00e4\u00e4rne ja suudab projekti t\u00f5husalt juhtida. Esmamuljed on olulised ja viimistletud pakkumine v\u00f5ib luua positiivse \u00e4risuhte aluse.<\/p>\n\n\n\n<h2 class=\"wp-block-heading\">Kuidas luua v\u00f5itvat ehituspakkumise ettepanekut<\/h2>\n\n\n\n<p>H\u00e4sti koostatud ehituspakkumise ettepanek v\u00f5ib teid konkurentsitihedas t\u00f6\u00f6stuses esile t\u00f5sta. See ei seisne ainult numbrite esitamisel\u2014see on professionaalsuse edastamine, projekti vajaduste m\u00f5istmine ja teie suutlikkuse n\u00e4itamine. J\u00e4rgige seda samm-sammulist juhendit, et luua veenev ja t\u00f5hus pakkumise ettepanek:<\/p>\n\n\n\n<h3 class=\"wp-block-heading\">M\u00f5istke projekti n\u00f5udeid<\/h3>\n\n\n\n<p>Alustage projekti dokumentatsiooni, n\u00e4iteks pakkumiskutse (RFT), jooniste ja spetsifikatsioonide p\u00f5hjaliku \u00fclevaatamisega. Pange t\u00e4hele olulisi \u00fcksikasju, nagu:<\/p>\n\n\n\n<ul class=\"wp-block-list\">\n<li>T\u00f6\u00f6 ulatus<\/li>\n\n\n\n<li>Vajalikud materjalid ja seadmed<\/li>\n\n\n\n<li>T\u00e4htajad ja verstapostid<\/li>\n\n\n\n<li>Esitamise n\u00f5uded<\/li>\n<\/ul>\n\n\n\n<p>See tagab, et teie pakkumine vastab kliendi ootustele ja vastab k\u00f5igile n\u00f5uetele.<\/p>\n\n\n\n<h3 class=\"wp-block-heading\">Koguge olulist teavet<\/h3>\n\n\n\n<p>Koguge ettepaneku koostamiseks vajalikud \u00fcksikasjad, sealhulgas:<\/p>\n\n\n\n<ul class=\"wp-block-list\">\n<li>Teie ettev\u00f5tte profiil, r\u00f5hutades asjakohast kogemust<\/li>\n\n\n\n<li>Litsentsid, sertifikaadid ja soovitused<\/li>\n\n\n\n<li>Kindlustus- ja garantiiteave<\/li>\n\n\n\n<li>Selge kulude jaotus<\/li>\n<\/ul>\n\n\n\n<p>Selle teabe eelnev korraldamine muudab ettepaneku protsessi sujuvamaks ja tagab, et midagi ei j\u00e4\u00e4ks kahe silma vahele.<\/p>\n\n\n\n<h3 class=\"wp-block-heading\">Kulude t\u00e4pne jaotamine<\/h3>\n\n\n\n<p>Jaotage oma kulud selgetesse kategooriatesse, nagu:<\/p>\n\n\n\n<ul class=\"wp-block-list\">\n<li>T\u00f6\u00f6j\u00f5ud<\/li>\n\n\n\n<li>Materjalid<\/li>\n\n\n\n<li>Seadmete rent<\/li>\n\n\n\n<li>\u00dcld- ja halduskulud<\/li>\n\n\n\n<li>Ettearvamatud kulud<\/li>\n<\/ul>\n\n\n\n<p>Kasutage ehituspakkumise malli oma kulude jaotuse struktureerimiseks. See mitte ainult ei paranda selgust, vaid v\u00f5imaldab ka kliendil teie pakkumist teistega h\u00f5lpsasti v\u00f5rrelda. Kui klient n\u00f5uab pakkumist konkreetses formaadis, t\u00e4itke see lihtsama v\u00f5rdluse huvides.<\/p>\n\n\n\n<h3 class=\"wp-block-heading\">Lisage \u00fcksikasjalik t\u00f6\u00f6 ulatus<\/h3>\n\n\n\n<p>M\u00e4\u00e4ratlege selgelt, mis on teie ettepanekus kaasatud\u2014ja mis mitte. T\u00e4psustage tarnitavad esemed, kasutatavad materjalid ja ajakavad iga projekti etapi jaoks. See aitab hallata ootusi ja v\u00e4hendab hilisemate vaidluste riski.<\/p>\n\n\n\n<h3 class=\"wp-block-heading\">Kohandage projekti jaoks<\/h3>\n\n\n\n<p>V\u00e4ltige \u00fcldiste pakkumiste kasutamist. Kohandage oma ettepanek konkreetse projekti jaoks, k\u00e4sitledes ainulaadseid v\u00e4ljakutseid v\u00f5i kliendi eelistusi. Kliendi vajaduste m\u00f5istmise n\u00e4itamine suurendab teie valituks osutumise t\u00f5en\u00e4osust.<\/p>\n\n\n\n<p>Kui j\u00e4tate v\u00e4lja kliendi jaoks olulised \u00fcksused v\u00f5i lisate asju, mis pole asjakohased, v\u00f5ite kas klienti pettuda v\u00f5i j\u00e4\u00e4da soovitud hinnavahemikust v\u00e4lja.<\/p>\n\n\n\n<h3 class=\"wp-block-heading\">Lugege ja vaadake \u00fcle<\/h3>\n\n\n\n<p>Enne esitust vaadake oma ettepanek \u00fcle j\u00e4rgmiste punktide osas:<\/p>\n\n\n\n<ul class=\"wp-block-list\">\n<li>Kirjavead ja grammatikavead<\/li>\n\n\n\n<li>Puuduv v\u00f5i mittet\u00e4ielik teave<\/li>\n\n\n\n<li>Vormingu ja numbrite j\u00e4rjepidevus<\/li>\n<\/ul>\n\n\n\n<p>Kollegi v\u00f5i juhataja \u00fclevaatus v\u00f5ib avastada vigu, mida te ise ei m\u00e4rganud.<\/p>\n\n\n\n<h3 class=\"wp-block-heading\">Lisage tingimused<\/h3>\n\n\n\n<p>M\u00e4\u00e4ratlege selgelt oma tingimused, sealhulgas maksegraafikud, garantiipoliitikad ja kuidas k\u00e4sitletakse muudatusi t\u00f6\u00f6 ulatuses. Need \u00fcksikasjad kaitsevad nii teid kui ka klienti, seades selged ootused.<\/p>\n\n\n\n<h3 class=\"wp-block-heading\">Esitage \u00f5igel ajal ja j\u00e4lgige<\/h3>\n\n\n\n<p>Esitage oma ettepanek t\u00e4htaja jooksul, j\u00e4rgides k\u00f5iki konkreetseid esitamisjuhiseid. P\u00e4rast esitamist v\u00f5tke kliendiga \u00fchendust, et kinnitada k\u00e4ttesaamist ja v\u00e4ljendada oma huvi projekti vastu.<\/p>\n\n\n\n<h2 class=\"wp-block-heading\">Kokkuv\u00f5te<\/h2>\n\n\n\n<p>Professionaalsed ehituspakkumise mallid muudavad pakkumisprotsessi mitte ainult t\u00f5husamaks, vaid parandavad ka koost\u00f6\u00f6d ja l\u00e4bipaistvust. Kohandades malle vastavalt oma projekti vajadustele, saate pakkumisi kindlalt hallata ja keskenduda sellele, mis on k\u00f5ige olulisem\u2014kvaliteetsete ehitusprojektide \u00f5igeaegsele ja eelarve piires tarnimisele.<\/p>\n\n\n\n<p>Uurige, kuidas Planyardi ehituskulude haldamise tarkvara t\u00e4iendab teie pakkumisprotsessi selliste funktsioonidega nagu pakkumiste j\u00e4lgimine, reaalajas kulude uuendused ja automatiseeritud t\u00f6\u00f6vood.<\/p>\n\n\n\n<p><\/p>\n","protected":false},"excerpt":{"rendered":"<p>Lihtsustage iga sammu ehitushangete protsessis meie professionaalsete ja kohandatavate mallide kogumikuga. Olenemata sellest, kas v\u00f5rdlete peat\u00f6\u00f6v\u00f5tjate pakkumisi, kutsute tarnijaid esitama pakkumisi v\u00f5i koostate kliendile \u00fcksikasjalikke hinnanguid, on need mallid loodud teie aja s\u00e4\u00e4stmiseks, t\u00e4psuse parandamiseks ja projekti professionaalsuse t\u00f5stmiseks. Saadaval Google Sheets, Exceli ja PDF-formaatides, meie mallid tagavad, et teil on k\u00f5ik vajalik pakkumiste t\u00f5husaks&#8230;  <a class=\"excerpt-read-more\" href=\"https:\/\/planyard.com\/et\/ehituspakkumise-mall\" title=\"Loe  Ehituspakkumise mall\">Loe edasi &#8220;<\/a><\/p>\n","protected":false},"author":3,"featured_media":0,"parent":0,"menu_order":0,"comment_status":"closed","ping_status":"closed","template":"","meta":{"_acf_changed":false,"content-type":"","footnotes":""},"page_intent":[160],"page_type":[],"class_list":["post-10761","page","type-page","status-publish","hentry"],"acf":[],"yoast_head":"<!-- This site is optimized with the Yoast SEO plugin v27.1.1 - https:\/\/yoast.com\/product\/yoast-seo-wordpress\/ -->\n<title>Tasuta ehituspakkumise mall - Planyard Eesti<\/title>\n<meta name=\"description\" content=\"See ehituspakkumise mall aitab teil saata oma klientidele professionaalseid pakkumisi ja v\u00f5rrelda oma tarnijate pakkumisi selgel viisil.\" \/>\n<meta name=\"robots\" content=\"index, follow, max-snippet:-1, max-image-preview:large, max-video-preview:-1\" \/>\n<link rel=\"canonical\" href=\"https:\/\/planyard.com\/et\/ehituspakkumise-mall\" \/>\n<meta property=\"og:locale\" content=\"et_EE\" \/>\n<meta property=\"og:type\" content=\"article\" \/>\n<meta property=\"og:title\" content=\"Tasuta ehituspakkumise mall - Planyard Eesti\" \/>\n<meta property=\"og:description\" content=\"See ehituspakkumise mall aitab teil saata oma klientidele professionaalseid pakkumisi ja v\u00f5rrelda oma tarnijate pakkumisi selgel viisil.\" \/>\n<meta property=\"og:url\" content=\"https:\/\/planyard.com\/et\/ehituspakkumise-mall\" \/>\n<meta property=\"og:site_name\" content=\"Planyard Eesti\" \/>\n<meta property=\"article:modified_time\" content=\"2025-05-19T16:53:44+00:00\" \/>\n<meta property=\"og:image\" content=\"https:\/\/planyard.com\/wp-content\/uploads\/2024\/12\/constriction_bidding_templates.png\" \/>\n\t<meta property=\"og:image:width\" content=\"1080\" \/>\n\t<meta property=\"og:image:height\" content=\"1080\" \/>\n\t<meta property=\"og:image:type\" content=\"image\/png\" \/>\n<meta name=\"twitter:card\" content=\"summary_large_image\" \/>\n<meta name=\"twitter:label1\" content=\"Est. reading time\" \/>\n\t<meta name=\"twitter:data1\" content=\"7 minutit\" \/>\n<!-- \/ Yoast SEO plugin. -->","yoast_head_json":{"title":"Tasuta ehituspakkumise mall - Planyard Eesti","description":"See ehituspakkumise mall aitab teil saata oma klientidele professionaalseid pakkumisi ja v\u00f5rrelda oma tarnijate pakkumisi selgel viisil.","robots":{"index":"index","follow":"follow","max-snippet":"max-snippet:-1","max-image-preview":"max-image-preview:large","max-video-preview":"max-video-preview:-1"},"canonical":"https:\/\/planyard.com\/et\/ehituspakkumise-mall","og_locale":"et_EE","og_type":"article","og_title":"Tasuta ehituspakkumise mall - Planyard Eesti","og_description":"See ehituspakkumise mall aitab teil saata oma klientidele professionaalseid pakkumisi ja v\u00f5rrelda oma tarnijate pakkumisi selgel viisil.","og_url":"https:\/\/planyard.com\/et\/ehituspakkumise-mall","og_site_name":"Planyard Eesti","article_modified_time":"2025-05-19T16:53:44+00:00","og_image":[{"width":1080,"height":1080,"url":"https:\/\/planyard.com\/wp-content\/uploads\/2024\/12\/constriction_bidding_templates.png","type":"image\/png"}],"twitter_card":"summary_large_image","twitter_misc":{"Est. reading time":"7 minutit"},"schema":{"@context":"https:\/\/schema.org","@graph":[{"@type":"WebPage","@id":"https:\/\/planyard.com\/et\/ehituspakkumise-mall","url":"https:\/\/planyard.com\/et\/ehituspakkumise-mall","name":"Tasuta ehituspakkumise mall - Planyard Eesti","isPartOf":{"@id":"https:\/\/planyard.com\/et#website"},"primaryImageOfPage":{"@id":"https:\/\/planyard.com\/et\/ehituspakkumise-mall#primaryimage"},"image":{"@id":"https:\/\/planyard.com\/et\/ehituspakkumise-mall#primaryimage"},"thumbnailUrl":"https:\/\/planyard.com\/wp-content\/uploads\/2024\/12\/constriction_bidding_templates.png","datePublished":"2024-12-16T17:39:09+00:00","dateModified":"2025-05-19T16:53:44+00:00","description":"See ehituspakkumise mall aitab teil saata oma klientidele professionaalseid pakkumisi ja v\u00f5rrelda oma tarnijate pakkumisi selgel viisil.","breadcrumb":{"@id":"https:\/\/planyard.com\/et\/ehituspakkumise-mall#breadcrumb"},"inLanguage":"et","potentialAction":[{"@type":"ReadAction","target":["https:\/\/planyard.com\/et\/ehituspakkumise-mall"]}]},{"@type":"ImageObject","inLanguage":"et","@id":"https:\/\/planyard.com\/et\/ehituspakkumise-mall#primaryimage","url":"https:\/\/planyard.com\/wp-content\/uploads\/2024\/12\/constriction_bidding_templates.png","contentUrl":"https:\/\/planyard.com\/wp-content\/uploads\/2024\/12\/constriction_bidding_templates.png"},{"@type":"BreadcrumbList","@id":"https:\/\/planyard.com\/et\/ehituspakkumise-mall#breadcrumb","itemListElement":[{"@type":"ListItem","position":1,"name":"Home","item":"https:\/\/planyard.com\/et"},{"@type":"ListItem","position":2,"name":"Ehituspakkumise mall"}]},{"@type":"WebSite","@id":"https:\/\/planyard.com\/et#website","url":"https:\/\/planyard.com\/et","name":"Planyard Eesti","description":"","potentialAction":[{"@type":"SearchAction","target":{"@type":"EntryPoint","urlTemplate":"https:\/\/planyard.com\/et?s={search_term_string}"},"query-input":{"@type":"PropertyValueSpecification","valueRequired":true,"valueName":"search_term_string"}}],"inLanguage":"et"}]}},"_links":{"self":[{"href":"https:\/\/planyard.com\/et\/wp-json\/wp\/v2\/pages\/10761","targetHints":{"allow":["GET"]}}],"collection":[{"href":"https:\/\/planyard.com\/et\/wp-json\/wp\/v2\/pages"}],"about":[{"href":"https:\/\/planyard.com\/et\/wp-json\/wp\/v2\/types\/page"}],"author":[{"embeddable":true,"href":"https:\/\/planyard.com\/et\/wp-json\/wp\/v2\/users\/3"}],"replies":[{"embeddable":true,"href":"https:\/\/planyard.com\/et\/wp-json\/wp\/v2\/comments?post=10761"}],"version-history":[{"count":3,"href":"https:\/\/planyard.com\/et\/wp-json\/wp\/v2\/pages\/10761\/revisions"}],"predecessor-version":[{"id":15881,"href":"https:\/\/planyard.com\/et\/wp-json\/wp\/v2\/pages\/10761\/revisions\/15881"}],"wp:attachment":[{"href":"https:\/\/planyard.com\/et\/wp-json\/wp\/v2\/media?parent=10761"}],"wp:term":[{"taxonomy":"page_intent","embeddable":true,"href":"https:\/\/planyard.com\/et\/wp-json\/wp\/v2\/page_intent?post=10761"},{"taxonomy":"page_type","embeddable":true,"href":"https:\/\/planyard.com\/et\/wp-json\/wp\/v2\/page_type?post=10761"}],"curies":[{"name":"wp","href":"https:\/\/api.w.org\/{rel}","templated":true}]}}