{"id":10756,"date":"2024-07-24T20:49:38","date_gmt":"2024-07-24T20:49:38","guid":{"rendered":"https:\/\/planyard.com\/case-studies-collection"},"modified":"2025-05-19T16:52:05","modified_gmt":"2025-05-19T16:52:05","slug":"juhtumiuuringud-kogumik","status":"publish","type":"page","link":"https:\/\/planyard.com\/et\/juhtumiuuringud-kogumik","title":{"rendered":"Juhtumiuuringud"},"content":{"rendered":"\n<p>Uurige, kuidas Planyard muudab ehituse eelarve haldamise lihtsamaks. Meie juhtumiuuringud n\u00e4itavad, kuidas reaalsed meeskonnad v\u00e4hendavad vigade arvu ja s\u00e4\u00e4stavad sadu tunde, kasutades Planyardi lihtsaid ja intuitiivseid t\u00f6\u00f6riistu. Vaadake, kuidas see ka teid aidata saab!<\/p>\n\n\n\n<p><\/p>\n","protected":false},"excerpt":{"rendered":"<p>Uurige, kuidas Planyard muudab ehituse eelarve haldamise lihtsamaks. Meie juhtumiuuringud n\u00e4itavad, kuidas reaalsed meeskonnad v\u00e4hendavad vigade arvu ja s\u00e4\u00e4stavad sadu tunde, kasutades Planyardi lihtsaid ja intuitiivseid t\u00f6\u00f6riistu. Vaadake, kuidas see ka teid aidata saab!<\/p>\n","protected":false},"author":1,"featured_media":0,"parent":0,"menu_order":0,"comment_status":"closed","ping_status":"closed","template":"template-casestudies.php","meta":{"_acf_changed":false,"content-type":"","footnotes":""},"page_intent":[235],"page_type":[],"class_list":["post-10756","page","type-page","status-publish","hentry"],"acf":[],"yoast_head":"<!-- This site is optimized with the Yoast SEO plugin v27.1.1 - https:\/\/yoast.com\/product\/yoast-seo-wordpress\/ -->\n<title>Juhtumiuuringud - Planyard Eesti<\/title>\n<meta name=\"description\" content=\"Meie juhtumiuuringud n\u00e4itavad, kuidas reaalsed meeskonnad v\u00e4hendavad vigade arvu ja s\u00e4\u00e4stavad sadu tunde, kasutades Planyardi lihtsaid ja intuitiivseid t\u00f6\u00f6riistu.\" \/>\n<meta name=\"robots\" content=\"index, follow, max-snippet:-1, max-image-preview:large, max-video-preview:-1\" \/>\n<link rel=\"canonical\" href=\"https:\/\/planyard.com\/et\/juhtumiuuringud-kogumik\" \/>\n<meta property=\"og:locale\" content=\"et_EE\" \/>\n<meta property=\"og:type\" content=\"article\" \/>\n<meta property=\"og:title\" content=\"Juhtumiuuringud - Planyard Eesti\" \/>\n<meta property=\"og:description\" content=\"Meie juhtumiuuringud n\u00e4itavad, kuidas reaalsed meeskonnad v\u00e4hendavad vigade arvu ja s\u00e4\u00e4stavad sadu tunde, kasutades Planyardi lihtsaid ja intuitiivseid t\u00f6\u00f6riistu.\" \/>\n<meta property=\"og:url\" content=\"https:\/\/planyard.com\/et\/juhtumiuuringud-kogumik\" \/>\n<meta property=\"og:site_name\" content=\"Planyard Eesti\" \/>\n<meta property=\"article:modified_time\" content=\"2025-05-19T16:52:05+00:00\" \/>\n<meta name=\"twitter:card\" content=\"summary_large_image\" \/>\n<meta name=\"twitter:label1\" content=\"Est. reading time\" \/>\n\t<meta name=\"twitter:data1\" content=\"1 minut\" \/>\n<!-- \/ Yoast SEO plugin. -->","yoast_head_json":{"title":"Juhtumiuuringud - Planyard Eesti","description":"Meie juhtumiuuringud n\u00e4itavad, kuidas reaalsed meeskonnad v\u00e4hendavad vigade arvu ja s\u00e4\u00e4stavad sadu tunde, kasutades Planyardi lihtsaid ja intuitiivseid t\u00f6\u00f6riistu.","robots":{"index":"index","follow":"follow","max-snippet":"max-snippet:-1","max-image-preview":"max-image-preview:large","max-video-preview":"max-video-preview:-1"},"canonical":"https:\/\/planyard.com\/et\/juhtumiuuringud-kogumik","og_locale":"et_EE","og_type":"article","og_title":"Juhtumiuuringud - Planyard Eesti","og_description":"Meie juhtumiuuringud n\u00e4itavad, kuidas reaalsed meeskonnad v\u00e4hendavad vigade arvu ja s\u00e4\u00e4stavad sadu tunde, kasutades Planyardi lihtsaid ja intuitiivseid t\u00f6\u00f6riistu.","og_url":"https:\/\/planyard.com\/et\/juhtumiuuringud-kogumik","og_site_name":"Planyard Eesti","article_modified_time":"2025-05-19T16:52:05+00:00","twitter_card":"summary_large_image","twitter_misc":{"Est. reading time":"1 minut"},"schema":{"@context":"https:\/\/schema.org","@graph":[{"@type":"WebPage","@id":"https:\/\/planyard.com\/et\/juhtumiuuringud-kogumik","url":"https:\/\/planyard.com\/et\/juhtumiuuringud-kogumik","name":"Juhtumiuuringud - Planyard Eesti","isPartOf":{"@id":"https:\/\/planyard.com\/et#website"},"datePublished":"2024-07-24T20:49:38+00:00","dateModified":"2025-05-19T16:52:05+00:00","description":"Meie juhtumiuuringud n\u00e4itavad, kuidas reaalsed meeskonnad v\u00e4hendavad vigade arvu ja s\u00e4\u00e4stavad sadu tunde, kasutades Planyardi lihtsaid ja intuitiivseid t\u00f6\u00f6riistu.","breadcrumb":{"@id":"https:\/\/planyard.com\/et\/juhtumiuuringud-kogumik#breadcrumb"},"inLanguage":"et","potentialAction":[{"@type":"ReadAction","target":["https:\/\/planyard.com\/et\/juhtumiuuringud-kogumik"]}]},{"@type":"BreadcrumbList","@id":"https:\/\/planyard.com\/et\/juhtumiuuringud-kogumik#breadcrumb","itemListElement":[{"@type":"ListItem","position":1,"name":"Home","item":"https:\/\/planyard.com\/et"},{"@type":"ListItem","position":2,"name":"Juhtumiuuringud"}]},{"@type":"WebSite","@id":"https:\/\/planyard.com\/et#website","url":"https:\/\/planyard.com\/et","name":"Planyard Eesti","description":"","potentialAction":[{"@type":"SearchAction","target":{"@type":"EntryPoint","urlTemplate":"https:\/\/planyard.com\/et?s={search_term_string}"},"query-input":{"@type":"PropertyValueSpecification","valueRequired":true,"valueName":"search_term_string"}}],"inLanguage":"et"}]}},"_links":{"self":[{"href":"https:\/\/planyard.com\/et\/wp-json\/wp\/v2\/pages\/10756","targetHints":{"allow":["GET"]}}],"collection":[{"href":"https:\/\/planyard.com\/et\/wp-json\/wp\/v2\/pages"}],"about":[{"href":"https:\/\/planyard.com\/et\/wp-json\/wp\/v2\/types\/page"}],"author":[{"embeddable":true,"href":"https:\/\/planyard.com\/et\/wp-json\/wp\/v2\/users\/1"}],"replies":[{"embeddable":true,"href":"https:\/\/planyard.com\/et\/wp-json\/wp\/v2\/comments?post=10756"}],"version-history":[{"count":3,"href":"https:\/\/planyard.com\/et\/wp-json\/wp\/v2\/pages\/10756\/revisions"}],"predecessor-version":[{"id":15878,"href":"https:\/\/planyard.com\/et\/wp-json\/wp\/v2\/pages\/10756\/revisions\/15878"}],"wp:attachment":[{"href":"https:\/\/planyard.com\/et\/wp-json\/wp\/v2\/media?parent=10756"}],"wp:term":[{"taxonomy":"page_intent","embeddable":true,"href":"https:\/\/planyard.com\/et\/wp-json\/wp\/v2\/page_intent?post=10756"},{"taxonomy":"page_type","embeddable":true,"href":"https:\/\/planyard.com\/et\/wp-json\/wp\/v2\/page_type?post=10756"}],"curies":[{"name":"wp","href":"https:\/\/api.w.org\/{rel}","templated":true}]}}