{"id":13880,"date":"2025-02-11T10:07:11","date_gmt":"2025-02-11T10:07:11","guid":{"rendered":"https:\/\/planyard.com\/procore-financials-alternative-planyard"},"modified":"2025-05-19T19:19:13","modified_gmt":"2025-05-19T19:19:13","slug":"alternativa-procore-financials-planyard","status":"publish","type":"page","link":"https:\/\/planyard.com\/es\/alternativa-procore-financials-planyard","title":{"rendered":"Por qu\u00e9 los peque\u00f1os contratistas se alejan de Procore Financials"},"content":{"rendered":"\n<p>Muchos&nbsp;<strong>peque\u00f1os contratistas<\/strong>, ya sea evaluando o utilizando Procore Financials, lo encuentran&nbsp;<strong>demasiado caro y excesivamente complejo<\/strong>&nbsp;para sus necesidades.<\/p>\n\n\n\n<p>Aunque Procore ofrece&nbsp;<strong>herramientas de presupuestaci\u00f3n, compromisos y gesti\u00f3n de variaciones<\/strong>, muchos contratistas dicen que vienen&nbsp;<strong>acompa\u00f1adas de extras innecesarios<\/strong>&nbsp;que hacen que el software sea&nbsp;<strong>dif\u00edcil de usar<\/strong>.<\/p>\n\n\n\n<p>Un&nbsp;<strong>peque\u00f1o contratista principal<\/strong>&nbsp;comparti\u00f3:<\/p>\n\n\n\n<blockquote class=\"wp-block-quote is-layout-flow wp-block-quote-is-layout-flow\">\n<p><em>\u201cLas tarifas de Procore son absolutamente desorbitadas. Su herramienta de presupuestaci\u00f3n es excelente, pero no necesito todos los extras que vienen con ella.\u201d<\/em>&nbsp;\u2013 Un&nbsp;<strong>peque\u00f1o contratista principal<\/strong>&nbsp;en el sur de California\u200b<\/p>\n<\/blockquote>\n\n\n\n<p>Adem\u00e1s, la transici\u00f3n&nbsp;<strong>hacia o desde Procore es una pesadilla<\/strong>, lo que refuerza la necesidad de una&nbsp;<strong>alternativa m\u00e1s flexible y rentable<\/strong>.<\/p>\n\n\n\n<p>En lugar de&nbsp;<strong>perder tiempo en llamadas de ventas, reuniones de implementaci\u00f3n prolongadas y tarifas de licencia de cinco a seis cifras<\/strong>, esta gu\u00eda explicar\u00e1 por qu\u00e9 los peque\u00f1os contratistas eligen<strong>&nbsp;Planyard sobre Procore Financials<\/strong>.<\/p>\n\n\n\n<h2 class=\"wp-block-heading\" id=\"two\">\u00bfQu\u00e9 es Procore Financials?<\/h2>\n\n\n\n<p><strong>Procore Financials<\/strong>&nbsp;es parte del&nbsp;<strong>paquete de gesti\u00f3n de construcci\u00f3n de Procore<\/strong>, que ofrece herramientas para&nbsp;<strong>presupuestaci\u00f3n, seguimiento de costos y previsi\u00f3n<\/strong>.<\/p>\n\n\n\n<p>Sin embargo, el&nbsp;<strong>m\u00f3dulo financiero de Procore est\u00e1 dise\u00f1ado para grandes empresas<\/strong>&nbsp;y viene con&nbsp;<strong>altos costos y una curva de aprendizaje pronunciada<\/strong>, dos problemas importantes para&nbsp;<strong>peque\u00f1os y medianos contratistas<\/strong>.<\/p>\n\n\n\n<p>Contenido relacionado:<br><a href=\"https:\/\/planyard.com\/blog\/procore-quickbooks-integration-comparison\">Integraci\u00f3n de Procore con QuickBooks<\/a><br><a href=\"https:\/\/planyard.com\/es\/procore-demasiado-caro\">C\u00f3mo funciona el precio de Procore<\/a><\/p>\n\n\n\n<h2 class=\"wp-block-heading\" id=\"three\">\u00bfQu\u00e9 es Planyard?<\/h2>\n\n\n\n<p><strong>Planyard<\/strong>&nbsp;es un&nbsp;<strong>sistema de gesti\u00f3n financiera de construcci\u00f3n<\/strong>&nbsp;dise\u00f1ado para&nbsp;<strong>peque\u00f1os contratistas<\/strong>&nbsp;que necesitan&nbsp;<strong>una alternativa simple y eficiente a Procore Financials<\/strong>.<\/p>\n\n\n\n<p>Planyard&nbsp;<strong>se integra perfectamente<\/strong>&nbsp;con&nbsp;<strong><a href=\"https:\/\/planyard.com\/es\/integracion-costos-trabajo-quickbooks\">QuickBooks<\/a>,&nbsp;<a href=\"https:\/\/planyard.com\/es\/integracion-xero-construccion\">Xero<\/a>,&nbsp;<a href=\"https:\/\/planyard.com\/es\/integracion-myob-contabilidad-construccion\">MYOB<\/a> y&nbsp;<a href=\"https:\/\/planyard.com\/es\/integracion-sage-planyard-software-construccion\">Sage<\/a><\/strong>, asegurando&nbsp;<strong>seguimiento financiero en tiempo real<\/strong>&nbsp;sin herramientas de terceros.<\/p>\n\n\n\n<p>Dise\u00f1ado por&nbsp;<strong>gerentes de proyectos<\/strong>, Planyard simplifica:<br>\u2714&nbsp;<strong>Presupuestaci\u00f3n<\/strong>&nbsp;y seguimiento de costos<br>\u2714&nbsp;<strong>Facturaci\u00f3n<\/strong>&nbsp;y pagos a subcontratistas<br>\u2714&nbsp;<strong>Previsi\u00f3n en tiempo real<\/strong><br>\u2714&nbsp;<strong>Gesti\u00f3n de variaciones<\/strong><\/p>\n\n\n\n<figure class=\"wp-block-image\"><img loading=\"lazy\" decoding=\"async\" width=\"1202\" height=\"622\" src=\"https:\/\/planyard.com\/wp-content\/uploads\/2025\/02\/image.png\" alt=\"\" class=\"wp-image-8901\"\/><\/figure>\n\n\n\n<h2 class=\"wp-block-heading\" id=\"four\">Por qu\u00e9 los peque\u00f1os contratistas eligen Planyard sobre Procore Financials<\/h2>\n\n\n\n<h3 class=\"wp-block-heading\">1. Procore Financials es demasiado r\u00edgido<\/h3>\n\n\n\n<p>Muchos contratistas se quejan de que Procore&nbsp;<strong>les obliga a seguir una estructura estricta de c\u00f3digos de costos<\/strong>, lo que hace que el seguimiento de costos sea&nbsp;<strong>frustrante e ineficiente<\/strong>.<\/p>\n\n\n\n<ul class=\"wp-block-list\">\n<li><strong>Un constructor de viviendas en Australia<\/strong>&nbsp;tuvo problemas porque Procore&nbsp;<strong>no permite usar c\u00f3digos de costos m\u00faltiples veces<\/strong>, lo que hace&nbsp;<strong>imposible rastrear gastos espec\u00edficos<\/strong>\u200b.<\/li>\n\n\n\n<li><strong>Un contratista especializado en Canad\u00e1<\/strong>&nbsp;tuvo que&nbsp;<strong>sincronizar manualmente los gastos con QuickBooks<\/strong>, lo que llev\u00f3 a errores y p\u00e9rdida de tiempo\u200b.<\/li>\n<\/ul>\n\n\n\n<p>\u2714&nbsp;<strong>C\u00f3mo Planyard soluciona esto:<\/strong><\/p>\n\n\n\n<ul class=\"wp-block-list\">\n<li>Usa&nbsp;<strong>c\u00f3digos de costos de manera flexible<\/strong>: as\u00edgnalos m\u00faltiples veces donde sea necesario.<\/li>\n\n\n\n<li><strong>Actualizaciones de presupuesto en tiempo real<\/strong>: no se necesita conciliaci\u00f3n manual.<\/li>\n<\/ul>\n\n\n\n<h3 class=\"wp-block-heading\">2. Procore encierra a las empresas en su sistema<\/h3>\n\n\n\n<p>Cambiar a o desde Procore es&nbsp;<strong>una pesadilla<\/strong>&nbsp;debido a la&nbsp;<strong>compleja enredadera de datos<\/strong>.<\/p>\n\n\n\n<ul class=\"wp-block-list\">\n<li>Un&nbsp;<strong>peque\u00f1o contratista principal<\/strong>&nbsp;vio a dos empresas luchar para implementar Procore, y otra intent\u00f3 salir, lo que&nbsp;<strong>se convirti\u00f3 en un desastre<\/strong>\u200b.<\/li>\n<\/ul>\n\n\n\n<p>\u2714&nbsp;<strong>C\u00f3mo Planyard soluciona esto:<\/strong><\/p>\n\n\n\n<ul class=\"wp-block-list\">\n<li><strong>Onboarding simple<\/strong>: importa tus presupuestos existentes desde Excel.<\/li>\n\n\n\n<li><strong>Offboarding f\u00e1cil<\/strong>: tus datos son&nbsp;<strong>siempre exportables<\/strong>, por lo que nunca te quedas atrapado.<\/li>\n<\/ul>\n\n\n\n<h3 class=\"wp-block-heading\">3. Los peque\u00f1os contratistas est\u00e1n atrapados usando Excel por falta de alternativas<\/h3>\n\n\n\n<p>Muchos contratistas vuelven a&nbsp;<strong>Excel para presupuestar<\/strong>&nbsp;porque la mayor\u00eda de las herramientas financieras son&nbsp;<strong>demasiado caras o demasiado complejas<\/strong>.<\/p>\n\n\n\n<ul class=\"wp-block-list\">\n<li>Las hojas de c\u00e1lculo&nbsp;<strong>dispersan los datos en m\u00faltiples pesta\u00f1as<\/strong>, haciendo&nbsp;<strong>dif\u00edcil el seguimiento en tiempo real<\/strong>.<\/li>\n<\/ul>\n\n\n\n<p>\u2714&nbsp;<strong>C\u00f3mo Planyard soluciona esto:<\/strong><\/p>\n\n\n\n<ul class=\"wp-block-list\">\n<li><strong>Importaciones de presupuesto con un clic<\/strong>&nbsp;desde Excel.<\/li>\n\n\n\n<li><strong>Seguimiento de proyectos en tiempo real en todos los trabajos en un solo panel<\/strong>.<\/li>\n<\/ul>\n\n\n\n<h3 class=\"wp-block-heading\"><strong>4. Procore requiere integraciones de terceros para sistemas contables<\/strong><\/h3>\n\n\n\n<p>Un&nbsp;<strong>peque\u00f1o contratista general<\/strong>&nbsp;busc\u00f3 espec\u00edficamente una&nbsp;<strong>herramienta de presupuestaci\u00f3n con integraci\u00f3n nativa de QuickBooks<\/strong>\u200b.<\/p>\n\n\n\n<ul class=\"wp-block-list\">\n<li>Procore requiere&nbsp;<strong>conectores de terceros como&nbsp;<\/strong><a href=\"https:\/\/planyard.com\/blog\/procore-quickbooks-integration-comparison\"><strong>SmoothLink<\/strong>&nbsp;para sincronizar con QuickBooks<\/a>.<\/li>\n<\/ul>\n\n\n\n<p>\u2714&nbsp;<strong>C\u00f3mo Planyard soluciona esto:<\/strong><\/p>\n\n\n\n<ul class=\"wp-block-list\">\n<li><strong>Integraci\u00f3n nativa con QuickBooks, Xero, MYOB y Sage<\/strong>&nbsp;(no se necesitan herramientas de terceros).<\/li>\n\n\n\n<li><strong>Las facturas se escanean autom\u00e1ticamente, se emparejan con los presupuestos y se sincronizan<\/strong>.<\/li>\n<\/ul>\n\n\n\n<h2 class=\"wp-block-heading\" id=\"five\">Planyard vs. Procore Financials: Comparaci\u00f3n de caracter\u00edsticas<\/h2>\n\n\n\n<figure class=\"wp-block-table\"><table class=\"has-fixed-layout\"><thead><tr><th>Caracter\u00edstica<\/th><th><strong>Planyard<\/strong><\/th><th><strong>Procore Financials<\/strong><\/th><\/tr><\/thead><tbody><tr><td><strong>Facilidad de uso<\/strong><\/td><td>\u2705 Simple e intuitivo<\/td><td>\u274c Complejo, curva de aprendizaje pronunciada<\/td><\/tr><tr><td><strong>Flexibilidad de c\u00f3digos de costos<\/strong><\/td><td>\u2705 Usa c\u00f3digos de costos m\u00faltiples veces<\/td><td>\u274c Un c\u00f3digo de costo por \u00edtem<\/td><\/tr><tr><td><strong>Presupuestaci\u00f3n y previsi\u00f3n<\/strong><\/td><td>\u2705 Actualizaciones en tiempo real<\/td><td>\u274c Requiere entrada manual<\/td><\/tr><tr><td><strong>Integraci\u00f3n contable<\/strong><\/td><td>\u2705 QuickBooks, Xero, MYOB, Sage<\/td><td>\u274c Requiere herramientas de terceros<\/td><\/tr><tr><td><strong>Precios<\/strong><\/td><td>\u2705 Asequible para equipos peque\u00f1os<\/td><td>\u274c Caro, se requiere cotizaci\u00f3n personalizada<\/td><\/tr><tr><td><strong>Onboarding<\/strong><\/td><td>\u2705 Configuraci\u00f3n r\u00e1pida (horas, no semanas)<\/td><td>\u274c Requiere capacitaci\u00f3n extensa<\/td><\/tr><\/tbody><\/table><\/figure>\n\n\n\n<h2 class=\"wp-block-heading\" id=\"six\">Prueba Planyard gratis hoy<\/h2>\n\n\n\n<p>Si est\u00e1s&nbsp;<strong>cansado de la complejidad de Procore Financials<\/strong>&nbsp;y quieres una&nbsp;<strong>forma m\u00e1s inteligente de gestionar tus presupuestos de construcci\u00f3n<\/strong>, prueba&nbsp;<strong>Planyard gratis durante 14 d\u00edas<\/strong>&nbsp;\u2013 \u00a1no se requiere tarjeta de cr\u00e9dito!<\/p>\n\n\n\n<p>\ud83d\udc49&nbsp;<strong><a href=\"https:\/\/planyard.com\/es\/software-presupuestacion-construccion\">Comienza la prueba gratuita<\/a><\/strong><\/p>\n\n\n\n<p><\/p>\n","protected":false},"excerpt":{"rendered":"<p>Muchos&nbsp;peque\u00f1os contratistas, ya sea evaluando o utilizando Procore Financials, lo encuentran&nbsp;demasiado caro y excesivamente complejo&nbsp;para sus necesidades. Aunque Procore ofrece&nbsp;herramientas de presupuestaci\u00f3n, compromisos y gesti\u00f3n de variaciones, muchos contratistas dicen que vienen&nbsp;acompa\u00f1adas de extras innecesarios&nbsp;que hacen que el software sea&nbsp;dif\u00edcil de usar. Un&nbsp;peque\u00f1o contratista principal&nbsp;comparti\u00f3: \u201cLas tarifas de Procore son absolutamente desorbitadas. Su herramienta de&#8230;  <a class=\"excerpt-read-more\" href=\"https:\/\/planyard.com\/es\/alternativa-procore-financials-planyard\" title=\"Leer  Por qu\u00e9 los peque\u00f1os contratistas se alejan de Procore Financials\">Leer m\u00e1s \u00ab<\/a><\/p>\n","protected":false},"author":4,"featured_media":0,"parent":0,"menu_order":0,"comment_status":"closed","ping_status":"closed","template":"","meta":{"_acf_changed":false,"content-type":"","footnotes":""},"page_intent":[199],"page_type":[],"class_list":["post-13880","page","type-page","status-publish","hentry"],"acf":[],"yoast_head":"<!-- This site is optimized with the Yoast SEO plugin v27.1.1 - https:\/\/yoast.com\/product\/yoast-seo-wordpress\/ -->\n<title>Alternativa a Procore Financials para peque\u00f1os contratistas: Planyard<\/title>\n<meta name=\"description\" content=\"\u00bfBuscas una alternativa a Procore Financials? Descubre por qu\u00e9 Planyard es la mejor opci\u00f3n para peque\u00f1os contratistas que buscan una gesti\u00f3n de costos de construcci\u00f3n simple y eficiente.\" \/>\n<meta name=\"robots\" content=\"index, follow, max-snippet:-1, max-image-preview:large, max-video-preview:-1\" \/>\n<link rel=\"canonical\" href=\"https:\/\/planyard.com\/es\/alternativa-procore-financials-planyard\" \/>\n<meta property=\"og:locale\" content=\"es_ES\" \/>\n<meta property=\"og:type\" content=\"article\" \/>\n<meta property=\"og:title\" content=\"Alternativa a Procore Financials para peque\u00f1os contratistas: Planyard\" \/>\n<meta property=\"og:description\" content=\"\u00bfBuscas una alternativa a Procore Financials? Descubre por qu\u00e9 Planyard es la mejor opci\u00f3n para peque\u00f1os contratistas que buscan una gesti\u00f3n de costos de construcci\u00f3n simple y eficiente.\" \/>\n<meta property=\"og:url\" content=\"https:\/\/planyard.com\/es\/alternativa-procore-financials-planyard\" \/>\n<meta property=\"og:site_name\" content=\"Planyard Espa\u00f1a\" \/>\n<meta property=\"article:modified_time\" content=\"2025-05-19T19:19:13+00:00\" \/>\n<meta property=\"og:image\" content=\"https:\/\/planyard.com\/wp-content\/uploads\/2025\/02\/image.png\" \/>\n\t<meta property=\"og:image:width\" content=\"1202\" \/>\n\t<meta property=\"og:image:height\" content=\"622\" \/>\n\t<meta property=\"og:image:type\" content=\"image\/png\" \/>\n<meta name=\"twitter:card\" content=\"summary_large_image\" \/>\n<meta name=\"twitter:label1\" content=\"Tiempo de lectura\" \/>\n\t<meta name=\"twitter:data1\" content=\"4 minutos\" \/>\n<!-- \/ Yoast SEO plugin. -->","yoast_head_json":{"title":"Alternativa a Procore Financials para peque\u00f1os contratistas: Planyard","description":"\u00bfBuscas una alternativa a Procore Financials? Descubre por qu\u00e9 Planyard es la mejor opci\u00f3n para peque\u00f1os contratistas que buscan una gesti\u00f3n de costos de construcci\u00f3n simple y eficiente.","robots":{"index":"index","follow":"follow","max-snippet":"max-snippet:-1","max-image-preview":"max-image-preview:large","max-video-preview":"max-video-preview:-1"},"canonical":"https:\/\/planyard.com\/es\/alternativa-procore-financials-planyard","og_locale":"es_ES","og_type":"article","og_title":"Alternativa a Procore Financials para peque\u00f1os contratistas: Planyard","og_description":"\u00bfBuscas una alternativa a Procore Financials? Descubre por qu\u00e9 Planyard es la mejor opci\u00f3n para peque\u00f1os contratistas que buscan una gesti\u00f3n de costos de construcci\u00f3n simple y eficiente.","og_url":"https:\/\/planyard.com\/es\/alternativa-procore-financials-planyard","og_site_name":"Planyard Espa\u00f1a","article_modified_time":"2025-05-19T19:19:13+00:00","og_image":[{"width":1202,"height":622,"url":"https:\/\/planyard.com\/wp-content\/uploads\/2025\/02\/image.png","type":"image\/png"}],"twitter_card":"summary_large_image","twitter_misc":{"Tiempo de lectura":"4 minutos"},"schema":{"@context":"https:\/\/schema.org","@graph":[{"@type":"WebPage","@id":"https:\/\/planyard.com\/es\/alternativa-procore-financials-planyard","url":"https:\/\/planyard.com\/es\/alternativa-procore-financials-planyard","name":"Alternativa a Procore Financials para peque\u00f1os contratistas: Planyard","isPartOf":{"@id":"https:\/\/planyard.com\/es#website"},"primaryImageOfPage":{"@id":"https:\/\/planyard.com\/es\/alternativa-procore-financials-planyard#primaryimage"},"image":{"@id":"https:\/\/planyard.com\/es\/alternativa-procore-financials-planyard#primaryimage"},"thumbnailUrl":"https:\/\/planyard.com\/wp-content\/uploads\/2025\/02\/image.png","datePublished":"2025-02-11T10:07:11+00:00","dateModified":"2025-05-19T19:19:13+00:00","description":"\u00bfBuscas una alternativa a Procore Financials? Descubre por qu\u00e9 Planyard es la mejor opci\u00f3n para peque\u00f1os contratistas que buscan una gesti\u00f3n de costos de construcci\u00f3n simple y eficiente.","breadcrumb":{"@id":"https:\/\/planyard.com\/es\/alternativa-procore-financials-planyard#breadcrumb"},"inLanguage":"es","potentialAction":[{"@type":"ReadAction","target":["https:\/\/planyard.com\/es\/alternativa-procore-financials-planyard"]}]},{"@type":"ImageObject","inLanguage":"es","@id":"https:\/\/planyard.com\/es\/alternativa-procore-financials-planyard#primaryimage","url":"https:\/\/planyard.com\/wp-content\/uploads\/2025\/02\/image.png","contentUrl":"https:\/\/planyard.com\/wp-content\/uploads\/2025\/02\/image.png"},{"@type":"BreadcrumbList","@id":"https:\/\/planyard.com\/es\/alternativa-procore-financials-planyard#breadcrumb","itemListElement":[{"@type":"ListItem","position":1,"name":"Home","item":"https:\/\/planyard.com\/es"},{"@type":"ListItem","position":2,"name":"Por qu\u00e9 los peque\u00f1os contratistas se alejan de Procore Financials"}]},{"@type":"WebSite","@id":"https:\/\/planyard.com\/es#website","url":"https:\/\/planyard.com\/es","name":"Planyard Espa\u00f1a","description":"","potentialAction":[{"@type":"SearchAction","target":{"@type":"EntryPoint","urlTemplate":"https:\/\/planyard.com\/es?s={search_term_string}"},"query-input":{"@type":"PropertyValueSpecification","valueRequired":true,"valueName":"search_term_string"}}],"inLanguage":"es"}]}},"_links":{"self":[{"href":"https:\/\/planyard.com\/es\/wp-json\/wp\/v2\/pages\/13880","targetHints":{"allow":["GET"]}}],"collection":[{"href":"https:\/\/planyard.com\/es\/wp-json\/wp\/v2\/pages"}],"about":[{"href":"https:\/\/planyard.com\/es\/wp-json\/wp\/v2\/types\/page"}],"author":[{"embeddable":true,"href":"https:\/\/planyard.com\/es\/wp-json\/wp\/v2\/users\/4"}],"replies":[{"embeddable":true,"href":"https:\/\/planyard.com\/es\/wp-json\/wp\/v2\/comments?post=13880"}],"version-history":[{"count":2,"href":"https:\/\/planyard.com\/es\/wp-json\/wp\/v2\/pages\/13880\/revisions"}],"predecessor-version":[{"id":16444,"href":"https:\/\/planyard.com\/es\/wp-json\/wp\/v2\/pages\/13880\/revisions\/16444"}],"wp:attachment":[{"href":"https:\/\/planyard.com\/es\/wp-json\/wp\/v2\/media?parent=13880"}],"wp:term":[{"taxonomy":"page_intent","embeddable":true,"href":"https:\/\/planyard.com\/es\/wp-json\/wp\/v2\/page_intent?post=13880"},{"taxonomy":"page_type","embeddable":true,"href":"https:\/\/planyard.com\/es\/wp-json\/wp\/v2\/page_type?post=13880"}],"curies":[{"name":"wp","href":"https:\/\/api.w.org\/{rel}","templated":true}]}}