{"id":13878,"date":"2024-08-27T16:43:01","date_gmt":"2024-08-27T16:43:01","guid":{"rendered":"https:\/\/planyard.com\/construction-cost-control"},"modified":"2025-05-19T19:18:34","modified_gmt":"2025-05-19T19:18:34","slug":"control-costos-construccion","status":"publish","type":"page","link":"https:\/\/planyard.com\/es\/control-costos-construccion","title":{"rendered":"\u00bfQu\u00e9 es el Control de Costos en Construcci\u00f3n?"},"content":{"rendered":"\n<h2 class=\"wp-block-heading has-text-align-left\">\u00bfQu\u00e9 es el Control de Costos en Construcci\u00f3n?<\/h2>\n\n\n\n<p>El control de costos en construcci\u00f3n se refiere a gestionar los costos de construcci\u00f3n con el objetivo de aumentar las ganancias. Por lo tanto, el control de costos comienza con la estimaci\u00f3n (obtener estimaciones precisas y rentables) y termina con el pago a los subcontratistas.<\/p>\n\n\n\n<p>La gesti\u00f3n de subcontratistas es una gran parte de esto, ya que los contratistas principales necesitar\u00edan recopilar ofertas, informes de progreso mensuales y documentos de costos basados en c\u00f3digos de costos.<\/p>\n\n\n\n<p>Otra forma de verlo es que cubre todos los procesos donde est\u00e1n involucrados los c\u00f3digos de costos de construcci\u00f3n (excepto la contabilidad).<\/p>\n\n\n\n<p>El control de costos se puede realizar por cualquier medio (papel y l\u00e1piz, Excel, software especializado, etc.), pero hay algunos beneficios evidentes al usar software especializado de control de costos.<\/p>\n\n\n\n<figure class=\"wp-block-image size-full\"><img loading=\"lazy\" decoding=\"async\" width=\"1200\" height=\"500\" src=\"https:\/\/planyard.com\/wp-content\/uploads\/2024\/08\/construction-cost-control-1.png\" alt=\"\" class=\"wp-image-1596\"\/><\/figure>\n\n\n\n<h2 class=\"wp-block-heading has-text-align-center paddedHeading\">Beneficios<\/h2>\n\n\n\n<div class=\"wp-block-columns is-layout-flex wp-container-core-columns-is-layout-9d6595d7 wp-block-columns-is-layout-flex\">\n<div class=\"wp-block-column is-layout-flow wp-block-column-is-layout-flow\">\n<h4 class=\"wp-block-heading checkedItem\">Saber si un proyecto es rentable o no antes de que termine<\/h4>\n<\/div>\n\n\n\n<div class=\"wp-block-column is-layout-flow wp-block-column-is-layout-flow\">\n<h4 class=\"wp-block-heading checkedItem\">Ahorrar de 3 a 5 d\u00edas al mes por cada jefe de proyecto<\/h4>\n<\/div>\n\n\n\n<div class=\"wp-block-column is-layout-flow wp-block-column-is-layout-flow\">\n<h4 class=\"wp-block-heading checkedItem\">Estandarizar los procesos y asegurar el cumplimiento<\/h4>\n<\/div>\n<\/div>\n\n\n\n<div class=\"wp-block-columns is-layout-flex wp-container-core-columns-is-layout-9d6595d7 wp-block-columns-is-layout-flex\">\n<div class=\"wp-block-column is-layout-flow wp-block-column-is-layout-flow\">\n<h4 class=\"wp-block-heading checkedItem\">Detectar errores de estimaci\u00f3n y dise\u00f1o<\/h4>\n<\/div>\n\n\n\n<div class=\"wp-block-column is-layout-flow wp-block-column-is-layout-flow\">\n<h4 class=\"wp-block-heading checkedItem\">Eliminar c\u00e1lculos manuales y copias y pegados<\/h4>\n<\/div>\n\n\n\n<div class=\"wp-block-column is-layout-flow wp-block-column-is-layout-flow\">\n<h4 class=\"wp-block-heading checkedItem\">No dejar que las cosas se pasen por alto<\/h4>\n<\/div>\n<\/div>\n\n\n\n<h2 class=\"wp-block-heading has-text-align-center\">Gu\u00eda del Comprador de Software de Control de Costos en Construcci\u00f3n<\/h2>\n\n\n\n<div class=\"wp-block-columns is-layout-flex wp-container-core-columns-is-layout-9d6595d7 wp-block-columns-is-layout-flex\">\n<div class=\"wp-block-column is-layout-flow wp-block-column-is-layout-flow\">\n<h4 class=\"wp-block-heading\">Acerca de la gu\u00eda<\/h4>\n\n\n\n<p>Esta gu\u00eda gratuita te dar\u00e1 una visi\u00f3n general de qu\u00e9 tipo de beneficios proporciona el software de control de costos en construcci\u00f3n. Y quiz\u00e1s tan importante, c\u00f3mo los proporciona.<\/p>\n\n\n\n<p>Est\u00e1 escrita pensando en los contratistas principales que necesitan gestionar proyectos de construcci\u00f3n a gran escala.<\/p>\n\n\n\n<p>Incluso si no est\u00e1s buscando control de costos en este momento, te dar\u00e1 una mejor idea de c\u00f3mo hacer tus procesos m\u00e1s eficientes.<\/p>\n\n\n\n<p>Adem\u00e1s, contiene una visi\u00f3n detallada de todas las posibles caracter\u00edsticas y cu\u00e1l es el objetivo de esa funcionalidad.<\/p>\n<\/div>\n\n\n\n<div class=\"wp-block-column is-layout-flow wp-block-column-is-layout-flow\">\n<figure class=\"wp-block-image size-full\"><img loading=\"lazy\" decoding=\"async\" width=\"1024\" height=\"1024\" src=\"https:\/\/planyard.com\/wp-content\/uploads\/2024\/08\/construction-cost-control-ebook-1024x1024-1.png\" alt=\"\" class=\"wp-image-1598\" srcset=\"https:\/\/planyard.com\/wp-content\/uploads\/2024\/08\/construction-cost-control-ebook-1024x1024-1.png 1024w, https:\/\/planyard.com\/wp-content\/uploads\/2024\/08\/construction-cost-control-ebook-1024x1024-1-150x150.png 150w\" sizes=\"auto, (max-width: 1024px) 100vw, 1024px\" \/><\/figure>\n<\/div>\n<\/div>\n\n\n\n<div class=\"wp-block-columns is-layout-flex wp-container-core-columns-is-layout-9d6595d7 wp-block-columns-is-layout-flex\">\n<div class=\"wp-block-column is-layout-flow wp-block-column-is-layout-flow\">\n<h4 class=\"wp-block-heading\">Tabla de contenidos<\/h4>\n\n\n\n<ol class=\"wp-block-list\">\n<li>\u00bfQu\u00e9 es el Software de Control de Costos y por qu\u00e9 usarlo?<\/li>\n\n\n\n<li>C\u00f3mo evaluar la madurez de tu empresa<\/li>\n\n\n\n<li>Software en las instalaciones vs en la nube<\/li>\n\n\n\n<li>Comunicaci\u00f3n e integraciones<\/li>\n\n\n\n<li>Estimaci\u00f3n<\/li>\n\n\n\n<li>Gesti\u00f3n de ofertas<\/li>\n\n\n\n<li>Gesti\u00f3n de presupuestos<\/li>\n\n\n\n<li>Gesti\u00f3n de contratos y \u00f3rdenes de cambio<\/li>\n\n\n\n<li>Informes de progreso de subcontratistas<\/li>\n\n\n\n<li>Gesti\u00f3n de documentos de costos<\/li>\n\n\n\n<li>Pron\u00f3stico de costos<\/li>\n\n\n\n<li>Seguimiento del flujo de caja<\/li>\n\n\n\n<li>Gesti\u00f3n de subcontratistas y contactos<\/li>\n\n\n\n<li>Gesti\u00f3n de usuarios<\/li>\n\n\n\n<li>Seguridad<\/li>\n<\/ol>\n<\/div>\n\n\n\n<div class=\"wp-block-column is-layout-flow wp-block-column-is-layout-flow\">\n<h4 class=\"wp-block-heading\">Descarga gratuita<\/h4>\n\n\n\n<script charset=\"utf-8\" type=\"text\/javascript\" src=\"\/\/js.hsforms.net\/forms\/shell.js\"><\/script>\n<script>\n  hbspt.forms.create({\n\tportalId: \"4963994\",\n\tformId: \"5dc63c68-0796-4789-93ac-9d26427cf303\"\n});\n<\/script>\n<\/div>\n<\/div>\n\n\n\n<h2 class=\"wp-block-heading has-text-align-center\">El software para contratistas de Planyard ayuda a los equipos ambiciosos a alcanzar sus objetivos y acelerar su crecimiento.<\/h2>\n\n\n\n<div class=\"wp-block-media-text alignwide has-media-on-the-right is-stacked-on-mobile is-vertically-aligned-center\"><div class=\"wp-block-media-text__content\">\n<ul class=\"wp-block-list\">\n<li>No m\u00e1s hojas de c\u00e1lculo<\/li>\n\n\n\n<li>Ahorra tiempo a los jefes de proyecto y a los QS<\/li>\n\n\n\n<li>F\u00e1cil de implementar y usar<\/li>\n\n\n\n<li>Pron\u00f3sticos financieros precisos y en tiempo real<\/li>\n\n\n\n<li>No m\u00e1s entrada de datos duplicados<\/li>\n<\/ul>\n\n\n\n<div class=\"wp-block-buttons is-layout-flex wp-block-buttons-is-layout-flex\">\n<div class=\"wp-block-button\"><a class=\"wp-block-button__link wp-element-button\" href=\"https:\/\/planyard.com\/sign-up\">Comienza tu prueba gratuita<\/a><\/div>\n\n\n\n<div class=\"wp-block-button\"><a class=\"wp-block-button__link wp-element-button\" href=\"https:\/\/meetings.hubspot.com\/cedlund\" target=\"_blank\" rel=\"noreferrer noopener\">Solicita una demostraci\u00f3n<\/a><\/div>\n<\/div>\n<\/div><figure class=\"wp-block-media-text__media\"><img decoding=\"async\" src=\"https:\/\/planyard.com\/wp-content\/uploads\/2024\/10\/construction-project-management-software-macbook-iphone-1_reduced-1024x598-1.webp\" alt=\"\" class=\"wp-image-3832 size-large\"\/><\/figure><\/div>\n","protected":false},"excerpt":{"rendered":"<p>\u00bfQu\u00e9 es el Control de Costos en Construcci\u00f3n? El control de costos en construcci\u00f3n se refiere a gestionar los costos de construcci\u00f3n con el objetivo de aumentar las ganancias. Por lo tanto, el control de costos comienza con la estimaci\u00f3n (obtener estimaciones precisas y rentables) y termina con el pago a los subcontratistas. La gesti\u00f3n&#8230;  <a class=\"excerpt-read-more\" href=\"https:\/\/planyard.com\/es\/control-costos-construccion\" title=\"Leer  \u00bfQu\u00e9 es el Control de Costos en Construcci\u00f3n?\">Leer m\u00e1s \u00ab<\/a><\/p>\n","protected":false},"author":2,"featured_media":0,"parent":0,"menu_order":0,"comment_status":"closed","ping_status":"closed","template":"","meta":{"_acf_changed":false,"content-type":"","footnotes":""},"page_intent":[169],"page_type":[],"class_list":["post-13878","page","type-page","status-publish","hentry"],"acf":[],"yoast_head":"<!-- This site is optimized with the Yoast SEO plugin v27.1.1 - https:\/\/yoast.com\/product\/yoast-seo-wordpress\/ -->\n<title>\u00bfQu\u00e9 es el Control de Costos en Construcci\u00f3n? - Planyard Espa\u00f1a<\/title>\n<meta name=\"description\" content=\"Cu\u00e1les son las mejores pr\u00e1cticas para el control de costos en construcci\u00f3n y c\u00f3mo elegir software para gestionar costos y maximizar la rentabilidad.\" \/>\n<meta name=\"robots\" content=\"index, follow, max-snippet:-1, max-image-preview:large, max-video-preview:-1\" \/>\n<link rel=\"canonical\" href=\"https:\/\/planyard.com\/es\/control-costos-construccion\" \/>\n<meta property=\"og:locale\" content=\"es_ES\" \/>\n<meta property=\"og:type\" content=\"article\" \/>\n<meta property=\"og:title\" content=\"\u00bfQu\u00e9 es el Control de Costos en Construcci\u00f3n? - Planyard Espa\u00f1a\" \/>\n<meta property=\"og:description\" content=\"Cu\u00e1les son las mejores pr\u00e1cticas para el control de costos en construcci\u00f3n y c\u00f3mo elegir software para gestionar costos y maximizar la rentabilidad.\" \/>\n<meta property=\"og:url\" content=\"https:\/\/planyard.com\/es\/control-costos-construccion\" \/>\n<meta property=\"og:site_name\" content=\"Planyard Espa\u00f1a\" \/>\n<meta property=\"article:modified_time\" content=\"2025-05-19T19:18:34+00:00\" \/>\n<meta property=\"og:image\" content=\"https:\/\/planyard.com\/wp-content\/uploads\/2024\/08\/construction-cost-control-1.png\" \/>\n\t<meta property=\"og:image:width\" content=\"1200\" \/>\n\t<meta property=\"og:image:height\" content=\"500\" \/>\n\t<meta property=\"og:image:type\" content=\"image\/png\" \/>\n<meta name=\"twitter:card\" content=\"summary_large_image\" \/>\n<meta name=\"twitter:label1\" content=\"Tiempo de lectura\" \/>\n\t<meta name=\"twitter:data1\" content=\"3 minutos\" \/>\n<!-- \/ Yoast SEO plugin. -->","yoast_head_json":{"title":"\u00bfQu\u00e9 es el Control de Costos en Construcci\u00f3n? - Planyard Espa\u00f1a","description":"Cu\u00e1les son las mejores pr\u00e1cticas para el control de costos en construcci\u00f3n y c\u00f3mo elegir software para gestionar costos y maximizar la rentabilidad.","robots":{"index":"index","follow":"follow","max-snippet":"max-snippet:-1","max-image-preview":"max-image-preview:large","max-video-preview":"max-video-preview:-1"},"canonical":"https:\/\/planyard.com\/es\/control-costos-construccion","og_locale":"es_ES","og_type":"article","og_title":"\u00bfQu\u00e9 es el Control de Costos en Construcci\u00f3n? - Planyard Espa\u00f1a","og_description":"Cu\u00e1les son las mejores pr\u00e1cticas para el control de costos en construcci\u00f3n y c\u00f3mo elegir software para gestionar costos y maximizar la rentabilidad.","og_url":"https:\/\/planyard.com\/es\/control-costos-construccion","og_site_name":"Planyard Espa\u00f1a","article_modified_time":"2025-05-19T19:18:34+00:00","og_image":[{"width":1200,"height":500,"url":"https:\/\/planyard.com\/wp-content\/uploads\/2024\/08\/construction-cost-control-1.png","type":"image\/png"}],"twitter_card":"summary_large_image","twitter_misc":{"Tiempo de lectura":"3 minutos"},"schema":{"@context":"https:\/\/schema.org","@graph":[{"@type":"WebPage","@id":"https:\/\/planyard.com\/es\/control-costos-construccion","url":"https:\/\/planyard.com\/es\/control-costos-construccion","name":"\u00bfQu\u00e9 es el Control de Costos en Construcci\u00f3n? - Planyard Espa\u00f1a","isPartOf":{"@id":"https:\/\/planyard.com\/es#website"},"primaryImageOfPage":{"@id":"https:\/\/planyard.com\/es\/control-costos-construccion#primaryimage"},"image":{"@id":"https:\/\/planyard.com\/es\/control-costos-construccion#primaryimage"},"thumbnailUrl":"https:\/\/planyard.com\/wp-content\/uploads\/2024\/08\/construction-cost-control-1.png","datePublished":"2024-08-27T16:43:01+00:00","dateModified":"2025-05-19T19:18:34+00:00","description":"Cu\u00e1les son las mejores pr\u00e1cticas para el control de costos en construcci\u00f3n y c\u00f3mo elegir software para gestionar costos y maximizar la rentabilidad.","breadcrumb":{"@id":"https:\/\/planyard.com\/es\/control-costos-construccion#breadcrumb"},"inLanguage":"es","potentialAction":[{"@type":"ReadAction","target":["https:\/\/planyard.com\/es\/control-costos-construccion"]}]},{"@type":"ImageObject","inLanguage":"es","@id":"https:\/\/planyard.com\/es\/control-costos-construccion#primaryimage","url":"https:\/\/planyard.com\/wp-content\/uploads\/2024\/08\/construction-cost-control-1.png","contentUrl":"https:\/\/planyard.com\/wp-content\/uploads\/2024\/08\/construction-cost-control-1.png"},{"@type":"BreadcrumbList","@id":"https:\/\/planyard.com\/es\/control-costos-construccion#breadcrumb","itemListElement":[{"@type":"ListItem","position":1,"name":"Home","item":"https:\/\/planyard.com\/es"},{"@type":"ListItem","position":2,"name":"\u00bfQu\u00e9 es el Control de Costos en Construcci\u00f3n?"}]},{"@type":"WebSite","@id":"https:\/\/planyard.com\/es#website","url":"https:\/\/planyard.com\/es","name":"Planyard Espa\u00f1a","description":"","potentialAction":[{"@type":"SearchAction","target":{"@type":"EntryPoint","urlTemplate":"https:\/\/planyard.com\/es?s={search_term_string}"},"query-input":{"@type":"PropertyValueSpecification","valueRequired":true,"valueName":"search_term_string"}}],"inLanguage":"es"}]}},"_links":{"self":[{"href":"https:\/\/planyard.com\/es\/wp-json\/wp\/v2\/pages\/13878","targetHints":{"allow":["GET"]}}],"collection":[{"href":"https:\/\/planyard.com\/es\/wp-json\/wp\/v2\/pages"}],"about":[{"href":"https:\/\/planyard.com\/es\/wp-json\/wp\/v2\/types\/page"}],"author":[{"embeddable":true,"href":"https:\/\/planyard.com\/es\/wp-json\/wp\/v2\/users\/2"}],"replies":[{"embeddable":true,"href":"https:\/\/planyard.com\/es\/wp-json\/wp\/v2\/comments?post=13878"}],"version-history":[{"count":2,"href":"https:\/\/planyard.com\/es\/wp-json\/wp\/v2\/pages\/13878\/revisions"}],"predecessor-version":[{"id":16435,"href":"https:\/\/planyard.com\/es\/wp-json\/wp\/v2\/pages\/13878\/revisions\/16435"}],"wp:attachment":[{"href":"https:\/\/planyard.com\/es\/wp-json\/wp\/v2\/media?parent=13878"}],"wp:term":[{"taxonomy":"page_intent","embeddable":true,"href":"https:\/\/planyard.com\/es\/wp-json\/wp\/v2\/page_intent?post=13878"},{"taxonomy":"page_type","embeddable":true,"href":"https:\/\/planyard.com\/es\/wp-json\/wp\/v2\/page_type?post=13878"}],"curies":[{"name":"wp","href":"https:\/\/api.w.org\/{rel}","templated":true}]}}