{"id":13868,"date":"2024-08-29T10:26:44","date_gmt":"2024-08-29T10:26:44","guid":{"rendered":"https:\/\/planyard.com\/request-a-planyard-pricing-proposal"},"modified":"2025-05-19T19:15:37","modified_gmt":"2025-05-19T19:15:37","slug":"solicitar-una-propuesta-de-precios-de-planyard","status":"publish","type":"page","link":"https:\/\/planyard.com\/es\/solicitar-una-propuesta-de-precios-de-planyard","title":{"rendered":"Solicitar una Propuesta de Precios de Planyard"},"content":{"rendered":"\n<div class=\"wp-block-columns is-layout-flex wp-container-core-columns-is-layout-9d6595d7 wp-block-columns-is-layout-flex\">\n<div class=\"wp-block-column is-layout-flow wp-block-column-is-layout-flow\">\n<p>Si su empresa gestiona una cartera de construcci\u00f3n diversa con m\u00faltiples unidades de negocio y entidades legales, y necesita incorporar jefes de proyecto, aparejadores, ingenieros de obra, estimadores y m\u00e1s, estamos aqu\u00ed para ayudarle.<\/p>\n\n\n\n<h5 class=\"wp-block-heading\">Por favor, complete el formulario y uno de nuestros representantes de ventas se pondr\u00e1 en contacto con usted en breve para proporcionarle una propuesta de precios personalizada.<\/h5>\n<\/div>\n\n\n\n<div class=\"wp-block-column is-layout-flow wp-block-column-is-layout-flow\">\n\n\n  hbspt.forms.create({\n    region: \u00abna1\u00bb,\n    portalId: \u00ab4963994\u00bb,\n    formId: \u00ab494ccc6f-398f-476e-b68d-ffeffb321027\u00bb\n  });\n\n<\/div>\n<\/div>\n\n\n\n<p><\/p>\n","protected":false},"excerpt":{"rendered":"<p>Si su empresa gestiona una cartera de construcci\u00f3n diversa con m\u00faltiples unidades de negocio y entidades legales, y necesita incorporar jefes de proyecto, aparejadores, ingenieros de obra, estimadores y m\u00e1s, estamos aqu\u00ed para ayudarle. Por favor, complete el formulario y uno de nuestros representantes de ventas se pondr\u00e1 en contacto con usted en breve para&#8230;  <a class=\"excerpt-read-more\" href=\"https:\/\/planyard.com\/es\/solicitar-una-propuesta-de-precios-de-planyard\" title=\"Leer  Solicitar una Propuesta de Precios de Planyard\">Leer m\u00e1s \u00ab<\/a><\/p>\n","protected":false},"author":2,"featured_media":0,"parent":0,"menu_order":0,"comment_status":"closed","ping_status":"closed","template":"","meta":{"_acf_changed":false,"content-type":"","footnotes":""},"page_intent":[184],"page_type":[],"class_list":["post-13868","page","type-page","status-publish","hentry"],"acf":[],"yoast_head":"<!-- This site is optimized with the Yoast SEO plugin v26.9 - https:\/\/yoast.com\/product\/yoast-seo-wordpress\/ -->\n<title>Solicitar una Propuesta de Precios de Planyard -<\/title>\n<meta name=\"description\" content=\"Descargue los c\u00f3digos de costos de construcci\u00f3n de Planyard de forma gratuita y mant\u00e9ngase f\u00e1cilmente al tanto de los costos de sus proyectos. Control de costos, seguimiento de KPI, ideal para uso en toda la empresa y m\u00e1s\" \/>\n<meta name=\"robots\" content=\"index, follow, max-snippet:-1, max-image-preview:large, max-video-preview:-1\" \/>\n<link rel=\"canonical\" href=\"https:\/\/planyard.com\/es\/solicitar-una-propuesta-de-precios-de-planyard\" \/>\n<meta property=\"og:locale\" content=\"es_ES\" \/>\n<meta property=\"og:type\" content=\"article\" \/>\n<meta property=\"og:title\" content=\"Solicitar una Propuesta de Precios de Planyard -\" \/>\n<meta property=\"og:description\" content=\"Descargue los c\u00f3digos de costos de construcci\u00f3n de Planyard de forma gratuita y mant\u00e9ngase f\u00e1cilmente al tanto de los costos de sus proyectos. Control de costos, seguimiento de KPI, ideal para uso en toda la empresa y m\u00e1s\" \/>\n<meta property=\"og:url\" content=\"https:\/\/planyard.com\/es\/solicitar-una-propuesta-de-precios-de-planyard\" \/>\n<meta property=\"og:site_name\" content=\"Planyard Espa\u00f1a\" \/>\n<meta property=\"article:modified_time\" content=\"2025-05-19T19:15:37+00:00\" \/>\n<meta name=\"twitter:card\" content=\"summary_large_image\" \/>\n<meta name=\"twitter:label1\" content=\"Tiempo de lectura\" \/>\n\t<meta name=\"twitter:data1\" content=\"1 minuto\" \/>\n<!-- \/ Yoast SEO plugin. -->","yoast_head_json":{"title":"Solicitar una Propuesta de Precios de Planyard -","description":"Descargue los c\u00f3digos de costos de construcci\u00f3n de Planyard de forma gratuita y mant\u00e9ngase f\u00e1cilmente al tanto de los costos de sus proyectos. Control de costos, seguimiento de KPI, ideal para uso en toda la empresa y m\u00e1s","robots":{"index":"index","follow":"follow","max-snippet":"max-snippet:-1","max-image-preview":"max-image-preview:large","max-video-preview":"max-video-preview:-1"},"canonical":"https:\/\/planyard.com\/es\/solicitar-una-propuesta-de-precios-de-planyard","og_locale":"es_ES","og_type":"article","og_title":"Solicitar una Propuesta de Precios de Planyard -","og_description":"Descargue los c\u00f3digos de costos de construcci\u00f3n de Planyard de forma gratuita y mant\u00e9ngase f\u00e1cilmente al tanto de los costos de sus proyectos. Control de costos, seguimiento de KPI, ideal para uso en toda la empresa y m\u00e1s","og_url":"https:\/\/planyard.com\/es\/solicitar-una-propuesta-de-precios-de-planyard","og_site_name":"Planyard Espa\u00f1a","article_modified_time":"2025-05-19T19:15:37+00:00","twitter_card":"summary_large_image","twitter_misc":{"Tiempo de lectura":"1 minuto"},"schema":{"@context":"https:\/\/schema.org","@graph":[{"@type":"WebPage","@id":"https:\/\/planyard.com\/es\/solicitar-una-propuesta-de-precios-de-planyard","url":"https:\/\/planyard.com\/es\/solicitar-una-propuesta-de-precios-de-planyard","name":"Solicitar una Propuesta de Precios de Planyard -","isPartOf":{"@id":"https:\/\/planyard.com\/es#website"},"datePublished":"2024-08-29T10:26:44+00:00","dateModified":"2025-05-19T19:15:37+00:00","description":"Descargue los c\u00f3digos de costos de construcci\u00f3n de Planyard de forma gratuita y mant\u00e9ngase f\u00e1cilmente al tanto de los costos de sus proyectos. Control de costos, seguimiento de KPI, ideal para uso en toda la empresa y m\u00e1s","breadcrumb":{"@id":"https:\/\/planyard.com\/es\/solicitar-una-propuesta-de-precios-de-planyard#breadcrumb"},"inLanguage":"es","potentialAction":[{"@type":"ReadAction","target":["https:\/\/planyard.com\/es\/solicitar-una-propuesta-de-precios-de-planyard"]}]},{"@type":"BreadcrumbList","@id":"https:\/\/planyard.com\/es\/solicitar-una-propuesta-de-precios-de-planyard#breadcrumb","itemListElement":[{"@type":"ListItem","position":1,"name":"Home","item":"https:\/\/planyard.com\/es"},{"@type":"ListItem","position":2,"name":"Solicitar una Propuesta de Precios de Planyard"}]},{"@type":"WebSite","@id":"https:\/\/planyard.com\/es#website","url":"https:\/\/planyard.com\/es","name":"Planyard Espa\u00f1a","description":"","potentialAction":[{"@type":"SearchAction","target":{"@type":"EntryPoint","urlTemplate":"https:\/\/planyard.com\/es?s={search_term_string}"},"query-input":{"@type":"PropertyValueSpecification","valueRequired":true,"valueName":"search_term_string"}}],"inLanguage":"es"}]}},"_links":{"self":[{"href":"https:\/\/planyard.com\/es\/wp-json\/wp\/v2\/pages\/13868","targetHints":{"allow":["GET"]}}],"collection":[{"href":"https:\/\/planyard.com\/es\/wp-json\/wp\/v2\/pages"}],"about":[{"href":"https:\/\/planyard.com\/es\/wp-json\/wp\/v2\/types\/page"}],"author":[{"embeddable":true,"href":"https:\/\/planyard.com\/es\/wp-json\/wp\/v2\/users\/2"}],"replies":[{"embeddable":true,"href":"https:\/\/planyard.com\/es\/wp-json\/wp\/v2\/comments?post=13868"}],"version-history":[{"count":2,"href":"https:\/\/planyard.com\/es\/wp-json\/wp\/v2\/pages\/13868\/revisions"}],"predecessor-version":[{"id":16408,"href":"https:\/\/planyard.com\/es\/wp-json\/wp\/v2\/pages\/13868\/revisions\/16408"}],"wp:attachment":[{"href":"https:\/\/planyard.com\/es\/wp-json\/wp\/v2\/media?parent=13868"}],"wp:term":[{"taxonomy":"page_intent","embeddable":true,"href":"https:\/\/planyard.com\/es\/wp-json\/wp\/v2\/page_intent?post=13868"},{"taxonomy":"page_type","embeddable":true,"href":"https:\/\/planyard.com\/es\/wp-json\/wp\/v2\/page_type?post=13868"}],"curies":[{"name":"wp","href":"https:\/\/api.w.org\/{rel}","templated":true}]}}