{"id":13866,"date":"2024-08-26T10:47:03","date_gmt":"2024-08-26T10:47:03","guid":{"rendered":"https:\/\/planyard.com\/quickbooks-disconnected"},"modified":"2025-05-19T19:23:34","modified_gmt":"2025-05-19T19:23:34","slug":"quickbooks-desconectado","status":"publish","type":"page","link":"https:\/\/planyard.com\/es\/quickbooks-desconectado","title":{"rendered":"QuickBooks desconectado"},"content":{"rendered":"\n<p class=\"has-text-align-left\">Tu integraci\u00f3n con QuickBooks se ha desconectado. Ya no podr\u00e1s enviar facturas directamente a tu cuenta de QuickBooks desde Planyard. Esto significa que los documentos de costos que confirmes en Planyard no se enviar\u00e1n autom\u00e1ticamente a QuickBooks.<\/p>\n\n\n\n<p class=\"has-text-align-left\">Si deseas volver a conectar Planyard con tu cuenta de QuickBooks, <a href=\"https:\/\/central.planyard.com\/planyard-quickbooks-integration\"><strong>haz clic aqu\u00ed para ver c\u00f3mo reconectar QuickBooks<\/strong><\/a> o contacta a nuestro soporte para m\u00e1s informaci\u00f3n.<\/p>\n\n\n\n<p class=\"has-text-align-left\">Alternativamente, si est\u00e1s conectado a la aplicaci\u00f3n Planyard, puedes <a href=\"https:\/\/app.planyard.com\/#\/company\/integrations\"><strong>hacer clic aqu\u00ed para ver tus integraciones<\/strong><\/a>.<br><\/p>\n","protected":false},"excerpt":{"rendered":"<p>Tu integraci\u00f3n con QuickBooks se ha desconectado. Ya no podr\u00e1s enviar facturas directamente a tu cuenta de QuickBooks desde Planyard. Esto significa que los documentos de costos que confirmes en Planyard no se enviar\u00e1n autom\u00e1ticamente a QuickBooks. Si deseas volver a conectar Planyard con tu cuenta de QuickBooks, haz clic aqu\u00ed para ver c\u00f3mo reconectar&#8230;  <a class=\"excerpt-read-more\" href=\"https:\/\/planyard.com\/es\/quickbooks-desconectado\" title=\"Leer  QuickBooks desconectado\">Leer m\u00e1s \u00ab<\/a><\/p>\n","protected":false},"author":2,"featured_media":0,"parent":0,"menu_order":0,"comment_status":"closed","ping_status":"closed","template":"","meta":{"_acf_changed":false,"content-type":"","footnotes":""},"page_intent":[229],"page_type":[],"class_list":["post-13866","page","type-page","status-publish","hentry"],"acf":[],"yoast_head":"<!-- This site is optimized with the Yoast SEO plugin v27.1.1 - https:\/\/yoast.com\/product\/yoast-seo-wordpress\/ -->\n<title>QuickBooks desconectado - Planyard Espa\u00f1a<\/title>\n<meta name=\"robots\" content=\"index, follow, max-snippet:-1, max-image-preview:large, max-video-preview:-1\" \/>\n<link rel=\"canonical\" href=\"https:\/\/planyard.com\/es\/quickbooks-desconectado\" \/>\n<meta property=\"og:locale\" content=\"es_ES\" \/>\n<meta property=\"og:type\" content=\"article\" \/>\n<meta property=\"og:title\" content=\"QuickBooks desconectado - Planyard Espa\u00f1a\" \/>\n<meta property=\"og:description\" content=\"Tu integraci\u00f3n con QuickBooks se ha desconectado. Ya no podr\u00e1s enviar facturas directamente a tu cuenta de QuickBooks desde Planyard. Esto significa que los documentos de costos que confirmes en Planyard no se enviar\u00e1n autom\u00e1ticamente a QuickBooks. Si deseas volver a conectar Planyard con tu cuenta de QuickBooks, haz clic aqu\u00ed para ver c\u00f3mo reconectar... Leer m\u00e1s &quot;\" \/>\n<meta property=\"og:url\" content=\"https:\/\/planyard.com\/es\/quickbooks-desconectado\" \/>\n<meta property=\"og:site_name\" content=\"Planyard Espa\u00f1a\" \/>\n<meta property=\"article:modified_time\" content=\"2025-05-19T19:23:34+00:00\" \/>\n<meta name=\"twitter:card\" content=\"summary_large_image\" \/>\n<meta name=\"twitter:label1\" content=\"Tiempo de lectura\" \/>\n\t<meta name=\"twitter:data1\" content=\"1 minuto\" \/>\n<!-- \/ Yoast SEO plugin. -->","yoast_head_json":{"title":"QuickBooks desconectado - Planyard Espa\u00f1a","robots":{"index":"index","follow":"follow","max-snippet":"max-snippet:-1","max-image-preview":"max-image-preview:large","max-video-preview":"max-video-preview:-1"},"canonical":"https:\/\/planyard.com\/es\/quickbooks-desconectado","og_locale":"es_ES","og_type":"article","og_title":"QuickBooks desconectado - Planyard Espa\u00f1a","og_description":"Tu integraci\u00f3n con QuickBooks se ha desconectado. Ya no podr\u00e1s enviar facturas directamente a tu cuenta de QuickBooks desde Planyard. Esto significa que los documentos de costos que confirmes en Planyard no se enviar\u00e1n autom\u00e1ticamente a QuickBooks. Si deseas volver a conectar Planyard con tu cuenta de QuickBooks, haz clic aqu\u00ed para ver c\u00f3mo reconectar... Leer m\u00e1s \"","og_url":"https:\/\/planyard.com\/es\/quickbooks-desconectado","og_site_name":"Planyard Espa\u00f1a","article_modified_time":"2025-05-19T19:23:34+00:00","twitter_card":"summary_large_image","twitter_misc":{"Tiempo de lectura":"1 minuto"},"schema":{"@context":"https:\/\/schema.org","@graph":[{"@type":"WebPage","@id":"https:\/\/planyard.com\/es\/quickbooks-desconectado","url":"https:\/\/planyard.com\/es\/quickbooks-desconectado","name":"QuickBooks desconectado - Planyard Espa\u00f1a","isPartOf":{"@id":"https:\/\/planyard.com\/es#website"},"datePublished":"2024-08-26T10:47:03+00:00","dateModified":"2025-05-19T19:23:34+00:00","breadcrumb":{"@id":"https:\/\/planyard.com\/es\/quickbooks-desconectado#breadcrumb"},"inLanguage":"es","potentialAction":[{"@type":"ReadAction","target":["https:\/\/planyard.com\/es\/quickbooks-desconectado"]}]},{"@type":"BreadcrumbList","@id":"https:\/\/planyard.com\/es\/quickbooks-desconectado#breadcrumb","itemListElement":[{"@type":"ListItem","position":1,"name":"Home","item":"https:\/\/planyard.com\/es"},{"@type":"ListItem","position":2,"name":"QuickBooks desconectado"}]},{"@type":"WebSite","@id":"https:\/\/planyard.com\/es#website","url":"https:\/\/planyard.com\/es","name":"Planyard Espa\u00f1a","description":"","potentialAction":[{"@type":"SearchAction","target":{"@type":"EntryPoint","urlTemplate":"https:\/\/planyard.com\/es?s={search_term_string}"},"query-input":{"@type":"PropertyValueSpecification","valueRequired":true,"valueName":"search_term_string"}}],"inLanguage":"es"}]}},"_links":{"self":[{"href":"https:\/\/planyard.com\/es\/wp-json\/wp\/v2\/pages\/13866","targetHints":{"allow":["GET"]}}],"collection":[{"href":"https:\/\/planyard.com\/es\/wp-json\/wp\/v2\/pages"}],"about":[{"href":"https:\/\/planyard.com\/es\/wp-json\/wp\/v2\/types\/page"}],"author":[{"embeddable":true,"href":"https:\/\/planyard.com\/es\/wp-json\/wp\/v2\/users\/2"}],"replies":[{"embeddable":true,"href":"https:\/\/planyard.com\/es\/wp-json\/wp\/v2\/comments?post=13866"}],"version-history":[{"count":2,"href":"https:\/\/planyard.com\/es\/wp-json\/wp\/v2\/pages\/13866\/revisions"}],"predecessor-version":[{"id":16472,"href":"https:\/\/planyard.com\/es\/wp-json\/wp\/v2\/pages\/13866\/revisions\/16472"}],"wp:attachment":[{"href":"https:\/\/planyard.com\/es\/wp-json\/wp\/v2\/media?parent=13866"}],"wp:term":[{"taxonomy":"page_intent","embeddable":true,"href":"https:\/\/planyard.com\/es\/wp-json\/wp\/v2\/page_intent?post=13866"},{"taxonomy":"page_type","embeddable":true,"href":"https:\/\/planyard.com\/es\/wp-json\/wp\/v2\/page_type?post=13866"}],"curies":[{"name":"wp","href":"https:\/\/api.w.org\/{rel}","templated":true}]}}