{"id":13862,"date":"2024-09-11T08:50:44","date_gmt":"2024-09-11T08:50:44","guid":{"rendered":"https:\/\/planyard.com\/procore-vs-plangrid"},"modified":"2025-05-19T19:23:29","modified_gmt":"2025-05-19T19:23:29","slug":"procore-vs-plangrid","status":"publish","type":"page","link":"https:\/\/planyard.com\/es\/procore-vs-plangrid","title":{"rendered":"Procore vs Plangrid"},"content":{"rendered":"\n<p class=\"has-text-align-center\">Comparaci\u00f3n completa de Procore vs Plangrid. Compara caracter\u00edsticas, precios y alternativas. <\/p>\n\n\n\n<div class=\"wp-block-columns is-layout-flex wp-container-core-columns-is-layout-9d6595d7 wp-block-columns-is-layout-flex\">\n<div class=\"wp-block-column is-layout-flow wp-block-column-is-layout-flow\" style=\"flex-basis:100%\">\n<div class=\"wp-block-columns is-layout-flex wp-container-core-columns-is-layout-9d6595d7 wp-block-columns-is-layout-flex\">\n<div class=\"wp-block-column is-layout-flow wp-block-column-is-layout-flow\">\n<h4 class=\"wp-block-heading\">\u00bfQu\u00e9 es Procore?<\/h4>\n\n\n\n<p><a href=\"https:\/\/procore.com\">Procore<\/a> es un software de gesti\u00f3n de proyectos de construcci\u00f3n de EE. UU. con muchos m\u00f3dulos diferentes.<\/p>\n\n\n\n<p>El software cubre la preconstrucci\u00f3n, gesti\u00f3n de proyectos, gesti\u00f3n de recursos y gesti\u00f3n financiera.<\/p>\n<\/div>\n\n\n\n<div class=\"wp-block-column is-layout-flow wp-block-column-is-layout-flow\">\n<h4 class=\"wp-block-heading\">\u00bfQu\u00e9 es Plangrid? <\/h4>\n\n\n\n<p><a href=\"https:\/\/www.plangrid.com\/\">Plangrid<\/a>&nbsp;es un software de productividad en construcci\u00f3n.<\/p>\n\n\n\n<p>Est\u00e1 principalmente destinado a compartir planos y otros documentos para la colaboraci\u00f3n en tiempo real.<\/p>\n<\/div>\n\n\n\n<div class=\"wp-block-column is-layout-flow wp-block-column-is-layout-flow\">\n<h4 class=\"wp-block-heading\">\u00bfQu\u00e9 es Planyard?<\/h4>\n\n\n\n<p><a href=\"https:\/\/planyard.com\/es\">Planyard<\/a>&nbsp;es un software de gesti\u00f3n financiera para contratistas principales que elimina la entrada de datos duplicados.<\/p>\n\n\n\n<p>Permite a los usuarios gestionar presupuestos sin depender de Excel o interminables correos electr\u00f3nicos, mientras que los subcontratistas pueden ingresar datos directamente en el sistema.<\/p>\n<\/div>\n<\/div>\n<\/div>\n<\/div>\n\n\n\n<h2 class=\"wp-block-heading has-text-align-center\">Comparaci\u00f3n de Caracter\u00edsticas y Precios<\/h2>\n\n\n\n<figure class=\"wp-block-table\"><table><tbody><tr><td><\/td><td><img loading=\"lazy\" decoding=\"async\" width=\"118\" height=\"40\" class=\"wp-image-108\" style=\"width: 118px;\" src=\"https:\/\/planyard.com\/wp-content\/uploads\/2024\/07\/Procore_Logo_FC_Black_RGB-1.svg\" alt=\"\"><br><strong>Procore<\/strong><\/td><td><img loading=\"lazy\" decoding=\"async\" width=\"150\" height=\"36\" class=\"wp-image-2299\" style=\"width: 150px;\" src=\"https:\/\/planyard.com\/wp-content\/uploads\/2024\/10\/plangrid.svg\" alt=\"Plangrid\"><br><strong>Plangrid<\/strong><\/td><td><img loading=\"lazy\" decoding=\"async\" width=\"135\" height=\"28\" class=\"wp-image-2040\" style=\"width: 135px;\" src=\"https:\/\/planyard.com\/wp-content\/uploads\/2024\/09\/planyard-logo.svg\" alt=\"\"><br><strong>Planyard<\/strong><\/td><\/tr><tr><td><strong>Prueba gratuita<\/strong><\/td><td><img decoding=\"async\" src=\"https:\/\/planyard.com\/wp-content\/uploads\/2024\/10\/icons8-delete-30.png\"><\/td><td><\/td><td><img decoding=\"async\" src=\"https:\/\/planyard.com\/wp-content\/uploads\/2024\/10\/icons8-checkmark-30.png\"> <\/td><\/tr><tr><td><strong>Precios<\/strong><\/td><td><strong>549 USD por mes<\/strong><br>(con contrato anual y m\u00e1ximo 3 millones en ingresos anuales)<\/td><td><strong>39-119 USD por usuario al mes<\/strong><\/td><td><strong>Desde 52 USD por usuario al mes<\/strong><\/td><\/tr><tr><td><strong>Usuarios ilimitados<\/strong><\/td><td><img decoding=\"async\" src=\"https:\/\/planyard.com\/wp-content\/uploads\/2024\/10\/icons8-checkmark-30.png\"><\/td><td><img decoding=\"async\" src=\"https:\/\/planyard.com\/wp-content\/uploads\/2024\/10\/icons8-delete-30.png\"><\/td><td><img decoding=\"async\" src=\"https:\/\/planyard.com\/wp-content\/uploads\/2024\/10\/icons8-checkmark-30.png\"><\/td><\/tr><tr><td><strong>Datos ilimitados<\/strong><\/td><td><img decoding=\"async\" src=\"https:\/\/planyard.com\/wp-content\/uploads\/2024\/10\/icons8-checkmark-30.png\"><\/td><td><img decoding=\"async\" src=\"https:\/\/planyard.com\/wp-content\/uploads\/2024\/10\/icons8-checkmark-30.png\"> (excepto hojas que est\u00e1n limitadas por plan)<\/td><td><img decoding=\"async\" src=\"https:\/\/planyard.com\/wp-content\/uploads\/2024\/10\/icons8-checkmark-30.png\"><\/td><\/tr><tr><td><strong>Seguimiento de presupuesto<\/strong><\/td><td><img decoding=\"async\" src=\"https:\/\/planyard.com\/wp-content\/uploads\/2024\/10\/icons8-checkmark-30.png\"><\/td><td><img decoding=\"async\" src=\"https:\/\/planyard.com\/wp-content\/uploads\/2024\/10\/icons8-delete-30.png\"><\/td><td><img decoding=\"async\" src=\"https:\/\/planyard.com\/wp-content\/uploads\/2024\/10\/icons8-checkmark-30.png\"><\/td><\/tr><tr><td><strong>Costo del trabajo<\/strong><\/td><td><img decoding=\"async\" src=\"https:\/\/planyard.com\/wp-content\/uploads\/2024\/10\/icons8-checkmark-30.png\"><\/td><td><img decoding=\"async\" src=\"https:\/\/planyard.com\/wp-content\/uploads\/2024\/10\/icons8-delete-30.png\"><\/td><td><img decoding=\"async\" src=\"https:\/\/planyard.com\/wp-content\/uploads\/2024\/10\/icons8-checkmark-30.png\"><\/td><\/tr><tr><td><strong>Ofertas<\/strong><\/td><td><img decoding=\"async\" src=\"https:\/\/planyard.com\/wp-content\/uploads\/2024\/10\/icons8-checkmark-30.png\"><\/td><td><img decoding=\"async\" src=\"https:\/\/planyard.com\/wp-content\/uploads\/2024\/10\/icons8-delete-30.png\"><\/td><td><img decoding=\"async\" src=\"https:\/\/planyard.com\/wp-content\/uploads\/2024\/10\/icons8-checkmark-30.png\"><\/td><\/tr><tr><td><strong>Gesti\u00f3n de contratos<\/strong><\/td><td><img decoding=\"async\" src=\"https:\/\/planyard.com\/wp-content\/uploads\/2024\/10\/icons8-checkmark-30.png\"><\/td><td><img decoding=\"async\" src=\"https:\/\/planyard.com\/wp-content\/uploads\/2024\/10\/icons8-delete-30.png\"><\/td><td><img decoding=\"async\" src=\"https:\/\/planyard.com\/wp-content\/uploads\/2024\/10\/icons8-checkmark-30.png\"><\/td><\/tr><tr><td><strong>Gesti\u00f3n de \u00f3rdenes de cambio<\/strong><\/td><td><img decoding=\"async\" src=\"https:\/\/planyard.com\/wp-content\/uploads\/2024\/10\/icons8-checkmark-30.png\"><\/td><td><img decoding=\"async\" src=\"https:\/\/planyard.com\/wp-content\/uploads\/2024\/10\/icons8-delete-30.png\"><\/td><td><img decoding=\"async\" src=\"https:\/\/planyard.com\/wp-content\/uploads\/2024\/10\/icons8-checkmark-30.png\"><\/td><\/tr><tr><td><strong>Facturaci\u00f3n de subcontratistas<\/strong><\/td><td><img decoding=\"async\" src=\"https:\/\/planyard.com\/wp-content\/uploads\/2024\/10\/icons8-checkmark-30.png\"><\/td><td><img decoding=\"async\" src=\"https:\/\/planyard.com\/wp-content\/uploads\/2024\/10\/icons8-delete-30.png\"><\/td><td><img decoding=\"async\" src=\"https:\/\/planyard.com\/wp-content\/uploads\/2024\/10\/icons8-checkmark-30.png\"><\/td><\/tr><tr><td><strong>Pron\u00f3stico de rentabilidad<\/strong><\/td><td><img decoding=\"async\" src=\"https:\/\/planyard.com\/wp-content\/uploads\/2024\/10\/icons8-checkmark-30.png\"><\/td><td><img decoding=\"async\" src=\"https:\/\/planyard.com\/wp-content\/uploads\/2024\/10\/icons8-delete-30.png\"><\/td><td><img decoding=\"async\" src=\"https:\/\/planyard.com\/wp-content\/uploads\/2024\/10\/icons8-checkmark-30.png\"><\/td><\/tr><tr><td><strong>Programaci\u00f3n<\/strong><\/td><td><img decoding=\"async\" src=\"https:\/\/planyard.com\/wp-content\/uploads\/2024\/10\/icons8-checkmark-30.png\"><\/td><td><img decoding=\"async\" src=\"https:\/\/planyard.com\/wp-content\/uploads\/2024\/10\/icons8-delete-30.png\"><\/td><td><img decoding=\"async\" src=\"https:\/\/planyard.com\/wp-content\/uploads\/2024\/10\/icons8-delete-30.png\"><\/td><\/tr><tr><td><strong>BIM<\/strong><\/td><td><img decoding=\"async\" src=\"https:\/\/planyard.com\/wp-content\/uploads\/2024\/10\/icons8-checkmark-30.png\"> (integraci\u00f3n)<\/td><td><img decoding=\"async\" src=\"https:\/\/planyard.com\/wp-content\/uploads\/2024\/10\/icons8-checkmark-30.png\"> (Integraci\u00f3n)<\/td><td><img decoding=\"async\" src=\"https:\/\/planyard.com\/wp-content\/uploads\/2024\/10\/icons8-delete-30.png\"><\/td><\/tr><tr><td><strong>Productividad en el campo<\/strong><\/td><td><img decoding=\"async\" src=\"https:\/\/planyard.com\/wp-content\/uploads\/2024\/10\/icons8-checkmark-30.png\"> (Costo adicional)<\/td><td><img decoding=\"async\" src=\"https:\/\/planyard.com\/wp-content\/uploads\/2024\/10\/icons8-checkmark-30.png\"><\/td><td><img decoding=\"async\" src=\"https:\/\/planyard.com\/wp-content\/uploads\/2024\/10\/icons8-delete-30.png\"><\/td><\/tr><tr><td><strong>Aplicaci\u00f3n iOS<\/strong><\/td><td><img decoding=\"async\" src=\"https:\/\/planyard.com\/wp-content\/uploads\/2024\/10\/icons8-checkmark-30.png\"><\/td><td><img decoding=\"async\" src=\"https:\/\/planyard.com\/wp-content\/uploads\/2024\/10\/icons8-checkmark-30.png\"><\/td><td><img decoding=\"async\" src=\"https:\/\/planyard.com\/wp-content\/uploads\/2024\/10\/icons8-checkmark-30.png\"><\/td><\/tr><tr><td><strong>Aplicaci\u00f3n Android<\/strong><\/td><td><img decoding=\"async\" src=\"https:\/\/planyard.com\/wp-content\/uploads\/2024\/10\/icons8-checkmark-30.png\"><\/td><td><img decoding=\"async\" src=\"https:\/\/planyard.com\/wp-content\/uploads\/2024\/10\/icons8-checkmark-30.png\"><\/td><td><img decoding=\"async\" src=\"https:\/\/planyard.com\/wp-content\/uploads\/2024\/10\/icons8-checkmark-30.png\"><\/td><\/tr><tr><td><strong>Aplicaci\u00f3n m\u00f3vil de Windows<\/strong><\/td><td><img decoding=\"async\" src=\"https:\/\/planyard.com\/wp-content\/uploads\/2024\/10\/icons8-checkmark-30.png\"><\/td><td><img decoding=\"async\" src=\"https:\/\/planyard.com\/wp-content\/uploads\/2024\/10\/icons8-checkmark-30.png\"><\/td><td><img decoding=\"async\" src=\"https:\/\/planyard.com\/wp-content\/uploads\/2024\/10\/icons8-delete-30.png\"><\/td><\/tr><tr><td><strong>Integraci\u00f3n con Outlook<\/strong><\/td><td><img decoding=\"async\" src=\"https:\/\/planyard.com\/wp-content\/uploads\/2024\/10\/icons8-checkmark-30.png\"><\/td><td><img decoding=\"async\" src=\"https:\/\/planyard.com\/wp-content\/uploads\/2024\/10\/icons8-delete-30.png\"><\/td><td><img decoding=\"async\" src=\"https:\/\/planyard.com\/wp-content\/uploads\/2024\/10\/icons8-checkmark-30.png\"><\/td><\/tr><tr><td><strong>Extensi\u00f3n de Google Chrome<\/strong><\/td><td><img decoding=\"async\" src=\"https:\/\/planyard.com\/wp-content\/uploads\/2024\/10\/icons8-delete-30.png\"><\/td><td><img decoding=\"async\" src=\"https:\/\/planyard.com\/wp-content\/uploads\/2024\/10\/icons8-delete-30.png\"><\/td><td><img decoding=\"async\" src=\"https:\/\/planyard.com\/wp-content\/uploads\/2024\/10\/icons8-checkmark-30.png\"><\/td><\/tr><tr><td><strong>Integraciones contables<\/strong><\/td><td><img decoding=\"async\" src=\"https:\/\/planyard.com\/wp-content\/uploads\/2024\/10\/icons8-checkmark-30.png\"><\/td><td><img decoding=\"async\" src=\"https:\/\/planyard.com\/wp-content\/uploads\/2024\/10\/icons8-delete-30.png\"><\/td><td><img decoding=\"async\" src=\"https:\/\/planyard.com\/wp-content\/uploads\/2024\/10\/icons8-checkmark-30.png\"><\/td><\/tr><tr><td><strong>Soporte<\/strong><\/td><td><img decoding=\"async\" src=\"https:\/\/planyard.com\/wp-content\/uploads\/2024\/10\/icons8-checkmark-30.png\"><\/td><td><img decoding=\"async\" src=\"https:\/\/planyard.com\/wp-content\/uploads\/2024\/10\/icons8-checkmark-30.png\"><\/td><td><img decoding=\"async\" src=\"https:\/\/planyard.com\/wp-content\/uploads\/2024\/10\/icons8-checkmark-30.png\"><\/td><\/tr><\/tbody><\/table><\/figure>\n\n\n\n<h2 class=\"wp-block-heading has-text-align-center\">Beneficios de Planyard<\/h2>\n\n\n\n<div class=\"wp-block-columns is-layout-flex wp-container-core-columns-is-layout-9d6595d7 wp-block-columns-is-layout-flex\">\n<div class=\"wp-block-column is-layout-flow wp-block-column-is-layout-flow\">\n<p><strong>Conozca si un proyecto es rentable o no antes de que termine<\/strong><\/p>\n\n\n\n<p><strong>Detecte errores de estimaci\u00f3n y dise\u00f1o<\/strong><\/p>\n<\/div>\n\n\n\n<div class=\"wp-block-column is-layout-flow wp-block-column-is-layout-flow\">\n<p><strong>Ahorre 3-5 d\u00edas al mes por gestor de proyectos<\/strong><\/p>\n\n\n\n<p><strong>Elimine la entrada manual y el copiar-pegar<\/strong><\/p>\n<\/div>\n\n\n\n<div class=\"wp-block-column is-layout-flow wp-block-column-is-layout-flow\">\n<p><strong>Estandarice los procesos y asegure el cumplimiento<\/strong><\/p>\n\n\n\n<p><strong>No deje que las cosas se pasen por alto<\/strong><\/p>\n<\/div>\n<\/div>\n\n\n\n<figure class=\"wp-block-image size-full\"><img loading=\"lazy\" decoding=\"async\" width=\"1600\" height=\"953\" src=\"https:\/\/planyard.com\/wp-content\/uploads\/2024\/08\/Planyard-budget-dashboard-2.png\" alt=\"\" class=\"wp-image-1684\" srcset=\"https:\/\/planyard.com\/wp-content\/uploads\/2024\/08\/Planyard-budget-dashboard-2.png 1600w, https:\/\/planyard.com\/wp-content\/uploads\/2024\/08\/Planyard-budget-dashboard-2-1536x915.png 1536w\" sizes=\"auto, (max-width: 1600px) 100vw, 1600px\" \/><\/figure>\n\n\n\n<h2 class=\"wp-block-heading\">Dise\u00f1ado para Gestores de Proyectos<\/h2>\n\n\n\n<p>No tiene que pasar semanas aprendi\u00e9ndolo, Planyard funciona como realmente trabajan los gestores de proyectos<\/p>\n\n\n\n<ul class=\"wp-block-list\">\n<li>Estime, rastree y pronostique su presupuesto.<\/li>\n\n\n\n<li>Recoja ofertas, informes de progreso, \u00f3rdenes de cambio y facturas de subcontratistas.<\/li>\n\n\n\n<li>Mantenga todo interconectado.<\/li>\n\n\n\n<li>Siga la rentabilidad de su proyecto en tiempo real.<\/li>\n\n\n\n<li>Mantenga la contabilidad autom\u00e1ticamente sincronizada.<\/li>\n<\/ul>\n\n\n\n<div class=\"wp-block-buttons is-layout-flex wp-block-buttons-is-layout-flex\">\n<div class=\"wp-block-button is-style-fill\"><a class=\"wp-block-button__link has-background wp-element-button\" href=\"https:\/\/app.planyard.com\/#\/signup\" style=\"background-color:#2756ff\">Prueba Gratis<\/a><\/div>\n<\/div>\n\n\n\n<figure class=\"wp-block-image size-full\"><img loading=\"lazy\" decoding=\"async\" width=\"1024\" height=\"503\" src=\"https:\/\/planyard.com\/wp-content\/uploads\/2024\/09\/planyard-for-management-1024x503-1.png\" alt=\"\" class=\"wp-image-1965\"\/><\/figure>\n\n\n\n<h2 class=\"wp-block-heading has-text-align-center\">Funciona para la Gesti\u00f3n<\/h2>\n\n\n\n<p>Estandarice sus procesos de gesti\u00f3n de costos y asegure el cumplimiento en toda la empresa.<\/p>\n\n\n\n<ul class=\"wp-block-list\">\n<li>Obtenga una visi\u00f3n general en tiempo real de toda su cartera de proyectos.<\/li>\n\n\n\n<li>Mantenga todos los datos en un sistema estrechamente integrado.<\/li>\n\n\n\n<li>Pronostique la rentabilidad y el flujo de caja. <\/li>\n<\/ul>\n\n\n\n<div class=\"wp-block-buttons is-layout-flex wp-block-buttons-is-layout-flex\">\n<div class=\"wp-block-button\"><a class=\"wp-block-button__link has-background wp-element-button\" style=\"background-color:#2756ff\">Solicitar una Demostraci\u00f3n<\/a><\/div>\n<\/div>\n\n\n\n<p><\/p>\n","protected":false},"excerpt":{"rendered":"<p>Comparaci\u00f3n completa de Procore vs Plangrid. Compara caracter\u00edsticas, precios y alternativas. \u00bfQu\u00e9 es Procore? Procore es un software de gesti\u00f3n de proyectos de construcci\u00f3n de EE. UU. con muchos m\u00f3dulos diferentes. El software cubre la preconstrucci\u00f3n, gesti\u00f3n de proyectos, gesti\u00f3n de recursos y gesti\u00f3n financiera. \u00bfQu\u00e9 es Plangrid? Plangrid&nbsp;es un software de productividad en construcci\u00f3n&#8230;.  <a class=\"excerpt-read-more\" href=\"https:\/\/planyard.com\/es\/procore-vs-plangrid\" title=\"Leer  Procore vs Plangrid\">Leer m\u00e1s \u00ab<\/a><\/p>\n","protected":false},"author":5,"featured_media":0,"parent":0,"menu_order":0,"comment_status":"closed","ping_status":"closed","template":"","meta":{"_acf_changed":false,"content-type":"","footnotes":""},"page_intent":[214],"page_type":[],"class_list":["post-13862","page","type-page","status-publish","hentry"],"acf":[],"yoast_head":"<!-- This site is optimized with the Yoast SEO plugin v27.1.1 - https:\/\/yoast.com\/product\/yoast-seo-wordpress\/ -->\n<title>Comparaci\u00f3n de software de construcci\u00f3n Procore vs Plangrid - Planyard Espa\u00f1a<\/title>\n<meta name=\"description\" content=\"Comparaci\u00f3n de software de construcci\u00f3n Procore vs PlanGrid. Vea las diferencias y similitudes entre los dos.\" \/>\n<meta name=\"robots\" content=\"index, follow, max-snippet:-1, max-image-preview:large, max-video-preview:-1\" \/>\n<link rel=\"canonical\" href=\"https:\/\/planyard.com\/es\/procore-vs-plangrid\" \/>\n<meta property=\"og:locale\" content=\"es_ES\" \/>\n<meta property=\"og:type\" content=\"article\" \/>\n<meta property=\"og:title\" content=\"Comparaci\u00f3n de software de construcci\u00f3n Procore vs Plangrid - Planyard Espa\u00f1a\" \/>\n<meta property=\"og:description\" content=\"Comparaci\u00f3n de software de construcci\u00f3n Procore vs PlanGrid. Vea las diferencias y similitudes entre los dos.\" \/>\n<meta property=\"og:url\" content=\"https:\/\/planyard.com\/es\/procore-vs-plangrid\" \/>\n<meta property=\"og:site_name\" content=\"Planyard Espa\u00f1a\" \/>\n<meta property=\"article:modified_time\" content=\"2025-05-19T19:23:29+00:00\" \/>\n<meta name=\"twitter:card\" content=\"summary_large_image\" \/>\n<meta name=\"twitter:label1\" content=\"Tiempo de lectura\" \/>\n\t<meta name=\"twitter:data1\" content=\"15 minutos\" \/>\n<!-- \/ Yoast SEO plugin. -->","yoast_head_json":{"title":"Comparaci\u00f3n de software de construcci\u00f3n Procore vs Plangrid - Planyard Espa\u00f1a","description":"Comparaci\u00f3n de software de construcci\u00f3n Procore vs PlanGrid. Vea las diferencias y similitudes entre los dos.","robots":{"index":"index","follow":"follow","max-snippet":"max-snippet:-1","max-image-preview":"max-image-preview:large","max-video-preview":"max-video-preview:-1"},"canonical":"https:\/\/planyard.com\/es\/procore-vs-plangrid","og_locale":"es_ES","og_type":"article","og_title":"Comparaci\u00f3n de software de construcci\u00f3n Procore vs Plangrid - Planyard Espa\u00f1a","og_description":"Comparaci\u00f3n de software de construcci\u00f3n Procore vs PlanGrid. Vea las diferencias y similitudes entre los dos.","og_url":"https:\/\/planyard.com\/es\/procore-vs-plangrid","og_site_name":"Planyard Espa\u00f1a","article_modified_time":"2025-05-19T19:23:29+00:00","twitter_card":"summary_large_image","twitter_misc":{"Tiempo de lectura":"15 minutos"},"schema":{"@context":"https:\/\/schema.org","@graph":[{"@type":"WebPage","@id":"https:\/\/planyard.com\/es\/procore-vs-plangrid","url":"https:\/\/planyard.com\/es\/procore-vs-plangrid","name":"Comparaci\u00f3n de software de construcci\u00f3n Procore vs Plangrid - Planyard Espa\u00f1a","isPartOf":{"@id":"https:\/\/planyard.com\/es#website"},"primaryImageOfPage":{"@id":"https:\/\/planyard.com\/es\/procore-vs-plangrid#primaryimage"},"image":{"@id":"https:\/\/planyard.com\/es\/procore-vs-plangrid#primaryimage"},"thumbnailUrl":"https:\/\/planyard.com\/wp-content\/uploads\/2024\/07\/Procore_Logo_FC_Black_RGB-1.svg","datePublished":"2024-09-11T08:50:44+00:00","dateModified":"2025-05-19T19:23:29+00:00","description":"Comparaci\u00f3n de software de construcci\u00f3n Procore vs PlanGrid. Vea las diferencias y similitudes entre los dos.","breadcrumb":{"@id":"https:\/\/planyard.com\/es\/procore-vs-plangrid#breadcrumb"},"inLanguage":"es","potentialAction":[{"@type":"ReadAction","target":["https:\/\/planyard.com\/es\/procore-vs-plangrid"]}]},{"@type":"ImageObject","inLanguage":"es","@id":"https:\/\/planyard.com\/es\/procore-vs-plangrid#primaryimage","url":"https:\/\/planyard.com\/wp-content\/uploads\/2024\/07\/Procore_Logo_FC_Black_RGB-1.svg","contentUrl":"https:\/\/planyard.com\/wp-content\/uploads\/2024\/07\/Procore_Logo_FC_Black_RGB-1.svg"},{"@type":"BreadcrumbList","@id":"https:\/\/planyard.com\/es\/procore-vs-plangrid#breadcrumb","itemListElement":[{"@type":"ListItem","position":1,"name":"Home","item":"https:\/\/planyard.com\/es"},{"@type":"ListItem","position":2,"name":"Procore vs Plangrid"}]},{"@type":"WebSite","@id":"https:\/\/planyard.com\/es#website","url":"https:\/\/planyard.com\/es","name":"Planyard Espa\u00f1a","description":"","potentialAction":[{"@type":"SearchAction","target":{"@type":"EntryPoint","urlTemplate":"https:\/\/planyard.com\/es?s={search_term_string}"},"query-input":{"@type":"PropertyValueSpecification","valueRequired":true,"valueName":"search_term_string"}}],"inLanguage":"es"}]}},"_links":{"self":[{"href":"https:\/\/planyard.com\/es\/wp-json\/wp\/v2\/pages\/13862","targetHints":{"allow":["GET"]}}],"collection":[{"href":"https:\/\/planyard.com\/es\/wp-json\/wp\/v2\/pages"}],"about":[{"href":"https:\/\/planyard.com\/es\/wp-json\/wp\/v2\/types\/page"}],"author":[{"embeddable":true,"href":"https:\/\/planyard.com\/es\/wp-json\/wp\/v2\/users\/5"}],"replies":[{"embeddable":true,"href":"https:\/\/planyard.com\/es\/wp-json\/wp\/v2\/comments?post=13862"}],"version-history":[{"count":2,"href":"https:\/\/planyard.com\/es\/wp-json\/wp\/v2\/pages\/13862\/revisions"}],"predecessor-version":[{"id":16471,"href":"https:\/\/planyard.com\/es\/wp-json\/wp\/v2\/pages\/13862\/revisions\/16471"}],"wp:attachment":[{"href":"https:\/\/planyard.com\/es\/wp-json\/wp\/v2\/media?parent=13862"}],"wp:term":[{"taxonomy":"page_intent","embeddable":true,"href":"https:\/\/planyard.com\/es\/wp-json\/wp\/v2\/page_intent?post=13862"},{"taxonomy":"page_type","embeddable":true,"href":"https:\/\/planyard.com\/es\/wp-json\/wp\/v2\/page_type?post=13862"}],"curies":[{"name":"wp","href":"https:\/\/api.w.org\/{rel}","templated":true}]}}