{"id":13861,"date":"2024-08-27T13:45:07","date_gmt":"2024-08-27T13:45:07","guid":{"rendered":"https:\/\/planyard.com\/procore-too-expensive"},"modified":"2025-05-19T19:22:42","modified_gmt":"2025-05-19T19:22:42","slug":"procore-demasiado-caro","status":"publish","type":"page","link":"https:\/\/planyard.com\/es\/procore-demasiado-caro","title":{"rendered":"\u00bfEl modelo de precios de Procore es demasiado caro?"},"content":{"rendered":"\n<div class=\"wp-block-columns is-layout-flex wp-container-core-columns-is-layout-9d6595d7 wp-block-columns-is-layout-flex\">\n<div class=\"wp-block-column is-layout-flow wp-block-column-is-layout-flow\">\n<figure class=\"wp-block-image size-full\"><img loading=\"lazy\" decoding=\"async\" width=\"900\" height=\"500\" src=\"https:\/\/planyard.com\/wp-content\/uploads\/2024\/08\/procore-vector-logo.png\" alt=\"\" class=\"wp-image-1540\"\/><\/figure>\n<\/div>\n\n\n\n<div class=\"wp-block-column is-layout-flow wp-block-column-is-layout-flow\">\n<figure class=\"wp-block-image size-full is-resized\"><img loading=\"lazy\" decoding=\"async\" width=\"500\" height=\"200\" src=\"https:\/\/planyard.com\/wp-content\/uploads\/2024\/08\/Planyard-logo-500x200-1-1.png\" alt=\"\" class=\"wp-image-1541\" style=\"width:535px;height:auto\"\/><\/figure>\n<\/div>\n<\/div>\n\n\n\n<h2 class=\"wp-block-heading\">\u00bfQu\u00e9 es Procore?<\/h2>\n\n\n\n<p><a href=\"https:\/\/www.procore.com\/\">Procore<\/a>&nbsp;es un software de gesti\u00f3n de proyectos de construcci\u00f3n de EE. UU. con muchos m\u00f3dulos diferentes.<\/p>\n\n\n\n<p>El software abarca la preconstrucci\u00f3n, la gesti\u00f3n de proyectos, la gesti\u00f3n de recursos y la gesti\u00f3n financiera.<\/p>\n\n\n\n<h2 class=\"wp-block-heading\" id=\"a-bit-more-context\">Un poco m\u00e1s de contexto<\/h2>\n\n\n\n<p>Procore ha estado desarrollando su software desde 2003. Esto lo convierte en un arma de doble filo.<\/p>\n\n\n\n<p>Por un lado, es muy completo. Cubre muchas funciones diferentes a trav\u00e9s de diferentes modelos, lo que significa que puedes unificar m\u00e1s procesos.<\/p>\n\n\n\n<p>Por otro lado, las empresas tienden a moverse hacia el mercado de gama alta a medida que maduran. Sus soluciones se vuelven mucho m\u00e1s complejas y los precios suben y suben. Procore es como Salesforce en ese sentido: lo utilizan las empresas m\u00e1s grandes del mundo, pero todas est\u00e1n pagando una fortuna.<\/p>\n\n\n\n<p>Debido a que Procore ha sido un software en desarrollo durante casi 20 a\u00f1os, probablemente contiene mucha tecnolog\u00eda heredada. Las cosas que se construyeron hace diez a\u00f1os ahora parecen obsoletas en el software.<\/p>\n\n\n\n<h2 class=\"wp-block-heading\" id=\"what-is-planyard\">\u00bfQu\u00e9 es Planyard?<\/h2>\n\n\n\n<p><a href=\"https:\/\/planyard.com\/es\">Planyard<\/a>&nbsp;es un software de gesti\u00f3n de presupuestos y subcontratistas basado en la nube para contratistas principales.<\/p>\n\n\n\n<p>Puedes gestionar presupuestos sin Excel y sin correos electr\u00f3nicos de ida y vuelta. Tus subcontratistas har\u00e1n el trabajo por ti.<\/p>\n\n\n\n<h2 class=\"wp-block-heading\" id=\"procore-vs-planyard-pricing\">Precios de Procore vs Planyard<\/h2>\n\n\n\n<figure class=\"wp-block-image size-full\"><img loading=\"lazy\" decoding=\"async\" width=\"1204\" height=\"324\" src=\"https:\/\/planyard.com\/wp-content\/uploads\/2024\/08\/Procore-vs-Planyard-pricing.png\" alt=\"\" class=\"wp-image-1542\"\/><\/figure>\n\n\n\n<p>El precio de Procore es relativamente fijo, lo que te obliga a pagar grandes sumas antes de determinar si la plataforma es adecuada para ti. El mismo problema surge si eres una empresa m\u00e1s peque\u00f1a o tienes varios proyectos. El enfoque de talla \u00fanica no se aplica a todos. Por eso, el precio de Planyard depende de la funcionalidad que necesites.<\/p>\n","protected":false},"excerpt":{"rendered":"<p>\u00bfQu\u00e9 es Procore? Procore&nbsp;es un software de gesti\u00f3n de proyectos de construcci\u00f3n de EE. UU. con muchos m\u00f3dulos diferentes. El software abarca la preconstrucci\u00f3n, la gesti\u00f3n de proyectos, la gesti\u00f3n de recursos y la gesti\u00f3n financiera. Un poco m\u00e1s de contexto Procore ha estado desarrollando su software desde 2003. Esto lo convierte en un arma&#8230;  <a class=\"excerpt-read-more\" href=\"https:\/\/planyard.com\/es\/procore-demasiado-caro\" title=\"Leer  \u00bfEl modelo de precios de Procore es demasiado caro?\">Leer m\u00e1s \u00ab<\/a><\/p>\n","protected":false},"author":2,"featured_media":0,"parent":0,"menu_order":0,"comment_status":"closed","ping_status":"closed","template":"","meta":{"_acf_changed":false,"content-type":"","footnotes":""},"page_intent":[199],"page_type":[],"class_list":["post-13861","page","type-page","status-publish","hentry"],"acf":[],"yoast_head":"<!-- This site is optimized with the Yoast SEO plugin v27.1.1 - https:\/\/yoast.com\/product\/yoast-seo-wordpress\/ -->\n<title>\u00bfEl modelo de precios de Procore es demasiado caro? - Planyard Espa\u00f1a<\/title>\n<meta name=\"description\" content=\"\u00bfEl precio de Procore es demasiado fijo para ti? Planyard es una plataforma de finanzas de construcci\u00f3n y costos de trabajo basada en la nube para todo tu equipo.\" \/>\n<meta name=\"robots\" content=\"index, follow, max-snippet:-1, max-image-preview:large, max-video-preview:-1\" \/>\n<link rel=\"canonical\" href=\"https:\/\/planyard.com\/es\/procore-demasiado-caro\" \/>\n<meta property=\"og:locale\" content=\"es_ES\" \/>\n<meta property=\"og:type\" content=\"article\" \/>\n<meta property=\"og:title\" content=\"\u00bfEl modelo de precios de Procore es demasiado caro? - Planyard Espa\u00f1a\" \/>\n<meta property=\"og:description\" content=\"\u00bfEl precio de Procore es demasiado fijo para ti? Planyard es una plataforma de finanzas de construcci\u00f3n y costos de trabajo basada en la nube para todo tu equipo.\" \/>\n<meta property=\"og:url\" content=\"https:\/\/planyard.com\/es\/procore-demasiado-caro\" \/>\n<meta property=\"og:site_name\" content=\"Planyard Espa\u00f1a\" \/>\n<meta property=\"article:modified_time\" content=\"2025-05-19T19:22:42+00:00\" \/>\n<meta property=\"og:image\" content=\"https:\/\/planyard.com\/wp-content\/uploads\/2024\/08\/procore-vector-logo.png\" \/>\n\t<meta property=\"og:image:width\" content=\"900\" \/>\n\t<meta property=\"og:image:height\" content=\"500\" \/>\n\t<meta property=\"og:image:type\" content=\"image\/png\" \/>\n<meta name=\"twitter:card\" content=\"summary_large_image\" \/>\n<meta name=\"twitter:label1\" content=\"Tiempo de lectura\" \/>\n\t<meta name=\"twitter:data1\" content=\"2 minutos\" \/>\n<!-- \/ Yoast SEO plugin. -->","yoast_head_json":{"title":"\u00bfEl modelo de precios de Procore es demasiado caro? - Planyard Espa\u00f1a","description":"\u00bfEl precio de Procore es demasiado fijo para ti? Planyard es una plataforma de finanzas de construcci\u00f3n y costos de trabajo basada en la nube para todo tu equipo.","robots":{"index":"index","follow":"follow","max-snippet":"max-snippet:-1","max-image-preview":"max-image-preview:large","max-video-preview":"max-video-preview:-1"},"canonical":"https:\/\/planyard.com\/es\/procore-demasiado-caro","og_locale":"es_ES","og_type":"article","og_title":"\u00bfEl modelo de precios de Procore es demasiado caro? - Planyard Espa\u00f1a","og_description":"\u00bfEl precio de Procore es demasiado fijo para ti? Planyard es una plataforma de finanzas de construcci\u00f3n y costos de trabajo basada en la nube para todo tu equipo.","og_url":"https:\/\/planyard.com\/es\/procore-demasiado-caro","og_site_name":"Planyard Espa\u00f1a","article_modified_time":"2025-05-19T19:22:42+00:00","og_image":[{"width":900,"height":500,"url":"https:\/\/planyard.com\/wp-content\/uploads\/2024\/08\/procore-vector-logo.png","type":"image\/png"}],"twitter_card":"summary_large_image","twitter_misc":{"Tiempo de lectura":"2 minutos"},"schema":{"@context":"https:\/\/schema.org","@graph":[{"@type":"WebPage","@id":"https:\/\/planyard.com\/es\/procore-demasiado-caro","url":"https:\/\/planyard.com\/es\/procore-demasiado-caro","name":"\u00bfEl modelo de precios de Procore es demasiado caro? - Planyard Espa\u00f1a","isPartOf":{"@id":"https:\/\/planyard.com\/es#website"},"primaryImageOfPage":{"@id":"https:\/\/planyard.com\/es\/procore-demasiado-caro#primaryimage"},"image":{"@id":"https:\/\/planyard.com\/es\/procore-demasiado-caro#primaryimage"},"thumbnailUrl":"https:\/\/planyard.com\/wp-content\/uploads\/2024\/08\/procore-vector-logo.png","datePublished":"2024-08-27T13:45:07+00:00","dateModified":"2025-05-19T19:22:42+00:00","description":"\u00bfEl precio de Procore es demasiado fijo para ti? Planyard es una plataforma de finanzas de construcci\u00f3n y costos de trabajo basada en la nube para todo tu equipo.","breadcrumb":{"@id":"https:\/\/planyard.com\/es\/procore-demasiado-caro#breadcrumb"},"inLanguage":"es","potentialAction":[{"@type":"ReadAction","target":["https:\/\/planyard.com\/es\/procore-demasiado-caro"]}]},{"@type":"ImageObject","inLanguage":"es","@id":"https:\/\/planyard.com\/es\/procore-demasiado-caro#primaryimage","url":"https:\/\/planyard.com\/wp-content\/uploads\/2024\/08\/procore-vector-logo.png","contentUrl":"https:\/\/planyard.com\/wp-content\/uploads\/2024\/08\/procore-vector-logo.png"},{"@type":"BreadcrumbList","@id":"https:\/\/planyard.com\/es\/procore-demasiado-caro#breadcrumb","itemListElement":[{"@type":"ListItem","position":1,"name":"Home","item":"https:\/\/planyard.com\/es"},{"@type":"ListItem","position":2,"name":"\u00bfEl modelo de precios de Procore es demasiado caro?"}]},{"@type":"WebSite","@id":"https:\/\/planyard.com\/es#website","url":"https:\/\/planyard.com\/es","name":"Planyard Espa\u00f1a","description":"","potentialAction":[{"@type":"SearchAction","target":{"@type":"EntryPoint","urlTemplate":"https:\/\/planyard.com\/es?s={search_term_string}"},"query-input":{"@type":"PropertyValueSpecification","valueRequired":true,"valueName":"search_term_string"}}],"inLanguage":"es"}]}},"_links":{"self":[{"href":"https:\/\/planyard.com\/es\/wp-json\/wp\/v2\/pages\/13861","targetHints":{"allow":["GET"]}}],"collection":[{"href":"https:\/\/planyard.com\/es\/wp-json\/wp\/v2\/pages"}],"about":[{"href":"https:\/\/planyard.com\/es\/wp-json\/wp\/v2\/types\/page"}],"author":[{"embeddable":true,"href":"https:\/\/planyard.com\/es\/wp-json\/wp\/v2\/users\/2"}],"replies":[{"embeddable":true,"href":"https:\/\/planyard.com\/es\/wp-json\/wp\/v2\/comments?post=13861"}],"version-history":[{"count":3,"href":"https:\/\/planyard.com\/es\/wp-json\/wp\/v2\/pages\/13861\/revisions"}],"predecessor-version":[{"id":16468,"href":"https:\/\/planyard.com\/es\/wp-json\/wp\/v2\/pages\/13861\/revisions\/16468"}],"wp:attachment":[{"href":"https:\/\/planyard.com\/es\/wp-json\/wp\/v2\/media?parent=13861"}],"wp:term":[{"taxonomy":"page_intent","embeddable":true,"href":"https:\/\/planyard.com\/es\/wp-json\/wp\/v2\/page_intent?post=13861"},{"taxonomy":"page_type","embeddable":true,"href":"https:\/\/planyard.com\/es\/wp-json\/wp\/v2\/page_type?post=13861"}],"curies":[{"name":"wp","href":"https:\/\/api.w.org\/{rel}","templated":true}]}}