{"id":13860,"date":"2024-08-26T08:47:45","date_gmt":"2024-08-26T08:47:45","guid":{"rendered":"https:\/\/planyard.com\/procore-financials-module-too-complicated"},"modified":"2025-05-19T19:22:26","modified_gmt":"2025-05-19T19:22:26","slug":"el-modulo-financiero-de-procore-es-demasiado-complicado","status":"publish","type":"page","link":"https:\/\/planyard.com\/es\/el-modulo-financiero-de-procore-es-demasiado-complicado","title":{"rendered":"\u00bfEl m\u00f3dulo financiero de Procore es demasiado complicado?"},"content":{"rendered":"\n<h2 class=\"wp-block-heading has-text-align-left paddedHeading\" id=\"still-using-procore-project-financials-for-budget-management-there-can-be-an-easier-way\">\u00bfTodav\u00eda usas los financieros de proyectos de Procore para la gesti\u00f3n de presupuestos? Puede haber una manera m\u00e1s f\u00e1cil.<\/h2>\n\n\n\n<p class=\"has-text-align-center\"><img loading=\"lazy\" decoding=\"async\" width=\"118\" height=\"40\" class=\"wp-image-108\" style=\"width: 500px\" src=\"https:\/\/planyard.com\/wp-content\/uploads\/2024\/07\/Procore_Logo_FC_Black_RGB-1.svg\" alt=\"\"><\/p>\n\n\n\n<p class=\"has-text-align-left\">Seg\u00fan las rese\u00f1as de usuarios de Procore, los financieros de Procore podr\u00edan no ser la mejor herramienta para las pymes<\/p>\n\n\n\n<ul class=\"wp-block-list\">\n<li>El precio es inflexible y puede ser dif\u00edcil para empresas con altos ingresos y bajos m\u00e1rgenes;<\/li>\n\n\n\n<li>La incorporaci\u00f3n e implementaci\u00f3n pueden ser complicadas y un proceso largo;<\/li>\n\n\n\n<li>La necesidad de cuentas de usuario y capacitaci\u00f3n para proveedores puede alejarlos del uso de las herramientas;<\/li>\n\n\n\n<li>Las integraciones contables son proporcionadas por terceros y podr\u00edan no satisfacer todas las necesidades;<\/li>\n<\/ul>\n\n\n\n<h4 class=\"wp-block-heading\" id=\"planyard-saves-time-and-nerves\">Planyard ahorra tiempo y nervios<\/h4>\n\n\n\n<p>Sigue tu presupuesto en tiempo real y toma medidas inmediatas cuando ocurran errores.&nbsp;<a href=\"https:\/\/planyard.com\/es\/software-de-costeo-de-obras-de-construccion\">Los costos de trabajo<\/a>&nbsp;est\u00e1n organizados, son completamente buscables y accesibles para pron\u00f3sticos, gesti\u00f3n de proyectos y m\u00e1s. La implementaci\u00f3n generalmente se realiza en una sola sesi\u00f3n de capacitaci\u00f3n que dura solo unas pocas horas.<\/p>\n\n\n\n<div class=\"wp-block-buttons is-layout-flex wp-block-buttons-is-layout-flex\">\n<div class=\"wp-block-button\"><a class=\"wp-block-button__link wp-element-button\" href=\"https:\/\/planyard.com\/sign-up\">Comienza tu prueba gratuita<\/a><\/div>\n\n\n\n<div class=\"wp-block-button\"><a class=\"wp-block-button__link wp-element-button\" href=\"https:\/\/meetings.hubspot.com\/cedlund\" target=\"_blank\" rel=\"noreferrer noopener\">Solicita una demostraci\u00f3n<\/a><\/div>\n<\/div>\n\n\n\n<h2 class=\"wp-block-heading\" id=\"what-is-procore\">\u00bfQu\u00e9 es Procore?<\/h2>\n\n\n\n<p>Procore es un software de gesti\u00f3n de proyectos de construcci\u00f3n de EE. UU. con muchos m\u00f3dulos diferentes.<\/p>\n\n\n\n<p>El software cubre la preconstrucci\u00f3n, gesti\u00f3n de proyectos, gesti\u00f3n de recursos y gesti\u00f3n financiera.<\/p>\n\n\n\n<h2 class=\"wp-block-heading\" id=\"a-bit-more-context\">Un poco m\u00e1s de contexto<\/h2>\n\n\n\n<p>Procore ha estado desarrollando su software desde 2003. Esto lo convierte en un arma de doble filo.<\/p>\n\n\n\n<p>Por un lado, es muy completo. Cubre muchas funciones diferentes a trav\u00e9s de diferentes modelos. Lo que significa que puedes unificar m\u00e1s procesos.<\/p>\n\n\n\n<p>Por otro lado, las empresas tienden a moverse hacia el mercado superior a medida que maduran. Sus soluciones se vuelven mucho m\u00e1s complejas y los precios suben cada vez m\u00e1s. Procore es como Salesforce en ese sentido: lo utilizan las empresas m\u00e1s grandes del mundo, pero todas pagan mucho.<\/p>\n\n\n\n<p>Debido a que Procore es un software en desarrollo durante casi 20 a\u00f1os, probablemente contiene mucha tecnolog\u00eda heredada. Las cosas que se construyeron hace 10 a\u00f1os ahora parecen obsoletas en el software.<\/p>\n\n\n\n<h2 class=\"wp-block-heading\" id=\"what-is-planyard\">\u00bfQu\u00e9 es Planyard?<\/h2>\n\n\n\n<p><a href=\"https:\/\/planyard.com\/es\">Planyard<\/a>&nbsp;es un software de gesti\u00f3n de presupuestos y subcontratistas basado en la nube para contratistas principales.<\/p>\n\n\n\n<p>Puedes gestionar presupuestos sin Excel y correos electr\u00f3nicos de ida y vuelta. Tus subcontratistas har\u00e1n el trabajo por ti.<\/p>\n\n\n\n<h2 class=\"wp-block-heading\" id=\"procore-project-financials-vs-planyard-construction-financials-software-functionality\">Financieros de proyectos de Procore vs funcionalidad del software financiero de construcci\u00f3n de Planyard<\/h2>\n\n\n\n<p>Diferentes sitios de rese\u00f1as destacan que el proceso de incorporaci\u00f3n para Procore es complicado y costoso. Si deseas usar el m\u00f3dulo financiero en Procore, tendr\u00edas que inscribirte en m\u00faltiples paquetes de m\u00f3dulos diferentes, donde probablemente habr\u00e1 mucha funcionalidad que no necesariamente necesitas.<\/p>\n\n\n\n<p>Dado que los financieros de Procore son principalmente una soluci\u00f3n empresarial, necesita mucha capacitaci\u00f3n y configuraci\u00f3n para configurar todo. En el caso de que seas una empresa m\u00e1s peque\u00f1a con un equipo de TI peque\u00f1o o inexistente, la configuraci\u00f3n podr\u00eda no ser muy sencilla y puede llevar mucho tiempo. Si deseas probar con un proyecto piloto para ver si tus procesos coinciden con el software, entonces podr\u00eda no ser tan f\u00e1cil hacerlo debido a los procesos fijos para configurar tu cuenta.<\/p>\n\n\n\n<p>Si deseas intentar digitalizar tus procesos paso a paso, entonces los procesos de Procore podr\u00edan no ser los m\u00e1s adecuados para ti. Puede ser un menor esfuerzo probar una plataforma de configuraci\u00f3n m\u00e1s sencilla como <a href=\"https:\/\/planyard.com\/es\">Planyard<\/a> para ver si esto es algo que podr\u00eda ser adecuado para tu empresa y empleados.<\/p>\n\n\n\n<p>Lo bueno es que Procore tiene un vasto mercado donde hay muchas herramientas diferentes que se pueden integrar si necesitas una parte espec\u00edfica de tu proceso arreglada o automatizada.<\/p>\n\n\n\n<figure class=\"wp-block-table\"><table><tbody><tr><td class=\"has-text-align-left\" data-align=\"left\"><strong>Caracter\u00edstica\/Proveedor<\/strong><\/td><td class=\"has-text-align-left\" data-align=\"left\"><img loading=\"lazy\" decoding=\"async\" width=\"118\" height=\"40\" class=\"wp-image-108\" style=\"width: 118px\" src=\"https:\/\/planyard.com\/wp-content\/uploads\/2024\/07\/Procore_Logo_FC_Black_RGB-1.svg\" alt=\"\"><\/td><td class=\"has-text-align-left\" data-align=\"left\"><img loading=\"lazy\" decoding=\"async\" width=\"135\" height=\"28\" class=\"wp-image-2040\" style=\"width: 135px\" src=\"https:\/\/planyard.com\/wp-content\/uploads\/2024\/09\/planyard-logo.svg\" alt=\"\"><\/td><\/tr><tr><td class=\"has-text-align-left\" data-align=\"left\"><strong>Permisos a nivel de proyecto y empresa<\/strong><\/td><td class=\"has-text-align-left\" data-align=\"left\"><img decoding=\"async\" src=\"https:\/\/planyard.com\/wp-content\/uploads\/2024\/10\/icons8-checkmark-30.png\" alt=\"\"><br>Configuraciones administrativas a nivel de empresa y proyecto<\/td><td class=\"has-text-align-left\" data-align=\"left\"><img decoding=\"async\" src=\"https:\/\/planyard.com\/wp-content\/uploads\/2024\/10\/icons8-checkmark-30.png\" alt=\"\"><br>Configuraciones administrativas a nivel de empresa y proyecto<br><img decoding=\"async\" src=\"https:\/\/planyard.com\/wp-content\/uploads\/2024\/10\/icons8-checkmark-30.png\" alt=\"\"><br>Permisos ajustables a nivel de proyecto para enviar RFTs, crear subcontratos y preparar documentos para confirmar<\/td><\/tr><tr><td class=\"has-text-align-left\" data-align=\"left\"><strong>Licitaciones y comparaci\u00f3n de ofertas<\/strong><\/td><td class=\"has-text-align-left\" data-align=\"left\"><img decoding=\"async\" src=\"https:\/\/planyard.com\/wp-content\/uploads\/2024\/10\/icons8-checkmark-30.png\" alt=\"\"><br>Puedes enviar solicitudes de oferta a contactos y empresas en tu directorio<\/td><td class=\"has-text-align-left\" data-align=\"left\"><img decoding=\"async\" src=\"https:\/\/planyard.com\/wp-content\/uploads\/2024\/10\/icons8-checkmark-30.png\" alt=\"\"><br>Puedes enviar solicitudes de oferta a cualquier direcci\u00f3n de correo electr\u00f3nico y se a\u00f1adir\u00e1 a tus contactos.<br>Tambi\u00e9n puedes a\u00f1adir cualquier contacto de tu base de datos de contactos.<\/td><\/tr><tr><td class=\"has-text-align-left\" data-align=\"left\"><strong>Subcontratos<\/strong><\/td><td class=\"has-text-align-left\" data-align=\"left\"><img decoding=\"async\" src=\"https:\/\/planyard.com\/wp-content\/uploads\/2024\/10\/icons8-checkmark-30.png\" alt=\"\"><br>Crear contratos a partir de ofertas de subcontratistas y manualmente<br><img decoding=\"async\" src=\"https:\/\/planyard.com\/wp-content\/uploads\/2024\/10\/icons8-delete-30.png\"><br>No hay informaci\u00f3n de precio unitario disponible<\/td><td class=\"has-text-align-left\" data-align=\"left\"><img decoding=\"async\" src=\"https:\/\/planyard.com\/wp-content\/uploads\/2024\/10\/icons8-checkmark-30.png\" alt=\"\"><br>Crear contratos a partir de ofertas de subcontratistas y manualmente<br><img decoding=\"async\" src=\"https:\/\/planyard.com\/wp-content\/uploads\/2024\/10\/icons8-checkmark-30.png\" alt=\"\"><br>Informaci\u00f3n de precio unitario disponible<\/td><\/tr><tr><td class=\"has-text-align-left\" data-align=\"left\"><strong>Informes de progreso\/reclamaciones de subcontratistas<\/strong><\/td><td class=\"has-text-align-left\" data-align=\"left\"><img decoding=\"async\" src=\"https:\/\/planyard.com\/wp-content\/uploads\/2024\/10\/icons8-checkmark-30.png\" alt=\"\"><br>Las facturas de subcontratos pueden ser creadas tanto por subcontratistas como por gestores de proyectos<br><img decoding=\"async\" src=\"https:\/\/planyard.com\/wp-content\/uploads\/2024\/10\/icons8-delete-30.png\"><br>Proceso de informe de progreso no disponible fuera de la facturaci\u00f3n<br><img decoding=\"async\" src=\"https:\/\/planyard.com\/wp-content\/uploads\/2024\/10\/icons8-delete-30.png\"><br>Proceso de retroalimentaci\u00f3n de informes de progreso no existe fuera de la facturaci\u00f3n<\/td><td class=\"has-text-align-left\" data-align=\"left\"><img decoding=\"async\" src=\"https:\/\/planyard.com\/wp-content\/uploads\/2024\/10\/icons8-checkmark-30.png\" alt=\"\"><br>Creable tanto por subcontratistas como por gestores de proyectos<br><img decoding=\"async\" src=\"https:\/\/planyard.com\/wp-content\/uploads\/2024\/10\/icons8-checkmark-30.png\" alt=\"\"><br>Proceso de informe de progreso disponible<br><img decoding=\"async\" src=\"https:\/\/planyard.com\/wp-content\/uploads\/2024\/10\/icons8-checkmark-30.png\" alt=\"\"><br>El proceso de retroalimentaci\u00f3n de informes de progreso es simple y se rastrea<\/td><\/tr><tr><td class=\"has-text-align-left\" data-align=\"left\"><strong>\u00d3rdenes de cambio de subcontratistas<\/strong><\/td><td class=\"has-text-align-left\" data-align=\"left\"><img decoding=\"async\" src=\"https:\/\/planyard.com\/wp-content\/uploads\/2024\/10\/icons8-checkmark-30.png\" alt=\"\"><br>\u00d3rdenes de cambio creables por PMs y subcontratistas<\/td><td class=\"has-text-align-left\" data-align=\"left\"><img decoding=\"async\" src=\"https:\/\/planyard.com\/wp-content\/uploads\/2024\/10\/icons8-checkmark-30.png\" alt=\"\"><br>\u00d3rdenes de cambio creables por PMs y subcontratistas<br>\u00d3rdenes de cambio editables por PMs<\/td><\/tr><tr><td class=\"has-text-align-left\" data-align=\"left\"><strong>\u00d3rdenes de compra<\/strong><\/td><td class=\"has-text-align-left\" data-align=\"left\"><img decoding=\"async\" src=\"https:\/\/planyard.com\/wp-content\/uploads\/2024\/10\/icons8-checkmark-30.png\" alt=\"\"><br>Se pueden crear \u00f3rdenes de compra para proveedores en el proyecto<\/td><td class=\"has-text-align-left\" data-align=\"left\"><img decoding=\"async\" src=\"https:\/\/planyard.com\/wp-content\/uploads\/2024\/10\/icons8-checkmark-30.png\" alt=\"\"><br>Se pueden crear \u00f3rdenes de compra para proveedores en toda la empresa<\/td><\/tr><tr><td class=\"has-text-align-left\" data-align=\"left\"><strong>Contratos principales\/Contratos primarios<\/strong><\/td><td class=\"has-text-align-left\" data-align=\"left\"><img decoding=\"async\" src=\"https:\/\/planyard.com\/wp-content\/uploads\/2024\/10\/icons8-checkmark-30.png\" alt=\"\"><br>Los contratos principales se pueden crear utilizando elementos de presupuesto existentes o nuevos con estructura personalizada<\/td><td class=\"has-text-align-left\" data-align=\"left\"><img decoding=\"async\" src=\"https:\/\/planyard.com\/wp-content\/uploads\/2024\/10\/icons8-checkmark-30.png\" alt=\"\"><br>Los contratos principales se pueden crear utilizando elementos de presupuesto existentes o nuevos con estructura personalizada<\/td><\/tr><tr><td class=\"has-text-align-left\" data-align=\"left\"><strong>\u00d3rdenes de cambio de contratos principales<\/strong><\/td><td class=\"has-text-align-left\" data-align=\"left\"><img decoding=\"async\" src=\"https:\/\/planyard.com\/wp-content\/uploads\/2024\/10\/icons8-checkmark-30.png\" alt=\"\"><br>Puedes crear \u00f3rdenes de cambio para el contrato principal<br><img decoding=\"async\" src=\"https:\/\/planyard.com\/wp-content\/uploads\/2024\/10\/icons8-delete-30.png\"><br>Los m\u00e1rgenes son bastante complejos de configurar<\/td><td class=\"has-text-align-left\" data-align=\"left\"><img decoding=\"async\" src=\"https:\/\/planyard.com\/wp-content\/uploads\/2024\/10\/icons8-checkmark-30.png\" alt=\"\"><br>Puedes crear \u00f3rdenes de cambio para el contrato principal<br><img decoding=\"async\" src=\"https:\/\/planyard.com\/wp-content\/uploads\/2024\/10\/icons8-checkmark-30.png\" alt=\"\"><br>La configuraci\u00f3n de m\u00e1rgenes se realiza impl\u00edcitamente en los trabajos y no necesita configuraci\u00f3n adicional<\/td><\/tr><tr><td class=\"has-text-align-left\" data-align=\"left\"><strong>Gesti\u00f3n de facturas y costos<\/strong><\/td><td class=\"has-text-align-left\" data-align=\"left\"><img decoding=\"async\" src=\"https:\/\/planyard.com\/wp-content\/uploads\/2024\/10\/icons8-checkmark-30.png\" alt=\"\"><br>Las facturas de subcontratos se env\u00edan directamente contra el subcontrato sin un informe de progreso<br><img decoding=\"async\" src=\"https:\/\/planyard.com\/wp-content\/uploads\/2024\/10\/icons8-checkmark-30.png\" alt=\"\"><br>El seguimiento de costos de \u00f3rdenes de compra est\u00e1 disponible<\/td><td class=\"has-text-align-left\" data-align=\"left\"><img decoding=\"async\" src=\"https:\/\/planyard.com\/wp-content\/uploads\/2024\/10\/icons8-checkmark-30.png\" alt=\"\"><br>Las facturas de subcontratos se env\u00edan de acuerdo con el informe de progreso<br><img decoding=\"async\" src=\"https:\/\/planyard.com\/wp-content\/uploads\/2024\/10\/icons8-checkmark-30.png\" alt=\"\"><br>El seguimiento de costos de \u00f3rdenes de compra est\u00e1 disponible<\/td><\/tr><tr><td class=\"has-text-align-left\" data-align=\"left\"><strong>Carga de documentos de facturas<\/strong><\/td><td class=\"has-text-align-left\" data-align=\"left\"><img decoding=\"async\" src=\"https:\/\/planyard.com\/wp-content\/uploads\/2024\/10\/icons8-delete-30.png\"><br>No hay una forma sin fricciones de introducir documentos en el sistema adem\u00e1s de cargas manuales por cualquiera de las partes<\/td><td class=\"has-text-align-left\" data-align=\"left\"><img decoding=\"async\" src=\"https:\/\/planyard.com\/wp-content\/uploads\/2024\/10\/icons8-checkmark-30.png\" alt=\"\"><br>Diversas formas sencillas de introducir los documentos de costos en el sistema:<br>* Direcciones de correo electr\u00f3nico de cuentas por pagar de proyectos y empresas<br>* Complemento de Outlook<br>* Aplicaciones m\u00f3viles<\/td><\/tr><tr><td class=\"has-text-align-left\" data-align=\"left\"><strong>Integraciones contables<\/strong><\/td><td class=\"has-text-align-left\" data-align=\"left\"><img decoding=\"async\" src=\"https:\/\/planyard.com\/wp-content\/uploads\/2024\/10\/icons8-checkmark-30.png\" alt=\"\"><br>Diferentes conectores personalizados en el mercado<\/td><td class=\"has-text-align-left\" data-align=\"left\"><img decoding=\"async\" src=\"https:\/\/planyard.com\/wp-content\/uploads\/2024\/10\/icons8-checkmark-30.png\" alt=\"\"><br>Configuraci\u00f3n sencilla con <a href=\"https:\/\/planyard.com\/es\/integracion-xero-construccion\">Xero<\/a>, <a href=\"https:\/\/planyard.com\/quickboks-contractors-integration-for-budgeting\">QuickBooks<\/a>, Directo y muchos otros.<br>Puedes asignar cuentas contables en Planyard para reducir el trabajo del contador<\/td><\/tr><tr><td class=\"has-text-align-left\" data-align=\"left\"><strong>No se requieren cuentas para proveedores y subcontratistas<\/strong><\/td><td class=\"has-text-align-left\" data-align=\"left\"><img decoding=\"async\" src=\"https:\/\/planyard.com\/wp-content\/uploads\/2024\/10\/icons8-delete-30.png\"><br>Todos los usuarios necesitan tener cuentas con permisos correctos compartidos con ellos para acceder a los datos<\/td><td class=\"has-text-align-left\" data-align=\"left\"><img decoding=\"async\" src=\"https:\/\/planyard.com\/wp-content\/uploads\/2024\/10\/icons8-checkmark-30.png\" alt=\"\"><br>Los subcontratistas pueden enviar ofertas, informes de progreso y facturas por correo electr\u00f3nico y sin necesidad de un nombre de usuario y contrase\u00f1a<\/td><\/tr><tr><td class=\"has-text-align-left\" data-align=\"left\"><strong>No se requiere capacitaci\u00f3n para proveedores y subcontratistas<\/strong><\/td><td class=\"has-text-align-left\" data-align=\"left\"><img decoding=\"async\" src=\"https:\/\/planyard.com\/wp-content\/uploads\/2024\/10\/icons8-delete-30.png\"><br>Todos los proveedores y subcontratistas necesitan pasar por certificaci\u00f3n para poder usar la plataforma<\/td><td class=\"has-text-align-left\" data-align=\"left\"><img decoding=\"async\" src=\"https:\/\/planyard.com\/wp-content\/uploads\/2024\/10\/icons8-checkmark-30.png\" alt=\"\"><br>Los proveedores y subcontratistas no necesitan estar certificados y pueden comenzar a usar la herramienta sin ninguna certificaci\u00f3n<\/td><\/tr><tr><td class=\"has-text-align-left\" data-align=\"left\"><strong>Precios<\/strong><\/td><td class=\"has-text-align-left\" data-align=\"left\"><strong><strong>667<\/strong> USD por mes<\/strong><br>(con un contrato anual y un m\u00e1ximo de 5M en ingresos anuales)<\/td><td class=\"has-text-align-left\" data-align=\"left\">Los planes comienzan en&nbsp;<strong>20 EUR por proyecto por mes<\/strong><\/td><\/tr><\/tbody><\/table><\/figure>\n\n\n\n<div class=\"wp-block-columns is-layout-flex wp-container-core-columns-is-layout-9d6595d7 wp-block-columns-is-layout-flex\">\n<div class=\"wp-block-column is-layout-flow wp-block-column-is-layout-flow\"><\/div>\n<\/div>\n\n\n\n<div class=\"wp-block-buttons is-layout-flex wp-block-buttons-is-layout-flex\">\n<div class=\"wp-block-button is-style-fill\"><a class=\"wp-block-button__link wp-element-button\" href=\"\/sign-up\" rel=\"\/sign-up\">Prueba ahora gratis<\/a><\/div>\n\n\n\n<div class=\"wp-block-button is-style-fill\"><a class=\"wp-block-button__link wp-element-button\" href=\"https:\/\/meetings.hubspot.com\/cedlund\">Reg\u00edstrate para una demostraci\u00f3n de 30 minutos<\/a><\/div>\n<\/div>\n\n\n\n<p>Prueba gratuita de 14 d\u00edas con todas las funciones. Acceso completo. No se requiere tarjeta de cr\u00e9dito.<\/p>\n\n\n\n<p><\/p>\n","protected":false},"excerpt":{"rendered":"<p>\u00bfTodav\u00eda usas los financieros de proyectos de Procore para la gesti\u00f3n de presupuestos? Puede haber una manera m\u00e1s f\u00e1cil. Seg\u00fan las rese\u00f1as de usuarios de Procore, los financieros de Procore podr\u00edan no ser la mejor herramienta para las pymes Planyard ahorra tiempo y nervios Sigue tu presupuesto en tiempo real y toma medidas inmediatas cuando&#8230;  <a class=\"excerpt-read-more\" href=\"https:\/\/planyard.com\/es\/el-modulo-financiero-de-procore-es-demasiado-complicado\" title=\"Leer  \u00bfEl m\u00f3dulo financiero de Procore es demasiado complicado?\">Leer m\u00e1s \u00ab<\/a><\/p>\n","protected":false},"author":2,"featured_media":0,"parent":0,"menu_order":0,"comment_status":"closed","ping_status":"closed","template":"","meta":{"_acf_changed":false,"content-type":"","footnotes":""},"page_intent":[199],"page_type":[],"class_list":["post-13860","page","type-page","status-publish","hentry"],"acf":[],"yoast_head":"<!-- This site is optimized with the Yoast SEO plugin v27.1.1 - https:\/\/yoast.com\/product\/yoast-seo-wordpress\/ -->\n<title>\u00bfEl m\u00f3dulo financiero de Procore es demasiado complicado? - Planyard Espa\u00f1a<\/title>\n<meta name=\"description\" content=\"\u00bfLos financieros de Procore son demasiado complicados para ti? Planyard es una plataforma de costos de trabajo y financieros de construcci\u00f3n basada en la nube para todo tu equipo.\" \/>\n<meta name=\"robots\" content=\"index, follow, max-snippet:-1, max-image-preview:large, max-video-preview:-1\" \/>\n<link rel=\"canonical\" href=\"https:\/\/planyard.com\/es\/el-modulo-financiero-de-procore-es-demasiado-complicado\" \/>\n<meta property=\"og:locale\" content=\"es_ES\" \/>\n<meta property=\"og:type\" content=\"article\" \/>\n<meta property=\"og:title\" content=\"\u00bfEl m\u00f3dulo financiero de Procore es demasiado complicado? - Planyard Espa\u00f1a\" \/>\n<meta property=\"og:description\" content=\"\u00bfLos financieros de Procore son demasiado complicados para ti? Planyard es una plataforma de costos de trabajo y financieros de construcci\u00f3n basada en la nube para todo tu equipo.\" \/>\n<meta property=\"og:url\" content=\"https:\/\/planyard.com\/es\/el-modulo-financiero-de-procore-es-demasiado-complicado\" \/>\n<meta property=\"og:site_name\" content=\"Planyard Espa\u00f1a\" \/>\n<meta property=\"article:modified_time\" content=\"2025-05-19T19:22:26+00:00\" \/>\n<meta name=\"twitter:card\" content=\"summary_large_image\" \/>\n<meta name=\"twitter:label1\" content=\"Tiempo de lectura\" \/>\n\t<meta name=\"twitter:data1\" content=\"13 minutos\" \/>\n<!-- \/ Yoast SEO plugin. -->","yoast_head_json":{"title":"\u00bfEl m\u00f3dulo financiero de Procore es demasiado complicado? - Planyard Espa\u00f1a","description":"\u00bfLos financieros de Procore son demasiado complicados para ti? Planyard es una plataforma de costos de trabajo y financieros de construcci\u00f3n basada en la nube para todo tu equipo.","robots":{"index":"index","follow":"follow","max-snippet":"max-snippet:-1","max-image-preview":"max-image-preview:large","max-video-preview":"max-video-preview:-1"},"canonical":"https:\/\/planyard.com\/es\/el-modulo-financiero-de-procore-es-demasiado-complicado","og_locale":"es_ES","og_type":"article","og_title":"\u00bfEl m\u00f3dulo financiero de Procore es demasiado complicado? - Planyard Espa\u00f1a","og_description":"\u00bfLos financieros de Procore son demasiado complicados para ti? Planyard es una plataforma de costos de trabajo y financieros de construcci\u00f3n basada en la nube para todo tu equipo.","og_url":"https:\/\/planyard.com\/es\/el-modulo-financiero-de-procore-es-demasiado-complicado","og_site_name":"Planyard Espa\u00f1a","article_modified_time":"2025-05-19T19:22:26+00:00","twitter_card":"summary_large_image","twitter_misc":{"Tiempo de lectura":"13 minutos"},"schema":{"@context":"https:\/\/schema.org","@graph":[{"@type":"WebPage","@id":"https:\/\/planyard.com\/es\/el-modulo-financiero-de-procore-es-demasiado-complicado","url":"https:\/\/planyard.com\/es\/el-modulo-financiero-de-procore-es-demasiado-complicado","name":"\u00bfEl m\u00f3dulo financiero de Procore es demasiado complicado? - Planyard Espa\u00f1a","isPartOf":{"@id":"https:\/\/planyard.com\/es#website"},"primaryImageOfPage":{"@id":"https:\/\/planyard.com\/es\/el-modulo-financiero-de-procore-es-demasiado-complicado#primaryimage"},"image":{"@id":"https:\/\/planyard.com\/es\/el-modulo-financiero-de-procore-es-demasiado-complicado#primaryimage"},"thumbnailUrl":"https:\/\/planyard.com\/wp-content\/uploads\/2024\/07\/Procore_Logo_FC_Black_RGB-1.svg","datePublished":"2024-08-26T08:47:45+00:00","dateModified":"2025-05-19T19:22:26+00:00","description":"\u00bfLos financieros de Procore son demasiado complicados para ti? Planyard es una plataforma de costos de trabajo y financieros de construcci\u00f3n basada en la nube para todo tu equipo.","breadcrumb":{"@id":"https:\/\/planyard.com\/es\/el-modulo-financiero-de-procore-es-demasiado-complicado#breadcrumb"},"inLanguage":"es","potentialAction":[{"@type":"ReadAction","target":["https:\/\/planyard.com\/es\/el-modulo-financiero-de-procore-es-demasiado-complicado"]}]},{"@type":"ImageObject","inLanguage":"es","@id":"https:\/\/planyard.com\/es\/el-modulo-financiero-de-procore-es-demasiado-complicado#primaryimage","url":"https:\/\/planyard.com\/wp-content\/uploads\/2024\/07\/Procore_Logo_FC_Black_RGB-1.svg","contentUrl":"https:\/\/planyard.com\/wp-content\/uploads\/2024\/07\/Procore_Logo_FC_Black_RGB-1.svg"},{"@type":"BreadcrumbList","@id":"https:\/\/planyard.com\/es\/el-modulo-financiero-de-procore-es-demasiado-complicado#breadcrumb","itemListElement":[{"@type":"ListItem","position":1,"name":"Home","item":"https:\/\/planyard.com\/es"},{"@type":"ListItem","position":2,"name":"\u00bfEl m\u00f3dulo financiero de Procore es demasiado complicado?"}]},{"@type":"WebSite","@id":"https:\/\/planyard.com\/es#website","url":"https:\/\/planyard.com\/es","name":"Planyard Espa\u00f1a","description":"","potentialAction":[{"@type":"SearchAction","target":{"@type":"EntryPoint","urlTemplate":"https:\/\/planyard.com\/es?s={search_term_string}"},"query-input":{"@type":"PropertyValueSpecification","valueRequired":true,"valueName":"search_term_string"}}],"inLanguage":"es"}]}},"_links":{"self":[{"href":"https:\/\/planyard.com\/es\/wp-json\/wp\/v2\/pages\/13860","targetHints":{"allow":["GET"]}}],"collection":[{"href":"https:\/\/planyard.com\/es\/wp-json\/wp\/v2\/pages"}],"about":[{"href":"https:\/\/planyard.com\/es\/wp-json\/wp\/v2\/types\/page"}],"author":[{"embeddable":true,"href":"https:\/\/planyard.com\/es\/wp-json\/wp\/v2\/users\/2"}],"replies":[{"embeddable":true,"href":"https:\/\/planyard.com\/es\/wp-json\/wp\/v2\/comments?post=13860"}],"version-history":[{"count":3,"href":"https:\/\/planyard.com\/es\/wp-json\/wp\/v2\/pages\/13860\/revisions"}],"predecessor-version":[{"id":16467,"href":"https:\/\/planyard.com\/es\/wp-json\/wp\/v2\/pages\/13860\/revisions\/16467"}],"wp:attachment":[{"href":"https:\/\/planyard.com\/es\/wp-json\/wp\/v2\/media?parent=13860"}],"wp:term":[{"taxonomy":"page_intent","embeddable":true,"href":"https:\/\/planyard.com\/es\/wp-json\/wp\/v2\/page_intent?post=13860"},{"taxonomy":"page_type","embeddable":true,"href":"https:\/\/planyard.com\/es\/wp-json\/wp\/v2\/page_type?post=13860"}],"curies":[{"name":"wp","href":"https:\/\/api.w.org\/{rel}","templated":true}]}}