{"id":13858,"date":"2024-08-26T07:14:20","date_gmt":"2024-08-26T07:14:20","guid":{"rendered":"https:\/\/planyard.com\/privacy-policy"},"modified":"2025-05-19T19:21:12","modified_gmt":"2025-05-19T19:21:12","slug":"politica-de-privacidad","status":"publish","type":"page","link":"https:\/\/planyard.com\/es\/politica-de-privacidad","title":{"rendered":"Pol\u00edtica de Privacidad"},"content":{"rendered":"\n<p>Esta Pol\u00edtica de Privacidad regula la manera en que Planyard recopila, utiliza, mantiene y divulga la informaci\u00f3n recopilada de los usuarios (cada uno, un \u201cUsuario\u201d) de los sitios web planyard.com, central.planyard.com y app.planyard.com (\u201cSitio\u201d). Esta pol\u00edtica de privacidad se aplica al Sitio y a todos los productos y servicios ofrecidos por Planyard.<\/p>\n\n\n\n<p><strong>Informaci\u00f3n de identificaci\u00f3n personal<\/strong><\/p>\n\n\n\n<p>Podemos recopilar informaci\u00f3n de identificaci\u00f3n personal de los Usuarios de diversas maneras, incluyendo, pero no limitado a, cuando los Usuarios visitan nuestro sitio, se suscriben al bolet\u00edn, completan un formulario, y en relaci\u00f3n con otras actividades, servicios, caracter\u00edsticas o recursos que ponemos a disposici\u00f3n en nuestro Sitio. A los Usuarios se les puede pedir, seg\u00fan corresponda, nombre, direcci\u00f3n de correo electr\u00f3nico, nombre de la empresa, n\u00famero de tel\u00e9fono. Sin embargo, los Usuarios pueden visitar nuestro Sitio de forma an\u00f3nima. Recopilaremos informaci\u00f3n de identificaci\u00f3n personal de los Usuarios solo si ellos nos la env\u00edan voluntariamente. Los Usuarios siempre pueden negarse a proporcionar informaci\u00f3n de identificaci\u00f3n personal, excepto que esto puede impedirles participar en ciertas actividades relacionadas con el Sitio, como las aplicaciones de Planyard.<\/p>\n\n\n\n<p><strong>Informaci\u00f3n de identificaci\u00f3n no personal<\/strong><\/p>\n\n\n\n<p>Podemos recopilar informaci\u00f3n de identificaci\u00f3n no personal sobre los Usuarios cada vez que interact\u00faan con nuestro Sitio. La informaci\u00f3n de identificaci\u00f3n no personal puede incluir el nombre del navegador, el tipo de computadora e informaci\u00f3n t\u00e9cnica sobre los medios de conexi\u00f3n de los Usuarios a nuestro Sitio, como el sistema operativo y los proveedores de servicios de Internet utilizados y otra informaci\u00f3n similar.<\/p>\n\n\n\n<p><strong>Cookies del navegador web<\/strong><\/p>\n\n\n\n<p>Nuestro Sitio puede utilizar \u201ccookies\u201d para mejorar la experiencia del Usuario. El navegador web del Usuario coloca cookies en su disco duro para fines de mantenimiento de registros y, a veces, para rastrear informaci\u00f3n sobre ellos. El Usuario puede optar por configurar su navegador web para rechazar cookies, o para alertarle cuando se env\u00edan cookies. Si lo hacen, tenga en cuenta que algunas partes del Sitio pueden no funcionar correctamente.<\/p>\n\n\n\n<p><strong>C\u00f3mo utilizamos la informaci\u00f3n recopilada<\/strong><\/p>\n\n\n\n<p>Planyard puede recopilar y utilizar la informaci\u00f3n personal de los Usuarios para los siguientes prop\u00f3sitos:<\/p>\n\n\n\n<ul class=\"wp-block-list\">\n<li>Para mejorar el servicio al cliente<\/li>\n\n<ul class=\"wp-block-list\">\n<li>La informaci\u00f3n que proporciona nos ayuda a responder a sus solicitudes de servicio al cliente y necesidades de soporte de manera m\u00e1s eficiente.<\/li>\n<\/ul>\n<\/li>\n\n\n\n<li>Para mejorar nuestro Sitio<\/li>\n\n<ul class=\"wp-block-list\">\n<li>Podemos utilizar los comentarios que proporciona para mejorar nuestros productos y servicios.<\/li>\n<\/ul>\n<\/li>\n\n\n\n<li>Para enviar correos electr\u00f3nicos peri\u00f3dicos<\/li>\n\n<ul class=\"wp-block-list\">\n<li>Podemos utilizar la direcci\u00f3n de correo electr\u00f3nico para enviar informaci\u00f3n y actualizaciones relacionadas con su pedido. Tambi\u00e9n puede ser utilizada para responder a sus consultas, preguntas y\/u otras solicitudes. Si el Usuario decide optar por nuestra lista de correo, recibir\u00e1 correos electr\u00f3nicos que pueden incluir noticias de la empresa, actualizaciones, informaci\u00f3n de productos o servicios relacionados, etc. Si en alg\u00fan momento el Usuario desea darse de baja para no recibir futuros correos electr\u00f3nicos, incluimos instrucciones detalladas para darse de baja al final de cada correo electr\u00f3nico.<\/li>\n<\/ul>\n<\/li>\n<\/ul>\n\n\n\n<p><strong>C\u00f3mo protegemos su informaci\u00f3n<\/strong><\/p>\n\n\n\n<p>Adoptamos pr\u00e1cticas adecuadas de recopilaci\u00f3n, almacenamiento y procesamiento de datos y medidas de seguridad para proteger contra el acceso no autorizado, alteraci\u00f3n, divulgaci\u00f3n o destrucci\u00f3n de su informaci\u00f3n personal, nombre de usuario, contrase\u00f1a, informaci\u00f3n de transacciones y datos almacenados en nuestro Sitio.<\/p>\n\n\n\n<p><strong>Compartir su informaci\u00f3n personal<\/strong><\/p>\n\n\n\n<p>No vendemos, intercambiamos ni alquilamos informaci\u00f3n de identificaci\u00f3n personal de los Usuarios a otros. Podemos compartir informaci\u00f3n demogr\u00e1fica gen\u00e9rica agregada no vinculada a ninguna informaci\u00f3n de identificaci\u00f3n personal sobre visitantes y usuarios con nuestros socios comerciales, afiliados de confianza y anunciantes para los prop\u00f3sitos descritos anteriormente. Podemos utilizar proveedores de servicios de terceros para ayudarnos a operar nuestro negocio y el Sitio o administrar actividades en nuestro nombre, como enviar boletines o encuestas. Podemos compartir su informaci\u00f3n con estos terceros para esos fines limitados, siempre que nos haya dado su permiso.<\/p>\n\n\n\n<p><strong>Sitios web de terceros<\/strong><\/p>\n\n\n\n<p>Los Usuarios pueden encontrar publicidad u otro contenido en nuestro Sitio que enlaza a los sitios y servicios de nuestros socios, proveedores, anunciantes, patrocinadores, licenciantes y otros terceros. No controlamos el contenido o los enlaces que aparecen en estos sitios y no somos responsables de las pr\u00e1cticas empleadas por los sitios web vinculados a o desde nuestro Sitio. Adem\u00e1s, estos sitios o servicios, incluidos sus contenidos y enlaces, pueden estar cambiando constantemente. Estos sitios y servicios pueden tener sus propias pol\u00edticas de privacidad y pol\u00edticas de servicio al cliente. La navegaci\u00f3n e interacci\u00f3n en cualquier otro sitio web, incluidos los sitios web que tienen un enlace a nuestro Sitio, est\u00e1 sujeta a los propios t\u00e9rminos y pol\u00edticas de ese sitio web.<\/p>\n\n\n\n<p><strong>Cambios en esta pol\u00edtica de privacidad<\/strong><\/p>\n\n\n\n<p>Planyard se reserva el derecho de actualizar esta pol\u00edtica de privacidad en cualquier momento. Cuando lo hagamos, revisaremos la fecha de actualizaci\u00f3n en la parte inferior de esta p\u00e1gina. Animamos a los Usuarios a que revisen con frecuencia esta p\u00e1gina para estar informados sobre c\u00f3mo estamos ayudando a proteger la informaci\u00f3n personal que recopilamos. Usted reconoce y acepta que es su responsabilidad revisar esta pol\u00edtica de privacidad peri\u00f3dicamente y estar al tanto de las modificaciones.<\/p>\n\n\n\n<p><strong>Su aceptaci\u00f3n de estos t\u00e9rminos<\/strong><\/p>\n\n\n\n<p>Al utilizar este Sitio, usted manifiesta su aceptaci\u00f3n de esta pol\u00edtica. Si no est\u00e1 de acuerdo con esta pol\u00edtica, por favor no utilice nuestro Sitio. Su uso continuado del Sitio despu\u00e9s de la publicaci\u00f3n de cambios a esta pol\u00edtica se considerar\u00e1 como su aceptaci\u00f3n de dichos cambios.<\/p>\n\n\n\n<p><strong>Contactando con nosotros<\/strong><\/p>\n\n\n\n<p>Si tiene alguna pregunta sobre esta Pol\u00edtica de Privacidad, las pr\u00e1cticas de este sitio o sus interacciones con este sitio, por favor cont\u00e1ctenos en info@planyard.com.<br><\/p>\n","protected":false},"excerpt":{"rendered":"<p>Esta Pol\u00edtica de Privacidad regula la manera en que Planyard recopila, utiliza, mantiene y divulga la informaci\u00f3n recopilada de los usuarios (cada uno, un \u201cUsuario\u201d) de los sitios web planyard.com, central.planyard.com y app.planyard.com (\u201cSitio\u201d). Esta pol\u00edtica de privacidad se aplica al Sitio y a todos los productos y servicios ofrecidos por Planyard. Informaci\u00f3n de identificaci\u00f3n&#8230;  <a class=\"excerpt-read-more\" href=\"https:\/\/planyard.com\/es\/politica-de-privacidad\" title=\"Leer  Pol\u00edtica de Privacidad\">Leer m\u00e1s \u00ab<\/a><\/p>\n","protected":false},"author":2,"featured_media":0,"parent":0,"menu_order":0,"comment_status":"closed","ping_status":"closed","template":"","meta":{"_acf_changed":false,"content-type":"","footnotes":""},"page_intent":[184],"page_type":[],"class_list":["post-13858","page","type-page","status-publish","hentry"],"acf":[],"yoast_head":"<!-- This site is optimized with the Yoast SEO plugin v26.9 - https:\/\/yoast.com\/product\/yoast-seo-wordpress\/ -->\n<title>Pol\u00edtica de Privacidad - Planyard Espa\u00f1a<\/title>\n<meta name=\"description\" content=\"Planyard no posee, controla ni dirige el uso de ninguno de los Datos del Cliente almacenados o procesados por un Cliente o Usuario a trav\u00e9s del Servicio.\" \/>\n<meta name=\"robots\" content=\"index, follow, max-snippet:-1, max-image-preview:large, max-video-preview:-1\" \/>\n<link rel=\"canonical\" href=\"https:\/\/planyard.com\/es\/politica-de-privacidad\" \/>\n<meta property=\"og:locale\" content=\"es_ES\" \/>\n<meta property=\"og:type\" content=\"article\" \/>\n<meta property=\"og:title\" content=\"Pol\u00edtica de Privacidad - Planyard Espa\u00f1a\" \/>\n<meta property=\"og:description\" content=\"Planyard no posee, controla ni dirige el uso de ninguno de los Datos del Cliente almacenados o procesados por un Cliente o Usuario a trav\u00e9s del Servicio.\" \/>\n<meta property=\"og:url\" content=\"https:\/\/planyard.com\/es\/politica-de-privacidad\" \/>\n<meta property=\"og:site_name\" content=\"Planyard Espa\u00f1a\" \/>\n<meta property=\"article:modified_time\" content=\"2025-05-19T19:21:12+00:00\" \/>\n<meta name=\"twitter:card\" content=\"summary_large_image\" \/>\n<meta name=\"twitter:label1\" content=\"Tiempo de lectura\" \/>\n\t<meta name=\"twitter:data1\" content=\"4 minutos\" \/>\n<!-- \/ Yoast SEO plugin. -->","yoast_head_json":{"title":"Pol\u00edtica de Privacidad - Planyard Espa\u00f1a","description":"Planyard no posee, controla ni dirige el uso de ninguno de los Datos del Cliente almacenados o procesados por un Cliente o Usuario a trav\u00e9s del Servicio.","robots":{"index":"index","follow":"follow","max-snippet":"max-snippet:-1","max-image-preview":"max-image-preview:large","max-video-preview":"max-video-preview:-1"},"canonical":"https:\/\/planyard.com\/es\/politica-de-privacidad","og_locale":"es_ES","og_type":"article","og_title":"Pol\u00edtica de Privacidad - Planyard Espa\u00f1a","og_description":"Planyard no posee, controla ni dirige el uso de ninguno de los Datos del Cliente almacenados o procesados por un Cliente o Usuario a trav\u00e9s del Servicio.","og_url":"https:\/\/planyard.com\/es\/politica-de-privacidad","og_site_name":"Planyard Espa\u00f1a","article_modified_time":"2025-05-19T19:21:12+00:00","twitter_card":"summary_large_image","twitter_misc":{"Tiempo de lectura":"4 minutos"},"schema":{"@context":"https:\/\/schema.org","@graph":[{"@type":"WebPage","@id":"https:\/\/planyard.com\/es\/politica-de-privacidad","url":"https:\/\/planyard.com\/es\/politica-de-privacidad","name":"Pol\u00edtica de Privacidad - Planyard Espa\u00f1a","isPartOf":{"@id":"https:\/\/planyard.com\/es#website"},"datePublished":"2024-08-26T07:14:20+00:00","dateModified":"2025-05-19T19:21:12+00:00","description":"Planyard no posee, controla ni dirige el uso de ninguno de los Datos del Cliente almacenados o procesados por un Cliente o Usuario a trav\u00e9s del Servicio.","breadcrumb":{"@id":"https:\/\/planyard.com\/es\/politica-de-privacidad#breadcrumb"},"inLanguage":"es","potentialAction":[{"@type":"ReadAction","target":["https:\/\/planyard.com\/es\/politica-de-privacidad"]}]},{"@type":"BreadcrumbList","@id":"https:\/\/planyard.com\/es\/politica-de-privacidad#breadcrumb","itemListElement":[{"@type":"ListItem","position":1,"name":"Home","item":"https:\/\/planyard.com\/es"},{"@type":"ListItem","position":2,"name":"Pol\u00edtica de Privacidad"}]},{"@type":"WebSite","@id":"https:\/\/planyard.com\/es#website","url":"https:\/\/planyard.com\/es","name":"Planyard Espa\u00f1a","description":"","potentialAction":[{"@type":"SearchAction","target":{"@type":"EntryPoint","urlTemplate":"https:\/\/planyard.com\/es?s={search_term_string}"},"query-input":{"@type":"PropertyValueSpecification","valueRequired":true,"valueName":"search_term_string"}}],"inLanguage":"es"}]}},"_links":{"self":[{"href":"https:\/\/planyard.com\/es\/wp-json\/wp\/v2\/pages\/13858","targetHints":{"allow":["GET"]}}],"collection":[{"href":"https:\/\/planyard.com\/es\/wp-json\/wp\/v2\/pages"}],"about":[{"href":"https:\/\/planyard.com\/es\/wp-json\/wp\/v2\/types\/page"}],"author":[{"embeddable":true,"href":"https:\/\/planyard.com\/es\/wp-json\/wp\/v2\/users\/2"}],"replies":[{"embeddable":true,"href":"https:\/\/planyard.com\/es\/wp-json\/wp\/v2\/comments?post=13858"}],"version-history":[{"count":3,"href":"https:\/\/planyard.com\/es\/wp-json\/wp\/v2\/pages\/13858\/revisions"}],"predecessor-version":[{"id":16458,"href":"https:\/\/planyard.com\/es\/wp-json\/wp\/v2\/pages\/13858\/revisions\/16458"}],"wp:attachment":[{"href":"https:\/\/planyard.com\/es\/wp-json\/wp\/v2\/media?parent=13858"}],"wp:term":[{"taxonomy":"page_intent","embeddable":true,"href":"https:\/\/planyard.com\/es\/wp-json\/wp\/v2\/page_intent?post=13858"},{"taxonomy":"page_type","embeddable":true,"href":"https:\/\/planyard.com\/es\/wp-json\/wp\/v2\/page_type?post=13858"}],"curies":[{"name":"wp","href":"https:\/\/api.w.org\/{rel}","templated":true}]}}