{"id":13857,"date":"2024-08-03T08:25:53","date_gmt":"2024-08-03T08:25:53","guid":{"rendered":"https:\/\/planyard.com\/pricing"},"modified":"2025-05-19T09:20:53","modified_gmt":"2025-05-19T09:20:53","slug":"precios","status":"publish","type":"page","link":"https:\/\/planyard.com\/es\/precios","title":{"rendered":"Precios"},"content":{"rendered":"","protected":false},"excerpt":{"rendered":"","protected":false},"author":1,"featured_media":0,"parent":0,"menu_order":0,"comment_status":"closed","ping_status":"closed","template":"","meta":{"_acf_changed":false,"content-type":"","footnotes":""},"page_intent":[154],"page_type":[],"class_list":["post-13857","page","type-page","status-publish","hentry"],"acf":[],"yoast_head":"<!-- This site is optimized with the Yoast SEO plugin v26.9 - https:\/\/yoast.com\/product\/yoast-seo-wordpress\/ -->\n<title>Precios - Planyard Espa\u00f1a Software de Construcci\u00f3n<\/title>\n<meta name=\"description\" content=\"Los precios de Planyard est\u00e1n dise\u00f1ados para contratistas generales y m\u00e1s peque\u00f1os con ambiciones. Encuentra el precio que se ajuste a tus necesidades o cont\u00e1ctanos para un precio personalizado.\" \/>\n<meta name=\"robots\" content=\"index, follow, max-snippet:-1, max-image-preview:large, max-video-preview:-1\" \/>\n<link rel=\"canonical\" href=\"https:\/\/planyard.com\/es\/precios\" \/>\n<meta property=\"og:locale\" content=\"es_ES\" \/>\n<meta property=\"og:type\" content=\"article\" \/>\n<meta property=\"og:title\" content=\"Precios - Planyard Espa\u00f1a Software de Construcci\u00f3n\" \/>\n<meta property=\"og:description\" content=\"Los precios de Planyard est\u00e1n dise\u00f1ados para contratistas generales y m\u00e1s peque\u00f1os con ambiciones. Encuentra el precio que se ajuste a tus necesidades o cont\u00e1ctanos para un precio personalizado.\" \/>\n<meta property=\"og:url\" content=\"https:\/\/planyard.com\/es\/precios\" \/>\n<meta property=\"og:site_name\" content=\"Planyard Espa\u00f1a\" \/>\n<meta property=\"article:modified_time\" content=\"2025-05-19T09:20:53+00:00\" \/>\n<meta name=\"twitter:card\" content=\"summary_large_image\" \/>\n<!-- \/ Yoast SEO plugin. -->","yoast_head_json":{"title":"Precios - Planyard Espa\u00f1a Software de Construcci\u00f3n","description":"Los precios de Planyard est\u00e1n dise\u00f1ados para contratistas generales y m\u00e1s peque\u00f1os con ambiciones. Encuentra el precio que se ajuste a tus necesidades o cont\u00e1ctanos para un precio personalizado.","robots":{"index":"index","follow":"follow","max-snippet":"max-snippet:-1","max-image-preview":"max-image-preview:large","max-video-preview":"max-video-preview:-1"},"canonical":"https:\/\/planyard.com\/es\/precios","og_locale":"es_ES","og_type":"article","og_title":"Precios - Planyard Espa\u00f1a Software de Construcci\u00f3n","og_description":"Los precios de Planyard est\u00e1n dise\u00f1ados para contratistas generales y m\u00e1s peque\u00f1os con ambiciones. Encuentra el precio que se ajuste a tus necesidades o cont\u00e1ctanos para un precio personalizado.","og_url":"https:\/\/planyard.com\/es\/precios","og_site_name":"Planyard Espa\u00f1a","article_modified_time":"2025-05-19T09:20:53+00:00","twitter_card":"summary_large_image","schema":{"@context":"https:\/\/schema.org","@graph":[{"@type":"WebPage","@id":"https:\/\/planyard.com\/es\/precios","url":"https:\/\/planyard.com\/es\/precios","name":"Precios - Planyard Espa\u00f1a Software de Construcci\u00f3n","isPartOf":{"@id":"https:\/\/planyard.com\/es#website"},"datePublished":"2024-08-03T08:25:53+00:00","dateModified":"2025-05-19T09:20:53+00:00","description":"Los precios de Planyard est\u00e1n dise\u00f1ados para contratistas generales y m\u00e1s peque\u00f1os con ambiciones. Encuentra el precio que se ajuste a tus necesidades o cont\u00e1ctanos para un precio personalizado.","breadcrumb":{"@id":"https:\/\/planyard.com\/es\/precios#breadcrumb"},"inLanguage":"es","potentialAction":[{"@type":"ReadAction","target":["https:\/\/planyard.com\/es\/precios"]}]},{"@type":"BreadcrumbList","@id":"https:\/\/planyard.com\/es\/precios#breadcrumb","itemListElement":[{"@type":"ListItem","position":1,"name":"Home","item":"https:\/\/planyard.com\/es"},{"@type":"ListItem","position":2,"name":"Precios"}]},{"@type":"WebSite","@id":"https:\/\/planyard.com\/es#website","url":"https:\/\/planyard.com\/es","name":"Planyard Espa\u00f1a","description":"","potentialAction":[{"@type":"SearchAction","target":{"@type":"EntryPoint","urlTemplate":"https:\/\/planyard.com\/es?s={search_term_string}"},"query-input":{"@type":"PropertyValueSpecification","valueRequired":true,"valueName":"search_term_string"}}],"inLanguage":"es"}]}},"_links":{"self":[{"href":"https:\/\/planyard.com\/es\/wp-json\/wp\/v2\/pages\/13857","targetHints":{"allow":["GET"]}}],"collection":[{"href":"https:\/\/planyard.com\/es\/wp-json\/wp\/v2\/pages"}],"about":[{"href":"https:\/\/planyard.com\/es\/wp-json\/wp\/v2\/types\/page"}],"author":[{"embeddable":true,"href":"https:\/\/planyard.com\/es\/wp-json\/wp\/v2\/users\/1"}],"replies":[{"embeddable":true,"href":"https:\/\/planyard.com\/es\/wp-json\/wp\/v2\/comments?post=13857"}],"version-history":[{"count":1,"href":"https:\/\/planyard.com\/es\/wp-json\/wp\/v2\/pages\/13857\/revisions"}],"predecessor-version":[{"id":14028,"href":"https:\/\/planyard.com\/es\/wp-json\/wp\/v2\/pages\/13857\/revisions\/14028"}],"wp:attachment":[{"href":"https:\/\/planyard.com\/es\/wp-json\/wp\/v2\/media?parent=13857"}],"wp:term":[{"taxonomy":"page_intent","embeddable":true,"href":"https:\/\/planyard.com\/es\/wp-json\/wp\/v2\/page_intent?post=13857"},{"taxonomy":"page_type","embeddable":true,"href":"https:\/\/planyard.com\/es\/wp-json\/wp\/v2\/page_type?post=13857"}],"curies":[{"name":"wp","href":"https:\/\/api.w.org\/{rel}","templated":true}]}}