{"id":13851,"date":"2025-04-03T10:02:17","date_gmt":"2025-04-03T10:02:17","guid":{"rendered":"https:\/\/planyard.com\/planyard-professional-functionality-training-videos"},"modified":"2025-05-19T19:18:11","modified_gmt":"2025-05-19T19:18:11","slug":"videos-de-formacion-sobre-la-funcionalidad-profesional-de-planyard","status":"publish","type":"page","link":"https:\/\/planyard.com\/es\/videos-de-formacion-sobre-la-funcionalidad-profesional-de-planyard","title":{"rendered":"Videos de formaci\u00f3n sobre la funcionalidad profesional de Planyard"},"content":{"rendered":"\n<p>Videos de formaci\u00f3n de 3 a 5 minutos para que los profesionales de la construcci\u00f3n dominen el Paquete Profesional de Planyard, cubriendo control presupuestario, \u00f3rdenes de compra, \u00f3rdenes de cambio, gesti\u00f3n de facturas y m\u00e1s.<\/p>\n\n\n\n<h2 class=\"wp-block-heading\">\u00d3rdenes de compra<\/h2>\n\n\n\n<p>Aprenda a emitir \u00f3rdenes de compra para materiales, seguir los compromisos presupuestarios, actualizar f\u00e1cilmente las previsiones y los informes de reconciliaci\u00f3n de costos, gestionar facturas de prepago, mantenerse al tanto de los res\u00famenes de pagos y prevenir la sobrefacturaci\u00f3n de proveedores.<\/p>\n\n\n\n<figure class=\"wp-block-embed is-type-video is-provider-youtube wp-block-embed-youtube wp-embed-aspect-16-9 wp-has-aspect-ratio\"><div class=\"wp-block-embed__wrapper\">\n<iframe loading=\"lazy\" title=\"See How Planyard Software Makes Construction Project Purchase Orders Easy\" width=\"500\" height=\"281\" src=\"https:\/\/www.youtube.com\/embed\/hlaGwY6-bhA?feature=oembed\" frameborder=\"0\" allow=\"accelerometer; autoplay; clipboard-write; encrypted-media; gyroscope; picture-in-picture; web-share\" referrerpolicy=\"strict-origin-when-cross-origin\" allowfullscreen><\/iframe>\n<\/div><\/figure>\n\n\n\n<h2 class=\"wp-block-heading\">Procesamiento de facturas de compra<\/h2>\n\n\n\n<p>Procese f\u00e1cilmente las facturas de compra, as\u00edgnelas a l\u00edneas presupuestarias, sincronice autom\u00e1ticamente con la contabilidad y siga los costos del proyecto en tiempo real, todo sin entrada de datos repetitiva.<\/p>\n\n\n\n<figure class=\"wp-block-embed is-type-video is-provider-youtube wp-block-embed-youtube wp-embed-aspect-16-9 wp-has-aspect-ratio\"><div class=\"wp-block-embed__wrapper\">\n<iframe loading=\"lazy\" title=\"Invoices processing on Planyard\" width=\"500\" height=\"281\" src=\"https:\/\/www.youtube.com\/embed\/cgVamRjQk1I?feature=oembed\" frameborder=\"0\" allow=\"accelerometer; autoplay; clipboard-write; encrypted-media; gyroscope; picture-in-picture; web-share\" referrerpolicy=\"strict-origin-when-cross-origin\" allowfullscreen><\/iframe>\n<\/div><\/figure>\n\n\n\n<h2 class=\"wp-block-heading\">\u00d3rdenes de cambio (Variaciones)<\/h2>\n\n\n\n<p>Registre f\u00e1cilmente las \u00f3rdenes de cambio del cliente y las variaciones de \u00f3rdenes de compra y subcontratistas. Siga el impacto financiero de cada cambio para mantenerse al tanto de la rentabilidad.<\/p>\n\n\n\n<figure class=\"wp-block-embed is-type-video is-provider-youtube wp-block-embed-youtube wp-embed-aspect-16-9 wp-has-aspect-ratio\"><div class=\"wp-block-embed__wrapper\">\n<iframe loading=\"lazy\" title=\"Construction change-orders (variations) management on Planyard software\" width=\"500\" height=\"281\" src=\"https:\/\/www.youtube.com\/embed\/6tACV4YQtas?feature=oembed\" frameborder=\"0\" allow=\"accelerometer; autoplay; clipboard-write; encrypted-media; gyroscope; picture-in-picture; web-share\" referrerpolicy=\"strict-origin-when-cross-origin\" allowfullscreen><\/iframe>\n<\/div><\/figure>\n\n\n\n<h2 class=\"wp-block-heading\">Control presupuestario y previsi\u00f3n (Informes de Reconciliaci\u00f3n de Costos)<\/h2>\n\n\n\n<p>Prepare previsiones precisas e informes de reconciliaci\u00f3n de costos, revise los presupuestos seg\u00fan sea necesario, apruebe facturas y revise las variaciones presupuestarias para mantener el control de la salud financiera de su proyecto. Analice las proyecciones de rentabilidad con facilidad.<\/p>\n\n\n\n<figure class=\"wp-block-embed is-type-video is-provider-youtube wp-block-embed-youtube wp-embed-aspect-16-9 wp-has-aspect-ratio\"><div class=\"wp-block-embed__wrapper\">\n<iframe loading=\"lazy\" title=\"Project cost control meeting how to video\" width=\"500\" height=\"281\" src=\"https:\/\/www.youtube.com\/embed\/oGkHgWPfIEo?feature=oembed\" frameborder=\"0\" allow=\"accelerometer; autoplay; clipboard-write; encrypted-media; gyroscope; picture-in-picture; web-share\" referrerpolicy=\"strict-origin-when-cross-origin\" allowfullscreen><\/iframe>\n<\/div><\/figure>\n\n\n\n<h2 class=\"wp-block-heading\">Facturaci\u00f3n al cliente y aplicaciones de pago (Valuaciones)<\/h2>\n\n\n\n<p>Aprenda a gestionar el cronograma de valores del cliente, procesar \u00f3rdenes de cambio (variaciones), emitir aplicaciones de pago, manejar facturas de prepago, seguir las retenciones y aprobar facturas de ventas con facilidad.<\/p>\n\n\n\n<figure class=\"wp-block-embed is-type-video is-provider-youtube wp-block-embed-youtube wp-embed-aspect-16-9 wp-has-aspect-ratio\"><div class=\"wp-block-embed__wrapper\">\n<iframe loading=\"lazy\" title=\"How the client billing process is made simple on Planyard construction software\" width=\"500\" height=\"281\" src=\"https:\/\/www.youtube.com\/embed\/wZ0vTYTJtFs?feature=oembed\" frameborder=\"0\" allow=\"accelerometer; autoplay; clipboard-write; encrypted-media; gyroscope; picture-in-picture; web-share\" referrerpolicy=\"strict-origin-when-cross-origin\" allowfullscreen><\/iframe>\n<\/div><\/figure>\n","protected":false},"excerpt":{"rendered":"<p>Videos de formaci\u00f3n de 3 a 5 minutos para que los profesionales de la construcci\u00f3n dominen el Paquete Profesional de Planyard, cubriendo control presupuestario, \u00f3rdenes de compra, \u00f3rdenes de cambio, gesti\u00f3n de facturas y m\u00e1s. \u00d3rdenes de compra Aprenda a emitir \u00f3rdenes de compra para materiales, seguir los compromisos presupuestarios, actualizar f\u00e1cilmente las previsiones y&#8230;  <a class=\"excerpt-read-more\" href=\"https:\/\/planyard.com\/es\/videos-de-formacion-sobre-la-funcionalidad-profesional-de-planyard\" title=\"Leer  Videos de formaci\u00f3n sobre la funcionalidad profesional de Planyard\">Leer m\u00e1s \u00ab<\/a><\/p>\n","protected":false},"author":4,"featured_media":0,"parent":0,"menu_order":0,"comment_status":"closed","ping_status":"closed","template":"page-smallheader.php","meta":{"_acf_changed":false,"content-type":"","footnotes":""},"page_intent":[],"page_type":[],"class_list":["post-13851","page","type-page","status-publish","hentry"],"acf":[],"yoast_head":"<!-- This site is optimized with the Yoast SEO plugin v27.1.1 - https:\/\/yoast.com\/product\/yoast-seo-wordpress\/ -->\n<title>Planyard Professional \u2013 Control total de costos de construcci\u00f3n para equipos en crecimiento<\/title>\n<meta name=\"description\" content=\"Videos cortos de formaci\u00f3n para que los profesionales de la construcci\u00f3n dominen el Paquete Profesional de Planyard, cubriendo control presupuestario, \u00f3rdenes de compra y m\u00e1s.\" \/>\n<meta name=\"robots\" content=\"index, follow, max-snippet:-1, max-image-preview:large, max-video-preview:-1\" \/>\n<link rel=\"canonical\" href=\"https:\/\/planyard.com\/es\/videos-de-formacion-sobre-la-funcionalidad-profesional-de-planyard\" \/>\n<meta property=\"og:locale\" content=\"es_ES\" \/>\n<meta property=\"og:type\" content=\"article\" \/>\n<meta property=\"og:title\" content=\"Planyard Professional \u2013 Control total de costos de construcci\u00f3n para equipos en crecimiento\" \/>\n<meta property=\"og:description\" content=\"Videos cortos de formaci\u00f3n para que los profesionales de la construcci\u00f3n dominen el Paquete Profesional de Planyard, cubriendo control presupuestario, \u00f3rdenes de compra y m\u00e1s.\" \/>\n<meta property=\"og:url\" content=\"https:\/\/planyard.com\/es\/videos-de-formacion-sobre-la-funcionalidad-profesional-de-planyard\" \/>\n<meta property=\"og:site_name\" content=\"Planyard Espa\u00f1a\" \/>\n<meta property=\"article:modified_time\" content=\"2025-05-19T19:18:11+00:00\" \/>\n<meta name=\"twitter:card\" content=\"summary_large_image\" \/>\n<meta name=\"twitter:label1\" content=\"Tiempo de lectura\" \/>\n\t<meta name=\"twitter:data1\" content=\"1 minuto\" \/>\n<!-- \/ Yoast SEO plugin. -->","yoast_head_json":{"title":"Planyard Professional \u2013 Control total de costos de construcci\u00f3n para equipos en crecimiento","description":"Videos cortos de formaci\u00f3n para que los profesionales de la construcci\u00f3n dominen el Paquete Profesional de Planyard, cubriendo control presupuestario, \u00f3rdenes de compra y m\u00e1s.","robots":{"index":"index","follow":"follow","max-snippet":"max-snippet:-1","max-image-preview":"max-image-preview:large","max-video-preview":"max-video-preview:-1"},"canonical":"https:\/\/planyard.com\/es\/videos-de-formacion-sobre-la-funcionalidad-profesional-de-planyard","og_locale":"es_ES","og_type":"article","og_title":"Planyard Professional \u2013 Control total de costos de construcci\u00f3n para equipos en crecimiento","og_description":"Videos cortos de formaci\u00f3n para que los profesionales de la construcci\u00f3n dominen el Paquete Profesional de Planyard, cubriendo control presupuestario, \u00f3rdenes de compra y m\u00e1s.","og_url":"https:\/\/planyard.com\/es\/videos-de-formacion-sobre-la-funcionalidad-profesional-de-planyard","og_site_name":"Planyard Espa\u00f1a","article_modified_time":"2025-05-19T19:18:11+00:00","twitter_card":"summary_large_image","twitter_misc":{"Tiempo de lectura":"1 minuto"},"schema":{"@context":"https:\/\/schema.org","@graph":[{"@type":"WebPage","@id":"https:\/\/planyard.com\/es\/videos-de-formacion-sobre-la-funcionalidad-profesional-de-planyard","url":"https:\/\/planyard.com\/es\/videos-de-formacion-sobre-la-funcionalidad-profesional-de-planyard","name":"Planyard Professional \u2013 Control total de costos de construcci\u00f3n para equipos en crecimiento","isPartOf":{"@id":"https:\/\/planyard.com\/es#website"},"datePublished":"2025-04-03T10:02:17+00:00","dateModified":"2025-05-19T19:18:11+00:00","description":"Videos cortos de formaci\u00f3n para que los profesionales de la construcci\u00f3n dominen el Paquete Profesional de Planyard, cubriendo control presupuestario, \u00f3rdenes de compra y m\u00e1s.","breadcrumb":{"@id":"https:\/\/planyard.com\/es\/videos-de-formacion-sobre-la-funcionalidad-profesional-de-planyard#breadcrumb"},"inLanguage":"es","potentialAction":[{"@type":"ReadAction","target":["https:\/\/planyard.com\/es\/videos-de-formacion-sobre-la-funcionalidad-profesional-de-planyard"]}]},{"@type":"BreadcrumbList","@id":"https:\/\/planyard.com\/es\/videos-de-formacion-sobre-la-funcionalidad-profesional-de-planyard#breadcrumb","itemListElement":[{"@type":"ListItem","position":1,"name":"Home","item":"https:\/\/planyard.com\/es"},{"@type":"ListItem","position":2,"name":"Videos de formaci\u00f3n sobre la funcionalidad profesional de Planyard"}]},{"@type":"WebSite","@id":"https:\/\/planyard.com\/es#website","url":"https:\/\/planyard.com\/es","name":"Planyard Espa\u00f1a","description":"","potentialAction":[{"@type":"SearchAction","target":{"@type":"EntryPoint","urlTemplate":"https:\/\/planyard.com\/es?s={search_term_string}"},"query-input":{"@type":"PropertyValueSpecification","valueRequired":true,"valueName":"search_term_string"}}],"inLanguage":"es"}]}},"_links":{"self":[{"href":"https:\/\/planyard.com\/es\/wp-json\/wp\/v2\/pages\/13851","targetHints":{"allow":["GET"]}}],"collection":[{"href":"https:\/\/planyard.com\/es\/wp-json\/wp\/v2\/pages"}],"about":[{"href":"https:\/\/planyard.com\/es\/wp-json\/wp\/v2\/types\/page"}],"author":[{"embeddable":true,"href":"https:\/\/planyard.com\/es\/wp-json\/wp\/v2\/users\/4"}],"replies":[{"embeddable":true,"href":"https:\/\/planyard.com\/es\/wp-json\/wp\/v2\/comments?post=13851"}],"version-history":[{"count":3,"href":"https:\/\/planyard.com\/es\/wp-json\/wp\/v2\/pages\/13851\/revisions"}],"predecessor-version":[{"id":16430,"href":"https:\/\/planyard.com\/es\/wp-json\/wp\/v2\/pages\/13851\/revisions\/16430"}],"wp:attachment":[{"href":"https:\/\/planyard.com\/es\/wp-json\/wp\/v2\/media?parent=13851"}],"wp:term":[{"taxonomy":"page_intent","embeddable":true,"href":"https:\/\/planyard.com\/es\/wp-json\/wp\/v2\/page_intent?post=13851"},{"taxonomy":"page_type","embeddable":true,"href":"https:\/\/planyard.com\/es\/wp-json\/wp\/v2\/page_type?post=13851"}],"curies":[{"name":"wp","href":"https:\/\/api.w.org\/{rel}","templated":true}]}}