{"id":13847,"date":"2025-04-01T15:34:46","date_gmt":"2025-04-01T15:34:46","guid":{"rendered":"https:\/\/planyard.com\/planyard-essential-functionality-training-videos"},"modified":"2025-05-19T19:16:38","modified_gmt":"2025-05-19T19:16:38","slug":"videos-de-formacion-sobre-la-funcionalidad-esencial-de-planyard","status":"publish","type":"page","link":"https:\/\/planyard.com\/es\/videos-de-formacion-sobre-la-funcionalidad-esencial-de-planyard","title":{"rendered":"Videos de formaci\u00f3n sobre la funcionalidad esencial de Planyard"},"content":{"rendered":"\n<p>Comienza viendo videos cortos de 3 a 4 minutos dise\u00f1ados para que los jefes de proyecto y los aparejadores aprendan por s\u00ed mismos los flujos de trabajo esenciales, sin necesidad de configuraciones o sesiones de formaci\u00f3n.<\/p>\n\n\n\n<h2 class=\"wp-block-heading\">Introductorio<\/h2>\n\n\n\n<figure class=\"wp-block-embed is-type-video is-provider-youtube wp-block-embed-youtube wp-embed-aspect-16-9 wp-has-aspect-ratio\"><div class=\"wp-block-embed__wrapper\">\n<iframe loading=\"lazy\" title=\"Planyard Essential Package: Ditch Spreadsheets &amp; Simplify Construction Cost Control\" width=\"500\" height=\"281\" src=\"https:\/\/www.youtube.com\/embed\/MmqEaSN7Y38?feature=oembed\" frameborder=\"0\" allow=\"accelerometer; autoplay; clipboard-write; encrypted-media; gyroscope; picture-in-picture; web-share\" referrerpolicy=\"strict-origin-when-cross-origin\" allowfullscreen><\/iframe>\n<\/div><\/figure>\n\n\n\n<h2 class=\"wp-block-heading\">Procesamiento de facturas de compra<\/h2>\n\n\n\n<p>Procesa f\u00e1cilmente las facturas de compra, as\u00edgnalas a l\u00edneas de presupuesto, sincroniza autom\u00e1ticamente con la contabilidad y sigue los costos del proyecto en tiempo real, todo sin entrada de datos repetitiva.<\/p>\n\n\n\n<figure class=\"wp-block-embed is-type-video is-provider-youtube wp-block-embed-youtube wp-embed-aspect-16-9 wp-has-aspect-ratio\"><div class=\"wp-block-embed__wrapper\">\n<iframe loading=\"lazy\" title=\"Invoices processing on Planyard\" width=\"500\" height=\"281\" src=\"https:\/\/www.youtube.com\/embed\/cgVamRjQk1I?feature=oembed\" frameborder=\"0\" allow=\"accelerometer; autoplay; clipboard-write; encrypted-media; gyroscope; picture-in-picture; web-share\" referrerpolicy=\"strict-origin-when-cross-origin\" allowfullscreen><\/iframe>\n<\/div><\/figure>\n\n\n\n<h2 class=\"wp-block-heading\">\u00d3rdenes de cambio (Variaciones)<\/h2>\n\n\n\n<p>Registra f\u00e1cilmente las \u00f3rdenes de cambio del cliente y las variaciones de los subcontratistas y \u00f3rdenes de compra. Sigue el impacto financiero de cada cambio para mantener la rentabilidad bajo control.<\/p>\n\n\n\n<figure class=\"wp-block-embed is-type-video is-provider-youtube wp-block-embed-youtube wp-embed-aspect-16-9 wp-has-aspect-ratio\"><div class=\"wp-block-embed__wrapper\">\n<iframe loading=\"lazy\" title=\"Construction change-orders (variations) management on Planyard software\" width=\"500\" height=\"281\" src=\"https:\/\/www.youtube.com\/embed\/6tACV4YQtas?feature=oembed\" frameborder=\"0\" allow=\"accelerometer; autoplay; clipboard-write; encrypted-media; gyroscope; picture-in-picture; web-share\" referrerpolicy=\"strict-origin-when-cross-origin\" allowfullscreen><\/iframe>\n<\/div><\/figure>\n\n\n\n<h2 class=\"wp-block-heading\">Control presupuestario y previsi\u00f3n (CVRs)<\/h2>\n\n\n\n<p>Prepara previsiones precisas e informes de CVR, revisa presupuestos seg\u00fan sea necesario, aprueba facturas y revisa las variaciones presupuestarias para mantener el control de la salud financiera de tu proyecto. Analiza las proyecciones de rentabilidad con facilidad.<\/p>\n\n\n\n<figure class=\"wp-block-embed is-type-video is-provider-youtube wp-block-embed-youtube wp-embed-aspect-16-9 wp-has-aspect-ratio\"><div class=\"wp-block-embed__wrapper\">\n<iframe loading=\"lazy\" title=\"Project cost control meeting how to video\" width=\"500\" height=\"281\" src=\"https:\/\/www.youtube.com\/embed\/oGkHgWPfIEo?feature=oembed\" frameborder=\"0\" allow=\"accelerometer; autoplay; clipboard-write; encrypted-media; gyroscope; picture-in-picture; web-share\" referrerpolicy=\"strict-origin-when-cross-origin\" allowfullscreen><\/iframe>\n<\/div><\/figure>\n\n\n\n<p><\/p>\n","protected":false},"excerpt":{"rendered":"<p>Comienza viendo videos cortos de 3 a 4 minutos dise\u00f1ados para que los jefes de proyecto y los aparejadores aprendan por s\u00ed mismos los flujos de trabajo esenciales, sin necesidad de configuraciones o sesiones de formaci\u00f3n. Introductorio Procesamiento de facturas de compra Procesa f\u00e1cilmente las facturas de compra, as\u00edgnalas a l\u00edneas de presupuesto, sincroniza autom\u00e1ticamente&#8230;  <a class=\"excerpt-read-more\" href=\"https:\/\/planyard.com\/es\/videos-de-formacion-sobre-la-funcionalidad-esencial-de-planyard\" title=\"Leer  Videos de formaci\u00f3n sobre la funcionalidad esencial de Planyard\">Leer m\u00e1s \u00ab<\/a><\/p>\n","protected":false},"author":4,"featured_media":0,"parent":0,"menu_order":0,"comment_status":"closed","ping_status":"closed","template":"page-smallheader.php","meta":{"_acf_changed":false,"content-type":"","footnotes":""},"page_intent":[],"page_type":[],"class_list":["post-13847","page","type-page","status-publish","hentry"],"acf":[],"yoast_head":"<!-- This site is optimized with the Yoast SEO plugin v27.1.1 - https:\/\/yoast.com\/product\/yoast-seo-wordpress\/ -->\n<title>Videos de formaci\u00f3n sobre la funcionalidad esencial de Planyard - Planyard Espa\u00f1a<\/title>\n<meta name=\"description\" content=\"Aprende a gestionar presupuestos de construcci\u00f3n, \u00f3rdenes de cambio y previsiones con videos cortos de 3 a 4 minutos para jefes de proyecto y aparejadores, sin necesidad de configuraciones o formaci\u00f3n.\" \/>\n<meta name=\"robots\" content=\"index, follow, max-snippet:-1, max-image-preview:large, max-video-preview:-1\" \/>\n<link rel=\"canonical\" href=\"https:\/\/planyard.com\/es\/videos-de-formacion-sobre-la-funcionalidad-esencial-de-planyard\" \/>\n<meta property=\"og:locale\" content=\"es_ES\" \/>\n<meta property=\"og:type\" content=\"article\" \/>\n<meta property=\"og:title\" content=\"Videos de formaci\u00f3n sobre la funcionalidad esencial de Planyard - Planyard Espa\u00f1a\" \/>\n<meta property=\"og:description\" content=\"Aprende a gestionar presupuestos de construcci\u00f3n, \u00f3rdenes de cambio y previsiones con videos cortos de 3 a 4 minutos para jefes de proyecto y aparejadores, sin necesidad de configuraciones o formaci\u00f3n.\" \/>\n<meta property=\"og:url\" content=\"https:\/\/planyard.com\/es\/videos-de-formacion-sobre-la-funcionalidad-esencial-de-planyard\" \/>\n<meta property=\"og:site_name\" content=\"Planyard Espa\u00f1a\" \/>\n<meta property=\"article:modified_time\" content=\"2025-05-19T19:16:38+00:00\" \/>\n<meta name=\"twitter:card\" content=\"summary_large_image\" \/>\n<meta name=\"twitter:label1\" content=\"Tiempo de lectura\" \/>\n\t<meta name=\"twitter:data1\" content=\"1 minuto\" \/>\n<!-- \/ Yoast SEO plugin. -->","yoast_head_json":{"title":"Videos de formaci\u00f3n sobre la funcionalidad esencial de Planyard - Planyard Espa\u00f1a","description":"Aprende a gestionar presupuestos de construcci\u00f3n, \u00f3rdenes de cambio y previsiones con videos cortos de 3 a 4 minutos para jefes de proyecto y aparejadores, sin necesidad de configuraciones o formaci\u00f3n.","robots":{"index":"index","follow":"follow","max-snippet":"max-snippet:-1","max-image-preview":"max-image-preview:large","max-video-preview":"max-video-preview:-1"},"canonical":"https:\/\/planyard.com\/es\/videos-de-formacion-sobre-la-funcionalidad-esencial-de-planyard","og_locale":"es_ES","og_type":"article","og_title":"Videos de formaci\u00f3n sobre la funcionalidad esencial de Planyard - Planyard Espa\u00f1a","og_description":"Aprende a gestionar presupuestos de construcci\u00f3n, \u00f3rdenes de cambio y previsiones con videos cortos de 3 a 4 minutos para jefes de proyecto y aparejadores, sin necesidad de configuraciones o formaci\u00f3n.","og_url":"https:\/\/planyard.com\/es\/videos-de-formacion-sobre-la-funcionalidad-esencial-de-planyard","og_site_name":"Planyard Espa\u00f1a","article_modified_time":"2025-05-19T19:16:38+00:00","twitter_card":"summary_large_image","twitter_misc":{"Tiempo de lectura":"1 minuto"},"schema":{"@context":"https:\/\/schema.org","@graph":[{"@type":"WebPage","@id":"https:\/\/planyard.com\/es\/videos-de-formacion-sobre-la-funcionalidad-esencial-de-planyard","url":"https:\/\/planyard.com\/es\/videos-de-formacion-sobre-la-funcionalidad-esencial-de-planyard","name":"Videos de formaci\u00f3n sobre la funcionalidad esencial de Planyard - Planyard Espa\u00f1a","isPartOf":{"@id":"https:\/\/planyard.com\/es#website"},"datePublished":"2025-04-01T15:34:46+00:00","dateModified":"2025-05-19T19:16:38+00:00","description":"Aprende a gestionar presupuestos de construcci\u00f3n, \u00f3rdenes de cambio y previsiones con videos cortos de 3 a 4 minutos para jefes de proyecto y aparejadores, sin necesidad de configuraciones o formaci\u00f3n.","breadcrumb":{"@id":"https:\/\/planyard.com\/es\/videos-de-formacion-sobre-la-funcionalidad-esencial-de-planyard#breadcrumb"},"inLanguage":"es","potentialAction":[{"@type":"ReadAction","target":["https:\/\/planyard.com\/es\/videos-de-formacion-sobre-la-funcionalidad-esencial-de-planyard"]}]},{"@type":"BreadcrumbList","@id":"https:\/\/planyard.com\/es\/videos-de-formacion-sobre-la-funcionalidad-esencial-de-planyard#breadcrumb","itemListElement":[{"@type":"ListItem","position":1,"name":"Home","item":"https:\/\/planyard.com\/es"},{"@type":"ListItem","position":2,"name":"Videos de formaci\u00f3n sobre la funcionalidad esencial de Planyard"}]},{"@type":"WebSite","@id":"https:\/\/planyard.com\/es#website","url":"https:\/\/planyard.com\/es","name":"Planyard Espa\u00f1a","description":"","potentialAction":[{"@type":"SearchAction","target":{"@type":"EntryPoint","urlTemplate":"https:\/\/planyard.com\/es?s={search_term_string}"},"query-input":{"@type":"PropertyValueSpecification","valueRequired":true,"valueName":"search_term_string"}}],"inLanguage":"es"}]}},"_links":{"self":[{"href":"https:\/\/planyard.com\/es\/wp-json\/wp\/v2\/pages\/13847","targetHints":{"allow":["GET"]}}],"collection":[{"href":"https:\/\/planyard.com\/es\/wp-json\/wp\/v2\/pages"}],"about":[{"href":"https:\/\/planyard.com\/es\/wp-json\/wp\/v2\/types\/page"}],"author":[{"embeddable":true,"href":"https:\/\/planyard.com\/es\/wp-json\/wp\/v2\/users\/4"}],"replies":[{"embeddable":true,"href":"https:\/\/planyard.com\/es\/wp-json\/wp\/v2\/comments?post=13847"}],"version-history":[{"count":3,"href":"https:\/\/planyard.com\/es\/wp-json\/wp\/v2\/pages\/13847\/revisions"}],"predecessor-version":[{"id":16419,"href":"https:\/\/planyard.com\/es\/wp-json\/wp\/v2\/pages\/13847\/revisions\/16419"}],"wp:attachment":[{"href":"https:\/\/planyard.com\/es\/wp-json\/wp\/v2\/media?parent=13847"}],"wp:term":[{"taxonomy":"page_intent","embeddable":true,"href":"https:\/\/planyard.com\/es\/wp-json\/wp\/v2\/page_intent?post=13847"},{"taxonomy":"page_type","embeddable":true,"href":"https:\/\/planyard.com\/es\/wp-json\/wp\/v2\/page_type?post=13847"}],"curies":[{"name":"wp","href":"https:\/\/api.w.org\/{rel}","templated":true}]}}