{"id":13846,"date":"2025-04-03T08:56:22","date_gmt":"2025-04-03T08:56:22","guid":{"rendered":"https:\/\/planyard.com\/planyard-cost-estimating-and-quoting-functionality-training-videos"},"modified":"2025-05-19T19:16:26","modified_gmt":"2025-05-19T19:16:26","slug":"videos-formacion-funcionalidad-estimacion-costos-cotizacion-planyard","status":"publish","type":"page","link":"https:\/\/planyard.com\/es\/videos-formacion-funcionalidad-estimacion-costos-cotizacion-planyard","title":{"rendered":"Videos de formaci\u00f3n sobre la funcionalidad de estimaci\u00f3n de costos y cotizaci\u00f3n de Planyard"},"content":{"rendered":"\n<p>Aprende a crear estimaciones de costos precisas y cotizaciones profesionales para clientes en Planyard. Convierte las cotizaciones ganadas en proyectos activos, sigue las estimaciones frente a los reales y asegura el control total de costos desde el primer d\u00eda. Ideal para estimadores y gestores de proyectos que desean dejar de usar hojas de c\u00e1lculo.<\/p>\n\n\n\n<h2 class=\"wp-block-heading\">Introducci\u00f3n<\/h2>\n\n\n\n<figure class=\"wp-block-embed is-type-video is-provider-youtube wp-block-embed-youtube wp-embed-aspect-16-9 wp-has-aspect-ratio\"><div class=\"wp-block-embed__wrapper\">\n<iframe loading=\"lazy\" title=\"Construction Cost Estimating and Quoting on Planyard Software\" width=\"500\" height=\"281\" src=\"https:\/\/www.youtube.com\/embed\/wvN-Tk-5CZs?feature=oembed\" frameborder=\"0\" allow=\"accelerometer; autoplay; clipboard-write; encrypted-media; gyroscope; picture-in-picture; web-share\" referrerpolicy=\"strict-origin-when-cross-origin\" allowfullscreen><\/iframe>\n<\/div><\/figure>\n","protected":false},"excerpt":{"rendered":"<p>Aprende a crear estimaciones de costos precisas y cotizaciones profesionales para clientes en Planyard. Convierte las cotizaciones ganadas en proyectos activos, sigue las estimaciones frente a los reales y asegura el control total de costos desde el primer d\u00eda. Ideal para estimadores y gestores de proyectos que desean dejar de usar hojas de c\u00e1lculo. Introducci\u00f3n<\/p>\n","protected":false},"author":4,"featured_media":0,"parent":0,"menu_order":0,"comment_status":"closed","ping_status":"closed","template":"page-smallheader.php","meta":{"_acf_changed":false,"content-type":"","footnotes":""},"page_intent":[],"page_type":[],"class_list":["post-13846","page","type-page","status-publish","hentry"],"acf":[],"yoast_head":"<!-- This site is optimized with the Yoast SEO plugin v26.9 - https:\/\/yoast.com\/product\/yoast-seo-wordpress\/ -->\n<title>Planyard Estimaci\u00f3n y Cotizaci\u00f3n \u2013 Video de formaci\u00f3n para estimadores<\/title>\n<meta name=\"description\" content=\"Videos cortos de formaci\u00f3n para estimadores para crear estimaciones de costos precisas y cotizaciones para clientes. Aprende a agilizar las licitaciones y convertir cotizaciones en proyectos activos r\u00e1pidamente.\" \/>\n<meta name=\"robots\" content=\"index, follow, max-snippet:-1, max-image-preview:large, max-video-preview:-1\" \/>\n<link rel=\"canonical\" href=\"https:\/\/planyard.com\/es\/videos-formacion-funcionalidad-estimacion-costos-cotizacion-planyard\" \/>\n<meta property=\"og:locale\" content=\"es_ES\" \/>\n<meta property=\"og:type\" content=\"article\" \/>\n<meta property=\"og:title\" content=\"Planyard Estimaci\u00f3n y Cotizaci\u00f3n \u2013 Video de formaci\u00f3n para estimadores\" \/>\n<meta property=\"og:description\" content=\"Videos cortos de formaci\u00f3n para estimadores para crear estimaciones de costos precisas y cotizaciones para clientes. Aprende a agilizar las licitaciones y convertir cotizaciones en proyectos activos r\u00e1pidamente.\" \/>\n<meta property=\"og:url\" content=\"https:\/\/planyard.com\/es\/videos-formacion-funcionalidad-estimacion-costos-cotizacion-planyard\" \/>\n<meta property=\"og:site_name\" content=\"Planyard Espa\u00f1a\" \/>\n<meta property=\"article:modified_time\" content=\"2025-05-19T19:16:26+00:00\" \/>\n<meta name=\"twitter:card\" content=\"summary_large_image\" \/>\n<meta name=\"twitter:label1\" content=\"Tiempo de lectura\" \/>\n\t<meta name=\"twitter:data1\" content=\"1 minuto\" \/>\n<!-- \/ Yoast SEO plugin. -->","yoast_head_json":{"title":"Planyard Estimaci\u00f3n y Cotizaci\u00f3n \u2013 Video de formaci\u00f3n para estimadores","description":"Videos cortos de formaci\u00f3n para estimadores para crear estimaciones de costos precisas y cotizaciones para clientes. Aprende a agilizar las licitaciones y convertir cotizaciones en proyectos activos r\u00e1pidamente.","robots":{"index":"index","follow":"follow","max-snippet":"max-snippet:-1","max-image-preview":"max-image-preview:large","max-video-preview":"max-video-preview:-1"},"canonical":"https:\/\/planyard.com\/es\/videos-formacion-funcionalidad-estimacion-costos-cotizacion-planyard","og_locale":"es_ES","og_type":"article","og_title":"Planyard Estimaci\u00f3n y Cotizaci\u00f3n \u2013 Video de formaci\u00f3n para estimadores","og_description":"Videos cortos de formaci\u00f3n para estimadores para crear estimaciones de costos precisas y cotizaciones para clientes. Aprende a agilizar las licitaciones y convertir cotizaciones en proyectos activos r\u00e1pidamente.","og_url":"https:\/\/planyard.com\/es\/videos-formacion-funcionalidad-estimacion-costos-cotizacion-planyard","og_site_name":"Planyard Espa\u00f1a","article_modified_time":"2025-05-19T19:16:26+00:00","twitter_card":"summary_large_image","twitter_misc":{"Tiempo de lectura":"1 minuto"},"schema":{"@context":"https:\/\/schema.org","@graph":[{"@type":"WebPage","@id":"https:\/\/planyard.com\/es\/videos-formacion-funcionalidad-estimacion-costos-cotizacion-planyard","url":"https:\/\/planyard.com\/es\/videos-formacion-funcionalidad-estimacion-costos-cotizacion-planyard","name":"Planyard Estimaci\u00f3n y Cotizaci\u00f3n \u2013 Video de formaci\u00f3n para estimadores","isPartOf":{"@id":"https:\/\/planyard.com\/es#website"},"datePublished":"2025-04-03T08:56:22+00:00","dateModified":"2025-05-19T19:16:26+00:00","description":"Videos cortos de formaci\u00f3n para estimadores para crear estimaciones de costos precisas y cotizaciones para clientes. Aprende a agilizar las licitaciones y convertir cotizaciones en proyectos activos r\u00e1pidamente.","breadcrumb":{"@id":"https:\/\/planyard.com\/es\/videos-formacion-funcionalidad-estimacion-costos-cotizacion-planyard#breadcrumb"},"inLanguage":"es","potentialAction":[{"@type":"ReadAction","target":["https:\/\/planyard.com\/es\/videos-formacion-funcionalidad-estimacion-costos-cotizacion-planyard"]}]},{"@type":"BreadcrumbList","@id":"https:\/\/planyard.com\/es\/videos-formacion-funcionalidad-estimacion-costos-cotizacion-planyard#breadcrumb","itemListElement":[{"@type":"ListItem","position":1,"name":"Home","item":"https:\/\/planyard.com\/es"},{"@type":"ListItem","position":2,"name":"Videos de formaci\u00f3n sobre la funcionalidad de estimaci\u00f3n de costos y cotizaci\u00f3n de Planyard"}]},{"@type":"WebSite","@id":"https:\/\/planyard.com\/es#website","url":"https:\/\/planyard.com\/es","name":"Planyard Espa\u00f1a","description":"","potentialAction":[{"@type":"SearchAction","target":{"@type":"EntryPoint","urlTemplate":"https:\/\/planyard.com\/es?s={search_term_string}"},"query-input":{"@type":"PropertyValueSpecification","valueRequired":true,"valueName":"search_term_string"}}],"inLanguage":"es"}]}},"_links":{"self":[{"href":"https:\/\/planyard.com\/es\/wp-json\/wp\/v2\/pages\/13846","targetHints":{"allow":["GET"]}}],"collection":[{"href":"https:\/\/planyard.com\/es\/wp-json\/wp\/v2\/pages"}],"about":[{"href":"https:\/\/planyard.com\/es\/wp-json\/wp\/v2\/types\/page"}],"author":[{"embeddable":true,"href":"https:\/\/planyard.com\/es\/wp-json\/wp\/v2\/users\/4"}],"replies":[{"embeddable":true,"href":"https:\/\/planyard.com\/es\/wp-json\/wp\/v2\/comments?post=13846"}],"version-history":[{"count":3,"href":"https:\/\/planyard.com\/es\/wp-json\/wp\/v2\/pages\/13846\/revisions"}],"predecessor-version":[{"id":16417,"href":"https:\/\/planyard.com\/es\/wp-json\/wp\/v2\/pages\/13846\/revisions\/16417"}],"wp:attachment":[{"href":"https:\/\/planyard.com\/es\/wp-json\/wp\/v2\/media?parent=13846"}],"wp:term":[{"taxonomy":"page_intent","embeddable":true,"href":"https:\/\/planyard.com\/es\/wp-json\/wp\/v2\/page_intent?post=13846"},{"taxonomy":"page_type","embeddable":true,"href":"https:\/\/planyard.com\/es\/wp-json\/wp\/v2\/page_type?post=13846"}],"curies":[{"name":"wp","href":"https:\/\/api.w.org\/{rel}","templated":true}]}}