{"id":13837,"date":"2024-08-26T08:24:21","date_gmt":"2024-08-26T08:24:21","guid":{"rendered":"https:\/\/planyard.com\/partners"},"modified":"2025-05-19T19:15:45","modified_gmt":"2025-05-19T19:15:45","slug":"programas-de-socios","status":"publish","type":"page","link":"https:\/\/planyard.com\/es\/programas-de-socios","title":{"rendered":"Programas de Socios"},"content":{"rendered":"\n<div class=\"wp-block-group\"><div class=\"wp-block-group__inner-container is-layout-constrained wp-block-group-is-layout-constrained\">\n<h3 class=\"wp-block-heading\">Los Problemas de los Contratistas Principales<\/h3>\n\n\n\n<p>Es bastante com\u00fan que los contratistas principales solo sepan si un proyecto es rentable despu\u00e9s de que termina. Incluso en retrospectiva, es muy dif\u00edcil saber qu\u00e9 sali\u00f3 bien o mal exactamente.<\/p>\n\n\n\n<p>Los informes de progreso de los subcontratistas, las facturas y los contratos est\u00e1n dispersos entre cientos de correos electr\u00f3nicos y docenas de carpetas, y los presupuestos se gestionan en Excel. Obtener la aprobaci\u00f3n de una factura o un informe de progreso a menudo significa perseguir a las personas durante semanas (si no se olvida).<\/p>\n\n\n\n<p>Esto es frustrante tanto para los gestores de proyectos como para la direcci\u00f3n y los contables.<\/p>\n\n\n\n<p>Tambi\u00e9n significa que no hay procesos estandarizados en la gesti\u00f3n de presupuestos, lo que dificulta el crecimiento de su negocio.<\/p>\n\n\n\n<p>Como socio de Planyard, puedes ayudar a cambiar eso.<\/p>\n\n\n\n<h3 class=\"wp-block-heading\">Dos Maneras de Asociarse con Planyard<\/h3>\n\n\n\n<p>Tanto los afiliados como los expertos tienen acceso a recursos de ventas y marketing para ayudar a vender Planyard.<\/p>\n\n\n\n<p>Los expertos recibir\u00e1n capacitaci\u00f3n adicional sobre la implementaci\u00f3n de Planyard.<\/p>\n\n\n\n<h4 class=\"wp-block-heading\">Afiliados<\/h4>\n\n\n\n<ul class=\"wp-block-list\">\n<li>Recomienda clientes potenciales a Planyard usando un c\u00f3digo promocional especial<\/li>\n\n\n\n<li>Nos encargaremos de su incorporaci\u00f3n<\/li>\n\n\n\n<li><strong>Gana un 30% del ingreso del primer a\u00f1o de los clientes<\/strong><\/li>\n<\/ul>\n\n\n\n<h4 class=\"wp-block-heading\">Expertos<\/h4>\n\n\n\n<ul class=\"wp-block-list\">\n<li>Recomienda clientes potenciales a Planyard usando un c\u00f3digo promocional especial<\/li>\n\n\n\n<li>Proporciona incorporaci\u00f3n y soporte durante el primer a\u00f1o<\/li>\n\n\n\n<li><strong>Gana un 20% del valor de vida del cliente<\/strong><\/li>\n<\/ul>\n<\/div><\/div>\n\n\n\n<div class=\"wp-block-group\"><div class=\"wp-block-group__inner-container is-layout-constrained wp-block-group-is-layout-constrained\">\n<h3 class=\"wp-block-heading\">Cont\u00e1ctanos<\/h3>\n\n\n\n<p>Comun\u00edcate por correo electr\u00f3nico a info@planyard.com<\/p>\n<\/div><\/div>\n","protected":false},"excerpt":{"rendered":"<p>Los Problemas de los Contratistas Principales Es bastante com\u00fan que los contratistas principales solo sepan si un proyecto es rentable despu\u00e9s de que termina. Incluso en retrospectiva, es muy dif\u00edcil saber qu\u00e9 sali\u00f3 bien o mal exactamente. Los informes de progreso de los subcontratistas, las facturas y los contratos est\u00e1n dispersos entre cientos de correos&#8230;  <a class=\"excerpt-read-more\" href=\"https:\/\/planyard.com\/es\/programas-de-socios\" title=\"Leer  Programas de Socios\">Leer m\u00e1s \u00ab<\/a><\/p>\n","protected":false},"author":2,"featured_media":0,"parent":0,"menu_order":0,"comment_status":"closed","ping_status":"closed","template":"","meta":{"_acf_changed":false,"content-type":"","footnotes":""},"page_intent":[184],"page_type":[],"class_list":["post-13837","page","type-page","status-publish","hentry"],"acf":[],"yoast_head":"<!-- This site is optimized with the Yoast SEO plugin v26.9 - https:\/\/yoast.com\/product\/yoast-seo-wordpress\/ -->\n<title>Programas de Socios - Planyard Espa\u00f1a<\/title>\n<meta name=\"description\" content=\"Programas de socios de Planyard para consultores, revendedores de software y socios tecnol\u00f3gicos. Ayuda a vender Planyard y gana un porcentaje.\" \/>\n<meta name=\"robots\" content=\"index, follow, max-snippet:-1, max-image-preview:large, max-video-preview:-1\" \/>\n<link rel=\"canonical\" href=\"https:\/\/planyard.com\/es\/programas-de-socios\" \/>\n<meta property=\"og:locale\" content=\"es_ES\" \/>\n<meta property=\"og:type\" content=\"article\" \/>\n<meta property=\"og:title\" content=\"Programas de Socios - Planyard Espa\u00f1a\" \/>\n<meta property=\"og:description\" content=\"Programas de socios de Planyard para consultores, revendedores de software y socios tecnol\u00f3gicos. Ayuda a vender Planyard y gana un porcentaje.\" \/>\n<meta property=\"og:url\" content=\"https:\/\/planyard.com\/es\/programas-de-socios\" \/>\n<meta property=\"og:site_name\" content=\"Planyard Espa\u00f1a\" \/>\n<meta property=\"article:modified_time\" content=\"2025-05-19T19:15:45+00:00\" \/>\n<meta name=\"twitter:card\" content=\"summary_large_image\" \/>\n<meta name=\"twitter:label1\" content=\"Tiempo de lectura\" \/>\n\t<meta name=\"twitter:data1\" content=\"1 minuto\" \/>\n<!-- \/ Yoast SEO plugin. -->","yoast_head_json":{"title":"Programas de Socios - Planyard Espa\u00f1a","description":"Programas de socios de Planyard para consultores, revendedores de software y socios tecnol\u00f3gicos. Ayuda a vender Planyard y gana un porcentaje.","robots":{"index":"index","follow":"follow","max-snippet":"max-snippet:-1","max-image-preview":"max-image-preview:large","max-video-preview":"max-video-preview:-1"},"canonical":"https:\/\/planyard.com\/es\/programas-de-socios","og_locale":"es_ES","og_type":"article","og_title":"Programas de Socios - Planyard Espa\u00f1a","og_description":"Programas de socios de Planyard para consultores, revendedores de software y socios tecnol\u00f3gicos. Ayuda a vender Planyard y gana un porcentaje.","og_url":"https:\/\/planyard.com\/es\/programas-de-socios","og_site_name":"Planyard Espa\u00f1a","article_modified_time":"2025-05-19T19:15:45+00:00","twitter_card":"summary_large_image","twitter_misc":{"Tiempo de lectura":"1 minuto"},"schema":{"@context":"https:\/\/schema.org","@graph":[{"@type":"WebPage","@id":"https:\/\/planyard.com\/es\/programas-de-socios","url":"https:\/\/planyard.com\/es\/programas-de-socios","name":"Programas de Socios - Planyard Espa\u00f1a","isPartOf":{"@id":"https:\/\/planyard.com\/es#website"},"datePublished":"2024-08-26T08:24:21+00:00","dateModified":"2025-05-19T19:15:45+00:00","description":"Programas de socios de Planyard para consultores, revendedores de software y socios tecnol\u00f3gicos. Ayuda a vender Planyard y gana un porcentaje.","breadcrumb":{"@id":"https:\/\/planyard.com\/es\/programas-de-socios#breadcrumb"},"inLanguage":"es","potentialAction":[{"@type":"ReadAction","target":["https:\/\/planyard.com\/es\/programas-de-socios"]}]},{"@type":"BreadcrumbList","@id":"https:\/\/planyard.com\/es\/programas-de-socios#breadcrumb","itemListElement":[{"@type":"ListItem","position":1,"name":"Home","item":"https:\/\/planyard.com\/es"},{"@type":"ListItem","position":2,"name":"Programas de Socios"}]},{"@type":"WebSite","@id":"https:\/\/planyard.com\/es#website","url":"https:\/\/planyard.com\/es","name":"Planyard Espa\u00f1a","description":"","potentialAction":[{"@type":"SearchAction","target":{"@type":"EntryPoint","urlTemplate":"https:\/\/planyard.com\/es?s={search_term_string}"},"query-input":{"@type":"PropertyValueSpecification","valueRequired":true,"valueName":"search_term_string"}}],"inLanguage":"es"}]}},"_links":{"self":[{"href":"https:\/\/planyard.com\/es\/wp-json\/wp\/v2\/pages\/13837","targetHints":{"allow":["GET"]}}],"collection":[{"href":"https:\/\/planyard.com\/es\/wp-json\/wp\/v2\/pages"}],"about":[{"href":"https:\/\/planyard.com\/es\/wp-json\/wp\/v2\/types\/page"}],"author":[{"embeddable":true,"href":"https:\/\/planyard.com\/es\/wp-json\/wp\/v2\/users\/2"}],"replies":[{"embeddable":true,"href":"https:\/\/planyard.com\/es\/wp-json\/wp\/v2\/comments?post=13837"}],"version-history":[{"count":3,"href":"https:\/\/planyard.com\/es\/wp-json\/wp\/v2\/pages\/13837\/revisions"}],"predecessor-version":[{"id":16409,"href":"https:\/\/planyard.com\/es\/wp-json\/wp\/v2\/pages\/13837\/revisions\/16409"}],"wp:attachment":[{"href":"https:\/\/planyard.com\/es\/wp-json\/wp\/v2\/media?parent=13837"}],"wp:term":[{"taxonomy":"page_intent","embeddable":true,"href":"https:\/\/planyard.com\/es\/wp-json\/wp\/v2\/page_intent?post=13837"},{"taxonomy":"page_type","embeddable":true,"href":"https:\/\/planyard.com\/es\/wp-json\/wp\/v2\/page_type?post=13837"}],"curies":[{"name":"wp","href":"https:\/\/api.w.org\/{rel}","templated":true}]}}