{"id":13835,"date":"2024-08-26T07:20:15","date_gmt":"2024-08-26T07:20:15","guid":{"rendered":"https:\/\/planyard.com\/nahb-cost-codes"},"modified":"2025-06-03T18:13:46","modified_gmt":"2025-06-03T18:13:46","slug":"codigos-de-costos-nahb","status":"publish","type":"page","link":"https:\/\/planyard.com\/es\/codigos-de-costos-nahb","title":{"rendered":"C\u00f3digos de Costos NAHB"},"content":{"rendered":"\n<div class=\"wp-block-media-text alignwide has-media-on-the-right is-stacked-on-mobile\" style=\"grid-template-columns:auto 49%\"><div class=\"wp-block-media-text__content\">\n<p><br>Los c\u00f3digos de costos NAHB son un conjunto estandarizado de c\u00f3digos definidos por la <a href=\"https:\/\/www.nahb.org\">Asociaci\u00f3n Nacional de Constructores de Viviendas<\/a> para rastrear, gestionar e informar datos financieros y de proyectos. Estos c\u00f3digos simplifican la gesti\u00f3n de datos en toda la empresa, beneficiando a todas las partes interesadas, incluidos los estimadores, gerentes de proyectos y contabilidad. La estructura estandarizada ayuda a estimar costos basados en proyectos anteriores y simplifica la gesti\u00f3n financiera del proyecto.<\/p>\n<\/div><figure class=\"wp-block-media-text__media\"><img loading=\"lazy\" decoding=\"async\" width=\"1010\" height=\"1006\" src=\"https:\/\/planyard.com\/wp-content\/uploads\/2024\/10\/NAHB_cost_codes.jpg\" alt=\"NAHB cost codes with sections and lower parts\" class=\"wp-image-2296 size-full\" srcset=\"https:\/\/planyard.com\/wp-content\/uploads\/2024\/10\/NAHB_cost_codes.jpg 1010w, https:\/\/planyard.com\/wp-content\/uploads\/2024\/10\/NAHB_cost_codes-150x150.jpg 150w\" sizes=\"auto, (max-width: 1010px) 100vw, 1010px\" \/><\/figure><\/div>\n\n\n\n<div class=\"wp-block-group\"><div class=\"wp-block-group__inner-container is-layout-constrained wp-block-group-is-layout-constrained\">\n<h2 class=\"wp-block-heading has-text-align-center paddedHeading\" id=\"benefits-of-using-construction-cost-codes\">Beneficios de usar c\u00f3digos de costos de construcci\u00f3n<\/h2>\n\n\n\n<div class=\"wp-block-columns is-layout-flex wp-container-core-columns-is-layout-9d6595d7 wp-block-columns-is-layout-flex\">\n<div class=\"wp-block-column is-layout-flow wp-block-column-is-layout-flow\">\n<h4 class=\"wp-block-heading\" id=\"cost-control\">Control de costos<\/h4>\n\n\n\n<p>Forma r\u00e1pida y sencilla de identificar y analizar c\u00f3mo se gasta el dinero en el proyecto.<\/p>\n<\/div>\n\n\n\n<div class=\"wp-block-column is-layout-flow wp-block-column-is-layout-flow\">\n<h4 class=\"wp-block-heading\" id=\"kpis-tracking\">Seguimiento de KPIs<\/h4>\n\n\n\n<p>Rastrea y gestiona KPIs como el costo estimado, la estimaci\u00f3n de costos, los costos actuales y m\u00e1s.<\/p>\n<\/div>\n\n\n\n<div class=\"wp-block-column is-layout-flow wp-block-column-is-layout-flow\">\n<h4 class=\"wp-block-heading\" id=\"ideal-for-companywide-use\">Uso en toda la empresa<\/h4>\n\n\n\n<p>Usar los mismos c\u00f3digos en toda la empresa facilita el seguimiento y an\u00e1lisis de costos, errores y pron\u00f3sticos para todas las partes interesadas.<\/p>\n<\/div>\n<\/div>\n\n\n\n<div class=\"wp-block-columns is-layout-flex wp-container-core-columns-is-layout-9d6595d7 wp-block-columns-is-layout-flex\">\n<div class=\"wp-block-column is-layout-flow wp-block-column-is-layout-flow\">\n<h4 class=\"wp-block-heading\" id=\"visualize-profit-centers\">Visualizar centros de beneficio<\/h4>\n\n\n\n<p>An\u00e1lisis de principio a fin para visualizar centros de beneficio y \u00e1reas problem\u00e1ticas.<\/p>\n<\/div>\n\n\n\n<div class=\"wp-block-column is-layout-flow wp-block-column-is-layout-flow\">\n<h4 class=\"wp-block-heading\" id=\"estimating\">Estimaci\u00f3n<\/h4>\n\n\n\n<p>Proporciona estructura y acceso para seguir los costos en tiempo real y establecer estimaciones m\u00e1s precisas y realistas.<\/p>\n<\/div>\n\n\n\n<div class=\"wp-block-column is-layout-flow wp-block-column-is-layout-flow\">\n<h4 class=\"wp-block-heading\" id=\"real-time-tracking\">Seguimiento en tiempo real<\/h4>\n\n\n\n<p>Permite a la gesti\u00f3n tener una visi\u00f3n clara del trabajo y mantener a todas las partes interesadas comprometidas.<\/p>\n<\/div>\n<\/div>\n<\/div><\/div>\n\n\n\n<h2 class=\"wp-block-heading has-text-align-center paddedHeading\" id=\"cost-codes-are-hierarchical-and-chronological\">Los c\u00f3digos de costos son jer\u00e1rquicos y cronol\u00f3gicos<\/h2>\n\n\n\n<div class=\"wp-block-media-text alignwide has-media-on-the-right is-stacked-on-mobile\"><div class=\"wp-block-media-text__content\">\n<p>Puede ver que los trabajos est\u00e1n desglosados en t\u00e9rminos de estructura y en orden cronol\u00f3gico. NAHB ha definido bien los c\u00f3digos de costos para que las secciones m\u00e1s grandes de trabajo contengan partes m\u00e1s peque\u00f1as.<\/p>\n\n\n\n<p>Debido a esto, puede ver f\u00e1cilmente el progreso y la rentabilidad del proyecto por etapas. Esto significa que ya puede ver cu\u00e1nto beneficio van a generar algunos de los primeros trabajos antes de que el proyecto haya terminado.<\/p>\n<\/div><figure class=\"wp-block-media-text__media\"><img loading=\"lazy\" decoding=\"async\" width=\"736\" height=\"890\" src=\"https:\/\/planyard.com\/wp-content\/uploads\/2024\/10\/NAHB_cost_code_job_sections.jpg\" alt=\"NAHB cost code job sections\" class=\"wp-image-2294 size-full\"\/><\/figure><\/div>\n\n\n\n<h2 class=\"wp-block-heading has-text-align-center paddedHeading\" id=\"where-can-you-get-a-list-of-nahb-cost-codes\">\u00bfD\u00f3nde puede obtener una lista de c\u00f3digos de costos NAHB?<\/h2>\n\n\n\n<div class=\"wp-block-buttons is-content-justification-center is-layout-flex wp-container-core-buttons-is-layout-16018d1d wp-block-buttons-is-layout-flex\">\n<div class=\"wp-block-button\"><a class=\"wp-block-button__link wp-element-button\" href=\"https:\/\/planyard.com\/es\/obten-tus-codigos-de-costo-nahb-gratis\">Obtenga C\u00f3digos de Costos de Construcci\u00f3n NAHB Gratis<\/a><\/div>\n<\/div>\n\n\n\n<h3 class=\"wp-block-heading has-text-align-center\">El software para contratistas de Planyard ayuda a equipos ambiciosos a alcanzar sus objetivos y acelerar su crecimiento.<\/h3>\n\n\n\n<div class=\"wp-block-media-text alignwide has-media-on-the-right is-stacked-on-mobile is-vertically-aligned-center\"><div class=\"wp-block-media-text__content\">\n<ul class=\"wp-block-list\">\n<li>No m\u00e1s hojas de c\u00e1lculo<\/li>\n\n\n\n<li>Ahorra tiempo a los gerentes de proyectos y QSs<\/li>\n\n\n\n<li>F\u00e1cil de implementar y usar<\/li>\n\n\n\n<li>Pron\u00f3sticos financieros precisos y en tiempo real<\/li>\n\n\n\n<li>No m\u00e1s entrada de datos duplicados<\/li>\n<\/ul>\n<\/div><figure class=\"wp-block-media-text__media\"><img loading=\"lazy\" decoding=\"async\" width=\"1024\" height=\"598\" src=\"https:\/\/planyard.com\/wp-content\/uploads\/2024\/09\/construction-project-management-software-macbook-iphone-1_reduced-1024x598-1.webp\" alt=\"\" class=\"wp-image-1980 size-large\"\/><\/figure><\/div>\n","protected":false},"excerpt":{"rendered":"<p>Los c\u00f3digos de costos NAHB son un conjunto estandarizado de c\u00f3digos definidos por la Asociaci\u00f3n Nacional de Constructores de Viviendas para rastrear, gestionar e informar datos financieros y de proyectos. Estos c\u00f3digos simplifican la gesti\u00f3n de datos en toda la empresa, beneficiando a todas las partes interesadas, incluidos los estimadores, gerentes de proyectos y contabilidad&#8230;.  <a class=\"excerpt-read-more\" href=\"https:\/\/planyard.com\/es\/codigos-de-costos-nahb\" title=\"Leer  C\u00f3digos de Costos NAHB\">Leer m\u00e1s \u00ab<\/a><\/p>\n","protected":false},"author":2,"featured_media":0,"parent":0,"menu_order":0,"comment_status":"closed","ping_status":"closed","template":"","meta":{"_acf_changed":false,"content-type":"","footnotes":""},"page_intent":[169],"page_type":[],"class_list":["post-13835","page","type-page","status-publish","hentry"],"acf":[],"yoast_head":"<!-- This site is optimized with the Yoast SEO plugin v27.1.1 - https:\/\/yoast.com\/product\/yoast-seo-wordpress\/ -->\n<title>C\u00f3digos de Costos NAHB - Gu\u00eda y Plantilla Gratis<\/title>\n<meta name=\"description\" content=\"Descargue gratis los c\u00f3digos de costos de construcci\u00f3n NAHB y mant\u00e9ngase al tanto de los costos de su trabajo con facilidad. Estandarice sus procesos para mayor transparencia.\" \/>\n<meta name=\"robots\" content=\"index, follow, max-snippet:-1, max-image-preview:large, max-video-preview:-1\" \/>\n<link rel=\"canonical\" href=\"https:\/\/planyard.com\/es\/codigos-de-costos-nahb\" \/>\n<meta property=\"og:locale\" content=\"es_ES\" \/>\n<meta property=\"og:type\" content=\"article\" \/>\n<meta property=\"og:title\" content=\"C\u00f3digos de Costos NAHB - Gu\u00eda y Plantilla Gratis\" \/>\n<meta property=\"og:description\" content=\"Descargue gratis los c\u00f3digos de costos de construcci\u00f3n NAHB y mant\u00e9ngase al tanto de los costos de su trabajo con facilidad. Estandarice sus procesos para mayor transparencia.\" \/>\n<meta property=\"og:url\" content=\"https:\/\/planyard.com\/es\/codigos-de-costos-nahb\" \/>\n<meta property=\"og:site_name\" content=\"Planyard Espa\u00f1a\" \/>\n<meta property=\"article:modified_time\" content=\"2025-06-03T18:13:46+00:00\" \/>\n<meta property=\"og:image\" content=\"https:\/\/planyard.com\/wp-content\/uploads\/2024\/10\/NAHB_cost_codes.jpg\" \/>\n\t<meta property=\"og:image:width\" content=\"1010\" \/>\n\t<meta property=\"og:image:height\" content=\"1006\" \/>\n\t<meta property=\"og:image:type\" content=\"image\/jpeg\" \/>\n<meta name=\"twitter:card\" content=\"summary_large_image\" \/>\n<meta name=\"twitter:label1\" content=\"Tiempo de lectura\" \/>\n\t<meta name=\"twitter:data1\" content=\"2 minutos\" \/>\n<!-- \/ Yoast SEO plugin. -->","yoast_head_json":{"title":"C\u00f3digos de Costos NAHB - Gu\u00eda y Plantilla Gratis","description":"Descargue gratis los c\u00f3digos de costos de construcci\u00f3n NAHB y mant\u00e9ngase al tanto de los costos de su trabajo con facilidad. Estandarice sus procesos para mayor transparencia.","robots":{"index":"index","follow":"follow","max-snippet":"max-snippet:-1","max-image-preview":"max-image-preview:large","max-video-preview":"max-video-preview:-1"},"canonical":"https:\/\/planyard.com\/es\/codigos-de-costos-nahb","og_locale":"es_ES","og_type":"article","og_title":"C\u00f3digos de Costos NAHB - Gu\u00eda y Plantilla Gratis","og_description":"Descargue gratis los c\u00f3digos de costos de construcci\u00f3n NAHB y mant\u00e9ngase al tanto de los costos de su trabajo con facilidad. Estandarice sus procesos para mayor transparencia.","og_url":"https:\/\/planyard.com\/es\/codigos-de-costos-nahb","og_site_name":"Planyard Espa\u00f1a","article_modified_time":"2025-06-03T18:13:46+00:00","og_image":[{"width":1010,"height":1006,"url":"https:\/\/planyard.com\/wp-content\/uploads\/2024\/10\/NAHB_cost_codes.jpg","type":"image\/jpeg"}],"twitter_card":"summary_large_image","twitter_misc":{"Tiempo de lectura":"2 minutos"},"schema":{"@context":"https:\/\/schema.org","@graph":[{"@type":"WebPage","@id":"https:\/\/planyard.com\/es\/codigos-de-costos-nahb","url":"https:\/\/planyard.com\/es\/codigos-de-costos-nahb","name":"C\u00f3digos de Costos NAHB - Gu\u00eda y Plantilla Gratis","isPartOf":{"@id":"https:\/\/planyard.com\/es#website"},"primaryImageOfPage":{"@id":"https:\/\/planyard.com\/es\/codigos-de-costos-nahb#primaryimage"},"image":{"@id":"https:\/\/planyard.com\/es\/codigos-de-costos-nahb#primaryimage"},"thumbnailUrl":"https:\/\/planyard.com\/wp-content\/uploads\/2024\/10\/NAHB_cost_codes.jpg","datePublished":"2024-08-26T07:20:15+00:00","dateModified":"2025-06-03T18:13:46+00:00","description":"Descargue gratis los c\u00f3digos de costos de construcci\u00f3n NAHB y mant\u00e9ngase al tanto de los costos de su trabajo con facilidad. Estandarice sus procesos para mayor transparencia.","breadcrumb":{"@id":"https:\/\/planyard.com\/es\/codigos-de-costos-nahb#breadcrumb"},"inLanguage":"es","potentialAction":[{"@type":"ReadAction","target":["https:\/\/planyard.com\/es\/codigos-de-costos-nahb"]}]},{"@type":"ImageObject","inLanguage":"es","@id":"https:\/\/planyard.com\/es\/codigos-de-costos-nahb#primaryimage","url":"https:\/\/planyard.com\/wp-content\/uploads\/2024\/10\/NAHB_cost_codes.jpg","contentUrl":"https:\/\/planyard.com\/wp-content\/uploads\/2024\/10\/NAHB_cost_codes.jpg"},{"@type":"BreadcrumbList","@id":"https:\/\/planyard.com\/es\/codigos-de-costos-nahb#breadcrumb","itemListElement":[{"@type":"ListItem","position":1,"name":"Home","item":"https:\/\/planyard.com\/es"},{"@type":"ListItem","position":2,"name":"C\u00f3digos de Costos NAHB"}]},{"@type":"WebSite","@id":"https:\/\/planyard.com\/es#website","url":"https:\/\/planyard.com\/es","name":"Planyard Espa\u00f1a","description":"","potentialAction":[{"@type":"SearchAction","target":{"@type":"EntryPoint","urlTemplate":"https:\/\/planyard.com\/es?s={search_term_string}"},"query-input":{"@type":"PropertyValueSpecification","valueRequired":true,"valueName":"search_term_string"}}],"inLanguage":"es"}]}},"_links":{"self":[{"href":"https:\/\/planyard.com\/es\/wp-json\/wp\/v2\/pages\/13835","targetHints":{"allow":["GET"]}}],"collection":[{"href":"https:\/\/planyard.com\/es\/wp-json\/wp\/v2\/pages"}],"about":[{"href":"https:\/\/planyard.com\/es\/wp-json\/wp\/v2\/types\/page"}],"author":[{"embeddable":true,"href":"https:\/\/planyard.com\/es\/wp-json\/wp\/v2\/users\/2"}],"replies":[{"embeddable":true,"href":"https:\/\/planyard.com\/es\/wp-json\/wp\/v2\/comments?post=13835"}],"version-history":[{"count":4,"href":"https:\/\/planyard.com\/es\/wp-json\/wp\/v2\/pages\/13835\/revisions"}],"predecessor-version":[{"id":16722,"href":"https:\/\/planyard.com\/es\/wp-json\/wp\/v2\/pages\/13835\/revisions\/16722"}],"wp:attachment":[{"href":"https:\/\/planyard.com\/es\/wp-json\/wp\/v2\/media?parent=13835"}],"wp:term":[{"taxonomy":"page_intent","embeddable":true,"href":"https:\/\/planyard.com\/es\/wp-json\/wp\/v2\/page_intent?post=13835"},{"taxonomy":"page_type","embeddable":true,"href":"https:\/\/planyard.com\/es\/wp-json\/wp\/v2\/page_type?post=13835"}],"curies":[{"name":"wp","href":"https:\/\/api.w.org\/{rel}","templated":true}]}}