{"id":13828,"date":"2024-08-26T10:49:36","date_gmt":"2024-08-26T10:49:36","guid":{"rendered":"https:\/\/planyard.com\/set-realistic-project-management-goals"},"modified":"2025-05-19T19:19:04","modified_gmt":"2025-05-19T19:19:04","slug":"establecer-objetivos-realistas-gestion-proyectos","status":"publish","type":"page","link":"https:\/\/planyard.com\/es\/establecer-objetivos-realistas-gestion-proyectos","title":{"rendered":"C\u00f3mo establecer objetivos realistas de gesti\u00f3n de proyectos (Fecha de publicaci\u00f3n 31 de agosto de 2023)"},"content":{"rendered":"\n<div class=\"wp-block-columns is-layout-flex wp-container-core-columns-is-layout-9d6595d7 wp-block-columns-is-layout-flex\">\n<div class=\"wp-block-column is-layout-flow wp-block-column-is-layout-flow\">\n<h2 class=\"wp-block-heading\">Suscr\u00edbete ahora y te enviaremos un correo electr\u00f3nico cuando se publique<\/h2>\n\n\n\n<h5 class=\"wp-block-heading\">\u00bfC\u00f3mo te beneficiar\u00e1 leer esta gu\u00eda?<\/h5>\n\n\n\n<ol class=\"wp-block-list\">\n<li>Adquirir\u00e1s el conocimiento necesario para establecer objetivos realistas<\/li>\n\n\n\n<li>Aprender\u00e1s c\u00f3mo mejorar tus habilidades de gesti\u00f3n de proyectos<\/li>\n\n\n\n<li>Aprender\u00e1s c\u00f3mo entregar tu proyecto a tiempo y dentro del presupuesto<\/li>\n<\/ol>\n\n\n\n<p>Creado por gestores de proyectos para gestores de proyectos.<\/p>\n<\/div>\n\n\n\n<div class=\"wp-block-column is-layout-flow wp-block-column-is-layout-flow\">\n\n\n  hbspt.forms.create({\n\tportalId: \u00ab4963994\u00bb,\n\tformId: \u00ab6d637baa-1f66-4c3c-8cb5-c8ddd8057932\u00bb\n});\n\n<\/div>\n<\/div>\n","protected":false},"excerpt":{"rendered":"<p>Suscr\u00edbete ahora y te enviaremos un correo electr\u00f3nico cuando se publique \u00bfC\u00f3mo te beneficiar\u00e1 leer esta gu\u00eda? Creado por gestores de proyectos para gestores de proyectos. hbspt.forms.create({ portalId: \u00ab4963994\u00bb, formId: \u00ab6d637baa-1f66-4c3c-8cb5-c8ddd8057932\u00bb });<\/p>\n","protected":false},"author":2,"featured_media":0,"parent":0,"menu_order":0,"comment_status":"closed","ping_status":"closed","template":"","meta":{"_acf_changed":false,"content-type":"","footnotes":""},"page_intent":[169],"page_type":[],"class_list":["post-13828","page","type-page","status-publish","hentry"],"acf":[],"yoast_head":"<!-- This site is optimized with the Yoast SEO plugin v26.9 - https:\/\/yoast.com\/product\/yoast-seo-wordpress\/ -->\n<title>C\u00f3mo establecer objetivos realistas de gesti\u00f3n de proyectos (Fecha de publicaci\u00f3n 31 de agosto de 2023) - Planyard Espa\u00f1a<\/title>\n<meta name=\"description\" content=\"Rellena el formulario y descarga la gu\u00eda de gesti\u00f3n de proyectos de construcci\u00f3n y mejora tus habilidades de gesti\u00f3n de proyectos.\" \/>\n<meta name=\"robots\" content=\"index, follow, max-snippet:-1, max-image-preview:large, max-video-preview:-1\" \/>\n<link rel=\"canonical\" href=\"https:\/\/planyard.com\/es\/establecer-objetivos-realistas-gestion-proyectos\" \/>\n<meta property=\"og:locale\" content=\"es_ES\" \/>\n<meta property=\"og:type\" content=\"article\" \/>\n<meta property=\"og:title\" content=\"C\u00f3mo establecer objetivos realistas de gesti\u00f3n de proyectos (Fecha de publicaci\u00f3n 31 de agosto de 2023) - Planyard Espa\u00f1a\" \/>\n<meta property=\"og:description\" content=\"Rellena el formulario y descarga la gu\u00eda de gesti\u00f3n de proyectos de construcci\u00f3n y mejora tus habilidades de gesti\u00f3n de proyectos.\" \/>\n<meta property=\"og:url\" content=\"https:\/\/planyard.com\/es\/establecer-objetivos-realistas-gestion-proyectos\" \/>\n<meta property=\"og:site_name\" content=\"Planyard Espa\u00f1a\" \/>\n<meta property=\"article:modified_time\" content=\"2025-05-19T19:19:04+00:00\" \/>\n<meta name=\"twitter:card\" content=\"summary_large_image\" \/>\n<meta name=\"twitter:label1\" content=\"Tiempo de lectura\" \/>\n\t<meta name=\"twitter:data1\" content=\"1 minuto\" \/>\n<!-- \/ Yoast SEO plugin. -->","yoast_head_json":{"title":"C\u00f3mo establecer objetivos realistas de gesti\u00f3n de proyectos (Fecha de publicaci\u00f3n 31 de agosto de 2023) - Planyard Espa\u00f1a","description":"Rellena el formulario y descarga la gu\u00eda de gesti\u00f3n de proyectos de construcci\u00f3n y mejora tus habilidades de gesti\u00f3n de proyectos.","robots":{"index":"index","follow":"follow","max-snippet":"max-snippet:-1","max-image-preview":"max-image-preview:large","max-video-preview":"max-video-preview:-1"},"canonical":"https:\/\/planyard.com\/es\/establecer-objetivos-realistas-gestion-proyectos","og_locale":"es_ES","og_type":"article","og_title":"C\u00f3mo establecer objetivos realistas de gesti\u00f3n de proyectos (Fecha de publicaci\u00f3n 31 de agosto de 2023) - Planyard Espa\u00f1a","og_description":"Rellena el formulario y descarga la gu\u00eda de gesti\u00f3n de proyectos de construcci\u00f3n y mejora tus habilidades de gesti\u00f3n de proyectos.","og_url":"https:\/\/planyard.com\/es\/establecer-objetivos-realistas-gestion-proyectos","og_site_name":"Planyard Espa\u00f1a","article_modified_time":"2025-05-19T19:19:04+00:00","twitter_card":"summary_large_image","twitter_misc":{"Tiempo de lectura":"1 minuto"},"schema":{"@context":"https:\/\/schema.org","@graph":[{"@type":"WebPage","@id":"https:\/\/planyard.com\/es\/establecer-objetivos-realistas-gestion-proyectos","url":"https:\/\/planyard.com\/es\/establecer-objetivos-realistas-gestion-proyectos","name":"C\u00f3mo establecer objetivos realistas de gesti\u00f3n de proyectos (Fecha de publicaci\u00f3n 31 de agosto de 2023) - Planyard Espa\u00f1a","isPartOf":{"@id":"https:\/\/planyard.com\/es#website"},"datePublished":"2024-08-26T10:49:36+00:00","dateModified":"2025-05-19T19:19:04+00:00","description":"Rellena el formulario y descarga la gu\u00eda de gesti\u00f3n de proyectos de construcci\u00f3n y mejora tus habilidades de gesti\u00f3n de proyectos.","breadcrumb":{"@id":"https:\/\/planyard.com\/es\/establecer-objetivos-realistas-gestion-proyectos#breadcrumb"},"inLanguage":"es","potentialAction":[{"@type":"ReadAction","target":["https:\/\/planyard.com\/es\/establecer-objetivos-realistas-gestion-proyectos"]}]},{"@type":"BreadcrumbList","@id":"https:\/\/planyard.com\/es\/establecer-objetivos-realistas-gestion-proyectos#breadcrumb","itemListElement":[{"@type":"ListItem","position":1,"name":"Home","item":"https:\/\/planyard.com\/es"},{"@type":"ListItem","position":2,"name":"C\u00f3mo establecer objetivos realistas de gesti\u00f3n de proyectos (Fecha de publicaci\u00f3n 31 de agosto de 2023)"}]},{"@type":"WebSite","@id":"https:\/\/planyard.com\/es#website","url":"https:\/\/planyard.com\/es","name":"Planyard Espa\u00f1a","description":"","potentialAction":[{"@type":"SearchAction","target":{"@type":"EntryPoint","urlTemplate":"https:\/\/planyard.com\/es?s={search_term_string}"},"query-input":{"@type":"PropertyValueSpecification","valueRequired":true,"valueName":"search_term_string"}}],"inLanguage":"es"}]}},"_links":{"self":[{"href":"https:\/\/planyard.com\/es\/wp-json\/wp\/v2\/pages\/13828","targetHints":{"allow":["GET"]}}],"collection":[{"href":"https:\/\/planyard.com\/es\/wp-json\/wp\/v2\/pages"}],"about":[{"href":"https:\/\/planyard.com\/es\/wp-json\/wp\/v2\/types\/page"}],"author":[{"embeddable":true,"href":"https:\/\/planyard.com\/es\/wp-json\/wp\/v2\/users\/2"}],"replies":[{"embeddable":true,"href":"https:\/\/planyard.com\/es\/wp-json\/wp\/v2\/comments?post=13828"}],"version-history":[{"count":3,"href":"https:\/\/planyard.com\/es\/wp-json\/wp\/v2\/pages\/13828\/revisions"}],"predecessor-version":[{"id":16442,"href":"https:\/\/planyard.com\/es\/wp-json\/wp\/v2\/pages\/13828\/revisions\/16442"}],"wp:attachment":[{"href":"https:\/\/planyard.com\/es\/wp-json\/wp\/v2\/media?parent=13828"}],"wp:term":[{"taxonomy":"page_intent","embeddable":true,"href":"https:\/\/planyard.com\/es\/wp-json\/wp\/v2\/page_intent?post=13828"},{"taxonomy":"page_type","embeddable":true,"href":"https:\/\/planyard.com\/es\/wp-json\/wp\/v2\/page_type?post=13828"}],"curies":[{"name":"wp","href":"https:\/\/api.w.org\/{rel}","templated":true}]}}