{"id":13819,"date":"2024-07-08T17:38:00","date_gmt":"2024-07-08T17:38:00","guid":{"rendered":"https:\/\/planyard.com\/home"},"modified":"2025-09-01T13:59:12","modified_gmt":"2025-09-01T13:59:12","slug":"pagina-de-inicio","status":"publish","type":"page","link":"https:\/\/planyard.com\/es","title":{"rendered":"P\u00e1gina de inicio"},"content":{"rendered":"","protected":false},"excerpt":{"rendered":"","protected":false},"author":1,"featured_media":0,"parent":0,"menu_order":0,"comment_status":"closed","ping_status":"open","template":"","meta":{"_acf_changed":false,"content-type":"","footnotes":""},"page_intent":[184],"page_type":[],"class_list":["post-13819","page","type-page","status-publish","hentry"],"acf":[],"yoast_head":"<!-- This site is optimized with the Yoast SEO plugin v27.1.1 - https:\/\/yoast.com\/product\/yoast-seo-wordpress\/ -->\n<title>Planyard: Contabilidad de Construcci\u00f3n Simplificada<\/title>\n<meta name=\"description\" content=\"\u00bfLas hojas de c\u00e1lculo te ralentizan? Planyard facilita la contabilidad de construcci\u00f3n: rastrea presupuestos, controla costos y pron\u00f3sticos. \u00a1Sincroniza con Xero y QuickBooks!\" \/>\n<meta name=\"robots\" content=\"index, follow, max-snippet:-1, max-image-preview:large, max-video-preview:-1\" \/>\n<link rel=\"canonical\" href=\"https:\/\/planyard.com\/es\" \/>\n<meta property=\"og:locale\" content=\"es_ES\" \/>\n<meta property=\"og:type\" content=\"article\" \/>\n<meta property=\"og:title\" content=\"Planyard: Contabilidad de Construcci\u00f3n Simplificada\" \/>\n<meta property=\"og:description\" content=\"\u00bfLas hojas de c\u00e1lculo te ralentizan? Planyard facilita la contabilidad de construcci\u00f3n: rastrea presupuestos, controla costos y pron\u00f3sticos. \u00a1Sincroniza con Xero y QuickBooks!\" \/>\n<meta property=\"og:url\" content=\"https:\/\/planyard.com\/es\" \/>\n<meta property=\"og:site_name\" content=\"Planyard Espa\u00f1a\" \/>\n<meta property=\"article:modified_time\" content=\"2025-09-01T13:59:12+00:00\" \/>\n<meta name=\"twitter:card\" content=\"summary_large_image\" \/>\n<!-- \/ Yoast SEO plugin. -->","yoast_head_json":{"title":"Planyard: Contabilidad de Construcci\u00f3n Simplificada","description":"\u00bfLas hojas de c\u00e1lculo te ralentizan? Planyard facilita la contabilidad de construcci\u00f3n: rastrea presupuestos, controla costos y pron\u00f3sticos. \u00a1Sincroniza con Xero y QuickBooks!","robots":{"index":"index","follow":"follow","max-snippet":"max-snippet:-1","max-image-preview":"max-image-preview:large","max-video-preview":"max-video-preview:-1"},"canonical":"https:\/\/planyard.com\/es","og_locale":"es_ES","og_type":"article","og_title":"Planyard: Contabilidad de Construcci\u00f3n Simplificada","og_description":"\u00bfLas hojas de c\u00e1lculo te ralentizan? Planyard facilita la contabilidad de construcci\u00f3n: rastrea presupuestos, controla costos y pron\u00f3sticos. \u00a1Sincroniza con Xero y QuickBooks!","og_url":"https:\/\/planyard.com\/es","og_site_name":"Planyard Espa\u00f1a","article_modified_time":"2025-09-01T13:59:12+00:00","twitter_card":"summary_large_image","schema":{"@context":"https:\/\/schema.org","@graph":[{"@type":"WebPage","@id":"https:\/\/planyard.com\/es","url":"https:\/\/planyard.com\/es","name":"Planyard: Contabilidad de Construcci\u00f3n Simplificada","isPartOf":{"@id":"https:\/\/planyard.com\/es#website"},"datePublished":"2024-07-08T17:38:00+00:00","dateModified":"2025-09-01T13:59:12+00:00","description":"\u00bfLas hojas de c\u00e1lculo te ralentizan? Planyard facilita la contabilidad de construcci\u00f3n: rastrea presupuestos, controla costos y pron\u00f3sticos. \u00a1Sincroniza con Xero y QuickBooks!","breadcrumb":{"@id":"https:\/\/planyard.com\/es#breadcrumb"},"inLanguage":"es","potentialAction":[{"@type":"ReadAction","target":["https:\/\/planyard.com\/es"]}]},{"@type":"BreadcrumbList","@id":"https:\/\/planyard.com\/es#breadcrumb","itemListElement":[{"@type":"ListItem","position":1,"name":"Home","item":"https:\/\/planyard.com\/es"},{"@type":"ListItem","position":2,"name":"P\u00e1gina de inicio"}]},{"@type":"WebSite","@id":"https:\/\/planyard.com\/es#website","url":"https:\/\/planyard.com\/es","name":"Planyard Espa\u00f1a","description":"","potentialAction":[{"@type":"SearchAction","target":{"@type":"EntryPoint","urlTemplate":"https:\/\/planyard.com\/es?s={search_term_string}"},"query-input":{"@type":"PropertyValueSpecification","valueRequired":true,"valueName":"search_term_string"}}],"inLanguage":"es"}]}},"_links":{"self":[{"href":"https:\/\/planyard.com\/es\/wp-json\/wp\/v2\/pages\/13819","targetHints":{"allow":["GET"]}}],"collection":[{"href":"https:\/\/planyard.com\/es\/wp-json\/wp\/v2\/pages"}],"about":[{"href":"https:\/\/planyard.com\/es\/wp-json\/wp\/v2\/types\/page"}],"author":[{"embeddable":true,"href":"https:\/\/planyard.com\/es\/wp-json\/wp\/v2\/users\/1"}],"replies":[{"embeddable":true,"href":"https:\/\/planyard.com\/es\/wp-json\/wp\/v2\/comments?post=13819"}],"version-history":[{"count":2,"href":"https:\/\/planyard.com\/es\/wp-json\/wp\/v2\/pages\/13819\/revisions"}],"predecessor-version":[{"id":17457,"href":"https:\/\/planyard.com\/es\/wp-json\/wp\/v2\/pages\/13819\/revisions\/17457"}],"wp:attachment":[{"href":"https:\/\/planyard.com\/es\/wp-json\/wp\/v2\/media?parent=13819"}],"wp:term":[{"taxonomy":"page_intent","embeddable":true,"href":"https:\/\/planyard.com\/es\/wp-json\/wp\/v2\/page_intent?post=13819"},{"taxonomy":"page_type","embeddable":true,"href":"https:\/\/planyard.com\/es\/wp-json\/wp\/v2\/page_type?post=13819"}],"curies":[{"name":"wp","href":"https:\/\/api.w.org\/{rel}","templated":true}]}}