{"id":13817,"date":"2025-03-18T14:12:20","date_gmt":"2025-03-18T14:12:20","guid":{"rendered":"https:\/\/planyard.com\/get-your-free-construction-cost-codes"},"modified":"2025-05-19T19:17:41","modified_gmt":"2025-05-19T19:17:41","slug":"obten-tu-hoja-de-codigos-de-costos-gratis","status":"publish","type":"page","link":"https:\/\/planyard.com\/es\/obten-tu-hoja-de-codigos-de-costos-gratis","title":{"rendered":"Obt\u00e9n tu Hoja de C\u00f3digos de Costos Gratis"},"content":{"rendered":"\n<div class=\"wp-block-columns is-layout-flex wp-container-core-columns-is-layout-9d6595d7 wp-block-columns-is-layout-flex\">\n<div class=\"wp-block-column is-layout-flow wp-block-column-is-layout-flow\">\n<p>Obt\u00e9n gratis los C\u00f3digos de Costos de construcci\u00f3n en formato de hoja de c\u00e1lculo para usarlos libremente. Los c\u00f3digos de costos permiten estandarizar las estructuras de costos entre proyectos.<\/p>\n\n\n\n<h5 class=\"wp-block-heading\">Este documento gratuito est\u00e1 dise\u00f1ado para profesionales de la construcci\u00f3n que deseen utilizar estos c\u00f3digos de costos en sus proyectos de construcci\u00f3n.<\/h5>\n\n\n\n<p>Una vez que completes el formulario, recibir\u00e1s un enlace de descarga instant\u00e1neo en tu bandeja de entrada.<\/p>\n<\/div>\n\n\n\n<div class=\"wp-block-column is-layout-flow wp-block-column-is-layout-flow\">\n<div id=\"mc_embed_shell\">\n      \n  \n        #mc_embed_signup{background:#fff; false;clear:left; font:14px Helvetica,Arial,sans-serif; width: 600px;}\n        \/* Add your own Mailchimp form style overrides in your site stylesheet or in this style block.\n           We recommend moving this block and the preceding CSS link to the HEAD of your HTML file. *\/\n\n<div id=\"mc_embed_signup\">\n    \n        <div id=\"mc_embed_signup_scroll\"><h2>Descarga los C\u00f3digos de Costos<\/h2>\n            <div class=\"indicates-required\"><span class=\"asterisk\">*<\/span> indica obligatorio<\/div>\n            <div class=\"mc-field-group\"><label for=\"mce-EMAIL\">Correo Electr\u00f3nico <span class=\"asterisk\">*<\/span><\/label><\/div><div class=\"mc-field-group\"><label for=\"mce-FNAME\">Nombre <\/label><\/div><div class=\"mc-field-group\"><label for=\"mce-LNAME\">Apellido <\/label><\/div><div class=\"mc-field-group\"><label for=\"mce-PHONE\">N\u00famero de Tel\u00e9fono <\/label><\/div><div class=\"mc-field-group\"><label for=\"mce-COMPANY\">Empresa <span class=\"asterisk\">*<\/span><\/label><\/div><div class=\"mc-field-group\"><label for=\"mce-MMERGE8\">Cargo <\/label><\/div>\n<div hidden=\"\"><\/div>\n        <div id=\"mce-responses\" class=\"clear\">\n            <div class=\"response\" id=\"mce-error-response\"><\/div>\n            <div class=\"response\" id=\"mce-success-response\"><\/div>\n        <\/div><div aria-hidden=\"true\" style=\"position: absolute;left: -5000px\"><\/div><div class=\"clear\"><\/div>\n    <\/div>\n\n<\/div>\n(function($) {window.fnames = new Array(); window.ftypes = new Array();fnames[0]=&#8217;EMAIL&#8217;;ftypes[0]=&#8217;email&#8217;;fnames[1]=&#8217;FNAME&#8217;;ftypes[1]=&#8217;text&#8217;;fnames[2]=&#8217;LNAME&#8217;;ftypes[2]=&#8217;text&#8217;;fnames[4]=&#8217;PHONE&#8217;;ftypes[4]=&#8217;phone&#8217;;fnames[7]=&#8217;COMPANY&#8217;;ftypes[7]=&#8217;text&#8217;;fnames[8]=&#8217;MMERGE8&#8242;;ftypes[8]=&#8217;text&#8217;;fnames[3]=&#8217;ADDRESS&#8217;;ftypes[3]=&#8217;address&#8217;;fnames[5]=&#8217;BIRTHDAY&#8217;;ftypes[5]=&#8217;birthday&#8217;;fnames[6]=&#8217;ORIGIN&#8217;;ftypes[6]=&#8217;text&#8217;;}(jQuery));var $mcj = jQuery.noConflict(true);<\/div>\n<\/div>\n<\/div>\n","protected":false},"excerpt":{"rendered":"<p>Obt\u00e9n gratis los C\u00f3digos de Costos de construcci\u00f3n en formato de hoja de c\u00e1lculo para usarlos libremente. Los c\u00f3digos de costos permiten estandarizar las estructuras de costos entre proyectos. Este documento gratuito est\u00e1 dise\u00f1ado para profesionales de la construcci\u00f3n que deseen utilizar estos c\u00f3digos de costos en sus proyectos de construcci\u00f3n. Una vez que completes&#8230;  <a class=\"excerpt-read-more\" href=\"https:\/\/planyard.com\/es\/obten-tu-hoja-de-codigos-de-costos-gratis\" title=\"Leer  Obt\u00e9n tu Hoja de C\u00f3digos de Costos Gratis\">Leer m\u00e1s \u00ab<\/a><\/p>\n","protected":false},"author":3,"featured_media":0,"parent":0,"menu_order":0,"comment_status":"closed","ping_status":"closed","template":"","meta":{"_acf_changed":false,"content-type":"","footnotes":""},"page_intent":[169],"page_type":[],"class_list":["post-13817","page","type-page","status-publish","hentry"],"acf":[],"yoast_head":"<!-- This site is optimized with the Yoast SEO plugin v27.1.1 - https:\/\/yoast.com\/product\/yoast-seo-wordpress\/ -->\n<title>Obt\u00e9n tu Hoja de C\u00f3digos de Costos Gratis<\/title>\n<meta name=\"description\" content=\"Obt\u00e9n gratis los C\u00f3digos de Costos de Construcci\u00f3n en formato de hoja de c\u00e1lculo para usarlos libremente en tus proyectos de construcci\u00f3n.\" \/>\n<meta name=\"robots\" content=\"index, follow, max-snippet:-1, max-image-preview:large, max-video-preview:-1\" \/>\n<link rel=\"canonical\" href=\"https:\/\/planyard.com\/es\/obten-tu-hoja-de-codigos-de-costos-gratis\" \/>\n<meta property=\"og:locale\" content=\"es_ES\" \/>\n<meta property=\"og:type\" content=\"article\" \/>\n<meta property=\"og:title\" content=\"Obt\u00e9n tu Hoja de C\u00f3digos de Costos Gratis\" \/>\n<meta property=\"og:description\" content=\"Obt\u00e9n gratis los C\u00f3digos de Costos de Construcci\u00f3n en formato de hoja de c\u00e1lculo para usarlos libremente en tus proyectos de construcci\u00f3n.\" \/>\n<meta property=\"og:url\" content=\"https:\/\/planyard.com\/es\/obten-tu-hoja-de-codigos-de-costos-gratis\" \/>\n<meta property=\"og:site_name\" content=\"Planyard Espa\u00f1a\" \/>\n<meta property=\"article:modified_time\" content=\"2025-05-19T19:17:41+00:00\" \/>\n<meta name=\"twitter:card\" content=\"summary_large_image\" \/>\n<meta name=\"twitter:label1\" content=\"Tiempo de lectura\" \/>\n\t<meta name=\"twitter:data1\" content=\"1 minuto\" \/>\n<!-- \/ Yoast SEO plugin. -->","yoast_head_json":{"title":"Obt\u00e9n tu Hoja de C\u00f3digos de Costos Gratis","description":"Obt\u00e9n gratis los C\u00f3digos de Costos de Construcci\u00f3n en formato de hoja de c\u00e1lculo para usarlos libremente en tus proyectos de construcci\u00f3n.","robots":{"index":"index","follow":"follow","max-snippet":"max-snippet:-1","max-image-preview":"max-image-preview:large","max-video-preview":"max-video-preview:-1"},"canonical":"https:\/\/planyard.com\/es\/obten-tu-hoja-de-codigos-de-costos-gratis","og_locale":"es_ES","og_type":"article","og_title":"Obt\u00e9n tu Hoja de C\u00f3digos de Costos Gratis","og_description":"Obt\u00e9n gratis los C\u00f3digos de Costos de Construcci\u00f3n en formato de hoja de c\u00e1lculo para usarlos libremente en tus proyectos de construcci\u00f3n.","og_url":"https:\/\/planyard.com\/es\/obten-tu-hoja-de-codigos-de-costos-gratis","og_site_name":"Planyard Espa\u00f1a","article_modified_time":"2025-05-19T19:17:41+00:00","twitter_card":"summary_large_image","twitter_misc":{"Tiempo de lectura":"1 minuto"},"schema":{"@context":"https:\/\/schema.org","@graph":[{"@type":"WebPage","@id":"https:\/\/planyard.com\/es\/obten-tu-hoja-de-codigos-de-costos-gratis","url":"https:\/\/planyard.com\/es\/obten-tu-hoja-de-codigos-de-costos-gratis","name":"Obt\u00e9n tu Hoja de C\u00f3digos de Costos Gratis","isPartOf":{"@id":"https:\/\/planyard.com\/es#website"},"datePublished":"2025-03-18T14:12:20+00:00","dateModified":"2025-05-19T19:17:41+00:00","description":"Obt\u00e9n gratis los C\u00f3digos de Costos de Construcci\u00f3n en formato de hoja de c\u00e1lculo para usarlos libremente en tus proyectos de construcci\u00f3n.","breadcrumb":{"@id":"https:\/\/planyard.com\/es\/obten-tu-hoja-de-codigos-de-costos-gratis#breadcrumb"},"inLanguage":"es","potentialAction":[{"@type":"ReadAction","target":["https:\/\/planyard.com\/es\/obten-tu-hoja-de-codigos-de-costos-gratis"]}]},{"@type":"BreadcrumbList","@id":"https:\/\/planyard.com\/es\/obten-tu-hoja-de-codigos-de-costos-gratis#breadcrumb","itemListElement":[{"@type":"ListItem","position":1,"name":"Home","item":"https:\/\/planyard.com\/es"},{"@type":"ListItem","position":2,"name":"Obt\u00e9n tu Hoja de C\u00f3digos de Costos Gratis"}]},{"@type":"WebSite","@id":"https:\/\/planyard.com\/es#website","url":"https:\/\/planyard.com\/es","name":"Planyard Espa\u00f1a","description":"","potentialAction":[{"@type":"SearchAction","target":{"@type":"EntryPoint","urlTemplate":"https:\/\/planyard.com\/es?s={search_term_string}"},"query-input":{"@type":"PropertyValueSpecification","valueRequired":true,"valueName":"search_term_string"}}],"inLanguage":"es"}]}},"_links":{"self":[{"href":"https:\/\/planyard.com\/es\/wp-json\/wp\/v2\/pages\/13817","targetHints":{"allow":["GET"]}}],"collection":[{"href":"https:\/\/planyard.com\/es\/wp-json\/wp\/v2\/pages"}],"about":[{"href":"https:\/\/planyard.com\/es\/wp-json\/wp\/v2\/types\/page"}],"author":[{"embeddable":true,"href":"https:\/\/planyard.com\/es\/wp-json\/wp\/v2\/users\/3"}],"replies":[{"embeddable":true,"href":"https:\/\/planyard.com\/es\/wp-json\/wp\/v2\/comments?post=13817"}],"version-history":[{"count":3,"href":"https:\/\/planyard.com\/es\/wp-json\/wp\/v2\/pages\/13817\/revisions"}],"predecessor-version":[{"id":16424,"href":"https:\/\/planyard.com\/es\/wp-json\/wp\/v2\/pages\/13817\/revisions\/16424"}],"wp:attachment":[{"href":"https:\/\/planyard.com\/es\/wp-json\/wp\/v2\/media?parent=13817"}],"wp:term":[{"taxonomy":"page_intent","embeddable":true,"href":"https:\/\/planyard.com\/es\/wp-json\/wp\/v2\/page_intent?post=13817"},{"taxonomy":"page_type","embeddable":true,"href":"https:\/\/planyard.com\/es\/wp-json\/wp\/v2\/page_type?post=13817"}],"curies":[{"name":"wp","href":"https:\/\/api.w.org\/{rel}","templated":true}]}}