{"id":13812,"date":"2025-03-18T11:31:20","date_gmt":"2025-03-18T11:31:20","guid":{"rendered":"https:\/\/planyard.com\/get-your-free-construction-budget-template-for-excel-or-google-sheets"},"modified":"2025-06-04T06:39:31","modified_gmt":"2025-06-04T06:39:31","slug":"obten-tu-plantilla-gratuita-de-presupuesto-de-construccion-para-excel-o-google-sheets","status":"publish","type":"page","link":"https:\/\/planyard.com\/es\/obten-tu-plantilla-gratuita-de-presupuesto-de-construccion-para-excel-o-google-sheets","title":{"rendered":"Obt\u00e9n tu plantilla gratuita de presupuesto de construcci\u00f3n para Excel o Google Sheets"},"content":{"rendered":"\n<div class=\"wp-block-columns is-layout-flex wp-container-core-columns-is-layout-9d6595d7 wp-block-columns-is-layout-flex\">\n<div class=\"wp-block-column is-layout-flow wp-block-column-is-layout-flow\">\n<p>Controla los presupuestos de tus proyectos de construcci\u00f3n de manera eficiente con esta plantilla f\u00e1cil de usar para Excel o Google Sheets.<\/p>\n\n\n\n<h5 class=\"wp-block-heading\">Esta plantilla gratuita est\u00e1 dise\u00f1ada para constructores de viviendas, contratistas, jefes de proyecto y equipos de construcci\u00f3n que desean mantener sus proyectos en marcha.<\/h5>\n\n\n\n<p>Una vez que completes el formulario, recibir\u00e1s un enlace de descarga instant\u00e1nea en tu bandeja de entrada.<\/p>\n<\/div>\n\n\n\n<div class=\"wp-block-column is-layout-flow wp-block-column-is-layout-flow\">\n<div id=\"mc_embed_shell\">\n      <link href=\"\/\/cdn-images.mailchimp.com\/embedcode\/classic-061523.css\" rel=\"stylesheet\" type=\"text\/css\">\n  <style type=\"text\/css\">\n        #mc_embed_signup{background:#fff; false;clear:left; font:14px Helvetica,Arial,sans-serif; width: 600px;}\n        \/* Add your own Mailchimp form style overrides in your site stylesheet or in this style block.\n           We recommend moving this block and the preceding CSS link to the HEAD of your HTML file. *\/\n<\/style>\n<div id=\"mc_embed_signup\">\n    <form action=\"https:\/\/fizure.us20.list-manage.com\/subscribe\/post?u=f9f67b9f9dc3438656ad73fc8&amp;id=f8c5dc20cf&amp;f_id=004120eef0\" method=\"post\" id=\"mc-embedded-subscribe-form\" name=\"mc-embedded-subscribe-form\" class=\"validate\" target=\"_blank\">\n        <div id=\"mc_embed_signup_scroll\"><h2>Download The Template<\/h2>\n            <div class=\"indicates-required\"><span class=\"asterisk\">*<\/span> indicates required<\/div>\n            <div class=\"mc-field-group\"><label for=\"mce-EMAIL\">Email Address <span class=\"asterisk\">*<\/span><\/label><input type=\"email\" name=\"EMAIL\" class=\"required email\" id=\"mce-EMAIL\" required=\"\" value=\"\"><\/div><div class=\"mc-field-group\"><label for=\"mce-FNAME\">First Name <\/label><input type=\"text\" name=\"FNAME\" class=\" text\" id=\"mce-FNAME\" value=\"\"><\/div><div class=\"mc-field-group\"><label for=\"mce-LNAME\">Last Name <\/label><input type=\"text\" name=\"LNAME\" class=\" text\" id=\"mce-LNAME\" value=\"\"><\/div><div class=\"mc-field-group\"><label for=\"mce-PHONE\">Phone Number <\/label><input type=\"text\" name=\"PHONE\" class=\"REQ_CSS\" id=\"mce-PHONE\" value=\"\"><\/div><div class=\"mc-field-group\"><label for=\"mce-COMPANY\">Company <span class=\"asterisk\">*<\/span><\/label><input type=\"text\" name=\"COMPANY\" class=\"required text\" id=\"mce-COMPANY\" required=\"\" value=\"\"><\/div><div class=\"mc-field-group\"><label for=\"mce-MMERGE8\">Role <\/label><input type=\"text\" name=\"MMERGE8\" class=\" text\" id=\"mce-MMERGE8\" value=\"\"><\/div>\n<div hidden=\"\"><input type=\"hidden\" name=\"tags\" value=\"4263786\"><\/div>\n        <div id=\"mce-responses\" class=\"clear\">\n            <div class=\"response\" id=\"mce-error-response\" style=\"display: none;\"><\/div>\n            <div class=\"response\" id=\"mce-success-response\" style=\"display: none;\"><\/div>\n        <\/div><div aria-hidden=\"true\" style=\"position: absolute; left: -5000px;\"><input type=\"text\" name=\"b_f9f67b9f9dc3438656ad73fc8_f8c5dc20cf\" tabindex=\"-1\" value=\"\"><\/div><div class=\"clear\"><input type=\"submit\" name=\"subscribe\" id=\"mc-embedded-subscribe\" class=\"button\" value=\"Subscribe\"><\/div>\n    <\/div>\n<\/form>\n<\/div>\n<script type=\"text\/javascript\" src=\"\/\/s3.amazonaws.com\/downloads.mailchimp.com\/js\/mc-validate.js\"><\/script><script type=\"text\/javascript\">(function($) {window.fnames = new Array(); window.ftypes = new Array();fnames[0]='EMAIL';ftypes[0]='email';fnames[1]='FNAME';ftypes[1]='text';fnames[2]='LNAME';ftypes[2]='text';fnames[4]='PHONE';ftypes[4]='phone';fnames[7]='COMPANY';ftypes[7]='text';fnames[8]='MMERGE8';ftypes[8]='text';fnames[3]='ADDRESS';ftypes[3]='address';fnames[5]='BIRTHDAY';ftypes[5]='birthday';fnames[6]='ORIGIN';ftypes[6]='text';}(jQuery));var $mcj = jQuery.noConflict(true);<\/script><\/div>\n\n<\/div>\n<\/div>\n","protected":false},"excerpt":{"rendered":"<p>Controla los presupuestos de tus proyectos de construcci\u00f3n de manera eficiente con esta plantilla f\u00e1cil de usar para Excel o Google Sheets. Esta plantilla gratuita est\u00e1 dise\u00f1ada para constructores de viviendas, contratistas, jefes de proyecto y equipos de construcci\u00f3n que desean mantener sus proyectos en marcha. Una vez que completes el formulario, recibir\u00e1s un enlace&#8230;  <a class=\"excerpt-read-more\" href=\"https:\/\/planyard.com\/es\/obten-tu-plantilla-gratuita-de-presupuesto-de-construccion-para-excel-o-google-sheets\" title=\"Leer  Obt\u00e9n tu plantilla gratuita de presupuesto de construcci\u00f3n para Excel o Google Sheets\">Leer m\u00e1s \u00ab<\/a><\/p>\n","protected":false},"author":3,"featured_media":0,"parent":0,"menu_order":0,"comment_status":"closed","ping_status":"closed","template":"","meta":{"_acf_changed":false,"content-type":"","footnotes":""},"page_intent":[169],"page_type":[],"class_list":["post-13812","page","type-page","status-publish","hentry"],"acf":[],"yoast_head":"<!-- This site is optimized with the Yoast SEO plugin v27.1.1 - https:\/\/yoast.com\/product\/yoast-seo-wordpress\/ -->\n<title>Obt\u00e9n tu plantilla gratuita de presupuesto de construcci\u00f3n para Excel<\/title>\n<meta name=\"description\" content=\"Planifica, controla y gestiona los presupuestos de tus proyectos de construcci\u00f3n de manera eficiente con esta plantilla f\u00e1cil de usar para Excel.\" \/>\n<meta name=\"robots\" content=\"index, follow, max-snippet:-1, max-image-preview:large, max-video-preview:-1\" \/>\n<link rel=\"canonical\" href=\"https:\/\/planyard.com\/es\/obten-tu-plantilla-gratuita-de-presupuesto-de-construccion-para-excel-o-google-sheets\" \/>\n<meta property=\"og:locale\" content=\"es_ES\" \/>\n<meta property=\"og:type\" content=\"article\" \/>\n<meta property=\"og:title\" content=\"Obt\u00e9n tu plantilla gratuita de presupuesto de construcci\u00f3n para Excel\" \/>\n<meta property=\"og:description\" content=\"Planifica, controla y gestiona los presupuestos de tus proyectos de construcci\u00f3n de manera eficiente con esta plantilla f\u00e1cil de usar para Excel.\" \/>\n<meta property=\"og:url\" content=\"https:\/\/planyard.com\/es\/obten-tu-plantilla-gratuita-de-presupuesto-de-construccion-para-excel-o-google-sheets\" \/>\n<meta property=\"og:site_name\" content=\"Planyard Espa\u00f1a\" \/>\n<meta property=\"article:modified_time\" content=\"2025-06-04T06:39:31+00:00\" \/>\n<meta name=\"twitter:card\" content=\"summary_large_image\" \/>\n<meta name=\"twitter:label1\" content=\"Tiempo de lectura\" \/>\n\t<meta name=\"twitter:data1\" content=\"1 minuto\" \/>\n<!-- \/ Yoast SEO plugin. -->","yoast_head_json":{"title":"Obt\u00e9n tu plantilla gratuita de presupuesto de construcci\u00f3n para Excel","description":"Planifica, controla y gestiona los presupuestos de tus proyectos de construcci\u00f3n de manera eficiente con esta plantilla f\u00e1cil de usar para Excel.","robots":{"index":"index","follow":"follow","max-snippet":"max-snippet:-1","max-image-preview":"max-image-preview:large","max-video-preview":"max-video-preview:-1"},"canonical":"https:\/\/planyard.com\/es\/obten-tu-plantilla-gratuita-de-presupuesto-de-construccion-para-excel-o-google-sheets","og_locale":"es_ES","og_type":"article","og_title":"Obt\u00e9n tu plantilla gratuita de presupuesto de construcci\u00f3n para Excel","og_description":"Planifica, controla y gestiona los presupuestos de tus proyectos de construcci\u00f3n de manera eficiente con esta plantilla f\u00e1cil de usar para Excel.","og_url":"https:\/\/planyard.com\/es\/obten-tu-plantilla-gratuita-de-presupuesto-de-construccion-para-excel-o-google-sheets","og_site_name":"Planyard Espa\u00f1a","article_modified_time":"2025-06-04T06:39:31+00:00","twitter_card":"summary_large_image","twitter_misc":{"Tiempo de lectura":"1 minuto"},"schema":{"@context":"https:\/\/schema.org","@graph":[{"@type":"WebPage","@id":"https:\/\/planyard.com\/es\/obten-tu-plantilla-gratuita-de-presupuesto-de-construccion-para-excel-o-google-sheets","url":"https:\/\/planyard.com\/es\/obten-tu-plantilla-gratuita-de-presupuesto-de-construccion-para-excel-o-google-sheets","name":"Obt\u00e9n tu plantilla gratuita de presupuesto de construcci\u00f3n para Excel","isPartOf":{"@id":"https:\/\/planyard.com\/es#website"},"datePublished":"2025-03-18T11:31:20+00:00","dateModified":"2025-06-04T06:39:31+00:00","description":"Planifica, controla y gestiona los presupuestos de tus proyectos de construcci\u00f3n de manera eficiente con esta plantilla f\u00e1cil de usar para Excel.","breadcrumb":{"@id":"https:\/\/planyard.com\/es\/obten-tu-plantilla-gratuita-de-presupuesto-de-construccion-para-excel-o-google-sheets#breadcrumb"},"inLanguage":"es","potentialAction":[{"@type":"ReadAction","target":["https:\/\/planyard.com\/es\/obten-tu-plantilla-gratuita-de-presupuesto-de-construccion-para-excel-o-google-sheets"]}]},{"@type":"BreadcrumbList","@id":"https:\/\/planyard.com\/es\/obten-tu-plantilla-gratuita-de-presupuesto-de-construccion-para-excel-o-google-sheets#breadcrumb","itemListElement":[{"@type":"ListItem","position":1,"name":"Home","item":"https:\/\/planyard.com\/es"},{"@type":"ListItem","position":2,"name":"Obt\u00e9n tu plantilla gratuita de presupuesto de construcci\u00f3n para Excel o Google Sheets"}]},{"@type":"WebSite","@id":"https:\/\/planyard.com\/es#website","url":"https:\/\/planyard.com\/es","name":"Planyard Espa\u00f1a","description":"","potentialAction":[{"@type":"SearchAction","target":{"@type":"EntryPoint","urlTemplate":"https:\/\/planyard.com\/es?s={search_term_string}"},"query-input":{"@type":"PropertyValueSpecification","valueRequired":true,"valueName":"search_term_string"}}],"inLanguage":"es"}]}},"_links":{"self":[{"href":"https:\/\/planyard.com\/es\/wp-json\/wp\/v2\/pages\/13812","targetHints":{"allow":["GET"]}}],"collection":[{"href":"https:\/\/planyard.com\/es\/wp-json\/wp\/v2\/pages"}],"about":[{"href":"https:\/\/planyard.com\/es\/wp-json\/wp\/v2\/types\/page"}],"author":[{"embeddable":true,"href":"https:\/\/planyard.com\/es\/wp-json\/wp\/v2\/users\/3"}],"replies":[{"embeddable":true,"href":"https:\/\/planyard.com\/es\/wp-json\/wp\/v2\/comments?post=13812"}],"version-history":[{"count":5,"href":"https:\/\/planyard.com\/es\/wp-json\/wp\/v2\/pages\/13812\/revisions"}],"predecessor-version":[{"id":16952,"href":"https:\/\/planyard.com\/es\/wp-json\/wp\/v2\/pages\/13812\/revisions\/16952"}],"wp:attachment":[{"href":"https:\/\/planyard.com\/es\/wp-json\/wp\/v2\/media?parent=13812"}],"wp:term":[{"taxonomy":"page_intent","embeddable":true,"href":"https:\/\/planyard.com\/es\/wp-json\/wp\/v2\/page_intent?post=13812"},{"taxonomy":"page_type","embeddable":true,"href":"https:\/\/planyard.com\/es\/wp-json\/wp\/v2\/page_type?post=13812"}],"curies":[{"name":"wp","href":"https:\/\/api.w.org\/{rel}","templated":true}]}}