{"id":13809,"date":"2025-01-30T10:30:14","date_gmt":"2025-01-30T10:30:14","guid":{"rendered":"https:\/\/planyard.com\/get-the-next-chapter-of-the-master-construction-project-management-guide"},"modified":"2025-05-19T19:15:50","modified_gmt":"2025-05-19T19:15:50","slug":"obten-el-proximo-capitulo-de-la-guia-maestra-de-gestion-de-proyectos-de-construccion","status":"publish","type":"page","link":"https:\/\/planyard.com\/es\/obten-el-proximo-capitulo-de-la-guia-maestra-de-gestion-de-proyectos-de-construccion","title":{"rendered":"Obt\u00e9n el Pr\u00f3ximo Cap\u00edtulo de la Gu\u00eda Maestra de Gesti\u00f3n de Proyectos de Construcci\u00f3n"},"content":{"rendered":"\n<div class=\"wp-block-columns is-layout-flex wp-container-core-columns-is-layout-9d6595d7 wp-block-columns-is-layout-flex\">\n<div class=\"wp-block-column is-layout-flow wp-block-column-is-layout-flow\">\n<p>\u00bfQuieres mantenerte a la vanguardia en la gesti\u00f3n de proyectos de construcci\u00f3n? Suscr\u00edbete para recibir notificaciones cuando se publique el pr\u00f3ximo cap\u00edtulo de nuestra gu\u00eda gratuita, repleta de conocimientos de expertos para ayudarte a optimizar proyectos, mejorar el control de costos y aumentar la eficiencia.<\/p>\n\n\n\n<h5 class=\"wp-block-heading\">Consulta el calendario completo de lanzamientos <a href=\"https:\/\/planyard.com\/es\/guia-gratuita-domina-la-gestion-de-proyectos-de-construccion\">aqu\u00ed<\/a><\/h5>\n<\/div>\n\n\n\n<div class=\"wp-block-column is-layout-flow wp-block-column-is-layout-flow\">\n<div id=\"mc_embed_shell\">\n      \n  \n        #mc_embed_signup{background:#fff; false;clear:left; font:14px Helvetica,Arial,sans-serif; width: 600px;}\n        \/* Add your own Mailchimp form style overrides in your site stylesheet or in this style block.\n           We recommend moving this block and the preceding CSS link to the HEAD of your HTML file. *\/\n\n<div id=\"mc_embed_signup\">\n    \n        <div id=\"mc_embed_signup_scroll\"><h2>Suscr\u00edbete<\/h2>\n            <div class=\"indicates-required\"><span class=\"asterisk\">*<\/span> indica obligatorio<\/div>\n            <div class=\"mc-field-group\"><label for=\"mce-EMAIL\">Correo Electr\u00f3nico <span class=\"asterisk\">*<\/span><\/label><\/div><div class=\"mc-field-group\"><label for=\"mce-FNAME\">Nombre <\/label><\/div><div class=\"mc-field-group\"><label for=\"mce-LNAME\">Apellido <\/label><\/div><div class=\"mc-field-group\"><label for=\"mce-COMPANY\">Empresa <span class=\"asterisk\">*<\/span><\/label><\/div><div class=\"mc-field-group\"><label for=\"mce-PHONE\">N\u00famero de Tel\u00e9fono <\/label><\/div><div class=\"mc-field-group\"><label for=\"mce-MMERGE8\">Cargo <span class=\"asterisk\">*<\/span><\/label><\/div>\n<div hidden=\"\"><\/div>\n        <div id=\"mce-responses\" class=\"clear\">\n            <div class=\"response\" id=\"mce-error-response\"><\/div>\n            <div class=\"response\" id=\"mce-success-response\"><\/div>\n        <\/div><div aria-hidden=\"true\" style=\"position: absolute;left: -5000px\"><\/div><div class=\"clear\"><\/div>\n    <\/div>\n\n<\/div>\n(function($) {window.fnames = new Array(); window.ftypes = new Array();fnames[0]=&#8217;EMAIL&#8217;;ftypes[0]=&#8217;email&#8217;;fnames[1]=&#8217;FNAME&#8217;;ftypes[1]=&#8217;text&#8217;;fnames[2]=&#8217;LNAME&#8217;;ftypes[2]=&#8217;text&#8217;;fnames[7]=&#8217;COMPANY&#8217;;ftypes[7]=&#8217;text&#8217;;fnames[4]=&#8217;PHONE&#8217;;ftypes[4]=&#8217;phone&#8217;;fnames[8]=&#8217;MMERGE8&#8242;;ftypes[8]=&#8217;text&#8217;;fnames[3]=&#8217;ADDRESS&#8217;;ftypes[3]=&#8217;address&#8217;;fnames[5]=&#8217;BIRTHDAY&#8217;;ftypes[5]=&#8217;birthday&#8217;;fnames[6]=&#8217;ORIGIN&#8217;;ftypes[6]=&#8217;text&#8217;;}(jQuery));var $mcj = jQuery.noConflict(true);<\/div>\n\n<\/div>\n<\/div>\n\n\n\n<p><\/p>\n","protected":false},"excerpt":{"rendered":"<p>\u00bfQuieres mantenerte a la vanguardia en la gesti\u00f3n de proyectos de construcci\u00f3n? Suscr\u00edbete para recibir notificaciones cuando se publique el pr\u00f3ximo cap\u00edtulo de nuestra gu\u00eda gratuita, repleta de conocimientos de expertos para ayudarte a optimizar proyectos, mejorar el control de costos y aumentar la eficiencia. Consulta el calendario completo de lanzamientos aqu\u00ed #mc_embed_signup{background:#fff; false;clear:left; font:14px&#8230;  <a class=\"excerpt-read-more\" href=\"https:\/\/planyard.com\/es\/obten-el-proximo-capitulo-de-la-guia-maestra-de-gestion-de-proyectos-de-construccion\" title=\"Leer  Obt\u00e9n el Pr\u00f3ximo Cap\u00edtulo de la Gu\u00eda Maestra de Gesti\u00f3n de Proyectos de Construcci\u00f3n\">Leer m\u00e1s \u00ab<\/a><\/p>\n","protected":false},"author":4,"featured_media":0,"parent":0,"menu_order":0,"comment_status":"closed","ping_status":"closed","template":"","meta":{"_acf_changed":false,"content-type":"","footnotes":""},"page_intent":[169],"page_type":[],"class_list":["post-13809","page","type-page","status-publish","hentry"],"acf":[],"yoast_head":"<!-- This site is optimized with the Yoast SEO plugin v27.1.1 - https:\/\/yoast.com\/product\/yoast-seo-wordpress\/ -->\n<title>Obt\u00e9n el Pr\u00f3ximo Cap\u00edtulo de la Gu\u00eda Maestra de Gesti\u00f3n de Proyectos de Construcci\u00f3n<\/title>\n<meta name=\"description\" content=\"\u00bfQuieres mantenerte a la vanguardia en la gesti\u00f3n de proyectos de construcci\u00f3n? Suscr\u00edbete para recibir notificaciones cuando se publique el pr\u00f3ximo cap\u00edtulo de nuestra gu\u00eda gratuita.\" \/>\n<meta name=\"robots\" content=\"index, follow, max-snippet:-1, max-image-preview:large, max-video-preview:-1\" \/>\n<link rel=\"canonical\" href=\"https:\/\/planyard.com\/es\/obten-el-proximo-capitulo-de-la-guia-maestra-de-gestion-de-proyectos-de-construccion\" \/>\n<meta property=\"og:locale\" content=\"es_ES\" \/>\n<meta property=\"og:type\" content=\"article\" \/>\n<meta property=\"og:title\" content=\"Obt\u00e9n el Pr\u00f3ximo Cap\u00edtulo de la Gu\u00eda Maestra de Gesti\u00f3n de Proyectos de Construcci\u00f3n\" \/>\n<meta property=\"og:description\" content=\"\u00bfQuieres mantenerte a la vanguardia en la gesti\u00f3n de proyectos de construcci\u00f3n? Suscr\u00edbete para recibir notificaciones cuando se publique el pr\u00f3ximo cap\u00edtulo de nuestra gu\u00eda gratuita.\" \/>\n<meta property=\"og:url\" content=\"https:\/\/planyard.com\/es\/obten-el-proximo-capitulo-de-la-guia-maestra-de-gestion-de-proyectos-de-construccion\" \/>\n<meta property=\"og:site_name\" content=\"Planyard Espa\u00f1a\" \/>\n<meta property=\"article:modified_time\" content=\"2025-05-19T19:15:50+00:00\" \/>\n<meta name=\"twitter:card\" content=\"summary_large_image\" \/>\n<meta name=\"twitter:label1\" content=\"Tiempo de lectura\" \/>\n\t<meta name=\"twitter:data1\" content=\"1 minuto\" \/>\n<!-- \/ Yoast SEO plugin. -->","yoast_head_json":{"title":"Obt\u00e9n el Pr\u00f3ximo Cap\u00edtulo de la Gu\u00eda Maestra de Gesti\u00f3n de Proyectos de Construcci\u00f3n","description":"\u00bfQuieres mantenerte a la vanguardia en la gesti\u00f3n de proyectos de construcci\u00f3n? Suscr\u00edbete para recibir notificaciones cuando se publique el pr\u00f3ximo cap\u00edtulo de nuestra gu\u00eda gratuita.","robots":{"index":"index","follow":"follow","max-snippet":"max-snippet:-1","max-image-preview":"max-image-preview:large","max-video-preview":"max-video-preview:-1"},"canonical":"https:\/\/planyard.com\/es\/obten-el-proximo-capitulo-de-la-guia-maestra-de-gestion-de-proyectos-de-construccion","og_locale":"es_ES","og_type":"article","og_title":"Obt\u00e9n el Pr\u00f3ximo Cap\u00edtulo de la Gu\u00eda Maestra de Gesti\u00f3n de Proyectos de Construcci\u00f3n","og_description":"\u00bfQuieres mantenerte a la vanguardia en la gesti\u00f3n de proyectos de construcci\u00f3n? Suscr\u00edbete para recibir notificaciones cuando se publique el pr\u00f3ximo cap\u00edtulo de nuestra gu\u00eda gratuita.","og_url":"https:\/\/planyard.com\/es\/obten-el-proximo-capitulo-de-la-guia-maestra-de-gestion-de-proyectos-de-construccion","og_site_name":"Planyard Espa\u00f1a","article_modified_time":"2025-05-19T19:15:50+00:00","twitter_card":"summary_large_image","twitter_misc":{"Tiempo de lectura":"1 minuto"},"schema":{"@context":"https:\/\/schema.org","@graph":[{"@type":"WebPage","@id":"https:\/\/planyard.com\/es\/obten-el-proximo-capitulo-de-la-guia-maestra-de-gestion-de-proyectos-de-construccion","url":"https:\/\/planyard.com\/es\/obten-el-proximo-capitulo-de-la-guia-maestra-de-gestion-de-proyectos-de-construccion","name":"Obt\u00e9n el Pr\u00f3ximo Cap\u00edtulo de la Gu\u00eda Maestra de Gesti\u00f3n de Proyectos de Construcci\u00f3n","isPartOf":{"@id":"https:\/\/planyard.com\/es#website"},"datePublished":"2025-01-30T10:30:14+00:00","dateModified":"2025-05-19T19:15:50+00:00","description":"\u00bfQuieres mantenerte a la vanguardia en la gesti\u00f3n de proyectos de construcci\u00f3n? Suscr\u00edbete para recibir notificaciones cuando se publique el pr\u00f3ximo cap\u00edtulo de nuestra gu\u00eda gratuita.","breadcrumb":{"@id":"https:\/\/planyard.com\/es\/obten-el-proximo-capitulo-de-la-guia-maestra-de-gestion-de-proyectos-de-construccion#breadcrumb"},"inLanguage":"es","potentialAction":[{"@type":"ReadAction","target":["https:\/\/planyard.com\/es\/obten-el-proximo-capitulo-de-la-guia-maestra-de-gestion-de-proyectos-de-construccion"]}]},{"@type":"BreadcrumbList","@id":"https:\/\/planyard.com\/es\/obten-el-proximo-capitulo-de-la-guia-maestra-de-gestion-de-proyectos-de-construccion#breadcrumb","itemListElement":[{"@type":"ListItem","position":1,"name":"Home","item":"https:\/\/planyard.com\/es"},{"@type":"ListItem","position":2,"name":"Obt\u00e9n el Pr\u00f3ximo Cap\u00edtulo de la Gu\u00eda Maestra de Gesti\u00f3n de Proyectos de Construcci\u00f3n"}]},{"@type":"WebSite","@id":"https:\/\/planyard.com\/es#website","url":"https:\/\/planyard.com\/es","name":"Planyard Espa\u00f1a","description":"","potentialAction":[{"@type":"SearchAction","target":{"@type":"EntryPoint","urlTemplate":"https:\/\/planyard.com\/es?s={search_term_string}"},"query-input":{"@type":"PropertyValueSpecification","valueRequired":true,"valueName":"search_term_string"}}],"inLanguage":"es"}]}},"_links":{"self":[{"href":"https:\/\/planyard.com\/es\/wp-json\/wp\/v2\/pages\/13809","targetHints":{"allow":["GET"]}}],"collection":[{"href":"https:\/\/planyard.com\/es\/wp-json\/wp\/v2\/pages"}],"about":[{"href":"https:\/\/planyard.com\/es\/wp-json\/wp\/v2\/types\/page"}],"author":[{"embeddable":true,"href":"https:\/\/planyard.com\/es\/wp-json\/wp\/v2\/users\/4"}],"replies":[{"embeddable":true,"href":"https:\/\/planyard.com\/es\/wp-json\/wp\/v2\/comments?post=13809"}],"version-history":[{"count":3,"href":"https:\/\/planyard.com\/es\/wp-json\/wp\/v2\/pages\/13809\/revisions"}],"predecessor-version":[{"id":16410,"href":"https:\/\/planyard.com\/es\/wp-json\/wp\/v2\/pages\/13809\/revisions\/16410"}],"wp:attachment":[{"href":"https:\/\/planyard.com\/es\/wp-json\/wp\/v2\/media?parent=13809"}],"wp:term":[{"taxonomy":"page_intent","embeddable":true,"href":"https:\/\/planyard.com\/es\/wp-json\/wp\/v2\/page_intent?post=13809"},{"taxonomy":"page_type","embeddable":true,"href":"https:\/\/planyard.com\/es\/wp-json\/wp\/v2\/page_type?post=13809"}],"curies":[{"name":"wp","href":"https:\/\/api.w.org\/{rel}","templated":true}]}}