{"id":13801,"date":"2024-08-22T07:23:07","date_gmt":"2024-08-22T07:23:07","guid":{"rendered":"https:\/\/planyard.com\/download-construction-estimating-template"},"modified":"2025-06-04T06:37:56","modified_gmt":"2025-06-04T06:37:56","slug":"descargar-plantilla-de-estimacion-de-construccion","status":"publish","type":"page","link":"https:\/\/planyard.com\/es\/descargar-plantilla-de-estimacion-de-construccion","title":{"rendered":"Descargar plantilla de estimaci\u00f3n de construcci\u00f3n"},"content":{"rendered":"\n<p class=\"has-text-align-center\"><\/p>\n\n\n\n<div class=\"wp-block-columns is-layout-flex wp-container-core-columns-is-layout-9d6595d7 wp-block-columns-is-layout-flex\">\n<div class=\"wp-block-column is-layout-flow wp-block-column-is-layout-flow\">\n<h2 class=\"wp-block-heading\">Descarga la plantilla gratuita de estimaci\u00f3n de construcci\u00f3n<\/h2>\n\n\n\n<h5 class=\"wp-block-heading\">Usa la plantilla para:<\/h5>\n\n\n\n<ul class=\"wp-block-list\">\n<li>Tiendas<\/li>\n\n\n\n<li>Almacenes<\/li>\n\n\n\n<li>Apartamentos<\/li>\n\n\n\n<li>Edificios agr\u00edcolas<\/li>\n\n\n\n<li>Edificios gubernamentales<\/li>\n\n\n\n<li>Plantas<\/li>\n\n\n\n<li>Puertos mar\u00edtimos<\/li>\n\n\n\n<li>Aeropuertos<\/li>\n\n\n\n<li>&#8230;<\/li>\n<\/ul>\n\n\n\n<p>Creado por gestores de proyectos para gestores de proyectos<\/p>\n<\/div>\n\n\n\n<div class=\"wp-block-column is-layout-flow wp-block-column-is-layout-flow\">\n<div id=\"mc_embed_shell\">\n      <link href=\"\/\/cdn-images.mailchimp.com\/embedcode\/classic-061523.css\" rel=\"stylesheet\" type=\"text\/css\">\n  <style type=\"text\/css\">\n        #mc_embed_signup{background:#fff; false;clear:left; font:14px Helvetica,Arial,sans-serif; width: 600px;}\n        \/* Add your own Mailchimp form style overrides in your site stylesheet or in this style block.\n           We recommend moving this block and the preceding CSS link to the HEAD of your HTML file. *\/\n<\/style>\n<div id=\"mc_embed_signup\">\n    <form action=\"https:\/\/fizure.us20.list-manage.com\/subscribe\/post?u=f9f67b9f9dc3438656ad73fc8&amp;id=f8c5dc20cf&amp;f_id=004b20eef0\" method=\"post\" id=\"mc-embedded-subscribe-form\" name=\"mc-embedded-subscribe-form\" class=\"validate\" target=\"_blank\">\n        <div id=\"mc_embed_signup_scroll\"><h2>Download The Template<\/h2>\n            <div class=\"indicates-required\"><span class=\"asterisk\">*<\/span> indicates required<\/div>\n            <div class=\"mc-field-group\"><label for=\"mce-EMAIL\">Email Address <span class=\"asterisk\">*<\/span><\/label><input type=\"email\" name=\"EMAIL\" class=\"required email\" id=\"mce-EMAIL\" required=\"\" value=\"\"><\/div><div class=\"mc-field-group\"><label for=\"mce-FNAME\">First Name <\/label><input type=\"text\" name=\"FNAME\" class=\" text\" id=\"mce-FNAME\" value=\"\"><\/div><div class=\"mc-field-group\"><label for=\"mce-LNAME\">Last Name <\/label><input type=\"text\" name=\"LNAME\" class=\" text\" id=\"mce-LNAME\" value=\"\"><\/div><div class=\"mc-field-group\"><label for=\"mce-PHONE\">Phone Number <\/label><input type=\"text\" name=\"PHONE\" class=\"REQ_CSS\" id=\"mce-PHONE\" value=\"\"><\/div><div class=\"mc-field-group\"><label for=\"mce-COMPANY\">Company <span class=\"asterisk\">*<\/span><\/label><input type=\"text\" name=\"COMPANY\" class=\"required text\" id=\"mce-COMPANY\" required=\"\" value=\"\"><\/div><div class=\"mc-field-group\"><label for=\"mce-MMERGE8\">Role <\/label><input type=\"text\" name=\"MMERGE8\" class=\" text\" id=\"mce-MMERGE8\" value=\"\"><\/div>\n<div hidden=\"\"><input type=\"hidden\" name=\"tags\" value=\"4263790\"><\/div>\n        <div id=\"mce-responses\" class=\"clear\">\n            <div class=\"response\" id=\"mce-error-response\" style=\"display: none;\"><\/div>\n            <div class=\"response\" id=\"mce-success-response\" style=\"display: none;\"><\/div>\n        <\/div><div aria-hidden=\"true\" style=\"position: absolute; left: -5000px;\"><input type=\"text\" name=\"b_f9f67b9f9dc3438656ad73fc8_f8c5dc20cf\" tabindex=\"-1\" value=\"\"><\/div><div class=\"clear\"><input type=\"submit\" name=\"subscribe\" id=\"mc-embedded-subscribe\" class=\"button\" value=\"Subscribe\"><\/div>\n    <\/div>\n<\/form>\n<\/div>\n<script type=\"text\/javascript\" src=\"\/\/s3.amazonaws.com\/downloads.mailchimp.com\/js\/mc-validate.js\"><\/script><script type=\"text\/javascript\">(function($) {window.fnames = new Array(); window.ftypes = new Array();fnames[0]='EMAIL';ftypes[0]='email';fnames[1]='FNAME';ftypes[1]='text';fnames[2]='LNAME';ftypes[2]='text';fnames[4]='PHONE';ftypes[4]='phone';fnames[7]='COMPANY';ftypes[7]='text';fnames[8]='MMERGE8';ftypes[8]='text';fnames[3]='ADDRESS';ftypes[3]='address';fnames[5]='BIRTHDAY';ftypes[5]='birthday';fnames[6]='ORIGIN';ftypes[6]='text';}(jQuery));var $mcj = jQuery.noConflict(true);<\/script><\/div>\n\n<\/div>\n<\/div>\n\n\n\n<p class=\"has-text-align-center\"><\/p>\n\n\n\n<p><\/p>\n","protected":false},"excerpt":{"rendered":"<p>Descarga la plantilla gratuita de estimaci\u00f3n de construcci\u00f3n Usa la plantilla para: Creado por gestores de proyectos para gestores de proyectos Download The Template * indicates required Email Address * First Name Last Name Phone Number Company * Role<\/p>\n","protected":false},"author":2,"featured_media":0,"parent":0,"menu_order":0,"comment_status":"closed","ping_status":"closed","template":"","meta":{"_acf_changed":false,"content-type":"","footnotes":""},"page_intent":[169],"page_type":[],"class_list":["post-13801","page","type-page","status-publish","hentry"],"acf":[],"yoast_head":"<!-- This site is optimized with the Yoast SEO plugin v27.1.1 - https:\/\/yoast.com\/product\/yoast-seo-wordpress\/ -->\n<title>Descargar plantilla de estimaci\u00f3n de construcci\u00f3n - Planyard Espa\u00f1a<\/title>\n<meta name=\"description\" content=\"Rellena el formulario y descarga la plantilla de estimaci\u00f3n de construcci\u00f3n que te har\u00e1 m\u00e1s r\u00e1pido y eficiente.\" \/>\n<meta name=\"robots\" content=\"index, follow, max-snippet:-1, max-image-preview:large, max-video-preview:-1\" \/>\n<link rel=\"canonical\" href=\"https:\/\/planyard.com\/es\/descargar-plantilla-de-estimacion-de-construccion\" \/>\n<meta property=\"og:locale\" content=\"es_ES\" \/>\n<meta property=\"og:type\" content=\"article\" \/>\n<meta property=\"og:title\" content=\"Descargar plantilla de estimaci\u00f3n de construcci\u00f3n - Planyard Espa\u00f1a\" \/>\n<meta property=\"og:description\" content=\"Rellena el formulario y descarga la plantilla de estimaci\u00f3n de construcci\u00f3n que te har\u00e1 m\u00e1s r\u00e1pido y eficiente.\" \/>\n<meta property=\"og:url\" content=\"https:\/\/planyard.com\/es\/descargar-plantilla-de-estimacion-de-construccion\" \/>\n<meta property=\"og:site_name\" content=\"Planyard Espa\u00f1a\" \/>\n<meta property=\"article:modified_time\" content=\"2025-06-04T06:37:56+00:00\" \/>\n<meta name=\"twitter:card\" content=\"summary_large_image\" \/>\n<meta name=\"twitter:label1\" content=\"Tiempo de lectura\" \/>\n\t<meta name=\"twitter:data1\" content=\"1 minuto\" \/>\n<!-- \/ Yoast SEO plugin. -->","yoast_head_json":{"title":"Descargar plantilla de estimaci\u00f3n de construcci\u00f3n - Planyard Espa\u00f1a","description":"Rellena el formulario y descarga la plantilla de estimaci\u00f3n de construcci\u00f3n que te har\u00e1 m\u00e1s r\u00e1pido y eficiente.","robots":{"index":"index","follow":"follow","max-snippet":"max-snippet:-1","max-image-preview":"max-image-preview:large","max-video-preview":"max-video-preview:-1"},"canonical":"https:\/\/planyard.com\/es\/descargar-plantilla-de-estimacion-de-construccion","og_locale":"es_ES","og_type":"article","og_title":"Descargar plantilla de estimaci\u00f3n de construcci\u00f3n - Planyard Espa\u00f1a","og_description":"Rellena el formulario y descarga la plantilla de estimaci\u00f3n de construcci\u00f3n que te har\u00e1 m\u00e1s r\u00e1pido y eficiente.","og_url":"https:\/\/planyard.com\/es\/descargar-plantilla-de-estimacion-de-construccion","og_site_name":"Planyard Espa\u00f1a","article_modified_time":"2025-06-04T06:37:56+00:00","twitter_card":"summary_large_image","twitter_misc":{"Tiempo de lectura":"1 minuto"},"schema":{"@context":"https:\/\/schema.org","@graph":[{"@type":"WebPage","@id":"https:\/\/planyard.com\/es\/descargar-plantilla-de-estimacion-de-construccion","url":"https:\/\/planyard.com\/es\/descargar-plantilla-de-estimacion-de-construccion","name":"Descargar plantilla de estimaci\u00f3n de construcci\u00f3n - Planyard Espa\u00f1a","isPartOf":{"@id":"https:\/\/planyard.com\/es#website"},"datePublished":"2024-08-22T07:23:07+00:00","dateModified":"2025-06-04T06:37:56+00:00","description":"Rellena el formulario y descarga la plantilla de estimaci\u00f3n de construcci\u00f3n que te har\u00e1 m\u00e1s r\u00e1pido y eficiente.","breadcrumb":{"@id":"https:\/\/planyard.com\/es\/descargar-plantilla-de-estimacion-de-construccion#breadcrumb"},"inLanguage":"es","potentialAction":[{"@type":"ReadAction","target":["https:\/\/planyard.com\/es\/descargar-plantilla-de-estimacion-de-construccion"]}]},{"@type":"BreadcrumbList","@id":"https:\/\/planyard.com\/es\/descargar-plantilla-de-estimacion-de-construccion#breadcrumb","itemListElement":[{"@type":"ListItem","position":1,"name":"Home","item":"https:\/\/planyard.com\/es"},{"@type":"ListItem","position":2,"name":"Descargar plantilla de estimaci\u00f3n de construcci\u00f3n"}]},{"@type":"WebSite","@id":"https:\/\/planyard.com\/es#website","url":"https:\/\/planyard.com\/es","name":"Planyard Espa\u00f1a","description":"","potentialAction":[{"@type":"SearchAction","target":{"@type":"EntryPoint","urlTemplate":"https:\/\/planyard.com\/es?s={search_term_string}"},"query-input":{"@type":"PropertyValueSpecification","valueRequired":true,"valueName":"search_term_string"}}],"inLanguage":"es"}]}},"_links":{"self":[{"href":"https:\/\/planyard.com\/es\/wp-json\/wp\/v2\/pages\/13801","targetHints":{"allow":["GET"]}}],"collection":[{"href":"https:\/\/planyard.com\/es\/wp-json\/wp\/v2\/pages"}],"about":[{"href":"https:\/\/planyard.com\/es\/wp-json\/wp\/v2\/types\/page"}],"author":[{"embeddable":true,"href":"https:\/\/planyard.com\/es\/wp-json\/wp\/v2\/users\/2"}],"replies":[{"embeddable":true,"href":"https:\/\/planyard.com\/es\/wp-json\/wp\/v2\/comments?post=13801"}],"version-history":[{"count":4,"href":"https:\/\/planyard.com\/es\/wp-json\/wp\/v2\/pages\/13801\/revisions"}],"predecessor-version":[{"id":16853,"href":"https:\/\/planyard.com\/es\/wp-json\/wp\/v2\/pages\/13801\/revisions\/16853"}],"wp:attachment":[{"href":"https:\/\/planyard.com\/es\/wp-json\/wp\/v2\/media?parent=13801"}],"wp:term":[{"taxonomy":"page_intent","embeddable":true,"href":"https:\/\/planyard.com\/es\/wp-json\/wp\/v2\/page_intent?post=13801"},{"taxonomy":"page_type","embeddable":true,"href":"https:\/\/planyard.com\/es\/wp-json\/wp\/v2\/page_type?post=13801"}],"curies":[{"name":"wp","href":"https:\/\/api.w.org\/{rel}","templated":true}]}}