{"id":13795,"date":"2024-07-30T17:26:26","date_gmt":"2024-07-30T17:26:26","guid":{"rendered":"https:\/\/planyard.com\/contact"},"modified":"2026-02-12T10:44:03","modified_gmt":"2026-02-12T10:44:03","slug":"contactanos","status":"publish","type":"page","link":"https:\/\/planyard.com\/es\/contactanos","title":{"rendered":"Cont\u00e1ctanos"},"content":{"rendered":"","protected":false},"excerpt":{"rendered":"","protected":false},"author":1,"featured_media":0,"parent":0,"menu_order":0,"comment_status":"closed","ping_status":"closed","template":"","meta":{"_acf_changed":false,"content-type":"","footnotes":""},"page_intent":[184],"page_type":[],"class_list":["post-13795","page","type-page","status-publish","hentry"],"acf":[],"yoast_head":"<!-- This site is optimized with the Yoast SEO plugin v26.9 - https:\/\/yoast.com\/product\/yoast-seo-wordpress\/ -->\n<title>Cont\u00e1ctanos - Planyard Espa\u00f1a<\/title>\n<meta name=\"description\" content=\"As\u00ed es como puedes contactarnos. Si tienes alguna pregunta, simplemente cont\u00e1ctanos a trav\u00e9s del formulario o del chat.\" \/>\n<meta name=\"robots\" content=\"index, follow, max-snippet:-1, max-image-preview:large, max-video-preview:-1\" \/>\n<link rel=\"canonical\" href=\"https:\/\/planyard.com\/es\/contactanos\" \/>\n<meta property=\"og:locale\" content=\"es_ES\" \/>\n<meta property=\"og:type\" content=\"article\" \/>\n<meta property=\"og:title\" content=\"Cont\u00e1ctanos - Planyard Espa\u00f1a\" \/>\n<meta property=\"og:description\" content=\"As\u00ed es como puedes contactarnos. Si tienes alguna pregunta, simplemente cont\u00e1ctanos a trav\u00e9s del formulario o del chat.\" \/>\n<meta property=\"og:url\" content=\"https:\/\/planyard.com\/es\/contactanos\" \/>\n<meta property=\"og:site_name\" content=\"Planyard Espa\u00f1a\" \/>\n<meta property=\"article:modified_time\" content=\"2026-02-12T10:44:03+00:00\" \/>\n<meta name=\"twitter:card\" content=\"summary_large_image\" \/>\n<!-- \/ Yoast SEO plugin. -->","yoast_head_json":{"title":"Cont\u00e1ctanos - Planyard Espa\u00f1a","description":"As\u00ed es como puedes contactarnos. Si tienes alguna pregunta, simplemente cont\u00e1ctanos a trav\u00e9s del formulario o del chat.","robots":{"index":"index","follow":"follow","max-snippet":"max-snippet:-1","max-image-preview":"max-image-preview:large","max-video-preview":"max-video-preview:-1"},"canonical":"https:\/\/planyard.com\/es\/contactanos","og_locale":"es_ES","og_type":"article","og_title":"Cont\u00e1ctanos - Planyard Espa\u00f1a","og_description":"As\u00ed es como puedes contactarnos. Si tienes alguna pregunta, simplemente cont\u00e1ctanos a trav\u00e9s del formulario o del chat.","og_url":"https:\/\/planyard.com\/es\/contactanos","og_site_name":"Planyard Espa\u00f1a","article_modified_time":"2026-02-12T10:44:03+00:00","twitter_card":"summary_large_image","schema":{"@context":"https:\/\/schema.org","@graph":[{"@type":"WebPage","@id":"https:\/\/planyard.com\/es\/contactanos","url":"https:\/\/planyard.com\/es\/contactanos","name":"Cont\u00e1ctanos - Planyard Espa\u00f1a","isPartOf":{"@id":"https:\/\/planyard.com\/es#website"},"datePublished":"2024-07-30T17:26:26+00:00","dateModified":"2026-02-12T10:44:03+00:00","description":"As\u00ed es como puedes contactarnos. Si tienes alguna pregunta, simplemente cont\u00e1ctanos a trav\u00e9s del formulario o del chat.","breadcrumb":{"@id":"https:\/\/planyard.com\/es\/contactanos#breadcrumb"},"inLanguage":"es","potentialAction":[{"@type":"ReadAction","target":["https:\/\/planyard.com\/es\/contactanos"]}]},{"@type":"BreadcrumbList","@id":"https:\/\/planyard.com\/es\/contactanos#breadcrumb","itemListElement":[{"@type":"ListItem","position":1,"name":"Home","item":"https:\/\/planyard.com\/es"},{"@type":"ListItem","position":2,"name":"Cont\u00e1ctanos"}]},{"@type":"WebSite","@id":"https:\/\/planyard.com\/es#website","url":"https:\/\/planyard.com\/es","name":"Planyard Espa\u00f1a","description":"","potentialAction":[{"@type":"SearchAction","target":{"@type":"EntryPoint","urlTemplate":"https:\/\/planyard.com\/es?s={search_term_string}"},"query-input":{"@type":"PropertyValueSpecification","valueRequired":true,"valueName":"search_term_string"}}],"inLanguage":"es"}]}},"_links":{"self":[{"href":"https:\/\/planyard.com\/es\/wp-json\/wp\/v2\/pages\/13795","targetHints":{"allow":["GET"]}}],"collection":[{"href":"https:\/\/planyard.com\/es\/wp-json\/wp\/v2\/pages"}],"about":[{"href":"https:\/\/planyard.com\/es\/wp-json\/wp\/v2\/types\/page"}],"author":[{"embeddable":true,"href":"https:\/\/planyard.com\/es\/wp-json\/wp\/v2\/users\/1"}],"replies":[{"embeddable":true,"href":"https:\/\/planyard.com\/es\/wp-json\/wp\/v2\/comments?post=13795"}],"version-history":[{"count":1,"href":"https:\/\/planyard.com\/es\/wp-json\/wp\/v2\/pages\/13795\/revisions"}],"predecessor-version":[{"id":13899,"href":"https:\/\/planyard.com\/es\/wp-json\/wp\/v2\/pages\/13795\/revisions\/13899"}],"wp:attachment":[{"href":"https:\/\/planyard.com\/es\/wp-json\/wp\/v2\/media?parent=13795"}],"wp:term":[{"taxonomy":"page_intent","embeddable":true,"href":"https:\/\/planyard.com\/es\/wp-json\/wp\/v2\/page_intent?post=13795"},{"taxonomy":"page_type","embeddable":true,"href":"https:\/\/planyard.com\/es\/wp-json\/wp\/v2\/page_type?post=13795"}],"curies":[{"name":"wp","href":"https:\/\/api.w.org\/{rel}","templated":true}]}}