{"id":13794,"date":"2024-12-05T13:29:27","date_gmt":"2024-12-05T13:29:27","guid":{"rendered":"https:\/\/planyard.com\/construction-templates"},"modified":"2025-05-19T20:09:11","modified_gmt":"2025-05-19T20:09:11","slug":"biblioteca-de-plantillas-de-construccion","status":"publish","type":"page","link":"https:\/\/planyard.com\/es\/biblioteca-de-plantillas-de-construccion","title":{"rendered":"Biblioteca de Plantillas de Construcci\u00f3n"},"content":{"rendered":"\n<div class=\"wp-block-media-text is-stacked-on-mobile\"><figure class=\"wp-block-media-text__media\"><img loading=\"lazy\" decoding=\"async\" width=\"1080\" height=\"1080\" src=\"https:\/\/planyard.com\/wp-content\/uploads\/2024\/12\/construction_contract_template.png\" alt=\"Construction contract template\" class=\"wp-image-7944 size-full\" srcset=\"https:\/\/planyard.com\/wp-content\/uploads\/2024\/12\/construction_contract_template.png 1080w, https:\/\/planyard.com\/wp-content\/uploads\/2024\/12\/construction_contract_template-150x150.png 150w\" sizes=\"auto, (max-width: 1080px) 100vw, 1080px\" \/><\/figure><div class=\"wp-block-media-text__content\">\n<p>Bienvenido a nuestra completa biblioteca de plantillas de construcci\u00f3n, dise\u00f1adas para optimizar tu proyecto desde el inicio hasta la finalizaci\u00f3n.<\/p>\n\n\n\n<p>Ya seas un contratista experimentado o un gestor de proyectos nuevo en el campo, nuestras plantillas te proporcionan las herramientas necesarias para una planificaci\u00f3n, ejecuci\u00f3n y gesti\u00f3n eficientes.<\/p>\n\n\n\n<p><\/p>\n<\/div><\/div>\n\n\n\n<p><\/p>\n\n\n\n<p>Explora nuestras plantillas categorizadas a continuaci\u00f3n para encontrar exactamente lo que necesitas para dar vida a tu proyecto de construcci\u00f3n. La lista de plantillas se ampliar\u00e1 y mejorar\u00e1 con el tiempo. Si sientes que falta una plantilla que necesitas, h\u00e1znoslo saber.<\/p>\n\n\n\n<h2 class=\"wp-block-heading\">Plantillas de C\u00f3digos de Costos<\/h2>\n\n\n\n<p><em>Varias opciones <\/em>para c\u00f3digos de costos seg\u00fan tu proyecto y regi\u00f3n.<\/p>\n\n\n\n<ul class=\"wp-block-list\">\n<li><strong><a href=\"https:\/\/planyard.com\/blog\/aia-construction-codes-for-construction-billing\">Plantilla de C\u00f3digos de Costos AIA<\/a><\/strong><\/li>\n\n\n\n<li><strong><a href=\"https:\/\/planyard.com\/es\/codigos-de-costos-nahb\">Plantilla de C\u00f3digos de Costos NAHB<\/a><\/strong><\/li>\n\n\n\n<li><strong><a href=\"https:\/\/planyard.com\/es\/codigos-de-costos-de-construccion\">Plantilla Detallada de C\u00f3digos de Costos<\/a><\/strong><\/li>\n\n\n\n<li><strong>Plantilla de Mapeo de C\u00f3digos de Costos al Libro Mayor (pr\u00f3ximamente)<\/strong><\/li>\n<\/ul>\n\n\n\n<h2 class=\"wp-block-heading\">Plantillas de Planificaci\u00f3n de Proyectos<\/h2>\n\n\n\n<p><em>Establece una base s\u00f3lida para tu proyecto con estas herramientas de planificaci\u00f3n esenciales.<\/em><\/p>\n\n\n\n<ul class=\"wp-block-list\">\n<li><strong><a href=\"https:\/\/planyard.com\/es\/plantilla-presupuesto-construccion\">Plantilla de Presupuesto de Construcci\u00f3n<\/a><\/strong><\/li>\n\n\n\n<li><a href=\"https:\/\/planyard.com\/es\/plantilla-estimacion-construccion\"><strong>Plantilla de Estimaci\u00f3n de Construcci\u00f3n<\/strong><\/a><\/li>\n\n\n\n<li><strong><a href=\"https:\/\/planyard.com\/es\/plantilla-de-licitacion-de-construccion\">Plantilla de Oferta de Proyecto<\/a><\/strong><\/li>\n\n\n\n<li><a href=\"https:\/\/planyard.com\/es\/plantilla-gratuita-de-cronograma-de-construccion-para-excel-descargala-ahora\"><strong>Plantilla de Cronograma de Construcci\u00f3n<\/strong><\/a><\/li>\n\n\n\n<li><strong>Plantilla de Asignaci\u00f3n de Recursos<strong> (pr\u00f3ximamente)<\/strong><\/strong><\/li>\n<\/ul>\n\n\n\n<h2 class=\"wp-block-heading\">Plantillas de Gesti\u00f3n de Proyectos<\/h2>\n\n\n\n<p><em>Mant\u00e9n tu proyecto en marcha e informa a las partes interesadas con estas herramientas de gesti\u00f3n.<\/em><\/p>\n\n\n\n<ul class=\"wp-block-list\">\n<li><strong><a href=\"https:\/\/planyard.com\/es\/plantilla-reconciliacion-costos-valores\">Plantilla de Reconciliaci\u00f3n de Costos y Valores de Construcci\u00f3n<\/a><\/strong><\/li>\n\n\n\n<li><strong>Plantilla de Diagrama de Gantt<strong><strong> (pr\u00f3ximamente)<\/strong><\/strong><\/strong><\/li>\n\n\n\n<li><strong>Plantilla de Informe de Progreso<strong><strong> (pr\u00f3ximamente)<\/strong><\/strong><\/strong><\/li>\n\n\n\n<li><strong>Plantilla de Orden de Cambio<strong><strong> (pr\u00f3ximamente)<\/strong><\/strong><\/strong><\/li>\n\n\n\n<li><strong>Plan de Comunicaci\u00f3n con las Partes Interesadas<strong><strong> (pr\u00f3ximamente)<\/strong><\/strong><\/strong><\/li>\n<\/ul>\n\n\n\n<h2 class=\"wp-block-heading\">Plantillas de Documentaci\u00f3n y Contratos<\/h2>\n\n\n\n<p><em>Gestiona las legalidades y la documentaci\u00f3n sin esfuerzo con estas completas plantillas.<\/em><\/p>\n\n\n\n<ul class=\"wp-block-list\">\n<li><strong><a href=\"https:\/\/planyard.com\/es\/plantilla-de-contrato-de-construccion\">Plantilla de Contrato de Construcci\u00f3n<\/a><\/strong><\/li>\n\n\n\n<li><strong><a href=\"https:\/\/planyard.com\/es\/plantilla-factura-construccion\">Plantilla de Factura de Construcci\u00f3n<\/a><\/strong><\/li>\n\n\n\n<li><strong>Plantilla de Orden de Trabajo (pr\u00f3ximamente)<\/strong><\/li>\n\n\n\n<li><strong>Plantilla de Lista de Verificaci\u00f3n<strong> (pr\u00f3ximamente)<\/strong><\/strong><\/li>\n<\/ul>\n\n\n\n<h2 class=\"wp-block-heading\">Plantillas de Seguridad y Cumplimiento<\/h2>\n\n\n\n<p><em>Aseg\u00farate de que tu proyecto cumpla con todos los est\u00e1ndares de seguridad y requisitos regulatorios.<\/em><\/p>\n\n\n\n<ul class=\"wp-block-list\">\n<li><strong>Plantilla de Plan de Seguridad<strong> (pr\u00f3ximamente)<\/strong><\/strong><\/li>\n\n\n\n<li><strong>Plantilla de Evaluaci\u00f3n de Riesgos<strong> (pr\u00f3ximamente)<\/strong><\/strong><\/li>\n\n\n\n<li><strong>Lista de Verificaci\u00f3n de Cumplimiento Regulatorio<strong> (pr\u00f3ximamente)<\/strong><\/strong><\/li>\n\n\n\n<li><strong>Plantilla de Informe de Incidentes<strong> (pr\u00f3ximamente)<\/strong><\/strong><\/li>\n<\/ul>\n\n\n\n<p>Si\u00e9ntete libre de descargar y personalizar estas plantillas para adaptarlas a las necesidades espec\u00edficas de tu proyecto. Cada plantilla est\u00e1 dise\u00f1ada para ayudarte a ahorrar tiempo, reducir errores y asegurar que todos los aspectos de tu proceso de construcci\u00f3n est\u00e9n bien documentados y gestionados profesionalmente.<\/p>\n\n\n\n<p>Intentamos proporcionar nuestros documentos de manera que est\u00e9n actualizados con las <a href=\"https:\/\/www.hse.gov.uk\/construction\/index.htm\">regulaciones HSE<\/a>, <a href=\"https:\/\/www.osha.gov\/construction\">regulaciones OSHA<\/a>, y otras &#8211; puede que algunos documentos a\u00fan no hayan sido actualizados. Si ese es el caso, por favor h\u00e1znoslo saber.<\/p>\n","protected":false},"excerpt":{"rendered":"<p>Bienvenido a nuestra completa biblioteca de plantillas de construcci\u00f3n, dise\u00f1adas para optimizar tu proyecto desde el inicio hasta la finalizaci\u00f3n. Ya seas un contratista experimentado o un gestor de proyectos nuevo en el campo, nuestras plantillas te proporcionan las herramientas necesarias para una planificaci\u00f3n, ejecuci\u00f3n y gesti\u00f3n eficientes. Explora nuestras plantillas categorizadas a continuaci\u00f3n para&#8230;  <a class=\"excerpt-read-more\" href=\"https:\/\/planyard.com\/es\/biblioteca-de-plantillas-de-construccion\" title=\"Leer  Biblioteca de Plantillas de Construcci\u00f3n\">Leer m\u00e1s \u00ab<\/a><\/p>\n","protected":false},"author":3,"featured_media":0,"parent":0,"menu_order":0,"comment_status":"closed","ping_status":"closed","template":"","meta":{"_acf_changed":false,"content-type":"","footnotes":""},"page_intent":[169],"page_type":[],"class_list":["post-13794","page","type-page","status-publish","hentry"],"acf":[],"yoast_head":"<!-- This site is optimized with the Yoast SEO plugin v26.9 - https:\/\/yoast.com\/product\/yoast-seo-wordpress\/ -->\n<title>Biblioteca de Plantillas de Construcci\u00f3n - Descargas Gratuitas - Planyard Espa\u00f1a<\/title>\n<meta name=\"description\" content=\"Plantillas de construcci\u00f3n gratuitas para planificaci\u00f3n, dise\u00f1o, seguridad o documentaci\u00f3n. Mejora tu gesti\u00f3n de proyectos con plantillas personalizables.\" \/>\n<meta name=\"robots\" content=\"index, follow, max-snippet:-1, max-image-preview:large, max-video-preview:-1\" \/>\n<link rel=\"canonical\" href=\"https:\/\/planyard.com\/es\/biblioteca-de-plantillas-de-construccion\" \/>\n<meta property=\"og:locale\" content=\"es_ES\" \/>\n<meta property=\"og:type\" content=\"article\" \/>\n<meta property=\"og:title\" content=\"Biblioteca de Plantillas de Construcci\u00f3n - Descargas Gratuitas - Planyard Espa\u00f1a\" \/>\n<meta property=\"og:description\" content=\"Plantillas de construcci\u00f3n gratuitas para planificaci\u00f3n, dise\u00f1o, seguridad o documentaci\u00f3n. Mejora tu gesti\u00f3n de proyectos con plantillas personalizables.\" \/>\n<meta property=\"og:url\" content=\"https:\/\/planyard.com\/es\/biblioteca-de-plantillas-de-construccion\" \/>\n<meta property=\"og:site_name\" content=\"Planyard Espa\u00f1a\" \/>\n<meta property=\"article:modified_time\" content=\"2025-05-19T20:09:11+00:00\" \/>\n<meta property=\"og:image\" content=\"https:\/\/planyard.com\/wp-content\/uploads\/2024\/12\/construction_contract_template.png\" \/>\n\t<meta property=\"og:image:width\" content=\"1080\" \/>\n\t<meta property=\"og:image:height\" content=\"1080\" \/>\n\t<meta property=\"og:image:type\" content=\"image\/png\" \/>\n<meta name=\"twitter:card\" content=\"summary_large_image\" \/>\n<meta name=\"twitter:label1\" content=\"Tiempo de lectura\" \/>\n\t<meta name=\"twitter:data1\" content=\"2 minutos\" \/>\n<!-- \/ Yoast SEO plugin. -->","yoast_head_json":{"title":"Biblioteca de Plantillas de Construcci\u00f3n - Descargas Gratuitas - Planyard Espa\u00f1a","description":"Plantillas de construcci\u00f3n gratuitas para planificaci\u00f3n, dise\u00f1o, seguridad o documentaci\u00f3n. Mejora tu gesti\u00f3n de proyectos con plantillas personalizables.","robots":{"index":"index","follow":"follow","max-snippet":"max-snippet:-1","max-image-preview":"max-image-preview:large","max-video-preview":"max-video-preview:-1"},"canonical":"https:\/\/planyard.com\/es\/biblioteca-de-plantillas-de-construccion","og_locale":"es_ES","og_type":"article","og_title":"Biblioteca de Plantillas de Construcci\u00f3n - Descargas Gratuitas - Planyard Espa\u00f1a","og_description":"Plantillas de construcci\u00f3n gratuitas para planificaci\u00f3n, dise\u00f1o, seguridad o documentaci\u00f3n. Mejora tu gesti\u00f3n de proyectos con plantillas personalizables.","og_url":"https:\/\/planyard.com\/es\/biblioteca-de-plantillas-de-construccion","og_site_name":"Planyard Espa\u00f1a","article_modified_time":"2025-05-19T20:09:11+00:00","og_image":[{"width":1080,"height":1080,"url":"https:\/\/planyard.com\/wp-content\/uploads\/2024\/12\/construction_contract_template.png","type":"image\/png"}],"twitter_card":"summary_large_image","twitter_misc":{"Tiempo de lectura":"2 minutos"},"schema":{"@context":"https:\/\/schema.org","@graph":[{"@type":"WebPage","@id":"https:\/\/planyard.com\/es\/biblioteca-de-plantillas-de-construccion","url":"https:\/\/planyard.com\/es\/biblioteca-de-plantillas-de-construccion","name":"Biblioteca de Plantillas de Construcci\u00f3n - Descargas Gratuitas - Planyard Espa\u00f1a","isPartOf":{"@id":"https:\/\/planyard.com\/es#website"},"primaryImageOfPage":{"@id":"https:\/\/planyard.com\/es\/biblioteca-de-plantillas-de-construccion#primaryimage"},"image":{"@id":"https:\/\/planyard.com\/es\/biblioteca-de-plantillas-de-construccion#primaryimage"},"thumbnailUrl":"https:\/\/planyard.com\/wp-content\/uploads\/2024\/12\/construction_contract_template.png","datePublished":"2024-12-05T13:29:27+00:00","dateModified":"2025-05-19T20:09:11+00:00","description":"Plantillas de construcci\u00f3n gratuitas para planificaci\u00f3n, dise\u00f1o, seguridad o documentaci\u00f3n. Mejora tu gesti\u00f3n de proyectos con plantillas personalizables.","breadcrumb":{"@id":"https:\/\/planyard.com\/es\/biblioteca-de-plantillas-de-construccion#breadcrumb"},"inLanguage":"es","potentialAction":[{"@type":"ReadAction","target":["https:\/\/planyard.com\/es\/biblioteca-de-plantillas-de-construccion"]}]},{"@type":"ImageObject","inLanguage":"es","@id":"https:\/\/planyard.com\/es\/biblioteca-de-plantillas-de-construccion#primaryimage","url":"https:\/\/planyard.com\/wp-content\/uploads\/2024\/12\/construction_contract_template.png","contentUrl":"https:\/\/planyard.com\/wp-content\/uploads\/2024\/12\/construction_contract_template.png"},{"@type":"BreadcrumbList","@id":"https:\/\/planyard.com\/es\/biblioteca-de-plantillas-de-construccion#breadcrumb","itemListElement":[{"@type":"ListItem","position":1,"name":"Home","item":"https:\/\/planyard.com\/es"},{"@type":"ListItem","position":2,"name":"Biblioteca de Plantillas de Construcci\u00f3n"}]},{"@type":"WebSite","@id":"https:\/\/planyard.com\/es#website","url":"https:\/\/planyard.com\/es","name":"Planyard Espa\u00f1a","description":"","potentialAction":[{"@type":"SearchAction","target":{"@type":"EntryPoint","urlTemplate":"https:\/\/planyard.com\/es?s={search_term_string}"},"query-input":{"@type":"PropertyValueSpecification","valueRequired":true,"valueName":"search_term_string"}}],"inLanguage":"es"}]}},"_links":{"self":[{"href":"https:\/\/planyard.com\/es\/wp-json\/wp\/v2\/pages\/13794","targetHints":{"allow":["GET"]}}],"collection":[{"href":"https:\/\/planyard.com\/es\/wp-json\/wp\/v2\/pages"}],"about":[{"href":"https:\/\/planyard.com\/es\/wp-json\/wp\/v2\/types\/page"}],"author":[{"embeddable":true,"href":"https:\/\/planyard.com\/es\/wp-json\/wp\/v2\/users\/3"}],"replies":[{"embeddable":true,"href":"https:\/\/planyard.com\/es\/wp-json\/wp\/v2\/comments?post=13794"}],"version-history":[{"count":3,"href":"https:\/\/planyard.com\/es\/wp-json\/wp\/v2\/pages\/13794\/revisions"}],"predecessor-version":[{"id":16596,"href":"https:\/\/planyard.com\/es\/wp-json\/wp\/v2\/pages\/13794\/revisions\/16596"}],"wp:attachment":[{"href":"https:\/\/planyard.com\/es\/wp-json\/wp\/v2\/media?parent=13794"}],"wp:term":[{"taxonomy":"page_intent","embeddable":true,"href":"https:\/\/planyard.com\/es\/wp-json\/wp\/v2\/page_intent?post=13794"},{"taxonomy":"page_type","embeddable":true,"href":"https:\/\/planyard.com\/es\/wp-json\/wp\/v2\/page_type?post=13794"}],"curies":[{"name":"wp","href":"https:\/\/api.w.org\/{rel}","templated":true}]}}