{"id":13789,"date":"2025-01-29T11:49:32","date_gmt":"2025-01-29T11:49:32","guid":{"rendered":"https:\/\/planyard.com\/free-guide-master-construction-project-management"},"modified":"2025-05-19T20:08:38","modified_gmt":"2025-05-19T20:08:38","slug":"guia-gratis-domina-la-gestion-de-proyectos-de-construccion","status":"publish","type":"page","link":"https:\/\/planyard.com\/es\/guia-gratis-domina-la-gestion-de-proyectos-de-construccion","title":{"rendered":"Gesti\u00f3n de Proyectos de Construcci\u00f3n: Una Gu\u00eda Pr\u00e1ctica en 10 Pasos"},"content":{"rendered":"\n<h2 class=\"wp-block-heading\">La Mentalidad de un Gerente de Proyectos de Construcci\u00f3n<\/h2>\n\n\n\n<p>Cuando piensas en la gesti\u00f3n de proyectos de construcci\u00f3n, es f\u00e1cil perderse en la complejidad. Hay cronogramas que redactar, contratos que revisar, presupuestos que supervisar y docenas de personas pidiendo tus decisiones. Es caos\u2014caos controlado, si lo haces bien.<\/p>\n\n\n\n<p>En los \u00faltimos 20 a\u00f1os, he trabajado en proyectos que van desde renovaciones de $104,023.00 (\u20ac100,000) hasta construcciones de infraestructuras de miles de millones de euros. Plantas nucleares, sistemas avanzados de climatizaci\u00f3n y aceleradores de part\u00edculas son solo algunos ejemplos. Las apuestas eran altas, los plazos ajustados y los equipos tan diversos como los desaf\u00edos que enfrentamos.<\/p>\n\n\n\n<p>En todo ese tiempo, me di cuenta de algo fundamental: las herramientas y el software no hacen que el proyecto sea exitoso. <em>Tu mentalidad lo hace.<\/em> Puedes tener los mejores recursos a tu disposici\u00f3n, pero si no abordas el proyecto con los h\u00e1bitos, principios y sistemas correctos, va a fracasar.<\/p>\n\n\n\n<p>Esta gu\u00eda no trata de teor\u00edas elevadas o de lo que leer\u00edas en un manual de certificaci\u00f3n de gesti\u00f3n de proyectos. Es una versi\u00f3n destilada de lecciones aprendidas de la manera dif\u00edcil\u2014en el sitio, en reuniones y durante momentos en que parec\u00eda que todo se desmoronaba.<\/p>\n\n\n\n<h2 class=\"wp-block-heading\">Por Qu\u00e9 Escrib\u00ed Esta Gu\u00eda<\/h2>\n\n\n\n<p>En mis primeros d\u00edas como gerente de proyectos, a menudo deseaba tener algo que ahora llamo un \u00abmanual de campo.\u00bb Un recurso que no sermoneara, sino que ofreciera consejos pr\u00e1cticos para esos momentos en que la presi\u00f3n est\u00e1 al m\u00e1ximo. \u00bfQu\u00e9 deber\u00edas hacer cuando la adquisici\u00f3n falla en el \u00faltimo minuto? \u00bfO cuando los retrasos de un subcontratista amenazan con descarrilar el cronograma?<\/p>\n\n\n\n<p>No ten\u00eda tal manual. En su lugar, tuve prueba y error. Comet\u00ed errores, los correg\u00ed y aprend\u00ed.<\/p>\n\n\n\n<p>Hoy, despu\u00e9s de gestionar innumerables proyectos, he notado patrones. Los problemas pueden parecer diferentes en la superficie, pero en el fondo, comparten similitudes. Las estrategias que funcionaron para un proyecto de mil millones de d\u00f3lares a menudo funcionan igual de bien para un proyecto de $520,115.00 (\u20ac500,000). Esta gu\u00eda es mi intento de documentar esas estrategias\u2014para darte algo que desear\u00eda haber tenido al principio.<\/p>\n\n\n\n<h2 class=\"wp-block-heading\"><strong>Qu\u00e9 Cubre Esta Gu\u00eda<\/strong><\/h2>\n\n\n\n<p>Esta es una gu\u00eda de 10 cap\u00edtulos. Cada cap\u00edtulo se centra en un solo aspecto de la gesti\u00f3n de proyectos. Pi\u00e9nsalo como una lista de verificaci\u00f3n o una serie de \u201creglas generales\u201d que puedes revisar antes de comenzar un nuevo proyecto.<\/p>\n\n\n\n<p>Ve los cap\u00edtulos:<\/p>\n\n\n\n<ol class=\"wp-block-list\">\n<li><strong>Creaci\u00f3n y Seguimiento de Cronogramas de Proyectos<\/strong> <br>Por qu\u00e9 fallan los cronogramas y c\u00f3mo crear aquellos que no lo hagan. <a href=\"https:\/\/planyard.com\/es\/programacion-de-construccion\">Lee m\u00e1s aqu\u00ed<\/a><\/li>\n\n\n\n<li><strong>Licitaci\u00f3n de Construcci\u00f3n<\/strong> <br>C\u00f3mo llevar a cabo procesos de licitaci\u00f3n fluidos que minimicen el riesgo. <a href=\"https:\/\/planyard.com\/es\/guia-licitacion-construccion\">Lee m\u00e1s aqu\u00ed<\/a><\/li>\n\n\n\n<li><strong>Revisi\u00f3n del Proyecto de Preconstrucci\u00f3n<\/strong> <br>El arte de desglosar planes para encontrar riesgos antes de que se conviertan en problemas. <a href=\"https:\/\/planyard.com\/es\/guia-preconstruccion-para-jefes-de-proyecto-lista-de-verificacion\">Lee m\u00e1s aqu\u00ed<\/a><\/li>\n\n\n\n<li><strong>Gesti\u00f3n de Contratos<\/strong> <br>Elegir los contratos correctos y negociar t\u00e9rminos que protejan tu proyecto. <a href=\"https:\/\/planyard.com\/es\/guia-de-gestion-de-contratos-de-construccion\">Lee m\u00e1s aqu\u00ed<\/a><\/li>\n\n\n\n<li><strong>Delegaci\u00f3n y Motivaci\u00f3n<\/strong> <br>Dirigir a tu equipo de manera efectiva\u2014aun cuando los recursos son limitados. (Se publicar\u00e1 el 26 de marzo de 2025; suscr\u00edbete <a href=\"https:\/\/planyard.com\/es\/obten-el-proximo-capitulo-de-la-guia-maestra-de-gestion-de-proyectos-de-construccion\">aqu\u00ed<\/a> para recibirlo por correo) <\/li>\n\n\n\n<li><strong>Reuniones que Importan<\/strong> <br>Evitar las trampas de tiempo de las reuniones mientras se sigue impulsando el progreso. (Se publicar\u00e1 el 9 de abril de 2025; suscr\u00edbete <a href=\"https:\/\/planyard.com\/es\/obten-el-proximo-capitulo-de-la-guia-maestra-de-gestion-de-proyectos-de-construccion\">aqu\u00ed<\/a> para recibirlo por correo)<\/li>\n\n\n\n<li><strong>Monitoreo de Costos<\/strong>  <br>Estrategias del mundo real para mantenerse dentro del presupuesto y evitar sorpresas desagradables. (Se publicar\u00e1 el 23 de abril de 2025; suscr\u00edbete <a href=\"https:\/\/planyard.com\/es\/obten-el-proximo-capitulo-de-la-guia-maestra-de-gestion-de-proyectos-de-construccion\">aqu\u00ed<\/a> para recibirlo por correo)<\/li>\n\n\n\n<li><strong>Comunicaci\u00f3n<\/strong><br>El hilo invisible que mantiene los proyectos funcionando sin problemas\u2014o los desgarra. (Se publicar\u00e1 el 7 de mayo, suscr\u00edbete <a href=\"https:\/\/planyard.com\/es\/obten-el-proximo-capitulo-de-la-guia-maestra-de-gestion-de-proyectos-de-construccion\">aqu\u00ed<\/a> para recibirlo por correo)<\/li>\n\n\n\n<li><strong>Presupuestaci\u00f3n y Pron\u00f3stico<\/strong> <br>Establecer presupuestos que puedan manejar lo inesperado. (Se publicar\u00e1 el 21 de mayo de 2025; suscr\u00edbete <a href=\"https:\/\/planyard.com\/es\/obten-el-proximo-capitulo-de-la-guia-maestra-de-gestion-de-proyectos-de-construccion\">aqu\u00ed<\/a> para recibirlo por correo)<\/li>\n\n\n\n<li><strong>Establecimiento y Logro de Metas<\/strong> <br>Alinear a tu equipo y a las partes interesadas para un \u00e9xito compartido. (Se publicar\u00e1 el 4 de junio de 2025; suscr\u00edbete <a href=\"https:\/\/planyard.com\/es\/obten-el-proximo-capitulo-de-la-guia-maestra-de-gestion-de-proyectos-de-construccion\">aqu\u00ed<\/a> para recibirlo por correo)<\/li>\n<\/ol>\n\n\n\n<p>Esto no es un marco te\u00f3rico\u2014es una caja de herramientas\u2014el tipo de consejo que puedes llevar a tu pr\u00f3xima reuni\u00f3n de inicio de proyecto y aplicar de inmediato.<\/p>\n\n\n\n<h2 class=\"wp-block-heading\"><strong>\u00bfQui\u00e9n Se Beneficiar\u00e1 de Esta Gu\u00eda?<\/strong><\/h2>\n\n\n\n<p>Es para cualquiera involucrado en la gesti\u00f3n de proyectos de construcci\u00f3n, pero particularmente:<\/p>\n\n\n\n<ul class=\"wp-block-list\">\n<li><strong>Gerentes de Proyectos Junior:<\/strong> Si reci\u00e9n est\u00e1s comenzando, esto te dar\u00e1 la base que necesitas para empezar con buen pie.<\/li>\n\n\n\n<li><strong>Peque\u00f1os Empresarios:<\/strong> \u00bfQuieres mejorar tus procesos internos y entender mejor a los contratistas con los que trabajas? Esto es para ti.<\/li>\n\n\n\n<li><strong>Ejecutivos de Construcci\u00f3n:<\/strong> Usa esta gu\u00eda para asegurar que tus equipos sigan las mejores pr\u00e1cticas y entreguen resultados consistentes.<\/li>\n<\/ul>\n\n\n\n<p>Ya sea que est\u00e9s gestionando una peque\u00f1a renovaci\u00f3n o un proyecto de infraestructura a gran escala, los principios aqu\u00ed son los mismos.<\/p>\n\n\n\n<h2 class=\"wp-block-heading\"><strong>Por Qu\u00e9 Esta Gu\u00eda Funciona<\/strong><\/h2>\n\n\n\n<p>Cuando me siento a comenzar un nuevo proyecto, siempre reviso estos principios. Cada vez. No porque no los conozca\u2014sino porque la repetici\u00f3n agudiza el enfoque. Revisar los fundamentos asegura que ning\u00fan detalle, por peque\u00f1o que sea, pase desapercibido.<\/p>\n\n\n\n<p>Los proyectos de construcci\u00f3n son implacables. Olvida revisar una cl\u00e1usula del contrato y podr\u00edas terminar en una costosa disputa legal. Pierde un plazo y tu cliente podr\u00eda perder la confianza. Estos errores no solo ocurren\u2014son s\u00edntomas de no estar preparado.<\/p>\n\n\n\n<p>Esta gu\u00eda es c\u00f3mo me preparo. Y ahora, es tuya para usar.<\/p>\n\n\n\n<h3 class=\"wp-block-heading\"><strong>Sobre el Autor<\/strong><\/h3>\n\n\n\n<p>Margus Rahuoja (<a href=\"https:\/\/www.linkedin.com\/in\/margus-rahuoja-96b27184\/\">LinkedIn<\/a>) tiene m\u00e1s de 20 a\u00f1os de experiencia en la gesti\u00f3n de proyectos de construcci\u00f3n, he entregado proyectos en Estonia, Finlandia y Suecia, trabajando en todo, desde sistemas de climatizaci\u00f3n multimillonarios hasta plantas nucleares de miles de millones de euros. Mi filosof\u00eda es simple: gestiona tu proyecto como si tu reputaci\u00f3n dependiera de ello\u2014porque as\u00ed es.<\/p>\n\n\n\n<p><strong><a href=\"https:\/\/planyard.com\/es\/programacion-de-construccion\">Lee el pr\u00f3ximo cap\u00edtulo<\/a><\/strong><\/p>\n\n\n\n<p><\/p>\n","protected":false},"excerpt":{"rendered":"<p>La Mentalidad de un Gerente de Proyectos de Construcci\u00f3n Cuando piensas en la gesti\u00f3n de proyectos de construcci\u00f3n, es f\u00e1cil perderse en la complejidad. Hay cronogramas que redactar, contratos que revisar, presupuestos que supervisar y docenas de personas pidiendo tus decisiones. Es caos\u2014caos controlado, si lo haces bien. En los \u00faltimos 20 a\u00f1os, he trabajado&#8230;  <a class=\"excerpt-read-more\" href=\"https:\/\/planyard.com\/es\/guia-gratis-domina-la-gestion-de-proyectos-de-construccion\" title=\"Leer  Gesti\u00f3n de Proyectos de Construcci\u00f3n: Una Gu\u00eda Pr\u00e1ctica en 10 Pasos\">Leer m\u00e1s \u00ab<\/a><\/p>\n","protected":false},"author":4,"featured_media":0,"parent":0,"menu_order":0,"comment_status":"closed","ping_status":"closed","template":"","meta":{"_acf_changed":false,"content-type":"","footnotes":""},"page_intent":[289],"page_type":[],"class_list":["post-13789","page","type-page","status-publish","hentry"],"acf":[],"yoast_head":"<!-- This site is optimized with the Yoast SEO plugin v26.9 - https:\/\/yoast.com\/product\/yoast-seo-wordpress\/ -->\n<title>Gesti\u00f3n de Proyectos de Construcci\u00f3n: Una Gu\u00eda Pr\u00e1ctica en 10 Pasos - Planyard Espa\u00f1a<\/title>\n<meta name=\"description\" content=\"Cuando piensas en la gesti\u00f3n de proyectos de construcci\u00f3n, es f\u00e1cil perderse en la complejidad.\" \/>\n<meta name=\"robots\" content=\"index, follow, max-snippet:-1, max-image-preview:large, max-video-preview:-1\" \/>\n<link rel=\"canonical\" href=\"https:\/\/planyard.com\/es\/guia-gratis-domina-la-gestion-de-proyectos-de-construccion\" \/>\n<meta property=\"og:locale\" content=\"es_ES\" \/>\n<meta property=\"og:type\" content=\"article\" \/>\n<meta property=\"og:title\" content=\"Gesti\u00f3n de Proyectos de Construcci\u00f3n: Una Gu\u00eda Pr\u00e1ctica en 10 Pasos - Planyard Espa\u00f1a\" \/>\n<meta property=\"og:description\" content=\"Cuando piensas en la gesti\u00f3n de proyectos de construcci\u00f3n, es f\u00e1cil perderse en la complejidad.\" \/>\n<meta property=\"og:url\" content=\"https:\/\/planyard.com\/es\/guia-gratis-domina-la-gestion-de-proyectos-de-construccion\" \/>\n<meta property=\"og:site_name\" content=\"Planyard Espa\u00f1a\" \/>\n<meta property=\"article:modified_time\" content=\"2025-05-19T20:08:38+00:00\" \/>\n<meta name=\"twitter:card\" content=\"summary_large_image\" \/>\n<meta name=\"twitter:label1\" content=\"Tiempo de lectura\" \/>\n\t<meta name=\"twitter:data1\" content=\"4 minutos\" \/>\n<!-- \/ Yoast SEO plugin. -->","yoast_head_json":{"title":"Gesti\u00f3n de Proyectos de Construcci\u00f3n: Una Gu\u00eda Pr\u00e1ctica en 10 Pasos - Planyard Espa\u00f1a","description":"Cuando piensas en la gesti\u00f3n de proyectos de construcci\u00f3n, es f\u00e1cil perderse en la complejidad.","robots":{"index":"index","follow":"follow","max-snippet":"max-snippet:-1","max-image-preview":"max-image-preview:large","max-video-preview":"max-video-preview:-1"},"canonical":"https:\/\/planyard.com\/es\/guia-gratis-domina-la-gestion-de-proyectos-de-construccion","og_locale":"es_ES","og_type":"article","og_title":"Gesti\u00f3n de Proyectos de Construcci\u00f3n: Una Gu\u00eda Pr\u00e1ctica en 10 Pasos - Planyard Espa\u00f1a","og_description":"Cuando piensas en la gesti\u00f3n de proyectos de construcci\u00f3n, es f\u00e1cil perderse en la complejidad.","og_url":"https:\/\/planyard.com\/es\/guia-gratis-domina-la-gestion-de-proyectos-de-construccion","og_site_name":"Planyard Espa\u00f1a","article_modified_time":"2025-05-19T20:08:38+00:00","twitter_card":"summary_large_image","twitter_misc":{"Tiempo de lectura":"4 minutos"},"schema":{"@context":"https:\/\/schema.org","@graph":[{"@type":"WebPage","@id":"https:\/\/planyard.com\/es\/guia-gratis-domina-la-gestion-de-proyectos-de-construccion","url":"https:\/\/planyard.com\/es\/guia-gratis-domina-la-gestion-de-proyectos-de-construccion","name":"Gesti\u00f3n de Proyectos de Construcci\u00f3n: Una Gu\u00eda Pr\u00e1ctica en 10 Pasos - Planyard Espa\u00f1a","isPartOf":{"@id":"https:\/\/planyard.com\/es#website"},"datePublished":"2025-01-29T11:49:32+00:00","dateModified":"2025-05-19T20:08:38+00:00","description":"Cuando piensas en la gesti\u00f3n de proyectos de construcci\u00f3n, es f\u00e1cil perderse en la complejidad.","breadcrumb":{"@id":"https:\/\/planyard.com\/es\/guia-gratis-domina-la-gestion-de-proyectos-de-construccion#breadcrumb"},"inLanguage":"es","potentialAction":[{"@type":"ReadAction","target":["https:\/\/planyard.com\/es\/guia-gratis-domina-la-gestion-de-proyectos-de-construccion"]}]},{"@type":"BreadcrumbList","@id":"https:\/\/planyard.com\/es\/guia-gratis-domina-la-gestion-de-proyectos-de-construccion#breadcrumb","itemListElement":[{"@type":"ListItem","position":1,"name":"Home","item":"https:\/\/planyard.com\/es"},{"@type":"ListItem","position":2,"name":"Gesti\u00f3n de Proyectos de Construcci\u00f3n: Una Gu\u00eda Pr\u00e1ctica en 10 Pasos"}]},{"@type":"WebSite","@id":"https:\/\/planyard.com\/es#website","url":"https:\/\/planyard.com\/es","name":"Planyard Espa\u00f1a","description":"","potentialAction":[{"@type":"SearchAction","target":{"@type":"EntryPoint","urlTemplate":"https:\/\/planyard.com\/es?s={search_term_string}"},"query-input":{"@type":"PropertyValueSpecification","valueRequired":true,"valueName":"search_term_string"}}],"inLanguage":"es"}]}},"_links":{"self":[{"href":"https:\/\/planyard.com\/es\/wp-json\/wp\/v2\/pages\/13789","targetHints":{"allow":["GET"]}}],"collection":[{"href":"https:\/\/planyard.com\/es\/wp-json\/wp\/v2\/pages"}],"about":[{"href":"https:\/\/planyard.com\/es\/wp-json\/wp\/v2\/types\/page"}],"author":[{"embeddable":true,"href":"https:\/\/planyard.com\/es\/wp-json\/wp\/v2\/users\/4"}],"replies":[{"embeddable":true,"href":"https:\/\/planyard.com\/es\/wp-json\/wp\/v2\/comments?post=13789"}],"version-history":[{"count":3,"href":"https:\/\/planyard.com\/es\/wp-json\/wp\/v2\/pages\/13789\/revisions"}],"predecessor-version":[{"id":16594,"href":"https:\/\/planyard.com\/es\/wp-json\/wp\/v2\/pages\/13789\/revisions\/16594"}],"wp:attachment":[{"href":"https:\/\/planyard.com\/es\/wp-json\/wp\/v2\/media?parent=13789"}],"wp:term":[{"taxonomy":"page_intent","embeddable":true,"href":"https:\/\/planyard.com\/es\/wp-json\/wp\/v2\/page_intent?post=13789"},{"taxonomy":"page_type","embeddable":true,"href":"https:\/\/planyard.com\/es\/wp-json\/wp\/v2\/page_type?post=13789"}],"curies":[{"name":"wp","href":"https:\/\/api.w.org\/{rel}","templated":true}]}}