{"id":13771,"date":"2024-11-06T09:38:07","date_gmt":"2024-11-06T09:38:07","guid":{"rendered":"https:\/\/planyard.com\/construction-glossary-collection"},"modified":"2025-05-19T20:06:08","modified_gmt":"2025-05-19T20:06:08","slug":"glosario-financiero-construccion","status":"publish","type":"page","link":"https:\/\/planyard.com\/es\/glosario-financiero-construccion","title":{"rendered":"Glosario Financiero de Construcci\u00f3n"},"content":{"rendered":"\n<p>Bienvenido al Glosario Financiero de Construcci\u00f3n, su recurso esencial para comprender los t\u00e9rminos y conceptos financieros \u00fanicos de la construcci\u00f3n. Este glosario est\u00e1 dise\u00f1ado tanto para profesionales de la industria como para principiantes, abarcando desde presupuestos b\u00e1sicos hasta gesti\u00f3n avanzada de costos.<\/p>\n\n\n\n<p>Ya sea que est\u00e9 supervisando las finanzas del proyecto, gestionando el flujo de caja o preparando pron\u00f3sticos de costos, aqu\u00ed encontrar\u00e1 las definiciones que necesita. Mant\u00e9ngase informado y tome decisiones con confianza en cada proyecto.<\/p>\n","protected":false},"excerpt":{"rendered":"<p>Bienvenido al Glosario Financiero de Construcci\u00f3n, su recurso esencial para comprender los t\u00e9rminos y conceptos financieros \u00fanicos de la construcci\u00f3n. Este glosario est\u00e1 dise\u00f1ado tanto para profesionales de la industria como para principiantes, abarcando desde presupuestos b\u00e1sicos hasta gesti\u00f3n avanzada de costos. Ya sea que est\u00e9 supervisando las finanzas del proyecto, gestionando el flujo de&#8230;  <a class=\"excerpt-read-more\" href=\"https:\/\/planyard.com\/es\/glosario-financiero-construccion\" title=\"Leer  Glosario Financiero de Construcci\u00f3n\">Leer m\u00e1s \u00ab<\/a><\/p>\n","protected":false},"author":3,"featured_media":0,"parent":0,"menu_order":0,"comment_status":"closed","ping_status":"closed","template":"","meta":{"_acf_changed":false,"content-type":"","footnotes":""},"page_intent":[244],"page_type":[],"class_list":["post-13771","page","type-page","status-publish","hentry"],"acf":[],"yoast_head":"<!-- This site is optimized with the Yoast SEO plugin v27.1.1 - https:\/\/yoast.com\/product\/yoast-seo-wordpress\/ -->\n<title>Glosario Financiero de Construcci\u00f3n - Planyard Espa\u00f1a<\/title>\n<meta name=\"description\" content=\"Su recurso de referencia para definiciones claras del glosario financiero esencial de la construcci\u00f3n. Cubre presupuestos, flujo de caja y m\u00e1s.\" \/>\n<meta name=\"robots\" content=\"index, follow, max-snippet:-1, max-image-preview:large, max-video-preview:-1\" \/>\n<link rel=\"canonical\" href=\"https:\/\/planyard.com\/es\/glosario-financiero-construccion\" \/>\n<meta property=\"og:locale\" content=\"es_ES\" \/>\n<meta property=\"og:type\" content=\"article\" \/>\n<meta property=\"og:title\" content=\"Glosario Financiero de Construcci\u00f3n - Planyard Espa\u00f1a\" \/>\n<meta property=\"og:description\" content=\"Su recurso de referencia para definiciones claras del glosario financiero esencial de la construcci\u00f3n. Cubre presupuestos, flujo de caja y m\u00e1s.\" \/>\n<meta property=\"og:url\" content=\"https:\/\/planyard.com\/es\/glosario-financiero-construccion\" \/>\n<meta property=\"og:site_name\" content=\"Planyard Espa\u00f1a\" \/>\n<meta property=\"article:modified_time\" content=\"2025-05-19T20:06:08+00:00\" \/>\n<meta name=\"twitter:card\" content=\"summary_large_image\" \/>\n<meta name=\"twitter:label1\" content=\"Tiempo de lectura\" \/>\n\t<meta name=\"twitter:data1\" content=\"1 minuto\" \/>\n<!-- \/ Yoast SEO plugin. -->","yoast_head_json":{"title":"Glosario Financiero de Construcci\u00f3n - Planyard Espa\u00f1a","description":"Su recurso de referencia para definiciones claras del glosario financiero esencial de la construcci\u00f3n. Cubre presupuestos, flujo de caja y m\u00e1s.","robots":{"index":"index","follow":"follow","max-snippet":"max-snippet:-1","max-image-preview":"max-image-preview:large","max-video-preview":"max-video-preview:-1"},"canonical":"https:\/\/planyard.com\/es\/glosario-financiero-construccion","og_locale":"es_ES","og_type":"article","og_title":"Glosario Financiero de Construcci\u00f3n - Planyard Espa\u00f1a","og_description":"Su recurso de referencia para definiciones claras del glosario financiero esencial de la construcci\u00f3n. Cubre presupuestos, flujo de caja y m\u00e1s.","og_url":"https:\/\/planyard.com\/es\/glosario-financiero-construccion","og_site_name":"Planyard Espa\u00f1a","article_modified_time":"2025-05-19T20:06:08+00:00","twitter_card":"summary_large_image","twitter_misc":{"Tiempo de lectura":"1 minuto"},"schema":{"@context":"https:\/\/schema.org","@graph":[{"@type":"WebPage","@id":"https:\/\/planyard.com\/es\/glosario-financiero-construccion","url":"https:\/\/planyard.com\/es\/glosario-financiero-construccion","name":"Glosario Financiero de Construcci\u00f3n - Planyard Espa\u00f1a","isPartOf":{"@id":"https:\/\/planyard.com\/es#website"},"datePublished":"2024-11-06T09:38:07+00:00","dateModified":"2025-05-19T20:06:08+00:00","description":"Su recurso de referencia para definiciones claras del glosario financiero esencial de la construcci\u00f3n. Cubre presupuestos, flujo de caja y m\u00e1s.","breadcrumb":{"@id":"https:\/\/planyard.com\/es\/glosario-financiero-construccion#breadcrumb"},"inLanguage":"es","potentialAction":[{"@type":"ReadAction","target":["https:\/\/planyard.com\/es\/glosario-financiero-construccion"]}]},{"@type":"BreadcrumbList","@id":"https:\/\/planyard.com\/es\/glosario-financiero-construccion#breadcrumb","itemListElement":[{"@type":"ListItem","position":1,"name":"Home","item":"https:\/\/planyard.com\/es"},{"@type":"ListItem","position":2,"name":"Glosario Financiero de Construcci\u00f3n"}]},{"@type":"WebSite","@id":"https:\/\/planyard.com\/es#website","url":"https:\/\/planyard.com\/es","name":"Planyard Espa\u00f1a","description":"","potentialAction":[{"@type":"SearchAction","target":{"@type":"EntryPoint","urlTemplate":"https:\/\/planyard.com\/es?s={search_term_string}"},"query-input":{"@type":"PropertyValueSpecification","valueRequired":true,"valueName":"search_term_string"}}],"inLanguage":"es"}]}},"_links":{"self":[{"href":"https:\/\/planyard.com\/es\/wp-json\/wp\/v2\/pages\/13771","targetHints":{"allow":["GET"]}}],"collection":[{"href":"https:\/\/planyard.com\/es\/wp-json\/wp\/v2\/pages"}],"about":[{"href":"https:\/\/planyard.com\/es\/wp-json\/wp\/v2\/types\/page"}],"author":[{"embeddable":true,"href":"https:\/\/planyard.com\/es\/wp-json\/wp\/v2\/users\/3"}],"replies":[{"embeddable":true,"href":"https:\/\/planyard.com\/es\/wp-json\/wp\/v2\/comments?post=13771"}],"version-history":[{"count":3,"href":"https:\/\/planyard.com\/es\/wp-json\/wp\/v2\/pages\/13771\/revisions"}],"predecessor-version":[{"id":16587,"href":"https:\/\/planyard.com\/es\/wp-json\/wp\/v2\/pages\/13771\/revisions\/16587"}],"wp:attachment":[{"href":"https:\/\/planyard.com\/es\/wp-json\/wp\/v2\/media?parent=13771"}],"wp:term":[{"taxonomy":"page_intent","embeddable":true,"href":"https:\/\/planyard.com\/es\/wp-json\/wp\/v2\/page_intent?post=13771"},{"taxonomy":"page_type","embeddable":true,"href":"https:\/\/planyard.com\/es\/wp-json\/wp\/v2\/page_type?post=13771"}],"curies":[{"name":"wp","href":"https:\/\/api.w.org\/{rel}","templated":true}]}}