{"id":13770,"date":"2024-08-22T05:41:05","date_gmt":"2024-08-22T05:41:05","guid":{"rendered":"https:\/\/planyard.com\/expenses-approval-workflow"},"modified":"2025-05-19T09:22:55","modified_gmt":"2025-05-19T09:22:55","slug":"flujo-aprobacion-gastos","status":"publish","type":"page","link":"https:\/\/planyard.com\/es\/flujo-aprobacion-gastos","title":{"rendered":"Flujo de Aprobaci\u00f3n de Gastos de Construcci\u00f3n"},"content":{"rendered":"","protected":false},"excerpt":{"rendered":"","protected":false},"author":2,"featured_media":0,"parent":0,"menu_order":0,"comment_status":"closed","ping_status":"closed","template":"","meta":{"_acf_changed":false,"content-type":"","footnotes":""},"page_intent":[199],"page_type":[],"class_list":["post-13770","page","type-page","status-publish","hentry"],"acf":[],"yoast_head":"<!-- This site is optimized with the Yoast SEO plugin v26.9 - https:\/\/yoast.com\/product\/yoast-seo-wordpress\/ -->\n<title>Flujo de Aprobaci\u00f3n de Gastos de Construcci\u00f3n para Personal de Obra<\/title>\n<meta name=\"description\" content=\"Planyard facilita la aprobaci\u00f3n de gastos en proyectos de construcci\u00f3n. Los costos aprobados por el jefe de obra actualizan autom\u00e1ticamente el presupuesto del proyecto.\" \/>\n<meta name=\"robots\" content=\"index, follow, max-snippet:-1, max-image-preview:large, max-video-preview:-1\" \/>\n<link rel=\"canonical\" href=\"https:\/\/planyard.com\/es\/flujo-aprobacion-gastos\" \/>\n<meta property=\"og:locale\" content=\"es_ES\" \/>\n<meta property=\"og:type\" content=\"article\" \/>\n<meta property=\"og:title\" content=\"Flujo de Aprobaci\u00f3n de Gastos de Construcci\u00f3n para Personal de Obra\" \/>\n<meta property=\"og:description\" content=\"Planyard facilita la aprobaci\u00f3n de gastos en proyectos de construcci\u00f3n. Los costos aprobados por el jefe de obra actualizan autom\u00e1ticamente el presupuesto del proyecto.\" \/>\n<meta property=\"og:url\" content=\"https:\/\/planyard.com\/es\/flujo-aprobacion-gastos\" \/>\n<meta property=\"og:site_name\" content=\"Planyard Espa\u00f1a\" \/>\n<meta property=\"article:modified_time\" content=\"2025-05-19T09:22:55+00:00\" \/>\n<meta name=\"twitter:card\" content=\"summary_large_image\" \/>\n<!-- \/ Yoast SEO plugin. -->","yoast_head_json":{"title":"Flujo de Aprobaci\u00f3n de Gastos de Construcci\u00f3n para Personal de Obra","description":"Planyard facilita la aprobaci\u00f3n de gastos en proyectos de construcci\u00f3n. Los costos aprobados por el jefe de obra actualizan autom\u00e1ticamente el presupuesto del proyecto.","robots":{"index":"index","follow":"follow","max-snippet":"max-snippet:-1","max-image-preview":"max-image-preview:large","max-video-preview":"max-video-preview:-1"},"canonical":"https:\/\/planyard.com\/es\/flujo-aprobacion-gastos","og_locale":"es_ES","og_type":"article","og_title":"Flujo de Aprobaci\u00f3n de Gastos de Construcci\u00f3n para Personal de Obra","og_description":"Planyard facilita la aprobaci\u00f3n de gastos en proyectos de construcci\u00f3n. Los costos aprobados por el jefe de obra actualizan autom\u00e1ticamente el presupuesto del proyecto.","og_url":"https:\/\/planyard.com\/es\/flujo-aprobacion-gastos","og_site_name":"Planyard Espa\u00f1a","article_modified_time":"2025-05-19T09:22:55+00:00","twitter_card":"summary_large_image","schema":{"@context":"https:\/\/schema.org","@graph":[{"@type":"WebPage","@id":"https:\/\/planyard.com\/es\/flujo-aprobacion-gastos","url":"https:\/\/planyard.com\/es\/flujo-aprobacion-gastos","name":"Flujo de Aprobaci\u00f3n de Gastos de Construcci\u00f3n para Personal de Obra","isPartOf":{"@id":"https:\/\/planyard.com\/es#website"},"datePublished":"2024-08-22T05:41:05+00:00","dateModified":"2025-05-19T09:22:55+00:00","description":"Planyard facilita la aprobaci\u00f3n de gastos en proyectos de construcci\u00f3n. Los costos aprobados por el jefe de obra actualizan autom\u00e1ticamente el presupuesto del proyecto.","breadcrumb":{"@id":"https:\/\/planyard.com\/es\/flujo-aprobacion-gastos#breadcrumb"},"inLanguage":"es","potentialAction":[{"@type":"ReadAction","target":["https:\/\/planyard.com\/es\/flujo-aprobacion-gastos"]}]},{"@type":"BreadcrumbList","@id":"https:\/\/planyard.com\/es\/flujo-aprobacion-gastos#breadcrumb","itemListElement":[{"@type":"ListItem","position":1,"name":"Home","item":"https:\/\/planyard.com\/es"},{"@type":"ListItem","position":2,"name":"Flujo de Aprobaci\u00f3n de Gastos de Construcci\u00f3n"}]},{"@type":"WebSite","@id":"https:\/\/planyard.com\/es#website","url":"https:\/\/planyard.com\/es","name":"Planyard Espa\u00f1a","description":"","potentialAction":[{"@type":"SearchAction","target":{"@type":"EntryPoint","urlTemplate":"https:\/\/planyard.com\/es?s={search_term_string}"},"query-input":{"@type":"PropertyValueSpecification","valueRequired":true,"valueName":"search_term_string"}}],"inLanguage":"es"}]}},"_links":{"self":[{"href":"https:\/\/planyard.com\/es\/wp-json\/wp\/v2\/pages\/13770","targetHints":{"allow":["GET"]}}],"collection":[{"href":"https:\/\/planyard.com\/es\/wp-json\/wp\/v2\/pages"}],"about":[{"href":"https:\/\/planyard.com\/es\/wp-json\/wp\/v2\/types\/page"}],"author":[{"embeddable":true,"href":"https:\/\/planyard.com\/es\/wp-json\/wp\/v2\/users\/2"}],"replies":[{"embeddable":true,"href":"https:\/\/planyard.com\/es\/wp-json\/wp\/v2\/comments?post=13770"}],"version-history":[{"count":1,"href":"https:\/\/planyard.com\/es\/wp-json\/wp\/v2\/pages\/13770\/revisions"}],"predecessor-version":[{"id":14052,"href":"https:\/\/planyard.com\/es\/wp-json\/wp\/v2\/pages\/13770\/revisions\/14052"}],"wp:attachment":[{"href":"https:\/\/planyard.com\/es\/wp-json\/wp\/v2\/media?parent=13770"}],"wp:term":[{"taxonomy":"page_intent","embeddable":true,"href":"https:\/\/planyard.com\/es\/wp-json\/wp\/v2\/page_intent?post=13770"},{"taxonomy":"page_type","embeddable":true,"href":"https:\/\/planyard.com\/es\/wp-json\/wp\/v2\/page_type?post=13770"}],"curies":[{"name":"wp","href":"https:\/\/api.w.org\/{rel}","templated":true}]}}