{"id":13768,"date":"2024-08-22T05:35:46","date_gmt":"2024-08-22T05:35:46","guid":{"rendered":"https:\/\/planyard.com\/construction-data-analytics-software"},"modified":"2025-05-19T09:11:53","modified_gmt":"2025-05-19T09:11:53","slug":"software-de-analisis-de-datos-de-construccion","status":"publish","type":"page","link":"https:\/\/planyard.com\/es\/software-de-analisis-de-datos-de-construccion","title":{"rendered":"Software de an\u00e1lisis de datos de construcci\u00f3n"},"content":{"rendered":"","protected":false},"excerpt":{"rendered":"","protected":false},"author":2,"featured_media":0,"parent":0,"menu_order":0,"comment_status":"closed","ping_status":"closed","template":"","meta":{"_acf_changed":false,"content-type":"","footnotes":""},"page_intent":[154],"page_type":[],"class_list":["post-13768","page","type-page","status-publish","hentry"],"acf":[],"yoast_head":"<!-- This site is optimized with the Yoast SEO plugin v26.9 - https:\/\/yoast.com\/product\/yoast-seo-wordpress\/ -->\n<title>Software de An\u00e1lisis de Datos de Construcci\u00f3n - Prueba gratis por 14 d\u00edas - Planyard Espa\u00f1a<\/title>\n<meta name=\"description\" content=\"Software de an\u00e1lisis de datos de construcci\u00f3n que convierte tus datos en inteligencia empresarial accionable. Prueba gratis por 14 d\u00edas.\" \/>\n<meta name=\"robots\" content=\"index, follow, max-snippet:-1, max-image-preview:large, max-video-preview:-1\" \/>\n<link rel=\"canonical\" href=\"https:\/\/planyard.com\/es\/software-de-analisis-de-datos-de-construccion\" \/>\n<meta property=\"og:locale\" content=\"es_ES\" \/>\n<meta property=\"og:type\" content=\"article\" \/>\n<meta property=\"og:title\" content=\"Software de An\u00e1lisis de Datos de Construcci\u00f3n - Prueba gratis por 14 d\u00edas - Planyard Espa\u00f1a\" \/>\n<meta property=\"og:description\" content=\"Software de an\u00e1lisis de datos de construcci\u00f3n que convierte tus datos en inteligencia empresarial accionable. Prueba gratis por 14 d\u00edas.\" \/>\n<meta property=\"og:url\" content=\"https:\/\/planyard.com\/es\/software-de-analisis-de-datos-de-construccion\" \/>\n<meta property=\"og:site_name\" content=\"Planyard Espa\u00f1a\" \/>\n<meta property=\"article:modified_time\" content=\"2025-05-19T09:11:53+00:00\" \/>\n<meta name=\"twitter:card\" content=\"summary_large_image\" \/>\n<!-- \/ Yoast SEO plugin. -->","yoast_head_json":{"title":"Software de An\u00e1lisis de Datos de Construcci\u00f3n - Prueba gratis por 14 d\u00edas - Planyard Espa\u00f1a","description":"Software de an\u00e1lisis de datos de construcci\u00f3n que convierte tus datos en inteligencia empresarial accionable. Prueba gratis por 14 d\u00edas.","robots":{"index":"index","follow":"follow","max-snippet":"max-snippet:-1","max-image-preview":"max-image-preview:large","max-video-preview":"max-video-preview:-1"},"canonical":"https:\/\/planyard.com\/es\/software-de-analisis-de-datos-de-construccion","og_locale":"es_ES","og_type":"article","og_title":"Software de An\u00e1lisis de Datos de Construcci\u00f3n - Prueba gratis por 14 d\u00edas - Planyard Espa\u00f1a","og_description":"Software de an\u00e1lisis de datos de construcci\u00f3n que convierte tus datos en inteligencia empresarial accionable. Prueba gratis por 14 d\u00edas.","og_url":"https:\/\/planyard.com\/es\/software-de-analisis-de-datos-de-construccion","og_site_name":"Planyard Espa\u00f1a","article_modified_time":"2025-05-19T09:11:53+00:00","twitter_card":"summary_large_image","schema":{"@context":"https:\/\/schema.org","@graph":[{"@type":"WebPage","@id":"https:\/\/planyard.com\/es\/software-de-analisis-de-datos-de-construccion","url":"https:\/\/planyard.com\/es\/software-de-analisis-de-datos-de-construccion","name":"Software de An\u00e1lisis de Datos de Construcci\u00f3n - Prueba gratis por 14 d\u00edas - Planyard Espa\u00f1a","isPartOf":{"@id":"https:\/\/planyard.com\/es#website"},"datePublished":"2024-08-22T05:35:46+00:00","dateModified":"2025-05-19T09:11:53+00:00","description":"Software de an\u00e1lisis de datos de construcci\u00f3n que convierte tus datos en inteligencia empresarial accionable. Prueba gratis por 14 d\u00edas.","breadcrumb":{"@id":"https:\/\/planyard.com\/es\/software-de-analisis-de-datos-de-construccion#breadcrumb"},"inLanguage":"es","potentialAction":[{"@type":"ReadAction","target":["https:\/\/planyard.com\/es\/software-de-analisis-de-datos-de-construccion"]}]},{"@type":"BreadcrumbList","@id":"https:\/\/planyard.com\/es\/software-de-analisis-de-datos-de-construccion#breadcrumb","itemListElement":[{"@type":"ListItem","position":1,"name":"Home","item":"https:\/\/planyard.com\/es"},{"@type":"ListItem","position":2,"name":"Software de an\u00e1lisis de datos de construcci\u00f3n"}]},{"@type":"WebSite","@id":"https:\/\/planyard.com\/es#website","url":"https:\/\/planyard.com\/es","name":"Planyard Espa\u00f1a","description":"","potentialAction":[{"@type":"SearchAction","target":{"@type":"EntryPoint","urlTemplate":"https:\/\/planyard.com\/es?s={search_term_string}"},"query-input":{"@type":"PropertyValueSpecification","valueRequired":true,"valueName":"search_term_string"}}],"inLanguage":"es"}]}},"_links":{"self":[{"href":"https:\/\/planyard.com\/es\/wp-json\/wp\/v2\/pages\/13768","targetHints":{"allow":["GET"]}}],"collection":[{"href":"https:\/\/planyard.com\/es\/wp-json\/wp\/v2\/pages"}],"about":[{"href":"https:\/\/planyard.com\/es\/wp-json\/wp\/v2\/types\/page"}],"author":[{"embeddable":true,"href":"https:\/\/planyard.com\/es\/wp-json\/wp\/v2\/users\/2"}],"replies":[{"embeddable":true,"href":"https:\/\/planyard.com\/es\/wp-json\/wp\/v2\/comments?post=13768"}],"version-history":[{"count":1,"href":"https:\/\/planyard.com\/es\/wp-json\/wp\/v2\/pages\/13768\/revisions"}],"predecessor-version":[{"id":13906,"href":"https:\/\/planyard.com\/es\/wp-json\/wp\/v2\/pages\/13768\/revisions\/13906"}],"wp:attachment":[{"href":"https:\/\/planyard.com\/es\/wp-json\/wp\/v2\/media?parent=13768"}],"wp:term":[{"taxonomy":"page_intent","embeddable":true,"href":"https:\/\/planyard.com\/es\/wp-json\/wp\/v2\/page_intent?post=13768"},{"taxonomy":"page_type","embeddable":true,"href":"https:\/\/planyard.com\/es\/wp-json\/wp\/v2\/page_type?post=13768"}],"curies":[{"name":"wp","href":"https:\/\/api.w.org\/{rel}","templated":true}]}}