{"id":13764,"date":"2024-11-12T08:03:04","date_gmt":"2024-11-12T08:03:04","guid":{"rendered":"https:\/\/planyard.com\/construction-cost-management-software-for-subcontractors"},"modified":"2025-05-19T09:09:53","modified_gmt":"2025-05-19T09:09:53","slug":"software-de-gestion-de-costos-de-construccion-para-subcontratistas","status":"publish","type":"page","link":"https:\/\/planyard.com\/es\/software-de-gestion-de-costos-de-construccion-para-subcontratistas","title":{"rendered":"Software de Gesti\u00f3n de Costos de Construcci\u00f3n para Subcontratistas"},"content":{"rendered":"","protected":false},"excerpt":{"rendered":"","protected":false},"author":5,"featured_media":0,"parent":0,"menu_order":0,"comment_status":"closed","ping_status":"closed","template":"","meta":{"_acf_changed":false,"content-type":"","footnotes":""},"page_intent":[154],"page_type":[],"class_list":["post-13764","page","type-page","status-publish","hentry"],"acf":[],"yoast_head":"<!-- This site is optimized with the Yoast SEO plugin v27.1.1 - https:\/\/yoast.com\/product\/yoast-seo-wordpress\/ -->\n<title>Software de Gesti\u00f3n de Costos de Construcci\u00f3n para Subcontratistas - Planyard Espa\u00f1a<\/title>\n<meta name=\"description\" content=\"El software de construcci\u00f3n de Planyard para subcontratistas simplifica la presupuestaci\u00f3n, el seguimiento de costos y la facturaci\u00f3n, optimizando las finanzas del proyecto en una sola plataforma.\" \/>\n<meta name=\"robots\" content=\"index, follow, max-snippet:-1, max-image-preview:large, max-video-preview:-1\" \/>\n<link rel=\"canonical\" href=\"https:\/\/planyard.com\/es\/software-de-gestion-de-costos-de-construccion-para-subcontratistas\" \/>\n<meta property=\"og:locale\" content=\"es_ES\" \/>\n<meta property=\"og:type\" content=\"article\" \/>\n<meta property=\"og:title\" content=\"Software de Gesti\u00f3n de Costos de Construcci\u00f3n para Subcontratistas - Planyard Espa\u00f1a\" \/>\n<meta property=\"og:description\" content=\"El software de construcci\u00f3n de Planyard para subcontratistas simplifica la presupuestaci\u00f3n, el seguimiento de costos y la facturaci\u00f3n, optimizando las finanzas del proyecto en una sola plataforma.\" \/>\n<meta property=\"og:url\" content=\"https:\/\/planyard.com\/es\/software-de-gestion-de-costos-de-construccion-para-subcontratistas\" \/>\n<meta property=\"og:site_name\" content=\"Planyard Espa\u00f1a\" \/>\n<meta property=\"article:modified_time\" content=\"2025-05-19T09:09:53+00:00\" \/>\n<meta name=\"twitter:card\" content=\"summary_large_image\" \/>\n<!-- \/ Yoast SEO plugin. -->","yoast_head_json":{"title":"Software de Gesti\u00f3n de Costos de Construcci\u00f3n para Subcontratistas - Planyard Espa\u00f1a","description":"El software de construcci\u00f3n de Planyard para subcontratistas simplifica la presupuestaci\u00f3n, el seguimiento de costos y la facturaci\u00f3n, optimizando las finanzas del proyecto en una sola plataforma.","robots":{"index":"index","follow":"follow","max-snippet":"max-snippet:-1","max-image-preview":"max-image-preview:large","max-video-preview":"max-video-preview:-1"},"canonical":"https:\/\/planyard.com\/es\/software-de-gestion-de-costos-de-construccion-para-subcontratistas","og_locale":"es_ES","og_type":"article","og_title":"Software de Gesti\u00f3n de Costos de Construcci\u00f3n para Subcontratistas - Planyard Espa\u00f1a","og_description":"El software de construcci\u00f3n de Planyard para subcontratistas simplifica la presupuestaci\u00f3n, el seguimiento de costos y la facturaci\u00f3n, optimizando las finanzas del proyecto en una sola plataforma.","og_url":"https:\/\/planyard.com\/es\/software-de-gestion-de-costos-de-construccion-para-subcontratistas","og_site_name":"Planyard Espa\u00f1a","article_modified_time":"2025-05-19T09:09:53+00:00","twitter_card":"summary_large_image","schema":{"@context":"https:\/\/schema.org","@graph":[{"@type":"WebPage","@id":"https:\/\/planyard.com\/es\/software-de-gestion-de-costos-de-construccion-para-subcontratistas","url":"https:\/\/planyard.com\/es\/software-de-gestion-de-costos-de-construccion-para-subcontratistas","name":"Software de Gesti\u00f3n de Costos de Construcci\u00f3n para Subcontratistas - Planyard Espa\u00f1a","isPartOf":{"@id":"https:\/\/planyard.com\/es#website"},"datePublished":"2024-11-12T08:03:04+00:00","dateModified":"2025-05-19T09:09:53+00:00","description":"El software de construcci\u00f3n de Planyard para subcontratistas simplifica la presupuestaci\u00f3n, el seguimiento de costos y la facturaci\u00f3n, optimizando las finanzas del proyecto en una sola plataforma.","breadcrumb":{"@id":"https:\/\/planyard.com\/es\/software-de-gestion-de-costos-de-construccion-para-subcontratistas#breadcrumb"},"inLanguage":"es","potentialAction":[{"@type":"ReadAction","target":["https:\/\/planyard.com\/es\/software-de-gestion-de-costos-de-construccion-para-subcontratistas"]}]},{"@type":"BreadcrumbList","@id":"https:\/\/planyard.com\/es\/software-de-gestion-de-costos-de-construccion-para-subcontratistas#breadcrumb","itemListElement":[{"@type":"ListItem","position":1,"name":"Home","item":"https:\/\/planyard.com\/es"},{"@type":"ListItem","position":2,"name":"Software de Gesti\u00f3n de Costos de Construcci\u00f3n para Subcontratistas"}]},{"@type":"WebSite","@id":"https:\/\/planyard.com\/es#website","url":"https:\/\/planyard.com\/es","name":"Planyard Espa\u00f1a","description":"","potentialAction":[{"@type":"SearchAction","target":{"@type":"EntryPoint","urlTemplate":"https:\/\/planyard.com\/es?s={search_term_string}"},"query-input":{"@type":"PropertyValueSpecification","valueRequired":true,"valueName":"search_term_string"}}],"inLanguage":"es"}]}},"_links":{"self":[{"href":"https:\/\/planyard.com\/es\/wp-json\/wp\/v2\/pages\/13764","targetHints":{"allow":["GET"]}}],"collection":[{"href":"https:\/\/planyard.com\/es\/wp-json\/wp\/v2\/pages"}],"about":[{"href":"https:\/\/planyard.com\/es\/wp-json\/wp\/v2\/types\/page"}],"author":[{"embeddable":true,"href":"https:\/\/planyard.com\/es\/wp-json\/wp\/v2\/users\/5"}],"replies":[{"embeddable":true,"href":"https:\/\/planyard.com\/es\/wp-json\/wp\/v2\/comments?post=13764"}],"version-history":[{"count":1,"href":"https:\/\/planyard.com\/es\/wp-json\/wp\/v2\/pages\/13764\/revisions"}],"predecessor-version":[{"id":13853,"href":"https:\/\/planyard.com\/es\/wp-json\/wp\/v2\/pages\/13764\/revisions\/13853"}],"wp:attachment":[{"href":"https:\/\/planyard.com\/es\/wp-json\/wp\/v2\/media?parent=13764"}],"wp:term":[{"taxonomy":"page_intent","embeddable":true,"href":"https:\/\/planyard.com\/es\/wp-json\/wp\/v2\/page_intent?post=13764"},{"taxonomy":"page_type","embeddable":true,"href":"https:\/\/planyard.com\/es\/wp-json\/wp\/v2\/page_type?post=13764"}],"curies":[{"name":"wp","href":"https:\/\/api.w.org\/{rel}","templated":true}]}}