{"id":13761,"date":"2024-09-12T06:06:03","date_gmt":"2024-09-12T06:06:03","guid":{"rendered":"https:\/\/planyard.com\/construction-cost-codes-for-project-managers"},"modified":"2025-05-19T20:06:01","modified_gmt":"2025-05-19T20:06:01","slug":"codigos-de-costos-de-construccion","status":"publish","type":"page","link":"https:\/\/planyard.com\/es\/codigos-de-costos-de-construccion","title":{"rendered":"C\u00f3digos de Costos de Construcci\u00f3n"},"content":{"rendered":"\n<h2 class=\"wp-block-heading has-text-align-center paddedHeading\" id=\"what-are-construction-cost-codes\">\u00bfQu\u00e9 son los C\u00f3digos de Costos de Construcci\u00f3n?<\/h2>\n\n\n\n<div class=\"wp-block-media-text alignwide has-media-on-the-right is-stacked-on-mobile\"><div class=\"wp-block-media-text__content\">\n<p><br>Los c\u00f3digos de costos de construcci\u00f3n son una lista definida de c\u00f3digos utilizados para rastrear, gestionar e informar sobre montos, cantidades, presupuestos, beneficios y otros datos relacionados con el trabajo. <\/p>\n\n\n\n<p>Estos c\u00f3digos agilizan la gesti\u00f3n de datos en toda la empresa para todos los interesados, incluidos los estimadores, los jefes de proyecto y el \u00e1rea de contabilidad.<\/p>\n\n\n\n<p>Deben utilizarse para la previsi\u00f3n y contrataci\u00f3n, la gesti\u00f3n de costos y la contabilidad, asegurando una visibilidad completa del proyecto y permitiendo la detecci\u00f3n de errores y la reutilizaci\u00f3n de datos.<\/p>\n<\/div><figure class=\"wp-block-media-text__media\"><img loading=\"lazy\" decoding=\"async\" width=\"386\" height=\"365\" src=\"https:\/\/planyard.com\/wp-content\/uploads\/2024\/09\/Example-construction-cost-codes.png\" alt=\"\" class=\"wp-image-1976 size-full\"\/><\/figure><\/div>\n\n\n\n<h2 class=\"wp-block-heading has-text-align-center\">Beneficios de Usar C\u00f3digos de Costos de Construcci\u00f3n<\/h2>\n\n\n\n<div class=\"wp-block-columns is-layout-flex wp-container-core-columns-is-layout-9d6595d7 wp-block-columns-is-layout-flex\">\n<div class=\"wp-block-column is-layout-flow wp-block-column-is-layout-flow\">\n<h4 class=\"wp-block-heading\" id=\"cost-control\">Control de costos<\/h4>\n\n\n\n<p>Forma r\u00e1pida y sencilla de identificar y analizar c\u00f3mo se gasta el dinero en el proyecto.<\/p>\n<\/div>\n\n\n\n<div class=\"wp-block-column is-layout-flow wp-block-column-is-layout-flow\">\n<h4 class=\"wp-block-heading\" id=\"kpis-tracking\">Seguimiento de KPIs<\/h4>\n\n\n\n<p>Rastrea y gestiona KPIs como el costo estimado, la estimaci\u00f3n de costos, los costos actuales y m\u00e1s.<\/p>\n<\/div>\n\n\n\n<div class=\"wp-block-column is-layout-flow wp-block-column-is-layout-flow\">\n<h4 class=\"wp-block-heading\" id=\"ideal-for-companywide-use\">Ideal para uso en toda la empresa<\/h4>\n\n\n\n<p>Usar los mismos c\u00f3digos en toda la empresa facilita el seguimiento y an\u00e1lisis de costos, errores y previsiones para todos los interesados.<\/p>\n<\/div>\n<\/div>\n\n\n\n<div class=\"wp-block-columns is-layout-flex wp-container-core-columns-is-layout-9d6595d7 wp-block-columns-is-layout-flex\">\n<div class=\"wp-block-column is-layout-flow wp-block-column-is-layout-flow\">\n<h4 class=\"wp-block-heading\" id=\"visualize-profit-centers\">Visualizar centros de beneficio<\/h4>\n\n\n\n<p>An\u00e1lisis de extremo a extremo para visualizar centros de beneficio y \u00e1reas problem\u00e1ticas.<\/p>\n<\/div>\n\n\n\n<div class=\"wp-block-column is-layout-flow wp-block-column-is-layout-flow\">\n<h4 class=\"wp-block-heading\" id=\"estimating\">Estimaci\u00f3n<\/h4>\n\n\n\n<p>Proporciona estructura y acceso para seguir los costos en tiempo real y establecer estimaciones m\u00e1s precisas y realistas.<\/p>\n<\/div>\n\n\n\n<div class=\"wp-block-column is-layout-flow wp-block-column-is-layout-flow\">\n<h4 class=\"wp-block-heading\" id=\"real-time-tracking\">Seguimiento en tiempo real<\/h4>\n\n\n\n<p>Permite a la gesti\u00f3n tener una visi\u00f3n clara del trabajo y mantener a todos los interesados comprometidos.<\/p>\n<\/div>\n<\/div>\n\n\n\n<h2 class=\"wp-block-heading has-text-align-center\">Trabajo Desglosado en Entregables M\u00e1s Peque\u00f1os<\/h2>\n\n\n\n<div class=\"wp-block-media-text alignwide has-media-on-the-right is-stacked-on-mobile\"><div class=\"wp-block-media-text__content\">\n<p><br>El trabajo puede desglosarse utilizando los c\u00f3digos de costos de construcci\u00f3n de un proyecto para dividir tareas en entregables m\u00e1s peque\u00f1os (por ejemplo, cimientos, instalaciones, fachadas).<\/p>\n\n\n\n<p>Planyard recomienda seguir el orden cronol\u00f3gico de los trabajos. Estructurar los costos por actividades en el sitio ayuda a la gesti\u00f3n a rastrear la rentabilidad por fases. A mitad del proyecto, puedes ver si las fases iniciales, como el trabajo de cimentaci\u00f3n, fueron rentables.<\/p>\n<\/div><figure class=\"wp-block-media-text__media\"><img loading=\"lazy\" decoding=\"async\" width=\"586\" height=\"367\" src=\"https:\/\/planyard.com\/wp-content\/uploads\/2024\/09\/Categoreis.png\" alt=\"\" class=\"wp-image-1977 size-full\"\/><\/figure><\/div>\n\n\n\n<h2 class=\"wp-block-heading has-text-align-center\">Estructura del Presupuesto de Construcci\u00f3n<\/h2>\n\n\n\n<div class=\"wp-block-media-text alignwide has-media-on-the-right is-stacked-on-mobile\"><div class=\"wp-block-media-text__content\">\n<p>Los c\u00f3digos de costos de construcci\u00f3n deben vincular la previsi\u00f3n del proyecto y la gesti\u00f3n de costos con las tareas y la estructura del trabajo. Los c\u00f3digos de costos deben tener una estructura reconocible, desde el nivel general del proyecto hasta los trabajos y cuentas individuales.<\/p>\n\n\n\n<p>A la derecha puedes ver la categor\u00eda de Instalaciones Externas desglosada hasta el nivel de cuenta.<\/p>\n<\/div><figure class=\"wp-block-media-text__media\"><img loading=\"lazy\" decoding=\"async\" width=\"809\" height=\"198\" src=\"https:\/\/planyard.com\/wp-content\/uploads\/2024\/09\/Category-breakdown.png\" alt=\"\" class=\"wp-image-1978 size-full\"\/><\/figure><\/div>\n\n\n\n<h2 class=\"wp-block-heading has-text-align-center paddedHeading\" id=\"budget-managed-from-an-estimate-from-job-costing-to-project-income\">Presupuesto Gestionado Desde una Estimaci\u00f3n, Desde el Costeo del Trabajo hasta los Ingresos del Proyecto<\/h2>\n\n\n\n<p>Adem\u00e1s, es inteligente listar el presupuesto con el costo pagado por el cliente para permitir el seguimiento de la rentabilidad del trabajo a nivel de art\u00edculo.<\/p>\n\n\n\n<figure class=\"wp-block-image size-full\"><img loading=\"lazy\" decoding=\"async\" width=\"1024\" height=\"165\" src=\"https:\/\/planyard.com\/wp-content\/uploads\/2024\/09\/Category-breakdown-goal-and-free-1024x165-1.png\" alt=\"\" class=\"wp-image-1979\"\/><\/figure>\n\n\n\n<div class=\"wp-block-group\"><div class=\"wp-block-group__inner-container is-layout-constrained wp-block-group-is-layout-constrained\">\n<h2 class=\"wp-block-heading has-text-align-center paddedHeading\" id=\"to-what-level-should-you-break-down-construction-cost-codes\">\u00bfHasta qu\u00e9 nivel deber\u00edas desglosar los c\u00f3digos de costos de construcci\u00f3n?<\/h2>\n\n\n\n<p>No hay una \u00fanica respuesta a esta pregunta. Deber\u00edas comenzar rastreando el nivel de detalle necesario para varios interesados. Seguir los costos con demasiado detalle hace que la elaboraci\u00f3n de informes sea una tarea que consume mucho tiempo para los jefes de proyecto y a\u00f1ade complejidad al proceso de an\u00e1lisis de costos.<\/p>\n\n\n\n<p><strong>\u00a1Nota! Es importante tener en cuenta que hay varios interesados involucrados en la gesti\u00f3n de c\u00f3digos de costos. Todos los interesados deben participar en la selecci\u00f3n de la estructura adecuada de c\u00f3digos de costos.<\/strong><\/p>\n\n\n\n<ol class=\"wp-block-list\">\n<li>Importante pensar en qui\u00e9n usar\u00e1 la informaci\u00f3n de los c\u00f3digos de costos<\/li>\n\n\n\n<li>Los jefes de proyecto est\u00e1n interesados en completar el trabajo y deben tener control sobre el presupuesto con el menor tiempo posible dedicado a la elaboraci\u00f3n de informes<\/li>\n\n\n\n<li>Contabilidad est\u00e1 interesada en seguir los costos por cada cuenta<br>Los gerentes deben poder coincidir con el seguimiento de errores, la responsabilidad y la rentabilidad<\/li>\n\n\n\n<li>Los estimadores para futuras estimaciones necesitan poder rastrear los costos reales de los trabajos actuales<\/li>\n<\/ol>\n<\/div><\/div>\n\n\n\n<h2 class=\"wp-block-heading has-text-align-center paddedHeading\" id=\"where-to-get-a-list-of-construction-cost-codes\">\u00bfD\u00f3nde obtener una lista de c\u00f3digos de costos de construcci\u00f3n?<\/h2>\n\n\n\n<div class=\"wp-block-buttons is-horizontal is-content-justification-center is-layout-flex wp-container-core-buttons-is-layout-499968f5 wp-block-buttons-is-layout-flex\">\n<div class=\"wp-block-button\"><a class=\"wp-block-button__link has-background wp-element-button\" href=\"https:\/\/planyard.com\/es\/obten-tu-hoja-de-codigos-de-costos-gratis\" style=\"background-color:#2756ff\" target=\"_blank\" rel=\"noreferrer noopener\">Obt\u00e9n c\u00f3digos de costos de construcci\u00f3n gratis<\/a><\/div>\n<\/div>\n\n\n\n<h2 class=\"wp-block-heading has-text-align-center\">El software para contratistas de Planyard ayuda a los equipos ambiciosos a alcanzar sus objetivos y acelerar su crecimiento.<\/h2>\n\n\n\n<div class=\"wp-block-media-text alignwide has-media-on-the-right is-stacked-on-mobile is-vertically-aligned-center\" style=\"grid-template-columns:auto 41%\"><div class=\"wp-block-media-text__content\">\n<ul class=\"wp-block-list\">\n<li>No m\u00e1s hojas de c\u00e1lculo<\/li>\n\n\n\n<li>Ahorra tiempo a los jefes de proyecto y a los QS<\/li>\n\n\n\n<li>F\u00e1cil de implementar y usar<\/li>\n\n\n\n<li>Previsiones financieras precisas y en tiempo real<\/li>\n\n\n\n<li>No m\u00e1s entrada de datos duplicada<\/li>\n<\/ul>\n\n\n\n<div class=\"wp-block-buttons is-layout-flex wp-block-buttons-is-layout-flex\">\n<div class=\"wp-block-button\"><a class=\"wp-block-button__link has-background wp-element-button\" href=\"https:\/\/planyard.com\/sign-up\" style=\"background-color:#2756ff\">Comienza tu prueba gratuita<\/a><\/div>\n\n\n\n<div class=\"wp-block-button\"><a class=\"wp-block-button__link has-background wp-element-button\" href=\"https:\/\/meetings.hubspot.com\/cedlund\" style=\"background-color:#2756ff\" target=\"_blank\" rel=\"noreferrer noopener\">Solicita una demostraci\u00f3n<\/a><\/div>\n<\/div>\n<\/div><figure class=\"wp-block-media-text__media\"><img loading=\"lazy\" decoding=\"async\" width=\"1024\" height=\"598\" src=\"https:\/\/planyard.com\/wp-content\/uploads\/2024\/09\/construction-project-management-software-macbook-iphone-1_reduced-1024x598-1.webp\" alt=\"\" class=\"wp-image-1980 size-large\"\/><\/figure><\/div>\n","protected":false},"excerpt":{"rendered":"<p>\u00bfQu\u00e9 son los C\u00f3digos de Costos de Construcci\u00f3n? Los c\u00f3digos de costos de construcci\u00f3n son una lista definida de c\u00f3digos utilizados para rastrear, gestionar e informar sobre montos, cantidades, presupuestos, beneficios y otros datos relacionados con el trabajo. Estos c\u00f3digos agilizan la gesti\u00f3n de datos en toda la empresa para todos los interesados, incluidos los&#8230;  <a class=\"excerpt-read-more\" href=\"https:\/\/planyard.com\/es\/codigos-de-costos-de-construccion\" title=\"Leer  C\u00f3digos de Costos de Construcci\u00f3n\">Leer m\u00e1s \u00ab<\/a><\/p>\n","protected":false},"author":5,"featured_media":0,"parent":0,"menu_order":0,"comment_status":"closed","ping_status":"closed","template":"","meta":{"_acf_changed":false,"content-type":"","footnotes":""},"page_intent":[169],"page_type":[],"class_list":["post-13761","page","type-page","status-publish","hentry"],"acf":[],"yoast_head":"<!-- This site is optimized with the Yoast SEO plugin v27.1.1 - https:\/\/yoast.com\/product\/yoast-seo-wordpress\/ -->\n<title>C\u00f3digos de Costos de Construcci\u00f3n para Jefes de Proyecto - Gu\u00eda y Plantilla Gratis<\/title>\n<meta name=\"description\" content=\"Descarga gratis los c\u00f3digos de costos de construcci\u00f3n de Planyard y mant\u00e9n el control de los costos de tu trabajo con facilidad. Hoja de c\u00e1lculo gratuita para jefes de proyecto de construcci\u00f3n.\" \/>\n<meta name=\"robots\" content=\"index, follow, max-snippet:-1, max-image-preview:large, max-video-preview:-1\" \/>\n<link rel=\"canonical\" href=\"https:\/\/planyard.com\/es\/codigos-de-costos-de-construccion\" \/>\n<meta property=\"og:locale\" content=\"es_ES\" \/>\n<meta property=\"og:type\" content=\"article\" \/>\n<meta property=\"og:title\" content=\"C\u00f3digos de Costos de Construcci\u00f3n para Jefes de Proyecto - Gu\u00eda y Plantilla Gratis\" \/>\n<meta property=\"og:description\" content=\"Descarga gratis los c\u00f3digos de costos de construcci\u00f3n de Planyard y mant\u00e9n el control de los costos de tu trabajo con facilidad. Hoja de c\u00e1lculo gratuita para jefes de proyecto de construcci\u00f3n.\" \/>\n<meta property=\"og:url\" content=\"https:\/\/planyard.com\/es\/codigos-de-costos-de-construccion\" \/>\n<meta property=\"og:site_name\" content=\"Planyard Espa\u00f1a\" \/>\n<meta property=\"article:modified_time\" content=\"2025-05-19T20:06:01+00:00\" \/>\n<meta property=\"og:image\" content=\"https:\/\/planyard.com\/wp-content\/uploads\/2024\/09\/Example-construction-cost-codes.png\" \/>\n\t<meta property=\"og:image:width\" content=\"386\" \/>\n\t<meta property=\"og:image:height\" content=\"365\" \/>\n\t<meta property=\"og:image:type\" content=\"image\/png\" \/>\n<meta name=\"twitter:card\" content=\"summary_large_image\" \/>\n<meta name=\"twitter:label1\" content=\"Tiempo de lectura\" \/>\n\t<meta name=\"twitter:data1\" content=\"4 minutos\" \/>\n<!-- \/ Yoast SEO plugin. -->","yoast_head_json":{"title":"C\u00f3digos de Costos de Construcci\u00f3n para Jefes de Proyecto - Gu\u00eda y Plantilla Gratis","description":"Descarga gratis los c\u00f3digos de costos de construcci\u00f3n de Planyard y mant\u00e9n el control de los costos de tu trabajo con facilidad. Hoja de c\u00e1lculo gratuita para jefes de proyecto de construcci\u00f3n.","robots":{"index":"index","follow":"follow","max-snippet":"max-snippet:-1","max-image-preview":"max-image-preview:large","max-video-preview":"max-video-preview:-1"},"canonical":"https:\/\/planyard.com\/es\/codigos-de-costos-de-construccion","og_locale":"es_ES","og_type":"article","og_title":"C\u00f3digos de Costos de Construcci\u00f3n para Jefes de Proyecto - Gu\u00eda y Plantilla Gratis","og_description":"Descarga gratis los c\u00f3digos de costos de construcci\u00f3n de Planyard y mant\u00e9n el control de los costos de tu trabajo con facilidad. Hoja de c\u00e1lculo gratuita para jefes de proyecto de construcci\u00f3n.","og_url":"https:\/\/planyard.com\/es\/codigos-de-costos-de-construccion","og_site_name":"Planyard Espa\u00f1a","article_modified_time":"2025-05-19T20:06:01+00:00","og_image":[{"width":386,"height":365,"url":"https:\/\/planyard.com\/wp-content\/uploads\/2024\/09\/Example-construction-cost-codes.png","type":"image\/png"}],"twitter_card":"summary_large_image","twitter_misc":{"Tiempo de lectura":"4 minutos"},"schema":{"@context":"https:\/\/schema.org","@graph":[{"@type":"WebPage","@id":"https:\/\/planyard.com\/es\/codigos-de-costos-de-construccion","url":"https:\/\/planyard.com\/es\/codigos-de-costos-de-construccion","name":"C\u00f3digos de Costos de Construcci\u00f3n para Jefes de Proyecto - Gu\u00eda y Plantilla Gratis","isPartOf":{"@id":"https:\/\/planyard.com\/es#website"},"primaryImageOfPage":{"@id":"https:\/\/planyard.com\/es\/codigos-de-costos-de-construccion#primaryimage"},"image":{"@id":"https:\/\/planyard.com\/es\/codigos-de-costos-de-construccion#primaryimage"},"thumbnailUrl":"https:\/\/planyard.com\/wp-content\/uploads\/2024\/09\/Example-construction-cost-codes.png","datePublished":"2024-09-12T06:06:03+00:00","dateModified":"2025-05-19T20:06:01+00:00","description":"Descarga gratis los c\u00f3digos de costos de construcci\u00f3n de Planyard y mant\u00e9n el control de los costos de tu trabajo con facilidad. Hoja de c\u00e1lculo gratuita para jefes de proyecto de construcci\u00f3n.","breadcrumb":{"@id":"https:\/\/planyard.com\/es\/codigos-de-costos-de-construccion#breadcrumb"},"inLanguage":"es","potentialAction":[{"@type":"ReadAction","target":["https:\/\/planyard.com\/es\/codigos-de-costos-de-construccion"]}]},{"@type":"ImageObject","inLanguage":"es","@id":"https:\/\/planyard.com\/es\/codigos-de-costos-de-construccion#primaryimage","url":"https:\/\/planyard.com\/wp-content\/uploads\/2024\/09\/Example-construction-cost-codes.png","contentUrl":"https:\/\/planyard.com\/wp-content\/uploads\/2024\/09\/Example-construction-cost-codes.png"},{"@type":"BreadcrumbList","@id":"https:\/\/planyard.com\/es\/codigos-de-costos-de-construccion#breadcrumb","itemListElement":[{"@type":"ListItem","position":1,"name":"Home","item":"https:\/\/planyard.com\/es"},{"@type":"ListItem","position":2,"name":"C\u00f3digos de Costos de Construcci\u00f3n"}]},{"@type":"WebSite","@id":"https:\/\/planyard.com\/es#website","url":"https:\/\/planyard.com\/es","name":"Planyard Espa\u00f1a","description":"","potentialAction":[{"@type":"SearchAction","target":{"@type":"EntryPoint","urlTemplate":"https:\/\/planyard.com\/es?s={search_term_string}"},"query-input":{"@type":"PropertyValueSpecification","valueRequired":true,"valueName":"search_term_string"}}],"inLanguage":"es"}]}},"_links":{"self":[{"href":"https:\/\/planyard.com\/es\/wp-json\/wp\/v2\/pages\/13761","targetHints":{"allow":["GET"]}}],"collection":[{"href":"https:\/\/planyard.com\/es\/wp-json\/wp\/v2\/pages"}],"about":[{"href":"https:\/\/planyard.com\/es\/wp-json\/wp\/v2\/types\/page"}],"author":[{"embeddable":true,"href":"https:\/\/planyard.com\/es\/wp-json\/wp\/v2\/users\/5"}],"replies":[{"embeddable":true,"href":"https:\/\/planyard.com\/es\/wp-json\/wp\/v2\/comments?post=13761"}],"version-history":[{"count":3,"href":"https:\/\/planyard.com\/es\/wp-json\/wp\/v2\/pages\/13761\/revisions"}],"predecessor-version":[{"id":16585,"href":"https:\/\/planyard.com\/es\/wp-json\/wp\/v2\/pages\/13761\/revisions\/16585"}],"wp:attachment":[{"href":"https:\/\/planyard.com\/es\/wp-json\/wp\/v2\/media?parent=13761"}],"wp:term":[{"taxonomy":"page_intent","embeddable":true,"href":"https:\/\/planyard.com\/es\/wp-json\/wp\/v2\/page_intent?post=13761"},{"taxonomy":"page_type","embeddable":true,"href":"https:\/\/planyard.com\/es\/wp-json\/wp\/v2\/page_type?post=13761"}],"curies":[{"name":"wp","href":"https:\/\/api.w.org\/{rel}","templated":true}]}}