{"id":13757,"date":"2024-08-19T10:51:55","date_gmt":"2024-08-19T10:51:55","guid":{"rendered":"https:\/\/planyard.com\/construction-contract-management-software"},"modified":"2025-05-19T09:19:06","modified_gmt":"2025-05-19T09:19:06","slug":"software-de-gestion-de-contratos-de-construccion","status":"publish","type":"page","link":"https:\/\/planyard.com\/es\/software-de-gestion-de-contratos-de-construccion","title":{"rendered":"Software de Gesti\u00f3n de Contratos de Construcci\u00f3n"},"content":{"rendered":"","protected":false},"excerpt":{"rendered":"","protected":false},"author":2,"featured_media":0,"parent":0,"menu_order":0,"comment_status":"closed","ping_status":"closed","template":"","meta":{"_acf_changed":false,"content-type":"","footnotes":""},"page_intent":[154],"page_type":[],"class_list":["post-13757","page","type-page","status-publish","hentry"],"acf":[],"yoast_head":"<!-- This site is optimized with the Yoast SEO plugin v27.1.1 - https:\/\/yoast.com\/product\/yoast-seo-wordpress\/ -->\n<title>Software de Gesti\u00f3n de Contratos de Construcci\u00f3n - Planyard Espa\u00f1a<\/title>\n<meta name=\"description\" content=\"Gestiona las \u00f3rdenes de cambio como parte de los contratos en este software de gesti\u00f3n de \u00f3rdenes de cambio de construcci\u00f3n. Comienza una prueba gratuita, no se requiere tarjeta de cr\u00e9dito.\" \/>\n<meta name=\"robots\" content=\"index, follow, max-snippet:-1, max-image-preview:large, max-video-preview:-1\" \/>\n<link rel=\"canonical\" href=\"https:\/\/planyard.com\/es\/software-de-gestion-de-contratos-de-construccion\" \/>\n<meta property=\"og:locale\" content=\"es_ES\" \/>\n<meta property=\"og:type\" content=\"article\" \/>\n<meta property=\"og:title\" content=\"Software de Gesti\u00f3n de Contratos de Construcci\u00f3n - Planyard Espa\u00f1a\" \/>\n<meta property=\"og:description\" content=\"Gestiona las \u00f3rdenes de cambio como parte de los contratos en este software de gesti\u00f3n de \u00f3rdenes de cambio de construcci\u00f3n. Comienza una prueba gratuita, no se requiere tarjeta de cr\u00e9dito.\" \/>\n<meta property=\"og:url\" content=\"https:\/\/planyard.com\/es\/software-de-gestion-de-contratos-de-construccion\" \/>\n<meta property=\"og:site_name\" content=\"Planyard Espa\u00f1a\" \/>\n<meta property=\"article:modified_time\" content=\"2025-05-19T09:19:06+00:00\" \/>\n<meta name=\"twitter:card\" content=\"summary_large_image\" \/>\n<!-- \/ Yoast SEO plugin. -->","yoast_head_json":{"title":"Software de Gesti\u00f3n de Contratos de Construcci\u00f3n - Planyard Espa\u00f1a","description":"Gestiona las \u00f3rdenes de cambio como parte de los contratos en este software de gesti\u00f3n de \u00f3rdenes de cambio de construcci\u00f3n. Comienza una prueba gratuita, no se requiere tarjeta de cr\u00e9dito.","robots":{"index":"index","follow":"follow","max-snippet":"max-snippet:-1","max-image-preview":"max-image-preview:large","max-video-preview":"max-video-preview:-1"},"canonical":"https:\/\/planyard.com\/es\/software-de-gestion-de-contratos-de-construccion","og_locale":"es_ES","og_type":"article","og_title":"Software de Gesti\u00f3n de Contratos de Construcci\u00f3n - Planyard Espa\u00f1a","og_description":"Gestiona las \u00f3rdenes de cambio como parte de los contratos en este software de gesti\u00f3n de \u00f3rdenes de cambio de construcci\u00f3n. Comienza una prueba gratuita, no se requiere tarjeta de cr\u00e9dito.","og_url":"https:\/\/planyard.com\/es\/software-de-gestion-de-contratos-de-construccion","og_site_name":"Planyard Espa\u00f1a","article_modified_time":"2025-05-19T09:19:06+00:00","twitter_card":"summary_large_image","schema":{"@context":"https:\/\/schema.org","@graph":[{"@type":"WebPage","@id":"https:\/\/planyard.com\/es\/software-de-gestion-de-contratos-de-construccion","url":"https:\/\/planyard.com\/es\/software-de-gestion-de-contratos-de-construccion","name":"Software de Gesti\u00f3n de Contratos de Construcci\u00f3n - Planyard Espa\u00f1a","isPartOf":{"@id":"https:\/\/planyard.com\/es#website"},"datePublished":"2024-08-19T10:51:55+00:00","dateModified":"2025-05-19T09:19:06+00:00","description":"Gestiona las \u00f3rdenes de cambio como parte de los contratos en este software de gesti\u00f3n de \u00f3rdenes de cambio de construcci\u00f3n. Comienza una prueba gratuita, no se requiere tarjeta de cr\u00e9dito.","breadcrumb":{"@id":"https:\/\/planyard.com\/es\/software-de-gestion-de-contratos-de-construccion#breadcrumb"},"inLanguage":"es","potentialAction":[{"@type":"ReadAction","target":["https:\/\/planyard.com\/es\/software-de-gestion-de-contratos-de-construccion"]}]},{"@type":"BreadcrumbList","@id":"https:\/\/planyard.com\/es\/software-de-gestion-de-contratos-de-construccion#breadcrumb","itemListElement":[{"@type":"ListItem","position":1,"name":"Home","item":"https:\/\/planyard.com\/es"},{"@type":"ListItem","position":2,"name":"Software de Gesti\u00f3n de Contratos de Construcci\u00f3n"}]},{"@type":"WebSite","@id":"https:\/\/planyard.com\/es#website","url":"https:\/\/planyard.com\/es","name":"Planyard Espa\u00f1a","description":"","potentialAction":[{"@type":"SearchAction","target":{"@type":"EntryPoint","urlTemplate":"https:\/\/planyard.com\/es?s={search_term_string}"},"query-input":{"@type":"PropertyValueSpecification","valueRequired":true,"valueName":"search_term_string"}}],"inLanguage":"es"}]}},"_links":{"self":[{"href":"https:\/\/planyard.com\/es\/wp-json\/wp\/v2\/pages\/13757","targetHints":{"allow":["GET"]}}],"collection":[{"href":"https:\/\/planyard.com\/es\/wp-json\/wp\/v2\/pages"}],"about":[{"href":"https:\/\/planyard.com\/es\/wp-json\/wp\/v2\/types\/page"}],"author":[{"embeddable":true,"href":"https:\/\/planyard.com\/es\/wp-json\/wp\/v2\/users\/2"}],"replies":[{"embeddable":true,"href":"https:\/\/planyard.com\/es\/wp-json\/wp\/v2\/comments?post=13757"}],"version-history":[{"count":1,"href":"https:\/\/planyard.com\/es\/wp-json\/wp\/v2\/pages\/13757\/revisions"}],"predecessor-version":[{"id":14014,"href":"https:\/\/planyard.com\/es\/wp-json\/wp\/v2\/pages\/13757\/revisions\/14014"}],"wp:attachment":[{"href":"https:\/\/planyard.com\/es\/wp-json\/wp\/v2\/media?parent=13757"}],"wp:term":[{"taxonomy":"page_intent","embeddable":true,"href":"https:\/\/planyard.com\/es\/wp-json\/wp\/v2\/page_intent?post=13757"},{"taxonomy":"page_type","embeddable":true,"href":"https:\/\/planyard.com\/es\/wp-json\/wp\/v2\/page_type?post=13757"}],"curies":[{"name":"wp","href":"https:\/\/api.w.org\/{rel}","templated":true}]}}