{"id":13749,"date":"2025-01-20T16:31:55","date_gmt":"2025-01-20T16:31:55","guid":{"rendered":"https:\/\/planyard.com\/construction-bidding-software"},"modified":"2025-05-19T09:13:25","modified_gmt":"2025-05-19T09:13:25","slug":"software-de-licitacion-para-construccion","status":"publish","type":"page","link":"https:\/\/planyard.com\/es\/software-de-licitacion-para-construccion","title":{"rendered":"Software de licitaci\u00f3n para construcci\u00f3n"},"content":{"rendered":"","protected":false},"excerpt":{"rendered":"","protected":false},"author":3,"featured_media":0,"parent":0,"menu_order":0,"comment_status":"closed","ping_status":"closed","template":"","meta":{"_acf_changed":false,"content-type":"","footnotes":""},"page_intent":[154],"page_type":[],"class_list":["post-13749","page","type-page","status-publish","hentry"],"acf":[],"yoast_head":"<!-- This site is optimized with the Yoast SEO plugin v27.1.1 - https:\/\/yoast.com\/product\/yoast-seo-wordpress\/ -->\n<title>Software de Licitaci\u00f3n para Construcci\u00f3n | Optimiza tus Licitaciones - Planyard<\/title>\n<meta name=\"description\" content=\"Descubre el software de licitaci\u00f3n para construcci\u00f3n de Planyard. Crea ofertas precisas m\u00e1s r\u00e1pido y elimina errores de hojas de c\u00e1lculo. Prueba gratis por 14 d\u00edas.\" \/>\n<meta name=\"robots\" content=\"index, follow, max-snippet:-1, max-image-preview:large, max-video-preview:-1\" \/>\n<link rel=\"canonical\" href=\"https:\/\/planyard.com\/es\/software-de-licitacion-para-construccion\" \/>\n<meta property=\"og:locale\" content=\"es_ES\" \/>\n<meta property=\"og:type\" content=\"article\" \/>\n<meta property=\"og:title\" content=\"Software de Licitaci\u00f3n para Construcci\u00f3n | Optimiza tus Licitaciones - Planyard\" \/>\n<meta property=\"og:description\" content=\"Descubre el software de licitaci\u00f3n para construcci\u00f3n de Planyard. Crea ofertas precisas m\u00e1s r\u00e1pido y elimina errores de hojas de c\u00e1lculo. Prueba gratis por 14 d\u00edas.\" \/>\n<meta property=\"og:url\" content=\"https:\/\/planyard.com\/es\/software-de-licitacion-para-construccion\" \/>\n<meta property=\"og:site_name\" content=\"Planyard Espa\u00f1a\" \/>\n<meta property=\"article:modified_time\" content=\"2025-05-19T09:13:25+00:00\" \/>\n<meta name=\"twitter:card\" content=\"summary_large_image\" \/>\n<!-- \/ Yoast SEO plugin. -->","yoast_head_json":{"title":"Software de Licitaci\u00f3n para Construcci\u00f3n | Optimiza tus Licitaciones - Planyard","description":"Descubre el software de licitaci\u00f3n para construcci\u00f3n de Planyard. Crea ofertas precisas m\u00e1s r\u00e1pido y elimina errores de hojas de c\u00e1lculo. Prueba gratis por 14 d\u00edas.","robots":{"index":"index","follow":"follow","max-snippet":"max-snippet:-1","max-image-preview":"max-image-preview:large","max-video-preview":"max-video-preview:-1"},"canonical":"https:\/\/planyard.com\/es\/software-de-licitacion-para-construccion","og_locale":"es_ES","og_type":"article","og_title":"Software de Licitaci\u00f3n para Construcci\u00f3n | Optimiza tus Licitaciones - Planyard","og_description":"Descubre el software de licitaci\u00f3n para construcci\u00f3n de Planyard. Crea ofertas precisas m\u00e1s r\u00e1pido y elimina errores de hojas de c\u00e1lculo. Prueba gratis por 14 d\u00edas.","og_url":"https:\/\/planyard.com\/es\/software-de-licitacion-para-construccion","og_site_name":"Planyard Espa\u00f1a","article_modified_time":"2025-05-19T09:13:25+00:00","twitter_card":"summary_large_image","schema":{"@context":"https:\/\/schema.org","@graph":[{"@type":"WebPage","@id":"https:\/\/planyard.com\/es\/software-de-licitacion-para-construccion","url":"https:\/\/planyard.com\/es\/software-de-licitacion-para-construccion","name":"Software de Licitaci\u00f3n para Construcci\u00f3n | Optimiza tus Licitaciones - Planyard","isPartOf":{"@id":"https:\/\/planyard.com\/es#website"},"datePublished":"2025-01-20T16:31:55+00:00","dateModified":"2025-05-19T09:13:25+00:00","description":"Descubre el software de licitaci\u00f3n para construcci\u00f3n de Planyard. Crea ofertas precisas m\u00e1s r\u00e1pido y elimina errores de hojas de c\u00e1lculo. Prueba gratis por 14 d\u00edas.","breadcrumb":{"@id":"https:\/\/planyard.com\/es\/software-de-licitacion-para-construccion#breadcrumb"},"inLanguage":"es","potentialAction":[{"@type":"ReadAction","target":["https:\/\/planyard.com\/es\/software-de-licitacion-para-construccion"]}]},{"@type":"BreadcrumbList","@id":"https:\/\/planyard.com\/es\/software-de-licitacion-para-construccion#breadcrumb","itemListElement":[{"@type":"ListItem","position":1,"name":"Home","item":"https:\/\/planyard.com\/es"},{"@type":"ListItem","position":2,"name":"Software de licitaci\u00f3n para construcci\u00f3n"}]},{"@type":"WebSite","@id":"https:\/\/planyard.com\/es#website","url":"https:\/\/planyard.com\/es","name":"Planyard Espa\u00f1a","description":"","potentialAction":[{"@type":"SearchAction","target":{"@type":"EntryPoint","urlTemplate":"https:\/\/planyard.com\/es?s={search_term_string}"},"query-input":{"@type":"PropertyValueSpecification","valueRequired":true,"valueName":"search_term_string"}}],"inLanguage":"es"}]}},"_links":{"self":[{"href":"https:\/\/planyard.com\/es\/wp-json\/wp\/v2\/pages\/13749","targetHints":{"allow":["GET"]}}],"collection":[{"href":"https:\/\/planyard.com\/es\/wp-json\/wp\/v2\/pages"}],"about":[{"href":"https:\/\/planyard.com\/es\/wp-json\/wp\/v2\/types\/page"}],"author":[{"embeddable":true,"href":"https:\/\/planyard.com\/es\/wp-json\/wp\/v2\/users\/3"}],"replies":[{"embeddable":true,"href":"https:\/\/planyard.com\/es\/wp-json\/wp\/v2\/comments?post=13749"}],"version-history":[{"count":1,"href":"https:\/\/planyard.com\/es\/wp-json\/wp\/v2\/pages\/13749\/revisions"}],"predecessor-version":[{"id":13930,"href":"https:\/\/planyard.com\/es\/wp-json\/wp\/v2\/pages\/13749\/revisions\/13930"}],"wp:attachment":[{"href":"https:\/\/planyard.com\/es\/wp-json\/wp\/v2\/media?parent=13749"}],"wp:term":[{"taxonomy":"page_intent","embeddable":true,"href":"https:\/\/planyard.com\/es\/wp-json\/wp\/v2\/page_intent?post=13749"},{"taxonomy":"page_type","embeddable":true,"href":"https:\/\/planyard.com\/es\/wp-json\/wp\/v2\/page_type?post=13749"}],"curies":[{"name":"wp","href":"https:\/\/api.w.org\/{rel}","templated":true}]}}